{"id":3202,"date":"2022-12-10T16:56:57","date_gmt":"2022-12-10T16:56:57","guid":{"rendered":"https:\/\/www.lausinyvicente.com\/uncategorized\/melamine-changing-room-lockers\/"},"modified":"2022-12-10T16:56:57","modified_gmt":"2022-12-10T16:56:57","slug":"melamine-changing-room-lockers","status":"publish","type":"product","link":"https:\/\/www.lausinyvicente.com\/en\/sports-furnishings\/lockers\/melamine-changing-room-lockers","title":{"rendered":"Melamine changing room lockers"},"content":{"rendered":"","protected":false},"excerpt":{"rendered":"<p>One or two-door locker, made from 16 mm thick melamine. Rear in perforated board (rear ventilation) with full frame. Body and doors chamfered in PVC. Measurements: 1,80 x 0,30 x 0,50 m Body in white; doors in colour as requested. Adjustable PVC feet (10-15 cm) included. Number plates included. Model with standard lock. Check our other models with different compositions, measurements, number of doors, etc.        <\/p>\n","protected":false},"featured_media":3007,"template":"","meta":[],"product_cat":[93,92],"product_tag":[],"class_list":{"0":"post-3202","1":"product","2":"type-product","3":"status-publish","4":"has-post-thumbnail","6":"product_cat-lockers","7":"product_cat-sports-furnishings","9":"first","10":"instock","11":"shipping-taxable","12":"purchasable","13":"product-type-variable"},"yoast_head":"<!-- This site is optimized with the Yoast SEO plugin v27.0 - https:\/\/yoast.com\/product\/yoast-seo-wordpress\/ -->\n<title>Melamine changing room lockers - Laus\u00edn y Vicente<\/title>\n<meta name=\"robots\" content=\"index, follow, max-snippet:-1, max-image-preview:large, max-video-preview:-1\" \/>\n<link rel=\"canonical\" href=\"https:\/\/www.lausinyvicente.com\/en\/sports-furnishings\/lockers\/melamine-changing-room-lockers\" \/>\n<meta property=\"og:locale\" content=\"en_US\" \/>\n<meta property=\"og:type\" content=\"article\" \/>\n<meta property=\"og:title\" content=\"Melamine changing room lockers - Laus\u00edn y Vicente\" \/>\n<meta property=\"og:description\" content=\"One or two-door locker, made from 16 mm thick melamine. Rear in perforated board (rear ventilation) with full frame. Body and doors chamfered in PVC. Measurements: 1,80 x 0,30 x 0,50 m Body in white; doors in colour as requested. Adjustable PVC feet (10-15 cm) included. Number plates included. Model with standard lock. Check our other models with different compositions, measurements, number of doors, etc.\" \/>\n<meta property=\"og:url\" content=\"https:\/\/www.lausinyvicente.com\/en\/sports-furnishings\/lockers\/melamine-changing-room-lockers\" \/>\n<meta property=\"og:site_name\" content=\"Laus\u00edn y Vicente\" \/>\n<meta property=\"og:image\" content=\"https:\/\/www.lausinyvicente.com\/wp-content\/uploads\/2022\/12\/M.06.01-taquilla-melamina-bloque-individual-1-puerta.jpg\" \/>\n\t<meta property=\"og:image:width\" content=\"720\" \/>\n\t<meta property=\"og:image:height\" content=\"490\" \/>\n\t<meta property=\"og:image:type\" content=\"image\/jpeg\" \/>\n<meta name=\"twitter:card\" content=\"summary_large_image\" \/>\n<script type=\"application\/ld+json\" class=\"yoast-schema-graph\">{\"@context\":\"https:\/\/schema.org\",\"@graph\":[{\"@type\":\"WebPage\",\"@id\":\"https:\/\/www.lausinyvicente.com\/en\/sports-furnishings\/lockers\/melamine-changing-room-lockers\",\"url\":\"https:\/\/www.lausinyvicente.com\/en\/sports-furnishings\/lockers\/melamine-changing-room-lockers\",\"name\":\"Melamine changing room lockers - Laus\u00edn y Vicente\",\"isPartOf\":{\"@id\":\"https:\/\/www.lausinyvicente.com\/#website\"},\"primaryImageOfPage\":{\"@id\":\"https:\/\/www.lausinyvicente.com\/en\/sports-furnishings\/lockers\/melamine-changing-room-lockers#primaryimage\"},\"image\":{\"@id\":\"https:\/\/www.lausinyvicente.com\/en\/sports-furnishings\/lockers\/melamine-changing-room-lockers#primaryimage\"},\"thumbnailUrl\":\"https:\/\/www.lausinyvicente.com\/wp-content\/uploads\/2022\/12\/M.06.01-taquilla-melamina-bloque-individual-1-puerta.jpg\",\"datePublished\":\"2022-12-10T16:56:57+00:00\",\"breadcrumb\":{\"@id\":\"https:\/\/www.lausinyvicente.com\/en\/sports-furnishings\/lockers\/melamine-changing-room-lockers#breadcrumb\"},\"inLanguage\":\"en-US\",\"potentialAction\":[{\"@type\":\"ReadAction\",\"target\":[\"https:\/\/www.lausinyvicente.com\/en\/sports-furnishings\/lockers\/melamine-changing-room-lockers\"]}]},{\"@type\":\"ImageObject\",\"inLanguage\":\"en-US\",\"@id\":\"https:\/\/www.lausinyvicente.com\/en\/sports-furnishings\/lockers\/melamine-changing-room-lockers#primaryimage\",\"url\":\"https:\/\/www.lausinyvicente.com\/wp-content\/uploads\/2022\/12\/M.06.01-taquilla-melamina-bloque-individual-1-puerta.jpg\",\"contentUrl\":\"https:\/\/www.lausinyvicente.com\/wp-content\/uploads\/2022\/12\/M.06.01-taquilla-melamina-bloque-individual-1-puerta.jpg\",\"width\":720,\"height\":490},{\"@type\":\"BreadcrumbList\",\"@id\":\"https:\/\/www.lausinyvicente.com\/en\/sports-furnishings\/lockers\/melamine-changing-room-lockers#breadcrumb\",\"itemListElement\":[{\"@type\":\"ListItem\",\"position\":1,\"name\":\"Portada\",\"item\":\"https:\/\/www.lausinyvicente.com\/\"},{\"@type\":\"ListItem\",\"position\":2,\"name\":\"Shop\",\"item\":\"https:\/\/www.lausinyvicente.com\/en\/shop\"},{\"@type\":\"ListItem\",\"position\":3,\"name\":\"Melamine changing room lockers\"}]},{\"@type\":\"WebSite\",\"@id\":\"https:\/\/www.lausinyvicente.com\/#website\",\"url\":\"https:\/\/www.lausinyvicente.com\/\",\"name\":\"Laus\u00edn y Vicente\",\"description\":\"Fabricaci\u00f3n y distribuci\u00f3n de material deportivo\",\"potentialAction\":[{\"@type\":\"SearchAction\",\"target\":{\"@type\":\"EntryPoint\",\"urlTemplate\":\"https:\/\/www.lausinyvicente.com\/?s={search_term_string}\"},\"query-input\":{\"@type\":\"PropertyValueSpecification\",\"valueRequired\":true,\"valueName\":\"search_term_string\"}}],\"inLanguage\":\"en-US\"}]}<\/script>\n<!-- \/ Yoast SEO plugin. -->","yoast_head_json":{"title":"Melamine changing room lockers - Laus\u00edn y Vicente","robots":{"index":"index","follow":"follow","max-snippet":"max-snippet:-1","max-image-preview":"max-image-preview:large","max-video-preview":"max-video-preview:-1"},"canonical":"https:\/\/www.lausinyvicente.com\/en\/sports-furnishings\/lockers\/melamine-changing-room-lockers","og_locale":"en_US","og_type":"article","og_title":"Melamine changing room lockers - Laus\u00edn y Vicente","og_description":"One or two-door locker, made from 16 mm thick melamine. Rear in perforated board (rear ventilation) with full frame. Body and doors chamfered in PVC. Measurements: 1,80 x 0,30 x 0,50 m Body in white; doors in colour as requested. Adjustable PVC feet (10-15 cm) included. Number plates included. Model with standard lock. Check our other models with different compositions, measurements, number of doors, etc.","og_url":"https:\/\/www.lausinyvicente.com\/en\/sports-furnishings\/lockers\/melamine-changing-room-lockers","og_site_name":"Laus\u00edn y Vicente","og_image":[{"width":720,"height":490,"url":"https:\/\/www.lausinyvicente.com\/wp-content\/uploads\/2022\/12\/M.06.01-taquilla-melamina-bloque-individual-1-puerta.jpg","type":"image\/jpeg"}],"twitter_card":"summary_large_image","schema":{"@context":"https:\/\/schema.org","@graph":[{"@type":"WebPage","@id":"https:\/\/www.lausinyvicente.com\/en\/sports-furnishings\/lockers\/melamine-changing-room-lockers","url":"https:\/\/www.lausinyvicente.com\/en\/sports-furnishings\/lockers\/melamine-changing-room-lockers","name":"Melamine changing room lockers - Laus\u00edn y Vicente","isPartOf":{"@id":"https:\/\/www.lausinyvicente.com\/#website"},"primaryImageOfPage":{"@id":"https:\/\/www.lausinyvicente.com\/en\/sports-furnishings\/lockers\/melamine-changing-room-lockers#primaryimage"},"image":{"@id":"https:\/\/www.lausinyvicente.com\/en\/sports-furnishings\/lockers\/melamine-changing-room-lockers#primaryimage"},"thumbnailUrl":"https:\/\/www.lausinyvicente.com\/wp-content\/uploads\/2022\/12\/M.06.01-taquilla-melamina-bloque-individual-1-puerta.jpg","datePublished":"2022-12-10T16:56:57+00:00","breadcrumb":{"@id":"https:\/\/www.lausinyvicente.com\/en\/sports-furnishings\/lockers\/melamine-changing-room-lockers#breadcrumb"},"inLanguage":"en-US","potentialAction":[{"@type":"ReadAction","target":["https:\/\/www.lausinyvicente.com\/en\/sports-furnishings\/lockers\/melamine-changing-room-lockers"]}]},{"@type":"ImageObject","inLanguage":"en-US","@id":"https:\/\/www.lausinyvicente.com\/en\/sports-furnishings\/lockers\/melamine-changing-room-lockers#primaryimage","url":"https:\/\/www.lausinyvicente.com\/wp-content\/uploads\/2022\/12\/M.06.01-taquilla-melamina-bloque-individual-1-puerta.jpg","contentUrl":"https:\/\/www.lausinyvicente.com\/wp-content\/uploads\/2022\/12\/M.06.01-taquilla-melamina-bloque-individual-1-puerta.jpg","width":720,"height":490},{"@type":"BreadcrumbList","@id":"https:\/\/www.lausinyvicente.com\/en\/sports-furnishings\/lockers\/melamine-changing-room-lockers#breadcrumb","itemListElement":[{"@type":"ListItem","position":1,"name":"Portada","item":"https:\/\/www.lausinyvicente.com\/"},{"@type":"ListItem","position":2,"name":"Shop","item":"https:\/\/www.lausinyvicente.com\/en\/shop"},{"@type":"ListItem","position":3,"name":"Melamine changing room lockers"}]},{"@type":"WebSite","@id":"https:\/\/www.lausinyvicente.com\/#website","url":"https:\/\/www.lausinyvicente.com\/","name":"Laus\u00edn y Vicente","description":"Fabricaci\u00f3n y distribuci\u00f3n de material deportivo","potentialAction":[{"@type":"SearchAction","target":{"@type":"EntryPoint","urlTemplate":"https:\/\/www.lausinyvicente.com\/?s={search_term_string}"},"query-input":{"@type":"PropertyValueSpecification","valueRequired":true,"valueName":"search_term_string"}}],"inLanguage":"en-US"}]}},"_links":{"self":[{"href":"https:\/\/www.lausinyvicente.com\/en\/wp-json\/wp\/v2\/product\/3202","targetHints":{"allow":["GET"]}}],"collection":[{"href":"https:\/\/www.lausinyvicente.com\/en\/wp-json\/wp\/v2\/product"}],"about":[{"href":"https:\/\/www.lausinyvicente.com\/en\/wp-json\/wp\/v2\/types\/product"}],"wp:featuredmedia":[{"embeddable":true,"href":"https:\/\/www.lausinyvicente.com\/en\/wp-json\/wp\/v2\/media\/3007"}],"wp:attachment":[{"href":"https:\/\/www.lausinyvicente.com\/en\/wp-json\/wp\/v2\/media?parent=3202"}],"wp:term":[{"taxonomy":"product_cat","embeddable":true,"href":"https:\/\/www.lausinyvicente.com\/en\/wp-json\/wp\/v2\/product_cat?post=3202"},{"taxonomy":"product_tag","embeddable":true,"href":"https:\/\/www.lausinyvicente.com\/en\/wp-json\/wp\/v2\/product_tag?post=3202"}],"curies":[{"name":"wp","href":"https:\/\/api.w.org\/{rel}","templated":true}]}}