{"id":3224,"date":"2022-12-10T16:45:01","date_gmt":"2022-12-10T16:45:01","guid":{"rendered":"https:\/\/www.lausinyvicente.com\/uncategorized\/protective-netting-inside-sports-centre\/"},"modified":"2022-12-10T16:45:01","modified_gmt":"2022-12-10T16:45:01","slug":"protective-netting-inside-sports-centre","status":"publish","type":"product","link":"https:\/\/www.lausinyvicente.com\/en\/sports-furnishings\/safety-pads\/protective-netting-inside-sports-centre","title":{"rendered":"Protective netting (inside sports centre)"},"content":{"rendered":"","protected":false},"excerpt":{"rendered":"<p>3 mm nylon manually spooled net; 100 x 100 m mesh. Other options available upon request. \u201cKlein\u201d K40 guide rail for the sideways movement of the screen, with a pulley with \u2018S\u2019-shaped hooks, limit switches and splices. Manually activated system with sideways roll-up. Metal guide rails and Klein double carrier steel runners. Metal structure comprising back supports and pipe on which to place the static boundary net to protect the wall. Net is sewn onto the support. The structure adapts to its location: wall or ceiling.      <\/p>\n","protected":false},"featured_media":2995,"template":"","meta":[],"product_cat":[96,92],"product_tag":[],"class_list":{"0":"post-3224","1":"product","2":"type-product","3":"status-publish","4":"has-post-thumbnail","6":"product_cat-safety-pads","7":"product_cat-sports-furnishings","9":"first","10":"instock","11":"shipping-taxable","12":"purchasable","13":"product-type-variable"},"yoast_head":"<!-- This site is optimized with the Yoast SEO plugin v27.0 - https:\/\/yoast.com\/product\/yoast-seo-wordpress\/ -->\n<title>Protective netting (inside sports centre) - Laus\u00edn y Vicente<\/title>\n<meta name=\"robots\" content=\"index, follow, max-snippet:-1, max-image-preview:large, max-video-preview:-1\" \/>\n<link rel=\"canonical\" href=\"https:\/\/www.lausinyvicente.com\/en\/sports-furnishings\/safety-pads\/protective-netting-inside-sports-centre\" \/>\n<meta property=\"og:locale\" content=\"en_US\" \/>\n<meta property=\"og:type\" content=\"article\" \/>\n<meta property=\"og:title\" content=\"Protective netting (inside sports centre) - Laus\u00edn y Vicente\" \/>\n<meta property=\"og:description\" content=\"3 mm nylon manually spooled net; 100 x 100 m mesh. Other options available upon request. \u201cKlein\u201d K40 guide rail for the sideways movement of the screen, with a pulley with \u2018S\u2019-shaped hooks, limit switches and splices. Manually activated system with sideways roll-up. Metal guide rails and Klein double carrier steel runners. Metal structure comprising back supports and pipe on which to place the static boundary net to protect the wall. Net is sewn onto the support. The structure adapts to its location: wall or ceiling.\" \/>\n<meta property=\"og:url\" content=\"https:\/\/www.lausinyvicente.com\/en\/sports-furnishings\/safety-pads\/protective-netting-inside-sports-centre\" \/>\n<meta property=\"og:site_name\" content=\"Laus\u00edn y Vicente\" \/>\n<meta property=\"og:image\" content=\"https:\/\/www.lausinyvicente.com\/wp-content\/uploads\/2022\/12\/M.03.10-red-proteccion-fondo-pabellon-polideportivo.jpg\" \/>\n\t<meta property=\"og:image:width\" content=\"720\" \/>\n\t<meta property=\"og:image:height\" content=\"490\" \/>\n\t<meta property=\"og:image:type\" content=\"image\/jpeg\" \/>\n<meta name=\"twitter:card\" content=\"summary_large_image\" \/>\n<script type=\"application\/ld+json\" class=\"yoast-schema-graph\">{\"@context\":\"https:\/\/schema.org\",\"@graph\":[{\"@type\":\"WebPage\",\"@id\":\"https:\/\/www.lausinyvicente.com\/en\/sports-furnishings\/safety-pads\/protective-netting-inside-sports-centre\",\"url\":\"https:\/\/www.lausinyvicente.com\/en\/sports-furnishings\/safety-pads\/protective-netting-inside-sports-centre\",\"name\":\"Protective netting (inside sports centre) - Laus\u00edn y Vicente\",\"isPartOf\":{\"@id\":\"https:\/\/www.lausinyvicente.com\/#website\"},\"primaryImageOfPage\":{\"@id\":\"https:\/\/www.lausinyvicente.com\/en\/sports-furnishings\/safety-pads\/protective-netting-inside-sports-centre#primaryimage\"},\"image\":{\"@id\":\"https:\/\/www.lausinyvicente.com\/en\/sports-furnishings\/safety-pads\/protective-netting-inside-sports-centre#primaryimage\"},\"thumbnailUrl\":\"https:\/\/www.lausinyvicente.com\/wp-content\/uploads\/2022\/12\/M.03.10-red-proteccion-fondo-pabellon-polideportivo.jpg\",\"datePublished\":\"2022-12-10T16:45:01+00:00\",\"breadcrumb\":{\"@id\":\"https:\/\/www.lausinyvicente.com\/en\/sports-furnishings\/safety-pads\/protective-netting-inside-sports-centre#breadcrumb\"},\"inLanguage\":\"en-US\",\"potentialAction\":[{\"@type\":\"ReadAction\",\"target\":[\"https:\/\/www.lausinyvicente.com\/en\/sports-furnishings\/safety-pads\/protective-netting-inside-sports-centre\"]}]},{\"@type\":\"ImageObject\",\"inLanguage\":\"en-US\",\"@id\":\"https:\/\/www.lausinyvicente.com\/en\/sports-furnishings\/safety-pads\/protective-netting-inside-sports-centre#primaryimage\",\"url\":\"https:\/\/www.lausinyvicente.com\/wp-content\/uploads\/2022\/12\/M.03.10-red-proteccion-fondo-pabellon-polideportivo.jpg\",\"contentUrl\":\"https:\/\/www.lausinyvicente.com\/wp-content\/uploads\/2022\/12\/M.03.10-red-proteccion-fondo-pabellon-polideportivo.jpg\",\"width\":720,\"height\":490},{\"@type\":\"BreadcrumbList\",\"@id\":\"https:\/\/www.lausinyvicente.com\/en\/sports-furnishings\/safety-pads\/protective-netting-inside-sports-centre#breadcrumb\",\"itemListElement\":[{\"@type\":\"ListItem\",\"position\":1,\"name\":\"Portada\",\"item\":\"https:\/\/www.lausinyvicente.com\/\"},{\"@type\":\"ListItem\",\"position\":2,\"name\":\"Shop\",\"item\":\"https:\/\/www.lausinyvicente.com\/en\/shop\"},{\"@type\":\"ListItem\",\"position\":3,\"name\":\"Protective netting (inside sports centre)\"}]},{\"@type\":\"WebSite\",\"@id\":\"https:\/\/www.lausinyvicente.com\/#website\",\"url\":\"https:\/\/www.lausinyvicente.com\/\",\"name\":\"Laus\u00edn y Vicente\",\"description\":\"Fabricaci\u00f3n y distribuci\u00f3n de material deportivo\",\"potentialAction\":[{\"@type\":\"SearchAction\",\"target\":{\"@type\":\"EntryPoint\",\"urlTemplate\":\"https:\/\/www.lausinyvicente.com\/?s={search_term_string}\"},\"query-input\":{\"@type\":\"PropertyValueSpecification\",\"valueRequired\":true,\"valueName\":\"search_term_string\"}}],\"inLanguage\":\"en-US\"}]}<\/script>\n<!-- \/ Yoast SEO plugin. -->","yoast_head_json":{"title":"Protective netting (inside sports centre) - Laus\u00edn y Vicente","robots":{"index":"index","follow":"follow","max-snippet":"max-snippet:-1","max-image-preview":"max-image-preview:large","max-video-preview":"max-video-preview:-1"},"canonical":"https:\/\/www.lausinyvicente.com\/en\/sports-furnishings\/safety-pads\/protective-netting-inside-sports-centre","og_locale":"en_US","og_type":"article","og_title":"Protective netting (inside sports centre) - Laus\u00edn y Vicente","og_description":"3 mm nylon manually spooled net; 100 x 100 m mesh. Other options available upon request. \u201cKlein\u201d K40 guide rail for the sideways movement of the screen, with a pulley with \u2018S\u2019-shaped hooks, limit switches and splices. Manually activated system with sideways roll-up. Metal guide rails and Klein double carrier steel runners. Metal structure comprising back supports and pipe on which to place the static boundary net to protect the wall. Net is sewn onto the support. The structure adapts to its location: wall or ceiling.","og_url":"https:\/\/www.lausinyvicente.com\/en\/sports-furnishings\/safety-pads\/protective-netting-inside-sports-centre","og_site_name":"Laus\u00edn y Vicente","og_image":[{"width":720,"height":490,"url":"https:\/\/www.lausinyvicente.com\/wp-content\/uploads\/2022\/12\/M.03.10-red-proteccion-fondo-pabellon-polideportivo.jpg","type":"image\/jpeg"}],"twitter_card":"summary_large_image","schema":{"@context":"https:\/\/schema.org","@graph":[{"@type":"WebPage","@id":"https:\/\/www.lausinyvicente.com\/en\/sports-furnishings\/safety-pads\/protective-netting-inside-sports-centre","url":"https:\/\/www.lausinyvicente.com\/en\/sports-furnishings\/safety-pads\/protective-netting-inside-sports-centre","name":"Protective netting (inside sports centre) - Laus\u00edn y Vicente","isPartOf":{"@id":"https:\/\/www.lausinyvicente.com\/#website"},"primaryImageOfPage":{"@id":"https:\/\/www.lausinyvicente.com\/en\/sports-furnishings\/safety-pads\/protective-netting-inside-sports-centre#primaryimage"},"image":{"@id":"https:\/\/www.lausinyvicente.com\/en\/sports-furnishings\/safety-pads\/protective-netting-inside-sports-centre#primaryimage"},"thumbnailUrl":"https:\/\/www.lausinyvicente.com\/wp-content\/uploads\/2022\/12\/M.03.10-red-proteccion-fondo-pabellon-polideportivo.jpg","datePublished":"2022-12-10T16:45:01+00:00","breadcrumb":{"@id":"https:\/\/www.lausinyvicente.com\/en\/sports-furnishings\/safety-pads\/protective-netting-inside-sports-centre#breadcrumb"},"inLanguage":"en-US","potentialAction":[{"@type":"ReadAction","target":["https:\/\/www.lausinyvicente.com\/en\/sports-furnishings\/safety-pads\/protective-netting-inside-sports-centre"]}]},{"@type":"ImageObject","inLanguage":"en-US","@id":"https:\/\/www.lausinyvicente.com\/en\/sports-furnishings\/safety-pads\/protective-netting-inside-sports-centre#primaryimage","url":"https:\/\/www.lausinyvicente.com\/wp-content\/uploads\/2022\/12\/M.03.10-red-proteccion-fondo-pabellon-polideportivo.jpg","contentUrl":"https:\/\/www.lausinyvicente.com\/wp-content\/uploads\/2022\/12\/M.03.10-red-proteccion-fondo-pabellon-polideportivo.jpg","width":720,"height":490},{"@type":"BreadcrumbList","@id":"https:\/\/www.lausinyvicente.com\/en\/sports-furnishings\/safety-pads\/protective-netting-inside-sports-centre#breadcrumb","itemListElement":[{"@type":"ListItem","position":1,"name":"Portada","item":"https:\/\/www.lausinyvicente.com\/"},{"@type":"ListItem","position":2,"name":"Shop","item":"https:\/\/www.lausinyvicente.com\/en\/shop"},{"@type":"ListItem","position":3,"name":"Protective netting (inside sports centre)"}]},{"@type":"WebSite","@id":"https:\/\/www.lausinyvicente.com\/#website","url":"https:\/\/www.lausinyvicente.com\/","name":"Laus\u00edn y Vicente","description":"Fabricaci\u00f3n y distribuci\u00f3n de material deportivo","potentialAction":[{"@type":"SearchAction","target":{"@type":"EntryPoint","urlTemplate":"https:\/\/www.lausinyvicente.com\/?s={search_term_string}"},"query-input":{"@type":"PropertyValueSpecification","valueRequired":true,"valueName":"search_term_string"}}],"inLanguage":"en-US"}]}},"_links":{"self":[{"href":"https:\/\/www.lausinyvicente.com\/en\/wp-json\/wp\/v2\/product\/3224","targetHints":{"allow":["GET"]}}],"collection":[{"href":"https:\/\/www.lausinyvicente.com\/en\/wp-json\/wp\/v2\/product"}],"about":[{"href":"https:\/\/www.lausinyvicente.com\/en\/wp-json\/wp\/v2\/types\/product"}],"wp:featuredmedia":[{"embeddable":true,"href":"https:\/\/www.lausinyvicente.com\/en\/wp-json\/wp\/v2\/media\/2995"}],"wp:attachment":[{"href":"https:\/\/www.lausinyvicente.com\/en\/wp-json\/wp\/v2\/media?parent=3224"}],"wp:term":[{"taxonomy":"product_cat","embeddable":true,"href":"https:\/\/www.lausinyvicente.com\/en\/wp-json\/wp\/v2\/product_cat?post=3224"},{"taxonomy":"product_tag","embeddable":true,"href":"https:\/\/www.lausinyvicente.com\/en\/wp-json\/wp\/v2\/product_tag?post=3224"}],"curies":[{"name":"wp","href":"https:\/\/api.w.org\/{rel}","templated":true}]}}