{"id":3232,"date":"2022-12-10T16:42:14","date_gmt":"2022-12-10T16:42:14","guid":{"rendered":"https:\/\/www.lausinyvicente.com\/uncategorized\/round-cross-section-column-protector\/"},"modified":"2022-12-10T16:42:14","modified_gmt":"2022-12-10T16:42:14","slug":"round-cross-section-column-protector","status":"publish","type":"product","link":"https:\/\/www.lausinyvicente.com\/en\/sports-furnishings\/safety-pads\/round-cross-section-column-protector","title":{"rendered":"Round cross-section column protector"},"content":{"rendered":"","protected":false},"excerpt":{"rendered":"<p>Column protector made from PVC covered plastic-coated tarpaulin and a polyurethane foam filling of varying densities depending on the what needs to be protected. Inner zip for easy foam replacement. The attachment system can be either velcro or elastic cord and eyelets. The protectors can be produced in various basic colours. (Blue, green, red, yellow, orange or black.) Tailor-made. Request a quote.      <\/p>\n","protected":false},"featured_media":2993,"template":"","meta":[],"product_cat":[96,92],"product_tag":[],"class_list":{"0":"post-3232","1":"product","2":"type-product","3":"status-publish","4":"has-post-thumbnail","6":"product_cat-safety-pads","7":"product_cat-sports-furnishings","9":"first","10":"instock","11":"shipping-taxable","12":"purchasable","13":"product-type-simple"},"yoast_head":"<!-- This site is optimized with the Yoast SEO plugin v27.0 - https:\/\/yoast.com\/product\/yoast-seo-wordpress\/ -->\n<title>Round cross-section column protector - Laus\u00edn y Vicente<\/title>\n<meta name=\"robots\" content=\"index, follow, max-snippet:-1, max-image-preview:large, max-video-preview:-1\" \/>\n<link rel=\"canonical\" href=\"https:\/\/www.lausinyvicente.com\/en\/sports-furnishings\/safety-pads\/round-cross-section-column-protector\" \/>\n<meta property=\"og:locale\" content=\"en_US\" \/>\n<meta property=\"og:type\" content=\"article\" \/>\n<meta property=\"og:title\" content=\"Round cross-section column protector - Laus\u00edn y Vicente\" \/>\n<meta property=\"og:description\" content=\"Column protector made from PVC covered plastic-coated tarpaulin and a polyurethane foam filling of varying densities depending on the what needs to be protected. Inner zip for easy foam replacement. The attachment system can be either velcro or elastic cord and eyelets. The protectors can be produced in various basic colours. (Blue, green, red, yellow, orange or black.) Tailor-made. Request a quote.\" \/>\n<meta property=\"og:url\" content=\"https:\/\/www.lausinyvicente.com\/en\/sports-furnishings\/safety-pads\/round-cross-section-column-protector\" \/>\n<meta property=\"og:site_name\" content=\"Laus\u00edn y Vicente\" \/>\n<meta property=\"og:image\" content=\"https:\/\/www.lausinyvicente.com\/wp-content\/uploads\/2022\/12\/M.98.01-protector-columna-seccion-redonda.jpg\" \/>\n\t<meta property=\"og:image:width\" content=\"720\" \/>\n\t<meta property=\"og:image:height\" content=\"490\" \/>\n\t<meta property=\"og:image:type\" content=\"image\/jpeg\" \/>\n<meta name=\"twitter:card\" content=\"summary_large_image\" \/>\n<script type=\"application\/ld+json\" class=\"yoast-schema-graph\">{\"@context\":\"https:\/\/schema.org\",\"@graph\":[{\"@type\":\"WebPage\",\"@id\":\"https:\/\/www.lausinyvicente.com\/en\/sports-furnishings\/safety-pads\/round-cross-section-column-protector\",\"url\":\"https:\/\/www.lausinyvicente.com\/en\/sports-furnishings\/safety-pads\/round-cross-section-column-protector\",\"name\":\"Round cross-section column protector - Laus\u00edn y Vicente\",\"isPartOf\":{\"@id\":\"https:\/\/www.lausinyvicente.com\/#website\"},\"primaryImageOfPage\":{\"@id\":\"https:\/\/www.lausinyvicente.com\/en\/sports-furnishings\/safety-pads\/round-cross-section-column-protector#primaryimage\"},\"image\":{\"@id\":\"https:\/\/www.lausinyvicente.com\/en\/sports-furnishings\/safety-pads\/round-cross-section-column-protector#primaryimage\"},\"thumbnailUrl\":\"https:\/\/www.lausinyvicente.com\/wp-content\/uploads\/2022\/12\/M.98.01-protector-columna-seccion-redonda.jpg\",\"datePublished\":\"2022-12-10T16:42:14+00:00\",\"breadcrumb\":{\"@id\":\"https:\/\/www.lausinyvicente.com\/en\/sports-furnishings\/safety-pads\/round-cross-section-column-protector#breadcrumb\"},\"inLanguage\":\"en-US\",\"potentialAction\":[{\"@type\":\"ReadAction\",\"target\":[\"https:\/\/www.lausinyvicente.com\/en\/sports-furnishings\/safety-pads\/round-cross-section-column-protector\"]}]},{\"@type\":\"ImageObject\",\"inLanguage\":\"en-US\",\"@id\":\"https:\/\/www.lausinyvicente.com\/en\/sports-furnishings\/safety-pads\/round-cross-section-column-protector#primaryimage\",\"url\":\"https:\/\/www.lausinyvicente.com\/wp-content\/uploads\/2022\/12\/M.98.01-protector-columna-seccion-redonda.jpg\",\"contentUrl\":\"https:\/\/www.lausinyvicente.com\/wp-content\/uploads\/2022\/12\/M.98.01-protector-columna-seccion-redonda.jpg\",\"width\":720,\"height\":490},{\"@type\":\"BreadcrumbList\",\"@id\":\"https:\/\/www.lausinyvicente.com\/en\/sports-furnishings\/safety-pads\/round-cross-section-column-protector#breadcrumb\",\"itemListElement\":[{\"@type\":\"ListItem\",\"position\":1,\"name\":\"Portada\",\"item\":\"https:\/\/www.lausinyvicente.com\/\"},{\"@type\":\"ListItem\",\"position\":2,\"name\":\"Shop\",\"item\":\"https:\/\/www.lausinyvicente.com\/en\/shop\"},{\"@type\":\"ListItem\",\"position\":3,\"name\":\"Round cross-section column protector\"}]},{\"@type\":\"WebSite\",\"@id\":\"https:\/\/www.lausinyvicente.com\/#website\",\"url\":\"https:\/\/www.lausinyvicente.com\/\",\"name\":\"Laus\u00edn y Vicente\",\"description\":\"Fabricaci\u00f3n y distribuci\u00f3n de material deportivo\",\"potentialAction\":[{\"@type\":\"SearchAction\",\"target\":{\"@type\":\"EntryPoint\",\"urlTemplate\":\"https:\/\/www.lausinyvicente.com\/?s={search_term_string}\"},\"query-input\":{\"@type\":\"PropertyValueSpecification\",\"valueRequired\":true,\"valueName\":\"search_term_string\"}}],\"inLanguage\":\"en-US\"}]}<\/script>\n<!-- \/ Yoast SEO plugin. -->","yoast_head_json":{"title":"Round cross-section column protector - Laus\u00edn y Vicente","robots":{"index":"index","follow":"follow","max-snippet":"max-snippet:-1","max-image-preview":"max-image-preview:large","max-video-preview":"max-video-preview:-1"},"canonical":"https:\/\/www.lausinyvicente.com\/en\/sports-furnishings\/safety-pads\/round-cross-section-column-protector","og_locale":"en_US","og_type":"article","og_title":"Round cross-section column protector - Laus\u00edn y Vicente","og_description":"Column protector made from PVC covered plastic-coated tarpaulin and a polyurethane foam filling of varying densities depending on the what needs to be protected. Inner zip for easy foam replacement. The attachment system can be either velcro or elastic cord and eyelets. The protectors can be produced in various basic colours. (Blue, green, red, yellow, orange or black.) Tailor-made. Request a quote.","og_url":"https:\/\/www.lausinyvicente.com\/en\/sports-furnishings\/safety-pads\/round-cross-section-column-protector","og_site_name":"Laus\u00edn y Vicente","og_image":[{"width":720,"height":490,"url":"https:\/\/www.lausinyvicente.com\/wp-content\/uploads\/2022\/12\/M.98.01-protector-columna-seccion-redonda.jpg","type":"image\/jpeg"}],"twitter_card":"summary_large_image","schema":{"@context":"https:\/\/schema.org","@graph":[{"@type":"WebPage","@id":"https:\/\/www.lausinyvicente.com\/en\/sports-furnishings\/safety-pads\/round-cross-section-column-protector","url":"https:\/\/www.lausinyvicente.com\/en\/sports-furnishings\/safety-pads\/round-cross-section-column-protector","name":"Round cross-section column protector - Laus\u00edn y Vicente","isPartOf":{"@id":"https:\/\/www.lausinyvicente.com\/#website"},"primaryImageOfPage":{"@id":"https:\/\/www.lausinyvicente.com\/en\/sports-furnishings\/safety-pads\/round-cross-section-column-protector#primaryimage"},"image":{"@id":"https:\/\/www.lausinyvicente.com\/en\/sports-furnishings\/safety-pads\/round-cross-section-column-protector#primaryimage"},"thumbnailUrl":"https:\/\/www.lausinyvicente.com\/wp-content\/uploads\/2022\/12\/M.98.01-protector-columna-seccion-redonda.jpg","datePublished":"2022-12-10T16:42:14+00:00","breadcrumb":{"@id":"https:\/\/www.lausinyvicente.com\/en\/sports-furnishings\/safety-pads\/round-cross-section-column-protector#breadcrumb"},"inLanguage":"en-US","potentialAction":[{"@type":"ReadAction","target":["https:\/\/www.lausinyvicente.com\/en\/sports-furnishings\/safety-pads\/round-cross-section-column-protector"]}]},{"@type":"ImageObject","inLanguage":"en-US","@id":"https:\/\/www.lausinyvicente.com\/en\/sports-furnishings\/safety-pads\/round-cross-section-column-protector#primaryimage","url":"https:\/\/www.lausinyvicente.com\/wp-content\/uploads\/2022\/12\/M.98.01-protector-columna-seccion-redonda.jpg","contentUrl":"https:\/\/www.lausinyvicente.com\/wp-content\/uploads\/2022\/12\/M.98.01-protector-columna-seccion-redonda.jpg","width":720,"height":490},{"@type":"BreadcrumbList","@id":"https:\/\/www.lausinyvicente.com\/en\/sports-furnishings\/safety-pads\/round-cross-section-column-protector#breadcrumb","itemListElement":[{"@type":"ListItem","position":1,"name":"Portada","item":"https:\/\/www.lausinyvicente.com\/"},{"@type":"ListItem","position":2,"name":"Shop","item":"https:\/\/www.lausinyvicente.com\/en\/shop"},{"@type":"ListItem","position":3,"name":"Round cross-section column protector"}]},{"@type":"WebSite","@id":"https:\/\/www.lausinyvicente.com\/#website","url":"https:\/\/www.lausinyvicente.com\/","name":"Laus\u00edn y Vicente","description":"Fabricaci\u00f3n y distribuci\u00f3n de material deportivo","potentialAction":[{"@type":"SearchAction","target":{"@type":"EntryPoint","urlTemplate":"https:\/\/www.lausinyvicente.com\/?s={search_term_string}"},"query-input":{"@type":"PropertyValueSpecification","valueRequired":true,"valueName":"search_term_string"}}],"inLanguage":"en-US"}]}},"_links":{"self":[{"href":"https:\/\/www.lausinyvicente.com\/en\/wp-json\/wp\/v2\/product\/3232","targetHints":{"allow":["GET"]}}],"collection":[{"href":"https:\/\/www.lausinyvicente.com\/en\/wp-json\/wp\/v2\/product"}],"about":[{"href":"https:\/\/www.lausinyvicente.com\/en\/wp-json\/wp\/v2\/types\/product"}],"wp:featuredmedia":[{"embeddable":true,"href":"https:\/\/www.lausinyvicente.com\/en\/wp-json\/wp\/v2\/media\/2993"}],"wp:attachment":[{"href":"https:\/\/www.lausinyvicente.com\/en\/wp-json\/wp\/v2\/media?parent=3232"}],"wp:term":[{"taxonomy":"product_cat","embeddable":true,"href":"https:\/\/www.lausinyvicente.com\/en\/wp-json\/wp\/v2\/product_cat?post=3232"},{"taxonomy":"product_tag","embeddable":true,"href":"https:\/\/www.lausinyvicente.com\/en\/wp-json\/wp\/v2\/product_tag?post=3232"}],"curies":[{"name":"wp","href":"https:\/\/api.w.org\/{rel}","templated":true}]}}