{"id":3280,"date":"2022-12-10T16:21:50","date_gmt":"2022-12-10T16:21:50","guid":{"rendered":"https:\/\/www.lausinyvicente.com\/uncategorized\/wooden-coat-rack-changing-room-concealed-hangers\/"},"modified":"2022-12-18T10:05:32","modified_gmt":"2022-12-18T10:05:32","slug":"wooden-coat-rack-concealed-hangers","status":"publish","type":"product","link":"https:\/\/www.lausinyvicente.com\/en\/sports-furnishings\/coat-hangers\/wooden-coat-rack-concealed-hangers","title":{"rendered":"Wooden coat rack (changing room) concealed hangers"},"content":{"rendered":"","protected":false},"excerpt":{"rendered":"<p>Top quality pine coat rack comprising one 140 mm wide x 25 mm thick strip. Oven-enamalled and kiln-dried white metal clothes hangers. Bolted to the wall using metal pieces separating the coat rack from the wall. The hangers are assembled inside the coat rack, All wooden parts are varnished and feature rounded edges. Length: per client specs. Price per linear metre.<\/p>\n","protected":false},"featured_media":2977,"template":"","meta":[],"product_cat":[98,92],"product_tag":[],"class_list":{"0":"post-3280","1":"product","2":"type-product","3":"status-publish","4":"has-post-thumbnail","6":"product_cat-coat-hangers","7":"product_cat-sports-furnishings","9":"first","10":"instock","11":"shipping-taxable","12":"purchasable","13":"product-type-simple"},"yoast_head":"<!-- This site is optimized with the Yoast SEO plugin v27.0 - https:\/\/yoast.com\/product\/yoast-seo-wordpress\/ -->\n<title>Wooden coat rack (changing room) concealed hangers - Laus\u00edn y Vicente<\/title>\n<meta name=\"robots\" content=\"index, follow, max-snippet:-1, max-image-preview:large, max-video-preview:-1\" \/>\n<link rel=\"canonical\" href=\"https:\/\/www.lausinyvicente.com\/en\/sports-furnishings\/coat-hangers\/wooden-coat-rack-concealed-hangers\" \/>\n<meta property=\"og:locale\" content=\"en_US\" \/>\n<meta property=\"og:type\" content=\"article\" \/>\n<meta property=\"og:title\" content=\"Wooden coat rack (changing room) concealed hangers - Laus\u00edn y Vicente\" \/>\n<meta property=\"og:description\" content=\"Top quality pine coat rack comprising one 140 mm wide x 25 mm thick strip. Oven-enamalled and kiln-dried white metal clothes hangers. Bolted to the wall using metal pieces separating the coat rack from the wall. The hangers are assembled inside the coat rack, All wooden parts are varnished and feature rounded edges. Length: per client specs. Price per linear metre.\" \/>\n<meta property=\"og:url\" content=\"https:\/\/www.lausinyvicente.com\/en\/sports-furnishings\/coat-hangers\/wooden-coat-rack-concealed-hangers\" \/>\n<meta property=\"og:site_name\" content=\"Laus\u00edn y Vicente\" \/>\n<meta property=\"article:modified_time\" content=\"2022-12-18T10:05:32+00:00\" \/>\n<meta property=\"og:image\" content=\"https:\/\/www.lausinyvicente.com\/wp-content\/uploads\/2022\/12\/M.00.81_Perchero-vestuario-madera-colgadores-ocultos.jpg\" \/>\n\t<meta property=\"og:image:width\" content=\"720\" \/>\n\t<meta property=\"og:image:height\" content=\"490\" \/>\n\t<meta property=\"og:image:type\" content=\"image\/jpeg\" \/>\n<meta name=\"twitter:card\" content=\"summary_large_image\" \/>\n<script type=\"application\/ld+json\" class=\"yoast-schema-graph\">{\"@context\":\"https:\/\/schema.org\",\"@graph\":[{\"@type\":\"WebPage\",\"@id\":\"https:\/\/www.lausinyvicente.com\/en\/sports-furnishings\/coat-hangers\/wooden-coat-rack-concealed-hangers\",\"url\":\"https:\/\/www.lausinyvicente.com\/en\/sports-furnishings\/coat-hangers\/wooden-coat-rack-concealed-hangers\",\"name\":\"Wooden coat rack (changing room) concealed hangers - Laus\u00edn y Vicente\",\"isPartOf\":{\"@id\":\"https:\/\/www.lausinyvicente.com\/#website\"},\"primaryImageOfPage\":{\"@id\":\"https:\/\/www.lausinyvicente.com\/en\/sports-furnishings\/coat-hangers\/wooden-coat-rack-concealed-hangers#primaryimage\"},\"image\":{\"@id\":\"https:\/\/www.lausinyvicente.com\/en\/sports-furnishings\/coat-hangers\/wooden-coat-rack-concealed-hangers#primaryimage\"},\"thumbnailUrl\":\"https:\/\/www.lausinyvicente.com\/wp-content\/uploads\/2022\/12\/M.00.81_Perchero-vestuario-madera-colgadores-ocultos.jpg\",\"datePublished\":\"2022-12-10T16:21:50+00:00\",\"dateModified\":\"2022-12-18T10:05:32+00:00\",\"breadcrumb\":{\"@id\":\"https:\/\/www.lausinyvicente.com\/en\/sports-furnishings\/coat-hangers\/wooden-coat-rack-concealed-hangers#breadcrumb\"},\"inLanguage\":\"en-US\",\"potentialAction\":[{\"@type\":\"ReadAction\",\"target\":[\"https:\/\/www.lausinyvicente.com\/en\/sports-furnishings\/coat-hangers\/wooden-coat-rack-concealed-hangers\"]}]},{\"@type\":\"ImageObject\",\"inLanguage\":\"en-US\",\"@id\":\"https:\/\/www.lausinyvicente.com\/en\/sports-furnishings\/coat-hangers\/wooden-coat-rack-concealed-hangers#primaryimage\",\"url\":\"https:\/\/www.lausinyvicente.com\/wp-content\/uploads\/2022\/12\/M.00.81_Perchero-vestuario-madera-colgadores-ocultos.jpg\",\"contentUrl\":\"https:\/\/www.lausinyvicente.com\/wp-content\/uploads\/2022\/12\/M.00.81_Perchero-vestuario-madera-colgadores-ocultos.jpg\",\"width\":720,\"height\":490},{\"@type\":\"BreadcrumbList\",\"@id\":\"https:\/\/www.lausinyvicente.com\/en\/sports-furnishings\/coat-hangers\/wooden-coat-rack-concealed-hangers#breadcrumb\",\"itemListElement\":[{\"@type\":\"ListItem\",\"position\":1,\"name\":\"Portada\",\"item\":\"https:\/\/www.lausinyvicente.com\/\"},{\"@type\":\"ListItem\",\"position\":2,\"name\":\"Shop\",\"item\":\"https:\/\/www.lausinyvicente.com\/en\/shop\"},{\"@type\":\"ListItem\",\"position\":3,\"name\":\"Wooden coat rack (changing room) concealed hangers\"}]},{\"@type\":\"WebSite\",\"@id\":\"https:\/\/www.lausinyvicente.com\/#website\",\"url\":\"https:\/\/www.lausinyvicente.com\/\",\"name\":\"Laus\u00edn y Vicente\",\"description\":\"Fabricaci\u00f3n y distribuci\u00f3n de material deportivo\",\"potentialAction\":[{\"@type\":\"SearchAction\",\"target\":{\"@type\":\"EntryPoint\",\"urlTemplate\":\"https:\/\/www.lausinyvicente.com\/?s={search_term_string}\"},\"query-input\":{\"@type\":\"PropertyValueSpecification\",\"valueRequired\":true,\"valueName\":\"search_term_string\"}}],\"inLanguage\":\"en-US\"}]}<\/script>\n<!-- \/ Yoast SEO plugin. -->","yoast_head_json":{"title":"Wooden coat rack (changing room) concealed hangers - Laus\u00edn y Vicente","robots":{"index":"index","follow":"follow","max-snippet":"max-snippet:-1","max-image-preview":"max-image-preview:large","max-video-preview":"max-video-preview:-1"},"canonical":"https:\/\/www.lausinyvicente.com\/en\/sports-furnishings\/coat-hangers\/wooden-coat-rack-concealed-hangers","og_locale":"en_US","og_type":"article","og_title":"Wooden coat rack (changing room) concealed hangers - Laus\u00edn y Vicente","og_description":"Top quality pine coat rack comprising one 140 mm wide x 25 mm thick strip. Oven-enamalled and kiln-dried white metal clothes hangers. Bolted to the wall using metal pieces separating the coat rack from the wall. The hangers are assembled inside the coat rack, All wooden parts are varnished and feature rounded edges. Length: per client specs. Price per linear metre.","og_url":"https:\/\/www.lausinyvicente.com\/en\/sports-furnishings\/coat-hangers\/wooden-coat-rack-concealed-hangers","og_site_name":"Laus\u00edn y Vicente","article_modified_time":"2022-12-18T10:05:32+00:00","og_image":[{"width":720,"height":490,"url":"https:\/\/www.lausinyvicente.com\/wp-content\/uploads\/2022\/12\/M.00.81_Perchero-vestuario-madera-colgadores-ocultos.jpg","type":"image\/jpeg"}],"twitter_card":"summary_large_image","schema":{"@context":"https:\/\/schema.org","@graph":[{"@type":"WebPage","@id":"https:\/\/www.lausinyvicente.com\/en\/sports-furnishings\/coat-hangers\/wooden-coat-rack-concealed-hangers","url":"https:\/\/www.lausinyvicente.com\/en\/sports-furnishings\/coat-hangers\/wooden-coat-rack-concealed-hangers","name":"Wooden coat rack (changing room) concealed hangers - Laus\u00edn y Vicente","isPartOf":{"@id":"https:\/\/www.lausinyvicente.com\/#website"},"primaryImageOfPage":{"@id":"https:\/\/www.lausinyvicente.com\/en\/sports-furnishings\/coat-hangers\/wooden-coat-rack-concealed-hangers#primaryimage"},"image":{"@id":"https:\/\/www.lausinyvicente.com\/en\/sports-furnishings\/coat-hangers\/wooden-coat-rack-concealed-hangers#primaryimage"},"thumbnailUrl":"https:\/\/www.lausinyvicente.com\/wp-content\/uploads\/2022\/12\/M.00.81_Perchero-vestuario-madera-colgadores-ocultos.jpg","datePublished":"2022-12-10T16:21:50+00:00","dateModified":"2022-12-18T10:05:32+00:00","breadcrumb":{"@id":"https:\/\/www.lausinyvicente.com\/en\/sports-furnishings\/coat-hangers\/wooden-coat-rack-concealed-hangers#breadcrumb"},"inLanguage":"en-US","potentialAction":[{"@type":"ReadAction","target":["https:\/\/www.lausinyvicente.com\/en\/sports-furnishings\/coat-hangers\/wooden-coat-rack-concealed-hangers"]}]},{"@type":"ImageObject","inLanguage":"en-US","@id":"https:\/\/www.lausinyvicente.com\/en\/sports-furnishings\/coat-hangers\/wooden-coat-rack-concealed-hangers#primaryimage","url":"https:\/\/www.lausinyvicente.com\/wp-content\/uploads\/2022\/12\/M.00.81_Perchero-vestuario-madera-colgadores-ocultos.jpg","contentUrl":"https:\/\/www.lausinyvicente.com\/wp-content\/uploads\/2022\/12\/M.00.81_Perchero-vestuario-madera-colgadores-ocultos.jpg","width":720,"height":490},{"@type":"BreadcrumbList","@id":"https:\/\/www.lausinyvicente.com\/en\/sports-furnishings\/coat-hangers\/wooden-coat-rack-concealed-hangers#breadcrumb","itemListElement":[{"@type":"ListItem","position":1,"name":"Portada","item":"https:\/\/www.lausinyvicente.com\/"},{"@type":"ListItem","position":2,"name":"Shop","item":"https:\/\/www.lausinyvicente.com\/en\/shop"},{"@type":"ListItem","position":3,"name":"Wooden coat rack (changing room) concealed hangers"}]},{"@type":"WebSite","@id":"https:\/\/www.lausinyvicente.com\/#website","url":"https:\/\/www.lausinyvicente.com\/","name":"Laus\u00edn y Vicente","description":"Fabricaci\u00f3n y distribuci\u00f3n de material deportivo","potentialAction":[{"@type":"SearchAction","target":{"@type":"EntryPoint","urlTemplate":"https:\/\/www.lausinyvicente.com\/?s={search_term_string}"},"query-input":{"@type":"PropertyValueSpecification","valueRequired":true,"valueName":"search_term_string"}}],"inLanguage":"en-US"}]}},"_links":{"self":[{"href":"https:\/\/www.lausinyvicente.com\/en\/wp-json\/wp\/v2\/product\/3280","targetHints":{"allow":["GET"]}}],"collection":[{"href":"https:\/\/www.lausinyvicente.com\/en\/wp-json\/wp\/v2\/product"}],"about":[{"href":"https:\/\/www.lausinyvicente.com\/en\/wp-json\/wp\/v2\/types\/product"}],"wp:featuredmedia":[{"embeddable":true,"href":"https:\/\/www.lausinyvicente.com\/en\/wp-json\/wp\/v2\/media\/2977"}],"wp:attachment":[{"href":"https:\/\/www.lausinyvicente.com\/en\/wp-json\/wp\/v2\/media?parent=3280"}],"wp:term":[{"taxonomy":"product_cat","embeddable":true,"href":"https:\/\/www.lausinyvicente.com\/en\/wp-json\/wp\/v2\/product_cat?post=3280"},{"taxonomy":"product_tag","embeddable":true,"href":"https:\/\/www.lausinyvicente.com\/en\/wp-json\/wp\/v2\/product_tag?post=3280"}],"curies":[{"name":"wp","href":"https:\/\/api.w.org\/{rel}","templated":true}]}}