{"id":3307,"date":"2022-12-10T16:09:59","date_gmt":"2022-12-10T16:09:59","guid":{"rendered":"https:\/\/www.lausinyvicente.com\/uncategorized\/electronic-24-possession-scoreboard-fiba\/"},"modified":"2022-12-10T16:09:59","modified_gmt":"2022-12-10T16:09:59","slug":"electronic-24-possession-scoreboard-fiba","status":"publish","type":"product","link":"https:\/\/www.lausinyvicente.com\/en\/sports-furnishings\/scoreboards\/electronic-24-possession-scoreboard-fiba","title":{"rendered":"Electronic 24\u201d possession scoreboard: FIBA"},"content":{"rendered":"","protected":false},"excerpt":{"rendered":"<p><strong>Comprises<\/strong><\/p>\n<p>2 electronic screens. 1 console. 1 carry-case for the console. 2 main cables. 2 polycarbonate supports (installed on the floor). Instructions and Installation Manual. <\/p>\n<p><strong>Description<\/strong><\/p>\n<p>Use: Indoor. Via: Radio (868 MHz) or cable. Visibility: 100 m. Angle &gt;160\u00b0. Dimensions: 500 x 300 x 65 mm. Weight: 2.5 kg each. Power: 230V \/ 50-60Hz. Protection: unbreakable polycarbonate (DIN 18032-3). Main cables (included): 2 x 25 m \u2013 Tyep: 230V, 3G, 0.75 mm\u00b2.       <\/p>\n<p><strong>Functions<\/strong><\/p>\n<p>24\/14 second attack timer: 2 red digits &#8211; LED (23 cm) per screen. Timer Stop: 1 red digit &#8211; LED (5 cm) per screen.  <\/p>\n<p><strong>Console<\/strong><\/p>\n<p>1 console: (145 x 150 x 40 mm) with LCD screen. 1 console carry-case: 270 x 200 x 50 mm. <\/p>\n","protected":false},"featured_media":2963,"template":"","meta":[],"product_cat":[100,92],"product_tag":[],"class_list":{"0":"post-3307","1":"product","2":"type-product","3":"status-publish","4":"has-post-thumbnail","6":"product_cat-scoreboards","7":"product_cat-sports-furnishings","9":"first","10":"instock","11":"shipping-taxable","12":"purchasable","13":"product-type-simple"},"yoast_head":"<!-- This site is optimized with the Yoast SEO plugin v27.0 - https:\/\/yoast.com\/product\/yoast-seo-wordpress\/ -->\n<title>Electronic 24\u201d possession scoreboard: FIBA - Laus\u00edn y Vicente<\/title>\n<meta name=\"robots\" content=\"index, follow, max-snippet:-1, max-image-preview:large, max-video-preview:-1\" \/>\n<link rel=\"canonical\" href=\"https:\/\/www.lausinyvicente.com\/en\/sports-furnishings\/scoreboards\/electronic-24-possession-scoreboard-fiba\" \/>\n<meta property=\"og:locale\" content=\"en_US\" \/>\n<meta property=\"og:type\" content=\"article\" \/>\n<meta property=\"og:title\" content=\"Electronic 24\u201d possession scoreboard: FIBA - Laus\u00edn y Vicente\" \/>\n<meta property=\"og:description\" content=\"Comprises 2 electronic screens. 1 console. 1 carry-case for the console. 2 main cables. 2 polycarbonate supports (installed on the floor). Instructions and Installation Manual.  Description Use: Indoor. Via: Radio (868 MHz) or cable. Visibility: 100 m. Angle &gt;160\u00b0. Dimensions: 500 x 300 x 65 mm. Weight: 2.5 kg each. Power: 230V \/ 50-60Hz. Protection: unbreakable polycarbonate (DIN 18032-3). Main cables (included): 2 x 25 m \u2013 Tyep: 230V, 3G, 0.75 mm\u00b2.     Functions 24\/14 second attack timer: 2 red digits - LED (23 cm) per screen. Timer Stop: 1 red digit - LED (5 cm) per screen.  Console 1 console: (145 x 150 x 40 mm) with LCD screen. 1 console carry-case: 270 x 200 x 50 mm.\" \/>\n<meta property=\"og:url\" content=\"https:\/\/www.lausinyvicente.com\/en\/sports-furnishings\/scoreboards\/electronic-24-possession-scoreboard-fiba\" \/>\n<meta property=\"og:site_name\" content=\"Laus\u00edn y Vicente\" \/>\n<meta property=\"og:image\" content=\"https:\/\/www.lausinyvicente.com\/wp-content\/uploads\/2022\/12\/M.99.064-marcador-electronico-posesion-24-fiba.jpg\" \/>\n\t<meta property=\"og:image:width\" content=\"720\" \/>\n\t<meta property=\"og:image:height\" content=\"490\" \/>\n\t<meta property=\"og:image:type\" content=\"image\/jpeg\" \/>\n<meta name=\"twitter:card\" content=\"summary_large_image\" \/>\n<script type=\"application\/ld+json\" class=\"yoast-schema-graph\">{\"@context\":\"https:\/\/schema.org\",\"@graph\":[{\"@type\":\"WebPage\",\"@id\":\"https:\/\/www.lausinyvicente.com\/en\/sports-furnishings\/scoreboards\/electronic-24-possession-scoreboard-fiba\",\"url\":\"https:\/\/www.lausinyvicente.com\/en\/sports-furnishings\/scoreboards\/electronic-24-possession-scoreboard-fiba\",\"name\":\"Electronic 24\u201d possession scoreboard: FIBA - Laus\u00edn y Vicente\",\"isPartOf\":{\"@id\":\"https:\/\/www.lausinyvicente.com\/#website\"},\"primaryImageOfPage\":{\"@id\":\"https:\/\/www.lausinyvicente.com\/en\/sports-furnishings\/scoreboards\/electronic-24-possession-scoreboard-fiba#primaryimage\"},\"image\":{\"@id\":\"https:\/\/www.lausinyvicente.com\/en\/sports-furnishings\/scoreboards\/electronic-24-possession-scoreboard-fiba#primaryimage\"},\"thumbnailUrl\":\"https:\/\/www.lausinyvicente.com\/wp-content\/uploads\/2022\/12\/M.99.064-marcador-electronico-posesion-24-fiba.jpg\",\"datePublished\":\"2022-12-10T16:09:59+00:00\",\"breadcrumb\":{\"@id\":\"https:\/\/www.lausinyvicente.com\/en\/sports-furnishings\/scoreboards\/electronic-24-possession-scoreboard-fiba#breadcrumb\"},\"inLanguage\":\"en-US\",\"potentialAction\":[{\"@type\":\"ReadAction\",\"target\":[\"https:\/\/www.lausinyvicente.com\/en\/sports-furnishings\/scoreboards\/electronic-24-possession-scoreboard-fiba\"]}]},{\"@type\":\"ImageObject\",\"inLanguage\":\"en-US\",\"@id\":\"https:\/\/www.lausinyvicente.com\/en\/sports-furnishings\/scoreboards\/electronic-24-possession-scoreboard-fiba#primaryimage\",\"url\":\"https:\/\/www.lausinyvicente.com\/wp-content\/uploads\/2022\/12\/M.99.064-marcador-electronico-posesion-24-fiba.jpg\",\"contentUrl\":\"https:\/\/www.lausinyvicente.com\/wp-content\/uploads\/2022\/12\/M.99.064-marcador-electronico-posesion-24-fiba.jpg\",\"width\":720,\"height\":490},{\"@type\":\"BreadcrumbList\",\"@id\":\"https:\/\/www.lausinyvicente.com\/en\/sports-furnishings\/scoreboards\/electronic-24-possession-scoreboard-fiba#breadcrumb\",\"itemListElement\":[{\"@type\":\"ListItem\",\"position\":1,\"name\":\"Portada\",\"item\":\"https:\/\/www.lausinyvicente.com\/\"},{\"@type\":\"ListItem\",\"position\":2,\"name\":\"Shop\",\"item\":\"https:\/\/www.lausinyvicente.com\/en\/shop\"},{\"@type\":\"ListItem\",\"position\":3,\"name\":\"Electronic 24\u201d possession scoreboard: FIBA\"}]},{\"@type\":\"WebSite\",\"@id\":\"https:\/\/www.lausinyvicente.com\/#website\",\"url\":\"https:\/\/www.lausinyvicente.com\/\",\"name\":\"Laus\u00edn y Vicente\",\"description\":\"Fabricaci\u00f3n y distribuci\u00f3n de material deportivo\",\"potentialAction\":[{\"@type\":\"SearchAction\",\"target\":{\"@type\":\"EntryPoint\",\"urlTemplate\":\"https:\/\/www.lausinyvicente.com\/?s={search_term_string}\"},\"query-input\":{\"@type\":\"PropertyValueSpecification\",\"valueRequired\":true,\"valueName\":\"search_term_string\"}}],\"inLanguage\":\"en-US\"}]}<\/script>\n<!-- \/ Yoast SEO plugin. -->","yoast_head_json":{"title":"Electronic 24\u201d possession scoreboard: FIBA - Laus\u00edn y Vicente","robots":{"index":"index","follow":"follow","max-snippet":"max-snippet:-1","max-image-preview":"max-image-preview:large","max-video-preview":"max-video-preview:-1"},"canonical":"https:\/\/www.lausinyvicente.com\/en\/sports-furnishings\/scoreboards\/electronic-24-possession-scoreboard-fiba","og_locale":"en_US","og_type":"article","og_title":"Electronic 24\u201d possession scoreboard: FIBA - Laus\u00edn y Vicente","og_description":"Comprises 2 electronic screens. 1 console. 1 carry-case for the console. 2 main cables. 2 polycarbonate supports (installed on the floor). Instructions and Installation Manual.  Description Use: Indoor. Via: Radio (868 MHz) or cable. Visibility: 100 m. Angle &gt;160\u00b0. Dimensions: 500 x 300 x 65 mm. Weight: 2.5 kg each. Power: 230V \/ 50-60Hz. Protection: unbreakable polycarbonate (DIN 18032-3). Main cables (included): 2 x 25 m \u2013 Tyep: 230V, 3G, 0.75 mm\u00b2.     Functions 24\/14 second attack timer: 2 red digits - LED (23 cm) per screen. Timer Stop: 1 red digit - LED (5 cm) per screen.  Console 1 console: (145 x 150 x 40 mm) with LCD screen. 1 console carry-case: 270 x 200 x 50 mm.","og_url":"https:\/\/www.lausinyvicente.com\/en\/sports-furnishings\/scoreboards\/electronic-24-possession-scoreboard-fiba","og_site_name":"Laus\u00edn y Vicente","og_image":[{"width":720,"height":490,"url":"https:\/\/www.lausinyvicente.com\/wp-content\/uploads\/2022\/12\/M.99.064-marcador-electronico-posesion-24-fiba.jpg","type":"image\/jpeg"}],"twitter_card":"summary_large_image","schema":{"@context":"https:\/\/schema.org","@graph":[{"@type":"WebPage","@id":"https:\/\/www.lausinyvicente.com\/en\/sports-furnishings\/scoreboards\/electronic-24-possession-scoreboard-fiba","url":"https:\/\/www.lausinyvicente.com\/en\/sports-furnishings\/scoreboards\/electronic-24-possession-scoreboard-fiba","name":"Electronic 24\u201d possession scoreboard: FIBA - Laus\u00edn y Vicente","isPartOf":{"@id":"https:\/\/www.lausinyvicente.com\/#website"},"primaryImageOfPage":{"@id":"https:\/\/www.lausinyvicente.com\/en\/sports-furnishings\/scoreboards\/electronic-24-possession-scoreboard-fiba#primaryimage"},"image":{"@id":"https:\/\/www.lausinyvicente.com\/en\/sports-furnishings\/scoreboards\/electronic-24-possession-scoreboard-fiba#primaryimage"},"thumbnailUrl":"https:\/\/www.lausinyvicente.com\/wp-content\/uploads\/2022\/12\/M.99.064-marcador-electronico-posesion-24-fiba.jpg","datePublished":"2022-12-10T16:09:59+00:00","breadcrumb":{"@id":"https:\/\/www.lausinyvicente.com\/en\/sports-furnishings\/scoreboards\/electronic-24-possession-scoreboard-fiba#breadcrumb"},"inLanguage":"en-US","potentialAction":[{"@type":"ReadAction","target":["https:\/\/www.lausinyvicente.com\/en\/sports-furnishings\/scoreboards\/electronic-24-possession-scoreboard-fiba"]}]},{"@type":"ImageObject","inLanguage":"en-US","@id":"https:\/\/www.lausinyvicente.com\/en\/sports-furnishings\/scoreboards\/electronic-24-possession-scoreboard-fiba#primaryimage","url":"https:\/\/www.lausinyvicente.com\/wp-content\/uploads\/2022\/12\/M.99.064-marcador-electronico-posesion-24-fiba.jpg","contentUrl":"https:\/\/www.lausinyvicente.com\/wp-content\/uploads\/2022\/12\/M.99.064-marcador-electronico-posesion-24-fiba.jpg","width":720,"height":490},{"@type":"BreadcrumbList","@id":"https:\/\/www.lausinyvicente.com\/en\/sports-furnishings\/scoreboards\/electronic-24-possession-scoreboard-fiba#breadcrumb","itemListElement":[{"@type":"ListItem","position":1,"name":"Portada","item":"https:\/\/www.lausinyvicente.com\/"},{"@type":"ListItem","position":2,"name":"Shop","item":"https:\/\/www.lausinyvicente.com\/en\/shop"},{"@type":"ListItem","position":3,"name":"Electronic 24\u201d possession scoreboard: FIBA"}]},{"@type":"WebSite","@id":"https:\/\/www.lausinyvicente.com\/#website","url":"https:\/\/www.lausinyvicente.com\/","name":"Laus\u00edn y Vicente","description":"Fabricaci\u00f3n y distribuci\u00f3n de material deportivo","potentialAction":[{"@type":"SearchAction","target":{"@type":"EntryPoint","urlTemplate":"https:\/\/www.lausinyvicente.com\/?s={search_term_string}"},"query-input":{"@type":"PropertyValueSpecification","valueRequired":true,"valueName":"search_term_string"}}],"inLanguage":"en-US"}]}},"_links":{"self":[{"href":"https:\/\/www.lausinyvicente.com\/en\/wp-json\/wp\/v2\/product\/3307","targetHints":{"allow":["GET"]}}],"collection":[{"href":"https:\/\/www.lausinyvicente.com\/en\/wp-json\/wp\/v2\/product"}],"about":[{"href":"https:\/\/www.lausinyvicente.com\/en\/wp-json\/wp\/v2\/types\/product"}],"wp:featuredmedia":[{"embeddable":true,"href":"https:\/\/www.lausinyvicente.com\/en\/wp-json\/wp\/v2\/media\/2963"}],"wp:attachment":[{"href":"https:\/\/www.lausinyvicente.com\/en\/wp-json\/wp\/v2\/media?parent=3307"}],"wp:term":[{"taxonomy":"product_cat","embeddable":true,"href":"https:\/\/www.lausinyvicente.com\/en\/wp-json\/wp\/v2\/product_cat?post=3307"},{"taxonomy":"product_tag","embeddable":true,"href":"https:\/\/www.lausinyvicente.com\/en\/wp-json\/wp\/v2\/product_tag?post=3307"}],"curies":[{"name":"wp","href":"https:\/\/api.w.org\/{rel}","templated":true}]}}