{"id":3309,"date":"2022-12-10T16:08:37","date_gmt":"2022-12-10T16:08:37","guid":{"rendered":"https:\/\/www.lausinyvicente.com\/uncategorized\/the-multisport-electronic-scoreboard-is-designed-to-be-used-indoors-and-can-be-used-for-14-different-sports-transmission-radio-868-mhz-or-by-cable-visibility-110-m-angle-160o-dimensions\/"},"modified":"2023-01-08T17:14:36","modified_gmt":"2023-01-08T17:14:36","slug":"multisport-electronic-scoreboard","status":"publish","type":"product","link":"https:\/\/www.lausinyvicente.com\/en\/sports-furnishings\/scoreboards\/multisport-electronic-scoreboard","title":{"rendered":"The multisport electronic scoreboard"},"content":{"rendered":"","protected":false},"excerpt":{"rendered":"<p>The multisport electronic scoreboard is designed to be used indoors and can be used for 14 different sports. Transmission: radio (868 MHz) or by cable). Visibility: 110 m. Angle &gt; 160\u00ba. Dimensions: 1900 x 1200 x 90 mm Weight: 35 kg. Power source: 230 V \/ 50-60 Hz. Energy consumed: 98 VA. The front of the scoreboard is made from unbreakable matte polycarbonate (DIN 18032-3). 116 dB (1 m) buzzer included. Scoring: 2 x 3 red digits &#8211; LED (25 cm). Time period: 1 green digit &#8211; LED (20 cm). Possession of ball: 2 red arrows &#8211; LED. Timer \/ Half-time: 4 white digits &#8211; LED (25 cm) + blinking dots. Team fouls (BB) \/ Sets won (VB) \/ Temporary suspension (HB): 2 x 3 yellow digits &#8211; LED (20 cm). Time out number (BB, HB, VB) \/ Ongoing penalty (HB): 2 x 3 green dots. Shows the time and day when the scoreboard is not in use. The control pad (340 x 175 x 60 mm) with LCD screen has 2 lines of 20 characters (9 mm high). Includes control pad. \u201cHome\u201d and \u201cVisitors\u201d can be inscribed in any language upon request. See other indoor models for different features and sizes. Price per unit.                  <\/p>\n","protected":false},"featured_media":2961,"template":"","meta":[],"product_cat":[100,92],"product_tag":[],"class_list":{"0":"post-3309","1":"product","2":"type-product","3":"status-publish","4":"has-post-thumbnail","6":"product_cat-scoreboards","7":"product_cat-sports-furnishings","9":"first","10":"instock","11":"shipping-taxable","12":"purchasable","13":"product-type-simple"},"yoast_head":"<!-- This site is optimized with the Yoast SEO plugin v27.0 - https:\/\/yoast.com\/product\/yoast-seo-wordpress\/ -->\n<title>The multisport electronic scoreboard - Laus\u00edn y Vicente<\/title>\n<meta name=\"robots\" content=\"index, follow, max-snippet:-1, max-image-preview:large, max-video-preview:-1\" \/>\n<link rel=\"canonical\" href=\"https:\/\/www.lausinyvicente.com\/en\/sports-furnishings\/scoreboards\/multisport-electronic-scoreboard\" \/>\n<meta property=\"og:locale\" content=\"en_US\" \/>\n<meta property=\"og:type\" content=\"article\" \/>\n<meta property=\"og:title\" content=\"The multisport electronic scoreboard - Laus\u00edn y Vicente\" \/>\n<meta property=\"og:description\" content=\"The multisport electronic scoreboard is designed to be used indoors and can be used for 14 different sports. Transmission: radio (868 MHz) or by cable). Visibility: 110 m. Angle &gt; 160\u00ba. Dimensions: 1900 x 1200 x 90 mm Weight: 35 kg. Power source: 230 V \/ 50-60 Hz. Energy consumed: 98 VA. The front of the scoreboard is made from unbreakable matte polycarbonate (DIN 18032-3). 116 dB (1 m) buzzer included. Scoring: 2 x 3 red digits - LED (25 cm). Time period: 1 green digit - LED (20 cm). Possession of ball: 2 red arrows - LED. Timer \/ Half-time: 4 white digits - LED (25 cm) + blinking dots. Team fouls (BB) \/ Sets won (VB) \/ Temporary suspension (HB): 2 x 3 yellow digits - LED (20 cm). Time out number (BB, HB, VB) \/ Ongoing penalty (HB): 2 x 3 green dots. Shows the time and day when the scoreboard is not in use. The control pad (340 x 175 x 60 mm) with LCD screen has 2 lines of 20 characters (9 mm high). Includes control pad. \u201cHome\u201d and \u201cVisitors\u201d can be inscribed in any language upon request. See other indoor models for different features and sizes. Price per unit.\" \/>\n<meta property=\"og:url\" content=\"https:\/\/www.lausinyvicente.com\/en\/sports-furnishings\/scoreboards\/multisport-electronic-scoreboard\" \/>\n<meta property=\"og:site_name\" content=\"Laus\u00edn y Vicente\" \/>\n<meta property=\"article:modified_time\" content=\"2023-01-08T17:14:36+00:00\" \/>\n<meta property=\"og:image\" content=\"https:\/\/www.lausinyvicente.com\/wp-content\/uploads\/2022\/12\/M.99.06_Marcador-electronico-multideporte.jpg\" \/>\n\t<meta property=\"og:image:width\" content=\"720\" \/>\n\t<meta property=\"og:image:height\" content=\"490\" \/>\n\t<meta property=\"og:image:type\" content=\"image\/jpeg\" \/>\n<meta name=\"twitter:card\" content=\"summary_large_image\" \/>\n<script type=\"application\/ld+json\" class=\"yoast-schema-graph\">{\"@context\":\"https:\/\/schema.org\",\"@graph\":[{\"@type\":\"WebPage\",\"@id\":\"https:\/\/www.lausinyvicente.com\/en\/sports-furnishings\/scoreboards\/multisport-electronic-scoreboard\",\"url\":\"https:\/\/www.lausinyvicente.com\/en\/sports-furnishings\/scoreboards\/multisport-electronic-scoreboard\",\"name\":\"The multisport electronic scoreboard - Laus\u00edn y Vicente\",\"isPartOf\":{\"@id\":\"https:\/\/www.lausinyvicente.com\/#website\"},\"primaryImageOfPage\":{\"@id\":\"https:\/\/www.lausinyvicente.com\/en\/sports-furnishings\/scoreboards\/multisport-electronic-scoreboard#primaryimage\"},\"image\":{\"@id\":\"https:\/\/www.lausinyvicente.com\/en\/sports-furnishings\/scoreboards\/multisport-electronic-scoreboard#primaryimage\"},\"thumbnailUrl\":\"https:\/\/www.lausinyvicente.com\/wp-content\/uploads\/2022\/12\/M.99.06_Marcador-electronico-multideporte.jpg\",\"datePublished\":\"2022-12-10T16:08:37+00:00\",\"dateModified\":\"2023-01-08T17:14:36+00:00\",\"breadcrumb\":{\"@id\":\"https:\/\/www.lausinyvicente.com\/en\/sports-furnishings\/scoreboards\/multisport-electronic-scoreboard#breadcrumb\"},\"inLanguage\":\"en-US\",\"potentialAction\":[{\"@type\":\"ReadAction\",\"target\":[\"https:\/\/www.lausinyvicente.com\/en\/sports-furnishings\/scoreboards\/multisport-electronic-scoreboard\"]}]},{\"@type\":\"ImageObject\",\"inLanguage\":\"en-US\",\"@id\":\"https:\/\/www.lausinyvicente.com\/en\/sports-furnishings\/scoreboards\/multisport-electronic-scoreboard#primaryimage\",\"url\":\"https:\/\/www.lausinyvicente.com\/wp-content\/uploads\/2022\/12\/M.99.06_Marcador-electronico-multideporte.jpg\",\"contentUrl\":\"https:\/\/www.lausinyvicente.com\/wp-content\/uploads\/2022\/12\/M.99.06_Marcador-electronico-multideporte.jpg\",\"width\":720,\"height\":490},{\"@type\":\"BreadcrumbList\",\"@id\":\"https:\/\/www.lausinyvicente.com\/en\/sports-furnishings\/scoreboards\/multisport-electronic-scoreboard#breadcrumb\",\"itemListElement\":[{\"@type\":\"ListItem\",\"position\":1,\"name\":\"Portada\",\"item\":\"https:\/\/www.lausinyvicente.com\/\"},{\"@type\":\"ListItem\",\"position\":2,\"name\":\"Shop\",\"item\":\"https:\/\/www.lausinyvicente.com\/en\/shop\"},{\"@type\":\"ListItem\",\"position\":3,\"name\":\"The multisport electronic scoreboard\"}]},{\"@type\":\"WebSite\",\"@id\":\"https:\/\/www.lausinyvicente.com\/#website\",\"url\":\"https:\/\/www.lausinyvicente.com\/\",\"name\":\"Laus\u00edn y Vicente\",\"description\":\"Fabricaci\u00f3n y distribuci\u00f3n de material deportivo\",\"potentialAction\":[{\"@type\":\"SearchAction\",\"target\":{\"@type\":\"EntryPoint\",\"urlTemplate\":\"https:\/\/www.lausinyvicente.com\/?s={search_term_string}\"},\"query-input\":{\"@type\":\"PropertyValueSpecification\",\"valueRequired\":true,\"valueName\":\"search_term_string\"}}],\"inLanguage\":\"en-US\"}]}<\/script>\n<!-- \/ Yoast SEO plugin. -->","yoast_head_json":{"title":"The multisport electronic scoreboard - Laus\u00edn y Vicente","robots":{"index":"index","follow":"follow","max-snippet":"max-snippet:-1","max-image-preview":"max-image-preview:large","max-video-preview":"max-video-preview:-1"},"canonical":"https:\/\/www.lausinyvicente.com\/en\/sports-furnishings\/scoreboards\/multisport-electronic-scoreboard","og_locale":"en_US","og_type":"article","og_title":"The multisport electronic scoreboard - Laus\u00edn y Vicente","og_description":"The multisport electronic scoreboard is designed to be used indoors and can be used for 14 different sports. Transmission: radio (868 MHz) or by cable). Visibility: 110 m. Angle &gt; 160\u00ba. Dimensions: 1900 x 1200 x 90 mm Weight: 35 kg. Power source: 230 V \/ 50-60 Hz. Energy consumed: 98 VA. The front of the scoreboard is made from unbreakable matte polycarbonate (DIN 18032-3). 116 dB (1 m) buzzer included. Scoring: 2 x 3 red digits - LED (25 cm). Time period: 1 green digit - LED (20 cm). Possession of ball: 2 red arrows - LED. Timer \/ Half-time: 4 white digits - LED (25 cm) + blinking dots. Team fouls (BB) \/ Sets won (VB) \/ Temporary suspension (HB): 2 x 3 yellow digits - LED (20 cm). Time out number (BB, HB, VB) \/ Ongoing penalty (HB): 2 x 3 green dots. Shows the time and day when the scoreboard is not in use. The control pad (340 x 175 x 60 mm) with LCD screen has 2 lines of 20 characters (9 mm high). Includes control pad. \u201cHome\u201d and \u201cVisitors\u201d can be inscribed in any language upon request. See other indoor models for different features and sizes. Price per unit.","og_url":"https:\/\/www.lausinyvicente.com\/en\/sports-furnishings\/scoreboards\/multisport-electronic-scoreboard","og_site_name":"Laus\u00edn y Vicente","article_modified_time":"2023-01-08T17:14:36+00:00","og_image":[{"width":720,"height":490,"url":"https:\/\/www.lausinyvicente.com\/wp-content\/uploads\/2022\/12\/M.99.06_Marcador-electronico-multideporte.jpg","type":"image\/jpeg"}],"twitter_card":"summary_large_image","schema":{"@context":"https:\/\/schema.org","@graph":[{"@type":"WebPage","@id":"https:\/\/www.lausinyvicente.com\/en\/sports-furnishings\/scoreboards\/multisport-electronic-scoreboard","url":"https:\/\/www.lausinyvicente.com\/en\/sports-furnishings\/scoreboards\/multisport-electronic-scoreboard","name":"The multisport electronic scoreboard - Laus\u00edn y Vicente","isPartOf":{"@id":"https:\/\/www.lausinyvicente.com\/#website"},"primaryImageOfPage":{"@id":"https:\/\/www.lausinyvicente.com\/en\/sports-furnishings\/scoreboards\/multisport-electronic-scoreboard#primaryimage"},"image":{"@id":"https:\/\/www.lausinyvicente.com\/en\/sports-furnishings\/scoreboards\/multisport-electronic-scoreboard#primaryimage"},"thumbnailUrl":"https:\/\/www.lausinyvicente.com\/wp-content\/uploads\/2022\/12\/M.99.06_Marcador-electronico-multideporte.jpg","datePublished":"2022-12-10T16:08:37+00:00","dateModified":"2023-01-08T17:14:36+00:00","breadcrumb":{"@id":"https:\/\/www.lausinyvicente.com\/en\/sports-furnishings\/scoreboards\/multisport-electronic-scoreboard#breadcrumb"},"inLanguage":"en-US","potentialAction":[{"@type":"ReadAction","target":["https:\/\/www.lausinyvicente.com\/en\/sports-furnishings\/scoreboards\/multisport-electronic-scoreboard"]}]},{"@type":"ImageObject","inLanguage":"en-US","@id":"https:\/\/www.lausinyvicente.com\/en\/sports-furnishings\/scoreboards\/multisport-electronic-scoreboard#primaryimage","url":"https:\/\/www.lausinyvicente.com\/wp-content\/uploads\/2022\/12\/M.99.06_Marcador-electronico-multideporte.jpg","contentUrl":"https:\/\/www.lausinyvicente.com\/wp-content\/uploads\/2022\/12\/M.99.06_Marcador-electronico-multideporte.jpg","width":720,"height":490},{"@type":"BreadcrumbList","@id":"https:\/\/www.lausinyvicente.com\/en\/sports-furnishings\/scoreboards\/multisport-electronic-scoreboard#breadcrumb","itemListElement":[{"@type":"ListItem","position":1,"name":"Portada","item":"https:\/\/www.lausinyvicente.com\/"},{"@type":"ListItem","position":2,"name":"Shop","item":"https:\/\/www.lausinyvicente.com\/en\/shop"},{"@type":"ListItem","position":3,"name":"The multisport electronic scoreboard"}]},{"@type":"WebSite","@id":"https:\/\/www.lausinyvicente.com\/#website","url":"https:\/\/www.lausinyvicente.com\/","name":"Laus\u00edn y Vicente","description":"Fabricaci\u00f3n y distribuci\u00f3n de material deportivo","potentialAction":[{"@type":"SearchAction","target":{"@type":"EntryPoint","urlTemplate":"https:\/\/www.lausinyvicente.com\/?s={search_term_string}"},"query-input":{"@type":"PropertyValueSpecification","valueRequired":true,"valueName":"search_term_string"}}],"inLanguage":"en-US"}]}},"_links":{"self":[{"href":"https:\/\/www.lausinyvicente.com\/en\/wp-json\/wp\/v2\/product\/3309","targetHints":{"allow":["GET"]}}],"collection":[{"href":"https:\/\/www.lausinyvicente.com\/en\/wp-json\/wp\/v2\/product"}],"about":[{"href":"https:\/\/www.lausinyvicente.com\/en\/wp-json\/wp\/v2\/types\/product"}],"wp:featuredmedia":[{"embeddable":true,"href":"https:\/\/www.lausinyvicente.com\/en\/wp-json\/wp\/v2\/media\/2961"}],"wp:attachment":[{"href":"https:\/\/www.lausinyvicente.com\/en\/wp-json\/wp\/v2\/media?parent=3309"}],"wp:term":[{"taxonomy":"product_cat","embeddable":true,"href":"https:\/\/www.lausinyvicente.com\/en\/wp-json\/wp\/v2\/product_cat?post=3309"},{"taxonomy":"product_tag","embeddable":true,"href":"https:\/\/www.lausinyvicente.com\/en\/wp-json\/wp\/v2\/product_tag?post=3309"}],"curies":[{"name":"wp","href":"https:\/\/api.w.org\/{rel}","templated":true}]}}