{"id":3323,"date":"2022-12-10T16:01:10","date_gmt":"2022-12-10T16:01:10","guid":{"rendered":"https:\/\/www.lausinyvicente.com\/uncategorized\/economic-folding-grandstand-economic-folding-grandstand\/"},"modified":"2022-12-10T16:01:10","modified_gmt":"2022-12-10T16:01:10","slug":"economic-folding-grandstand","status":"publish","type":"product","link":"https:\/\/www.lausinyvicente.com\/en\/sports-furnishings\/bleachers\/economic-folding-grandstand","title":{"rendered":"\u201cEconomic\u201d folding grandstand \u201cEconomic\u201d folding grandstand"},"content":{"rendered":"","protected":false},"excerpt":{"rendered":"<p>Folding metal grandstand with castor wheels at the back of the stand to help move it around. Comprising side structures in 40 x 40 x 2 mm welded structural steel profile reinforced lengthwise by steel profiles of the same cross-section. The coating is in polyester powder paint kiln-polymerised at 250\u00ba C. The seats, backrests and walkways are made from high quality yellow pine with rounded edges. The wood is varnished for better maintenance. A handle folds the backrests on the back row, while the runner features wheels at the end to make it easier to handle. The individual modules are available in different sizes to a maximum of 4 m long and three or four rows of seats; the modules can be grouped together to achieve the desired length.     <\/p>\n","protected":false},"featured_media":2955,"template":"","meta":[],"product_cat":[102,92],"product_tag":[],"class_list":{"0":"post-3323","1":"product","2":"type-product","3":"status-publish","4":"has-post-thumbnail","6":"product_cat-bleachers","7":"product_cat-sports-furnishings","9":"first","10":"instock","11":"shipping-taxable","12":"purchasable","13":"product-type-variable"},"yoast_head":"<!-- This site is optimized with the Yoast SEO plugin v27.0 - https:\/\/yoast.com\/product\/yoast-seo-wordpress\/ -->\n<title>\u201cEconomic\u201d folding grandstand \u201cEconomic\u201d folding grandstand - Laus\u00edn y Vicente<\/title>\n<meta name=\"robots\" content=\"index, follow, max-snippet:-1, max-image-preview:large, max-video-preview:-1\" \/>\n<link rel=\"canonical\" href=\"https:\/\/www.lausinyvicente.com\/en\/sports-furnishings\/bleachers\/economic-folding-grandstand\" \/>\n<meta property=\"og:locale\" content=\"en_US\" \/>\n<meta property=\"og:type\" content=\"article\" \/>\n<meta property=\"og:title\" content=\"\u201cEconomic\u201d folding grandstand \u201cEconomic\u201d folding grandstand - Laus\u00edn y Vicente\" \/>\n<meta property=\"og:description\" content=\"Folding metal grandstand with castor wheels at the back of the stand to help move it around. Comprising side structures in 40 x 40 x 2 mm welded structural steel profile reinforced lengthwise by steel profiles of the same cross-section. The coating is in polyester powder paint kiln-polymerised at 250\u00ba C. The seats, backrests and walkways are made from high quality yellow pine with rounded edges. The wood is varnished for better maintenance. A handle folds the backrests on the back row, while the runner features wheels at the end to make it easier to handle. The individual modules are available in different sizes to a maximum of 4 m long and three or four rows of seats; the modules can be grouped together to achieve the desired length.\" \/>\n<meta property=\"og:url\" content=\"https:\/\/www.lausinyvicente.com\/en\/sports-furnishings\/bleachers\/economic-folding-grandstand\" \/>\n<meta property=\"og:site_name\" content=\"Laus\u00edn y Vicente\" \/>\n<meta property=\"og:image\" content=\"https:\/\/www.lausinyvicente.com\/wp-content\/uploads\/2022\/12\/M.01.21-graderio-abatible-modelo-economic.jpg\" \/>\n\t<meta property=\"og:image:width\" content=\"720\" \/>\n\t<meta property=\"og:image:height\" content=\"490\" \/>\n\t<meta property=\"og:image:type\" content=\"image\/jpeg\" \/>\n<meta name=\"twitter:card\" content=\"summary_large_image\" \/>\n<script type=\"application\/ld+json\" class=\"yoast-schema-graph\">{\"@context\":\"https:\/\/schema.org\",\"@graph\":[{\"@type\":\"WebPage\",\"@id\":\"https:\/\/www.lausinyvicente.com\/en\/sports-furnishings\/bleachers\/economic-folding-grandstand\",\"url\":\"https:\/\/www.lausinyvicente.com\/en\/sports-furnishings\/bleachers\/economic-folding-grandstand\",\"name\":\"\u201cEconomic\u201d folding grandstand \u201cEconomic\u201d folding grandstand - Laus\u00edn y Vicente\",\"isPartOf\":{\"@id\":\"https:\/\/www.lausinyvicente.com\/#website\"},\"primaryImageOfPage\":{\"@id\":\"https:\/\/www.lausinyvicente.com\/en\/sports-furnishings\/bleachers\/economic-folding-grandstand#primaryimage\"},\"image\":{\"@id\":\"https:\/\/www.lausinyvicente.com\/en\/sports-furnishings\/bleachers\/economic-folding-grandstand#primaryimage\"},\"thumbnailUrl\":\"https:\/\/www.lausinyvicente.com\/wp-content\/uploads\/2022\/12\/M.01.21-graderio-abatible-modelo-economic.jpg\",\"datePublished\":\"2022-12-10T16:01:10+00:00\",\"breadcrumb\":{\"@id\":\"https:\/\/www.lausinyvicente.com\/en\/sports-furnishings\/bleachers\/economic-folding-grandstand#breadcrumb\"},\"inLanguage\":\"en-US\",\"potentialAction\":[{\"@type\":\"ReadAction\",\"target\":[\"https:\/\/www.lausinyvicente.com\/en\/sports-furnishings\/bleachers\/economic-folding-grandstand\"]}]},{\"@type\":\"ImageObject\",\"inLanguage\":\"en-US\",\"@id\":\"https:\/\/www.lausinyvicente.com\/en\/sports-furnishings\/bleachers\/economic-folding-grandstand#primaryimage\",\"url\":\"https:\/\/www.lausinyvicente.com\/wp-content\/uploads\/2022\/12\/M.01.21-graderio-abatible-modelo-economic.jpg\",\"contentUrl\":\"https:\/\/www.lausinyvicente.com\/wp-content\/uploads\/2022\/12\/M.01.21-graderio-abatible-modelo-economic.jpg\",\"width\":720,\"height\":490},{\"@type\":\"BreadcrumbList\",\"@id\":\"https:\/\/www.lausinyvicente.com\/en\/sports-furnishings\/bleachers\/economic-folding-grandstand#breadcrumb\",\"itemListElement\":[{\"@type\":\"ListItem\",\"position\":1,\"name\":\"Portada\",\"item\":\"https:\/\/www.lausinyvicente.com\/\"},{\"@type\":\"ListItem\",\"position\":2,\"name\":\"Shop\",\"item\":\"https:\/\/www.lausinyvicente.com\/en\/shop\"},{\"@type\":\"ListItem\",\"position\":3,\"name\":\"\u201cEconomic\u201d folding grandstand \u201cEconomic\u201d folding grandstand\"}]},{\"@type\":\"WebSite\",\"@id\":\"https:\/\/www.lausinyvicente.com\/#website\",\"url\":\"https:\/\/www.lausinyvicente.com\/\",\"name\":\"Laus\u00edn y Vicente\",\"description\":\"Fabricaci\u00f3n y distribuci\u00f3n de material deportivo\",\"potentialAction\":[{\"@type\":\"SearchAction\",\"target\":{\"@type\":\"EntryPoint\",\"urlTemplate\":\"https:\/\/www.lausinyvicente.com\/?s={search_term_string}\"},\"query-input\":{\"@type\":\"PropertyValueSpecification\",\"valueRequired\":true,\"valueName\":\"search_term_string\"}}],\"inLanguage\":\"en-US\"}]}<\/script>\n<!-- \/ Yoast SEO plugin. -->","yoast_head_json":{"title":"\u201cEconomic\u201d folding grandstand \u201cEconomic\u201d folding grandstand - Laus\u00edn y Vicente","robots":{"index":"index","follow":"follow","max-snippet":"max-snippet:-1","max-image-preview":"max-image-preview:large","max-video-preview":"max-video-preview:-1"},"canonical":"https:\/\/www.lausinyvicente.com\/en\/sports-furnishings\/bleachers\/economic-folding-grandstand","og_locale":"en_US","og_type":"article","og_title":"\u201cEconomic\u201d folding grandstand \u201cEconomic\u201d folding grandstand - Laus\u00edn y Vicente","og_description":"Folding metal grandstand with castor wheels at the back of the stand to help move it around. Comprising side structures in 40 x 40 x 2 mm welded structural steel profile reinforced lengthwise by steel profiles of the same cross-section. The coating is in polyester powder paint kiln-polymerised at 250\u00ba C. The seats, backrests and walkways are made from high quality yellow pine with rounded edges. The wood is varnished for better maintenance. A handle folds the backrests on the back row, while the runner features wheels at the end to make it easier to handle. The individual modules are available in different sizes to a maximum of 4 m long and three or four rows of seats; the modules can be grouped together to achieve the desired length.","og_url":"https:\/\/www.lausinyvicente.com\/en\/sports-furnishings\/bleachers\/economic-folding-grandstand","og_site_name":"Laus\u00edn y Vicente","og_image":[{"width":720,"height":490,"url":"https:\/\/www.lausinyvicente.com\/wp-content\/uploads\/2022\/12\/M.01.21-graderio-abatible-modelo-economic.jpg","type":"image\/jpeg"}],"twitter_card":"summary_large_image","schema":{"@context":"https:\/\/schema.org","@graph":[{"@type":"WebPage","@id":"https:\/\/www.lausinyvicente.com\/en\/sports-furnishings\/bleachers\/economic-folding-grandstand","url":"https:\/\/www.lausinyvicente.com\/en\/sports-furnishings\/bleachers\/economic-folding-grandstand","name":"\u201cEconomic\u201d folding grandstand \u201cEconomic\u201d folding grandstand - Laus\u00edn y Vicente","isPartOf":{"@id":"https:\/\/www.lausinyvicente.com\/#website"},"primaryImageOfPage":{"@id":"https:\/\/www.lausinyvicente.com\/en\/sports-furnishings\/bleachers\/economic-folding-grandstand#primaryimage"},"image":{"@id":"https:\/\/www.lausinyvicente.com\/en\/sports-furnishings\/bleachers\/economic-folding-grandstand#primaryimage"},"thumbnailUrl":"https:\/\/www.lausinyvicente.com\/wp-content\/uploads\/2022\/12\/M.01.21-graderio-abatible-modelo-economic.jpg","datePublished":"2022-12-10T16:01:10+00:00","breadcrumb":{"@id":"https:\/\/www.lausinyvicente.com\/en\/sports-furnishings\/bleachers\/economic-folding-grandstand#breadcrumb"},"inLanguage":"en-US","potentialAction":[{"@type":"ReadAction","target":["https:\/\/www.lausinyvicente.com\/en\/sports-furnishings\/bleachers\/economic-folding-grandstand"]}]},{"@type":"ImageObject","inLanguage":"en-US","@id":"https:\/\/www.lausinyvicente.com\/en\/sports-furnishings\/bleachers\/economic-folding-grandstand#primaryimage","url":"https:\/\/www.lausinyvicente.com\/wp-content\/uploads\/2022\/12\/M.01.21-graderio-abatible-modelo-economic.jpg","contentUrl":"https:\/\/www.lausinyvicente.com\/wp-content\/uploads\/2022\/12\/M.01.21-graderio-abatible-modelo-economic.jpg","width":720,"height":490},{"@type":"BreadcrumbList","@id":"https:\/\/www.lausinyvicente.com\/en\/sports-furnishings\/bleachers\/economic-folding-grandstand#breadcrumb","itemListElement":[{"@type":"ListItem","position":1,"name":"Portada","item":"https:\/\/www.lausinyvicente.com\/"},{"@type":"ListItem","position":2,"name":"Shop","item":"https:\/\/www.lausinyvicente.com\/en\/shop"},{"@type":"ListItem","position":3,"name":"\u201cEconomic\u201d folding grandstand \u201cEconomic\u201d folding grandstand"}]},{"@type":"WebSite","@id":"https:\/\/www.lausinyvicente.com\/#website","url":"https:\/\/www.lausinyvicente.com\/","name":"Laus\u00edn y Vicente","description":"Fabricaci\u00f3n y distribuci\u00f3n de material deportivo","potentialAction":[{"@type":"SearchAction","target":{"@type":"EntryPoint","urlTemplate":"https:\/\/www.lausinyvicente.com\/?s={search_term_string}"},"query-input":{"@type":"PropertyValueSpecification","valueRequired":true,"valueName":"search_term_string"}}],"inLanguage":"en-US"}]}},"_links":{"self":[{"href":"https:\/\/www.lausinyvicente.com\/en\/wp-json\/wp\/v2\/product\/3323","targetHints":{"allow":["GET"]}}],"collection":[{"href":"https:\/\/www.lausinyvicente.com\/en\/wp-json\/wp\/v2\/product"}],"about":[{"href":"https:\/\/www.lausinyvicente.com\/en\/wp-json\/wp\/v2\/types\/product"}],"wp:featuredmedia":[{"embeddable":true,"href":"https:\/\/www.lausinyvicente.com\/en\/wp-json\/wp\/v2\/media\/2955"}],"wp:attachment":[{"href":"https:\/\/www.lausinyvicente.com\/en\/wp-json\/wp\/v2\/media?parent=3323"}],"wp:term":[{"taxonomy":"product_cat","embeddable":true,"href":"https:\/\/www.lausinyvicente.com\/en\/wp-json\/wp\/v2\/product_cat?post=3323"},{"taxonomy":"product_tag","embeddable":true,"href":"https:\/\/www.lausinyvicente.com\/en\/wp-json\/wp\/v2\/product_tag?post=3323"}],"curies":[{"name":"wp","href":"https:\/\/api.w.org\/{rel}","templated":true}]}}