{"id":3544,"date":"2022-12-10T13:53:14","date_gmt":"2022-12-10T13:53:14","guid":{"rendered":"https:\/\/www.lausinyvicente.com\/uncategorized\/3-segment-straight-vaulting-box\/"},"modified":"2022-12-10T13:53:14","modified_gmt":"2022-12-10T13:53:14","slug":"3-segment-straight-vaulting-box","status":"publish","type":"product","link":"https:\/\/www.lausinyvicente.com\/en\/gymnastics-equipment\/vaulting-boxes\/3-segment-straight-vaulting-box","title":{"rendered":"3 segment straight vaulting box"},"content":{"rendered":"","protected":false},"excerpt":{"rendered":"<p>Front and sides made of varnished pine back plate. Varnished beechwood corners. Reinforced on the inside with oven-painted metal cross bars. Upper cover upholstered in natural or synthetic leather over D-200 density foam rubber agglomerate. Cover size: 700&#215;500 mm. Height: 400 mm. Hole on each of the fronts to transport each section. Varnished yellow pinewood stabilising feet with nonslip rubber bases.       <\/p>\n","protected":false},"featured_media":2881,"template":"","meta":[],"product_cat":[109,115],"product_tag":[],"class_list":{"0":"post-3544","1":"product","2":"type-product","3":"status-publish","4":"has-post-thumbnail","6":"product_cat-gymnastics-equipment","7":"product_cat-vaulting-boxes","9":"first","10":"outofstock","11":"shipping-taxable","12":"purchasable","13":"product-type-variable"},"yoast_head":"<!-- This site is optimized with the Yoast SEO plugin v27.0 - https:\/\/yoast.com\/product\/yoast-seo-wordpress\/ -->\n<title>3 segment straight vaulting box - Laus\u00edn y Vicente<\/title>\n<meta name=\"robots\" content=\"index, follow, max-snippet:-1, max-image-preview:large, max-video-preview:-1\" \/>\n<link rel=\"canonical\" href=\"https:\/\/www.lausinyvicente.com\/en\/gymnastics-equipment\/vaulting-boxes\/3-segment-straight-vaulting-box\" \/>\n<meta property=\"og:locale\" content=\"en_US\" \/>\n<meta property=\"og:type\" content=\"article\" \/>\n<meta property=\"og:title\" content=\"3 segment straight vaulting box - Laus\u00edn y Vicente\" \/>\n<meta property=\"og:description\" content=\"Front and sides made of varnished pine back plate. Varnished beechwood corners. Reinforced on the inside with oven-painted metal cross bars. Upper cover upholstered in natural or synthetic leather over D-200 density foam rubber agglomerate. Cover size: 700x500 mm. Height: 400 mm. Hole on each of the fronts to transport each section. Varnished yellow pinewood stabilising feet with nonslip rubber bases.\" \/>\n<meta property=\"og:url\" content=\"https:\/\/www.lausinyvicente.com\/en\/gymnastics-equipment\/vaulting-boxes\/3-segment-straight-vaulting-box\" \/>\n<meta property=\"og:site_name\" content=\"Laus\u00edn y Vicente\" \/>\n<meta property=\"og:image\" content=\"https:\/\/www.lausinyvicente.com\/wp-content\/uploads\/2022\/12\/G.20.60-plinto-recto-3-segmentos.jpg\" \/>\n\t<meta property=\"og:image:width\" content=\"720\" \/>\n\t<meta property=\"og:image:height\" content=\"490\" \/>\n\t<meta property=\"og:image:type\" content=\"image\/jpeg\" \/>\n<meta name=\"twitter:card\" content=\"summary_large_image\" \/>\n<script type=\"application\/ld+json\" class=\"yoast-schema-graph\">{\"@context\":\"https:\/\/schema.org\",\"@graph\":[{\"@type\":\"WebPage\",\"@id\":\"https:\/\/www.lausinyvicente.com\/en\/gymnastics-equipment\/vaulting-boxes\/3-segment-straight-vaulting-box\",\"url\":\"https:\/\/www.lausinyvicente.com\/en\/gymnastics-equipment\/vaulting-boxes\/3-segment-straight-vaulting-box\",\"name\":\"3 segment straight vaulting box - Laus\u00edn y Vicente\",\"isPartOf\":{\"@id\":\"https:\/\/www.lausinyvicente.com\/#website\"},\"primaryImageOfPage\":{\"@id\":\"https:\/\/www.lausinyvicente.com\/en\/gymnastics-equipment\/vaulting-boxes\/3-segment-straight-vaulting-box#primaryimage\"},\"image\":{\"@id\":\"https:\/\/www.lausinyvicente.com\/en\/gymnastics-equipment\/vaulting-boxes\/3-segment-straight-vaulting-box#primaryimage\"},\"thumbnailUrl\":\"https:\/\/www.lausinyvicente.com\/wp-content\/uploads\/2022\/12\/G.20.60-plinto-recto-3-segmentos.jpg\",\"datePublished\":\"2022-12-10T13:53:14+00:00\",\"breadcrumb\":{\"@id\":\"https:\/\/www.lausinyvicente.com\/en\/gymnastics-equipment\/vaulting-boxes\/3-segment-straight-vaulting-box#breadcrumb\"},\"inLanguage\":\"en-US\",\"potentialAction\":[{\"@type\":\"ReadAction\",\"target\":[\"https:\/\/www.lausinyvicente.com\/en\/gymnastics-equipment\/vaulting-boxes\/3-segment-straight-vaulting-box\"]}]},{\"@type\":\"ImageObject\",\"inLanguage\":\"en-US\",\"@id\":\"https:\/\/www.lausinyvicente.com\/en\/gymnastics-equipment\/vaulting-boxes\/3-segment-straight-vaulting-box#primaryimage\",\"url\":\"https:\/\/www.lausinyvicente.com\/wp-content\/uploads\/2022\/12\/G.20.60-plinto-recto-3-segmentos.jpg\",\"contentUrl\":\"https:\/\/www.lausinyvicente.com\/wp-content\/uploads\/2022\/12\/G.20.60-plinto-recto-3-segmentos.jpg\",\"width\":720,\"height\":490},{\"@type\":\"BreadcrumbList\",\"@id\":\"https:\/\/www.lausinyvicente.com\/en\/gymnastics-equipment\/vaulting-boxes\/3-segment-straight-vaulting-box#breadcrumb\",\"itemListElement\":[{\"@type\":\"ListItem\",\"position\":1,\"name\":\"Portada\",\"item\":\"https:\/\/www.lausinyvicente.com\/\"},{\"@type\":\"ListItem\",\"position\":2,\"name\":\"Shop\",\"item\":\"https:\/\/www.lausinyvicente.com\/en\/shop\"},{\"@type\":\"ListItem\",\"position\":3,\"name\":\"3 segment straight vaulting box\"}]},{\"@type\":\"WebSite\",\"@id\":\"https:\/\/www.lausinyvicente.com\/#website\",\"url\":\"https:\/\/www.lausinyvicente.com\/\",\"name\":\"Laus\u00edn y Vicente\",\"description\":\"Fabricaci\u00f3n y distribuci\u00f3n de material deportivo\",\"potentialAction\":[{\"@type\":\"SearchAction\",\"target\":{\"@type\":\"EntryPoint\",\"urlTemplate\":\"https:\/\/www.lausinyvicente.com\/?s={search_term_string}\"},\"query-input\":{\"@type\":\"PropertyValueSpecification\",\"valueRequired\":true,\"valueName\":\"search_term_string\"}}],\"inLanguage\":\"en-US\"}]}<\/script>\n<!-- \/ Yoast SEO plugin. -->","yoast_head_json":{"title":"3 segment straight vaulting box - Laus\u00edn y Vicente","robots":{"index":"index","follow":"follow","max-snippet":"max-snippet:-1","max-image-preview":"max-image-preview:large","max-video-preview":"max-video-preview:-1"},"canonical":"https:\/\/www.lausinyvicente.com\/en\/gymnastics-equipment\/vaulting-boxes\/3-segment-straight-vaulting-box","og_locale":"en_US","og_type":"article","og_title":"3 segment straight vaulting box - Laus\u00edn y Vicente","og_description":"Front and sides made of varnished pine back plate. Varnished beechwood corners. Reinforced on the inside with oven-painted metal cross bars. Upper cover upholstered in natural or synthetic leather over D-200 density foam rubber agglomerate. Cover size: 700x500 mm. Height: 400 mm. Hole on each of the fronts to transport each section. Varnished yellow pinewood stabilising feet with nonslip rubber bases.","og_url":"https:\/\/www.lausinyvicente.com\/en\/gymnastics-equipment\/vaulting-boxes\/3-segment-straight-vaulting-box","og_site_name":"Laus\u00edn y Vicente","og_image":[{"width":720,"height":490,"url":"https:\/\/www.lausinyvicente.com\/wp-content\/uploads\/2022\/12\/G.20.60-plinto-recto-3-segmentos.jpg","type":"image\/jpeg"}],"twitter_card":"summary_large_image","schema":{"@context":"https:\/\/schema.org","@graph":[{"@type":"WebPage","@id":"https:\/\/www.lausinyvicente.com\/en\/gymnastics-equipment\/vaulting-boxes\/3-segment-straight-vaulting-box","url":"https:\/\/www.lausinyvicente.com\/en\/gymnastics-equipment\/vaulting-boxes\/3-segment-straight-vaulting-box","name":"3 segment straight vaulting box - Laus\u00edn y Vicente","isPartOf":{"@id":"https:\/\/www.lausinyvicente.com\/#website"},"primaryImageOfPage":{"@id":"https:\/\/www.lausinyvicente.com\/en\/gymnastics-equipment\/vaulting-boxes\/3-segment-straight-vaulting-box#primaryimage"},"image":{"@id":"https:\/\/www.lausinyvicente.com\/en\/gymnastics-equipment\/vaulting-boxes\/3-segment-straight-vaulting-box#primaryimage"},"thumbnailUrl":"https:\/\/www.lausinyvicente.com\/wp-content\/uploads\/2022\/12\/G.20.60-plinto-recto-3-segmentos.jpg","datePublished":"2022-12-10T13:53:14+00:00","breadcrumb":{"@id":"https:\/\/www.lausinyvicente.com\/en\/gymnastics-equipment\/vaulting-boxes\/3-segment-straight-vaulting-box#breadcrumb"},"inLanguage":"en-US","potentialAction":[{"@type":"ReadAction","target":["https:\/\/www.lausinyvicente.com\/en\/gymnastics-equipment\/vaulting-boxes\/3-segment-straight-vaulting-box"]}]},{"@type":"ImageObject","inLanguage":"en-US","@id":"https:\/\/www.lausinyvicente.com\/en\/gymnastics-equipment\/vaulting-boxes\/3-segment-straight-vaulting-box#primaryimage","url":"https:\/\/www.lausinyvicente.com\/wp-content\/uploads\/2022\/12\/G.20.60-plinto-recto-3-segmentos.jpg","contentUrl":"https:\/\/www.lausinyvicente.com\/wp-content\/uploads\/2022\/12\/G.20.60-plinto-recto-3-segmentos.jpg","width":720,"height":490},{"@type":"BreadcrumbList","@id":"https:\/\/www.lausinyvicente.com\/en\/gymnastics-equipment\/vaulting-boxes\/3-segment-straight-vaulting-box#breadcrumb","itemListElement":[{"@type":"ListItem","position":1,"name":"Portada","item":"https:\/\/www.lausinyvicente.com\/"},{"@type":"ListItem","position":2,"name":"Shop","item":"https:\/\/www.lausinyvicente.com\/en\/shop"},{"@type":"ListItem","position":3,"name":"3 segment straight vaulting box"}]},{"@type":"WebSite","@id":"https:\/\/www.lausinyvicente.com\/#website","url":"https:\/\/www.lausinyvicente.com\/","name":"Laus\u00edn y Vicente","description":"Fabricaci\u00f3n y distribuci\u00f3n de material deportivo","potentialAction":[{"@type":"SearchAction","target":{"@type":"EntryPoint","urlTemplate":"https:\/\/www.lausinyvicente.com\/?s={search_term_string}"},"query-input":{"@type":"PropertyValueSpecification","valueRequired":true,"valueName":"search_term_string"}}],"inLanguage":"en-US"}]}},"_links":{"self":[{"href":"https:\/\/www.lausinyvicente.com\/en\/wp-json\/wp\/v2\/product\/3544","targetHints":{"allow":["GET"]}}],"collection":[{"href":"https:\/\/www.lausinyvicente.com\/en\/wp-json\/wp\/v2\/product"}],"about":[{"href":"https:\/\/www.lausinyvicente.com\/en\/wp-json\/wp\/v2\/types\/product"}],"wp:featuredmedia":[{"embeddable":true,"href":"https:\/\/www.lausinyvicente.com\/en\/wp-json\/wp\/v2\/media\/2881"}],"wp:attachment":[{"href":"https:\/\/www.lausinyvicente.com\/en\/wp-json\/wp\/v2\/media?parent=3544"}],"wp:term":[{"taxonomy":"product_cat","embeddable":true,"href":"https:\/\/www.lausinyvicente.com\/en\/wp-json\/wp\/v2\/product_cat?post=3544"},{"taxonomy":"product_tag","embeddable":true,"href":"https:\/\/www.lausinyvicente.com\/en\/wp-json\/wp\/v2\/product_tag?post=3544"}],"curies":[{"name":"wp","href":"https:\/\/api.w.org\/{rel}","templated":true}]}}