{"id":3618,"date":"2022-12-10T13:21:19","date_gmt":"2022-12-10T13:21:19","guid":{"rendered":"https:\/\/www.lausinyvicente.com\/uncategorized\/zgz-minitramp-model\/"},"modified":"2022-12-10T13:21:19","modified_gmt":"2022-12-10T13:21:19","slug":"zgz-minitramp-model","status":"publish","type":"product","link":"https:\/\/www.lausinyvicente.com\/en\/gymnastics-equipment\/minitrampolines\/zgz-minitramp-model","title":{"rendered":"\u201cZGZ\u201d Minitramp model"},"content":{"rendered":"","protected":false},"excerpt":{"rendered":"<p>Manufactured in accordance with European standards EN 13219. Cold galvanized metal structure, consisting of square frame and round tube legs formed of 32 mm diameter and 2,0 mm thick. The legs provided with non-slip supports and telescopic system for the regulation of the height of the minitramp with fixing by Allen screw. The trampoline with Allen key is supplied. 60 x 60 cm nylon canvas with metal rings for fixing the 11mm elastic rubber section or springs. Protector made of blue canvas coated foam included with 6 mm elastic rubber for attachment to the central canvas. Frame dimensions: 112 x 112 cm.     <\/p>\n","protected":false},"featured_media":2859,"template":"","meta":[],"product_cat":[109,119],"product_tag":[],"class_list":{"0":"post-3618","1":"product","2":"type-product","3":"status-publish","4":"has-post-thumbnail","6":"product_cat-gymnastics-equipment","7":"product_cat-minitrampolines","9":"first","10":"instock","11":"shipping-taxable","12":"purchasable","13":"product-type-variable"},"yoast_head":"<!-- This site is optimized with the Yoast SEO plugin v27.0 - https:\/\/yoast.com\/product\/yoast-seo-wordpress\/ -->\n<title>\u201cZGZ\u201d Minitramp model - Laus\u00edn y Vicente<\/title>\n<meta name=\"robots\" content=\"index, follow, max-snippet:-1, max-image-preview:large, max-video-preview:-1\" \/>\n<link rel=\"canonical\" href=\"https:\/\/www.lausinyvicente.com\/en\/gymnastics-equipment\/minitrampolines\/zgz-minitramp-model\" \/>\n<meta property=\"og:locale\" content=\"en_US\" \/>\n<meta property=\"og:type\" content=\"article\" \/>\n<meta property=\"og:title\" content=\"\u201cZGZ\u201d Minitramp model - Laus\u00edn y Vicente\" \/>\n<meta property=\"og:description\" content=\"Manufactured in accordance with European standards EN 13219. Cold galvanized metal structure, consisting of square frame and round tube legs formed of 32 mm diameter and 2,0 mm thick. The legs provided with non-slip supports and telescopic system for the regulation of the height of the minitramp with fixing by Allen screw. The trampoline with Allen key is supplied. 60 x 60 cm nylon canvas with metal rings for fixing the 11mm elastic rubber section or springs. Protector made of blue canvas coated foam included with 6 mm elastic rubber for attachment to the central canvas. Frame dimensions: 112 x 112 cm.\" \/>\n<meta property=\"og:url\" content=\"https:\/\/www.lausinyvicente.com\/en\/gymnastics-equipment\/minitrampolines\/zgz-minitramp-model\" \/>\n<meta property=\"og:site_name\" content=\"Laus\u00edn y Vicente\" \/>\n<meta property=\"og:image\" content=\"https:\/\/www.lausinyvicente.com\/wp-content\/uploads\/2022\/12\/G.25.080-minitramp-modelo-zgz.jpg\" \/>\n\t<meta property=\"og:image:width\" content=\"720\" \/>\n\t<meta property=\"og:image:height\" content=\"490\" \/>\n\t<meta property=\"og:image:type\" content=\"image\/jpeg\" \/>\n<meta name=\"twitter:card\" content=\"summary_large_image\" \/>\n<script type=\"application\/ld+json\" class=\"yoast-schema-graph\">{\"@context\":\"https:\/\/schema.org\",\"@graph\":[{\"@type\":\"WebPage\",\"@id\":\"https:\/\/www.lausinyvicente.com\/en\/gymnastics-equipment\/minitrampolines\/zgz-minitramp-model\",\"url\":\"https:\/\/www.lausinyvicente.com\/en\/gymnastics-equipment\/minitrampolines\/zgz-minitramp-model\",\"name\":\"\u201cZGZ\u201d Minitramp model - Laus\u00edn y Vicente\",\"isPartOf\":{\"@id\":\"https:\/\/www.lausinyvicente.com\/#website\"},\"primaryImageOfPage\":{\"@id\":\"https:\/\/www.lausinyvicente.com\/en\/gymnastics-equipment\/minitrampolines\/zgz-minitramp-model#primaryimage\"},\"image\":{\"@id\":\"https:\/\/www.lausinyvicente.com\/en\/gymnastics-equipment\/minitrampolines\/zgz-minitramp-model#primaryimage\"},\"thumbnailUrl\":\"https:\/\/www.lausinyvicente.com\/wp-content\/uploads\/2022\/12\/G.25.080-minitramp-modelo-zgz.jpg\",\"datePublished\":\"2022-12-10T13:21:19+00:00\",\"breadcrumb\":{\"@id\":\"https:\/\/www.lausinyvicente.com\/en\/gymnastics-equipment\/minitrampolines\/zgz-minitramp-model#breadcrumb\"},\"inLanguage\":\"en-US\",\"potentialAction\":[{\"@type\":\"ReadAction\",\"target\":[\"https:\/\/www.lausinyvicente.com\/en\/gymnastics-equipment\/minitrampolines\/zgz-minitramp-model\"]}]},{\"@type\":\"ImageObject\",\"inLanguage\":\"en-US\",\"@id\":\"https:\/\/www.lausinyvicente.com\/en\/gymnastics-equipment\/minitrampolines\/zgz-minitramp-model#primaryimage\",\"url\":\"https:\/\/www.lausinyvicente.com\/wp-content\/uploads\/2022\/12\/G.25.080-minitramp-modelo-zgz.jpg\",\"contentUrl\":\"https:\/\/www.lausinyvicente.com\/wp-content\/uploads\/2022\/12\/G.25.080-minitramp-modelo-zgz.jpg\",\"width\":720,\"height\":490},{\"@type\":\"BreadcrumbList\",\"@id\":\"https:\/\/www.lausinyvicente.com\/en\/gymnastics-equipment\/minitrampolines\/zgz-minitramp-model#breadcrumb\",\"itemListElement\":[{\"@type\":\"ListItem\",\"position\":1,\"name\":\"Portada\",\"item\":\"https:\/\/www.lausinyvicente.com\/\"},{\"@type\":\"ListItem\",\"position\":2,\"name\":\"Shop\",\"item\":\"https:\/\/www.lausinyvicente.com\/en\/shop\"},{\"@type\":\"ListItem\",\"position\":3,\"name\":\"\u201cZGZ\u201d Minitramp model\"}]},{\"@type\":\"WebSite\",\"@id\":\"https:\/\/www.lausinyvicente.com\/#website\",\"url\":\"https:\/\/www.lausinyvicente.com\/\",\"name\":\"Laus\u00edn y Vicente\",\"description\":\"Fabricaci\u00f3n y distribuci\u00f3n de material deportivo\",\"potentialAction\":[{\"@type\":\"SearchAction\",\"target\":{\"@type\":\"EntryPoint\",\"urlTemplate\":\"https:\/\/www.lausinyvicente.com\/?s={search_term_string}\"},\"query-input\":{\"@type\":\"PropertyValueSpecification\",\"valueRequired\":true,\"valueName\":\"search_term_string\"}}],\"inLanguage\":\"en-US\"}]}<\/script>\n<!-- \/ Yoast SEO plugin. -->","yoast_head_json":{"title":"\u201cZGZ\u201d Minitramp model - Laus\u00edn y Vicente","robots":{"index":"index","follow":"follow","max-snippet":"max-snippet:-1","max-image-preview":"max-image-preview:large","max-video-preview":"max-video-preview:-1"},"canonical":"https:\/\/www.lausinyvicente.com\/en\/gymnastics-equipment\/minitrampolines\/zgz-minitramp-model","og_locale":"en_US","og_type":"article","og_title":"\u201cZGZ\u201d Minitramp model - Laus\u00edn y Vicente","og_description":"Manufactured in accordance with European standards EN 13219. Cold galvanized metal structure, consisting of square frame and round tube legs formed of 32 mm diameter and 2,0 mm thick. The legs provided with non-slip supports and telescopic system for the regulation of the height of the minitramp with fixing by Allen screw. The trampoline with Allen key is supplied. 60 x 60 cm nylon canvas with metal rings for fixing the 11mm elastic rubber section or springs. Protector made of blue canvas coated foam included with 6 mm elastic rubber for attachment to the central canvas. Frame dimensions: 112 x 112 cm.","og_url":"https:\/\/www.lausinyvicente.com\/en\/gymnastics-equipment\/minitrampolines\/zgz-minitramp-model","og_site_name":"Laus\u00edn y Vicente","og_image":[{"width":720,"height":490,"url":"https:\/\/www.lausinyvicente.com\/wp-content\/uploads\/2022\/12\/G.25.080-minitramp-modelo-zgz.jpg","type":"image\/jpeg"}],"twitter_card":"summary_large_image","schema":{"@context":"https:\/\/schema.org","@graph":[{"@type":"WebPage","@id":"https:\/\/www.lausinyvicente.com\/en\/gymnastics-equipment\/minitrampolines\/zgz-minitramp-model","url":"https:\/\/www.lausinyvicente.com\/en\/gymnastics-equipment\/minitrampolines\/zgz-minitramp-model","name":"\u201cZGZ\u201d Minitramp model - Laus\u00edn y Vicente","isPartOf":{"@id":"https:\/\/www.lausinyvicente.com\/#website"},"primaryImageOfPage":{"@id":"https:\/\/www.lausinyvicente.com\/en\/gymnastics-equipment\/minitrampolines\/zgz-minitramp-model#primaryimage"},"image":{"@id":"https:\/\/www.lausinyvicente.com\/en\/gymnastics-equipment\/minitrampolines\/zgz-minitramp-model#primaryimage"},"thumbnailUrl":"https:\/\/www.lausinyvicente.com\/wp-content\/uploads\/2022\/12\/G.25.080-minitramp-modelo-zgz.jpg","datePublished":"2022-12-10T13:21:19+00:00","breadcrumb":{"@id":"https:\/\/www.lausinyvicente.com\/en\/gymnastics-equipment\/minitrampolines\/zgz-minitramp-model#breadcrumb"},"inLanguage":"en-US","potentialAction":[{"@type":"ReadAction","target":["https:\/\/www.lausinyvicente.com\/en\/gymnastics-equipment\/minitrampolines\/zgz-minitramp-model"]}]},{"@type":"ImageObject","inLanguage":"en-US","@id":"https:\/\/www.lausinyvicente.com\/en\/gymnastics-equipment\/minitrampolines\/zgz-minitramp-model#primaryimage","url":"https:\/\/www.lausinyvicente.com\/wp-content\/uploads\/2022\/12\/G.25.080-minitramp-modelo-zgz.jpg","contentUrl":"https:\/\/www.lausinyvicente.com\/wp-content\/uploads\/2022\/12\/G.25.080-minitramp-modelo-zgz.jpg","width":720,"height":490},{"@type":"BreadcrumbList","@id":"https:\/\/www.lausinyvicente.com\/en\/gymnastics-equipment\/minitrampolines\/zgz-minitramp-model#breadcrumb","itemListElement":[{"@type":"ListItem","position":1,"name":"Portada","item":"https:\/\/www.lausinyvicente.com\/"},{"@type":"ListItem","position":2,"name":"Shop","item":"https:\/\/www.lausinyvicente.com\/en\/shop"},{"@type":"ListItem","position":3,"name":"\u201cZGZ\u201d Minitramp model"}]},{"@type":"WebSite","@id":"https:\/\/www.lausinyvicente.com\/#website","url":"https:\/\/www.lausinyvicente.com\/","name":"Laus\u00edn y Vicente","description":"Fabricaci\u00f3n y distribuci\u00f3n de material deportivo","potentialAction":[{"@type":"SearchAction","target":{"@type":"EntryPoint","urlTemplate":"https:\/\/www.lausinyvicente.com\/?s={search_term_string}"},"query-input":{"@type":"PropertyValueSpecification","valueRequired":true,"valueName":"search_term_string"}}],"inLanguage":"en-US"}]}},"_links":{"self":[{"href":"https:\/\/www.lausinyvicente.com\/en\/wp-json\/wp\/v2\/product\/3618","targetHints":{"allow":["GET"]}}],"collection":[{"href":"https:\/\/www.lausinyvicente.com\/en\/wp-json\/wp\/v2\/product"}],"about":[{"href":"https:\/\/www.lausinyvicente.com\/en\/wp-json\/wp\/v2\/types\/product"}],"wp:featuredmedia":[{"embeddable":true,"href":"https:\/\/www.lausinyvicente.com\/en\/wp-json\/wp\/v2\/media\/2859"}],"wp:attachment":[{"href":"https:\/\/www.lausinyvicente.com\/en\/wp-json\/wp\/v2\/media?parent=3618"}],"wp:term":[{"taxonomy":"product_cat","embeddable":true,"href":"https:\/\/www.lausinyvicente.com\/en\/wp-json\/wp\/v2\/product_cat?post=3618"},{"taxonomy":"product_tag","embeddable":true,"href":"https:\/\/www.lausinyvicente.com\/en\/wp-json\/wp\/v2\/product_tag?post=3618"}],"curies":[{"name":"wp","href":"https:\/\/api.w.org\/{rel}","templated":true}]}}