{"id":3834,"date":"2022-12-09T12:32:33","date_gmt":"2022-12-09T12:32:33","guid":{"rendered":"https:\/\/www.lausinyvicente.com\/uncategorized\/olympic-competition-pommel-horse\/"},"modified":"2022-12-09T12:32:33","modified_gmt":"2022-12-09T12:32:33","slug":"olympic-competition-pommel-horse","status":"publish","type":"product","link":"https:\/\/www.lausinyvicente.com\/en\/gymnastics-equipment\/vaulting-horses\/olympic-competition-pommel-horse","title":{"rendered":"Olympic competition pommel horse"},"content":{"rendered":"","protected":false},"excerpt":{"rendered":"<p>Upholstered in natural leather over 200 kg, density foam rubber agglomerate. Body made of highly resistant wood reinforced on the inside. Oven-painted metal legs. Metal extensions with rubber nonslip bases. Height adjustable from 110 to 150 cm in 5 cm. intervals. Automatic height fixing system by means of \u201cclick\u201d and setscrew on both legs. Chain and tightening device included. Adjustable fibre pommels included. Built-in transport system in bases activated by lever.        <\/p>\n","protected":false},"featured_media":2813,"template":"","meta":[],"product_cat":[109,131],"product_tag":[],"class_list":{"0":"post-3834","1":"product","2":"type-product","3":"status-publish","4":"has-post-thumbnail","6":"product_cat-gymnastics-equipment","7":"product_cat-vaulting-horses","9":"first","10":"instock","11":"shipping-taxable","12":"purchasable","13":"product-type-variable"},"yoast_head":"<!-- This site is optimized with the Yoast SEO plugin v27.0 - https:\/\/yoast.com\/product\/yoast-seo-wordpress\/ -->\n<title>Olympic competition pommel horse - Laus\u00edn y Vicente<\/title>\n<meta name=\"robots\" content=\"index, follow, max-snippet:-1, max-image-preview:large, max-video-preview:-1\" \/>\n<link rel=\"canonical\" href=\"https:\/\/www.lausinyvicente.com\/en\/gymnastics-equipment\/vaulting-horses\/olympic-competition-pommel-horse\" \/>\n<meta property=\"og:locale\" content=\"en_US\" \/>\n<meta property=\"og:type\" content=\"article\" \/>\n<meta property=\"og:title\" content=\"Olympic competition pommel horse - Laus\u00edn y Vicente\" \/>\n<meta property=\"og:description\" content=\"Upholstered in natural leather over 200 kg, density foam rubber agglomerate. Body made of highly resistant wood reinforced on the inside. Oven-painted metal legs. Metal extensions with rubber nonslip bases. Height adjustable from 110 to 150 cm in 5 cm. intervals. Automatic height fixing system by means of \u201cclick\u201d and setscrew on both legs. Chain and tightening device included. Adjustable fibre pommels included. Built-in transport system in bases activated by lever.\" \/>\n<meta property=\"og:url\" content=\"https:\/\/www.lausinyvicente.com\/en\/gymnastics-equipment\/vaulting-horses\/olympic-competition-pommel-horse\" \/>\n<meta property=\"og:site_name\" content=\"Laus\u00edn y Vicente\" \/>\n<meta property=\"og:image\" content=\"https:\/\/www.lausinyvicente.com\/wp-content\/uploads\/2022\/12\/G.05.07-caballo-arcos-olimpico-competicion.jpg\" \/>\n\t<meta property=\"og:image:width\" content=\"720\" \/>\n\t<meta property=\"og:image:height\" content=\"490\" \/>\n\t<meta property=\"og:image:type\" content=\"image\/jpeg\" \/>\n<meta name=\"twitter:card\" content=\"summary_large_image\" \/>\n<script type=\"application\/ld+json\" class=\"yoast-schema-graph\">{\"@context\":\"https:\/\/schema.org\",\"@graph\":[{\"@type\":\"WebPage\",\"@id\":\"https:\/\/www.lausinyvicente.com\/en\/gymnastics-equipment\/vaulting-horses\/olympic-competition-pommel-horse\",\"url\":\"https:\/\/www.lausinyvicente.com\/en\/gymnastics-equipment\/vaulting-horses\/olympic-competition-pommel-horse\",\"name\":\"Olympic competition pommel horse - Laus\u00edn y Vicente\",\"isPartOf\":{\"@id\":\"https:\/\/www.lausinyvicente.com\/#website\"},\"primaryImageOfPage\":{\"@id\":\"https:\/\/www.lausinyvicente.com\/en\/gymnastics-equipment\/vaulting-horses\/olympic-competition-pommel-horse#primaryimage\"},\"image\":{\"@id\":\"https:\/\/www.lausinyvicente.com\/en\/gymnastics-equipment\/vaulting-horses\/olympic-competition-pommel-horse#primaryimage\"},\"thumbnailUrl\":\"https:\/\/www.lausinyvicente.com\/wp-content\/uploads\/2022\/12\/G.05.07-caballo-arcos-olimpico-competicion.jpg\",\"datePublished\":\"2022-12-09T12:32:33+00:00\",\"breadcrumb\":{\"@id\":\"https:\/\/www.lausinyvicente.com\/en\/gymnastics-equipment\/vaulting-horses\/olympic-competition-pommel-horse#breadcrumb\"},\"inLanguage\":\"en-US\",\"potentialAction\":[{\"@type\":\"ReadAction\",\"target\":[\"https:\/\/www.lausinyvicente.com\/en\/gymnastics-equipment\/vaulting-horses\/olympic-competition-pommel-horse\"]}]},{\"@type\":\"ImageObject\",\"inLanguage\":\"en-US\",\"@id\":\"https:\/\/www.lausinyvicente.com\/en\/gymnastics-equipment\/vaulting-horses\/olympic-competition-pommel-horse#primaryimage\",\"url\":\"https:\/\/www.lausinyvicente.com\/wp-content\/uploads\/2022\/12\/G.05.07-caballo-arcos-olimpico-competicion.jpg\",\"contentUrl\":\"https:\/\/www.lausinyvicente.com\/wp-content\/uploads\/2022\/12\/G.05.07-caballo-arcos-olimpico-competicion.jpg\",\"width\":720,\"height\":490},{\"@type\":\"BreadcrumbList\",\"@id\":\"https:\/\/www.lausinyvicente.com\/en\/gymnastics-equipment\/vaulting-horses\/olympic-competition-pommel-horse#breadcrumb\",\"itemListElement\":[{\"@type\":\"ListItem\",\"position\":1,\"name\":\"Portada\",\"item\":\"https:\/\/www.lausinyvicente.com\/\"},{\"@type\":\"ListItem\",\"position\":2,\"name\":\"Shop\",\"item\":\"https:\/\/www.lausinyvicente.com\/en\/shop\"},{\"@type\":\"ListItem\",\"position\":3,\"name\":\"Olympic competition pommel horse\"}]},{\"@type\":\"WebSite\",\"@id\":\"https:\/\/www.lausinyvicente.com\/#website\",\"url\":\"https:\/\/www.lausinyvicente.com\/\",\"name\":\"Laus\u00edn y Vicente\",\"description\":\"Fabricaci\u00f3n y distribuci\u00f3n de material deportivo\",\"potentialAction\":[{\"@type\":\"SearchAction\",\"target\":{\"@type\":\"EntryPoint\",\"urlTemplate\":\"https:\/\/www.lausinyvicente.com\/?s={search_term_string}\"},\"query-input\":{\"@type\":\"PropertyValueSpecification\",\"valueRequired\":true,\"valueName\":\"search_term_string\"}}],\"inLanguage\":\"en-US\"}]}<\/script>\n<!-- \/ Yoast SEO plugin. -->","yoast_head_json":{"title":"Olympic competition pommel horse - Laus\u00edn y Vicente","robots":{"index":"index","follow":"follow","max-snippet":"max-snippet:-1","max-image-preview":"max-image-preview:large","max-video-preview":"max-video-preview:-1"},"canonical":"https:\/\/www.lausinyvicente.com\/en\/gymnastics-equipment\/vaulting-horses\/olympic-competition-pommel-horse","og_locale":"en_US","og_type":"article","og_title":"Olympic competition pommel horse - Laus\u00edn y Vicente","og_description":"Upholstered in natural leather over 200 kg, density foam rubber agglomerate. Body made of highly resistant wood reinforced on the inside. Oven-painted metal legs. Metal extensions with rubber nonslip bases. Height adjustable from 110 to 150 cm in 5 cm. intervals. Automatic height fixing system by means of \u201cclick\u201d and setscrew on both legs. Chain and tightening device included. Adjustable fibre pommels included. Built-in transport system in bases activated by lever.","og_url":"https:\/\/www.lausinyvicente.com\/en\/gymnastics-equipment\/vaulting-horses\/olympic-competition-pommel-horse","og_site_name":"Laus\u00edn y Vicente","og_image":[{"width":720,"height":490,"url":"https:\/\/www.lausinyvicente.com\/wp-content\/uploads\/2022\/12\/G.05.07-caballo-arcos-olimpico-competicion.jpg","type":"image\/jpeg"}],"twitter_card":"summary_large_image","schema":{"@context":"https:\/\/schema.org","@graph":[{"@type":"WebPage","@id":"https:\/\/www.lausinyvicente.com\/en\/gymnastics-equipment\/vaulting-horses\/olympic-competition-pommel-horse","url":"https:\/\/www.lausinyvicente.com\/en\/gymnastics-equipment\/vaulting-horses\/olympic-competition-pommel-horse","name":"Olympic competition pommel horse - Laus\u00edn y Vicente","isPartOf":{"@id":"https:\/\/www.lausinyvicente.com\/#website"},"primaryImageOfPage":{"@id":"https:\/\/www.lausinyvicente.com\/en\/gymnastics-equipment\/vaulting-horses\/olympic-competition-pommel-horse#primaryimage"},"image":{"@id":"https:\/\/www.lausinyvicente.com\/en\/gymnastics-equipment\/vaulting-horses\/olympic-competition-pommel-horse#primaryimage"},"thumbnailUrl":"https:\/\/www.lausinyvicente.com\/wp-content\/uploads\/2022\/12\/G.05.07-caballo-arcos-olimpico-competicion.jpg","datePublished":"2022-12-09T12:32:33+00:00","breadcrumb":{"@id":"https:\/\/www.lausinyvicente.com\/en\/gymnastics-equipment\/vaulting-horses\/olympic-competition-pommel-horse#breadcrumb"},"inLanguage":"en-US","potentialAction":[{"@type":"ReadAction","target":["https:\/\/www.lausinyvicente.com\/en\/gymnastics-equipment\/vaulting-horses\/olympic-competition-pommel-horse"]}]},{"@type":"ImageObject","inLanguage":"en-US","@id":"https:\/\/www.lausinyvicente.com\/en\/gymnastics-equipment\/vaulting-horses\/olympic-competition-pommel-horse#primaryimage","url":"https:\/\/www.lausinyvicente.com\/wp-content\/uploads\/2022\/12\/G.05.07-caballo-arcos-olimpico-competicion.jpg","contentUrl":"https:\/\/www.lausinyvicente.com\/wp-content\/uploads\/2022\/12\/G.05.07-caballo-arcos-olimpico-competicion.jpg","width":720,"height":490},{"@type":"BreadcrumbList","@id":"https:\/\/www.lausinyvicente.com\/en\/gymnastics-equipment\/vaulting-horses\/olympic-competition-pommel-horse#breadcrumb","itemListElement":[{"@type":"ListItem","position":1,"name":"Portada","item":"https:\/\/www.lausinyvicente.com\/"},{"@type":"ListItem","position":2,"name":"Shop","item":"https:\/\/www.lausinyvicente.com\/en\/shop"},{"@type":"ListItem","position":3,"name":"Olympic competition pommel horse"}]},{"@type":"WebSite","@id":"https:\/\/www.lausinyvicente.com\/#website","url":"https:\/\/www.lausinyvicente.com\/","name":"Laus\u00edn y Vicente","description":"Fabricaci\u00f3n y distribuci\u00f3n de material deportivo","potentialAction":[{"@type":"SearchAction","target":{"@type":"EntryPoint","urlTemplate":"https:\/\/www.lausinyvicente.com\/?s={search_term_string}"},"query-input":{"@type":"PropertyValueSpecification","valueRequired":true,"valueName":"search_term_string"}}],"inLanguage":"en-US"}]}},"_links":{"self":[{"href":"https:\/\/www.lausinyvicente.com\/en\/wp-json\/wp\/v2\/product\/3834","targetHints":{"allow":["GET"]}}],"collection":[{"href":"https:\/\/www.lausinyvicente.com\/en\/wp-json\/wp\/v2\/product"}],"about":[{"href":"https:\/\/www.lausinyvicente.com\/en\/wp-json\/wp\/v2\/types\/product"}],"wp:featuredmedia":[{"embeddable":true,"href":"https:\/\/www.lausinyvicente.com\/en\/wp-json\/wp\/v2\/media\/2813"}],"wp:attachment":[{"href":"https:\/\/www.lausinyvicente.com\/en\/wp-json\/wp\/v2\/media?parent=3834"}],"wp:term":[{"taxonomy":"product_cat","embeddable":true,"href":"https:\/\/www.lausinyvicente.com\/en\/wp-json\/wp\/v2\/product_cat?post=3834"},{"taxonomy":"product_tag","embeddable":true,"href":"https:\/\/www.lausinyvicente.com\/en\/wp-json\/wp\/v2\/product_tag?post=3834"}],"curies":[{"name":"wp","href":"https:\/\/api.w.org\/{rel}","templated":true}]}}