{"id":3966,"date":"2022-11-30T18:45:08","date_gmt":"2022-11-30T18:45:08","guid":{"rendered":"https:\/\/www.lausinyvicente.com\/uncategorized\/pine-swedish-bench-with-metal-legs\/"},"modified":"2022-11-30T18:45:08","modified_gmt":"2022-11-30T18:45:08","slug":"pine-swedish-bench-metal-legs","status":"publish","type":"product","link":"https:\/\/www.lausinyvicente.com\/en\/gymnastics-equipment\/swedish-benches\/pine-swedish-bench-metal-legs","title":{"rendered":"Pine swedish bench with metal legs"},"content":{"rendered":"","protected":false},"excerpt":{"rendered":"<p>Top quality varnished wood. Seat width: 0,28 m. Base width: 0,28 m. Height 0,35 m. Reinforced with metal angle plates. Includes fastener\/hook for wall bars. Nonslip blocks on bases.      <\/p>\n","protected":false},"featured_media":2777,"template":"","meta":[],"product_cat":[109,135],"product_tag":[],"class_list":{"0":"post-3966","1":"product","2":"type-product","3":"status-publish","4":"has-post-thumbnail","6":"product_cat-gymnastics-equipment","7":"product_cat-swedish-benches","9":"first","10":"instock","11":"shipping-taxable","12":"purchasable","13":"product-type-variable"},"yoast_head":"<!-- This site is optimized with the Yoast SEO plugin v27.0 - https:\/\/yoast.com\/product\/yoast-seo-wordpress\/ -->\n<title>Pine swedish bench with metal legs - Laus\u00edn y Vicente<\/title>\n<meta name=\"robots\" content=\"index, follow, max-snippet:-1, max-image-preview:large, max-video-preview:-1\" \/>\n<link rel=\"canonical\" href=\"https:\/\/www.lausinyvicente.com\/en\/gymnastics-equipment\/swedish-benches\/pine-swedish-bench-metal-legs\" \/>\n<meta property=\"og:locale\" content=\"en_US\" \/>\n<meta property=\"og:type\" content=\"article\" \/>\n<meta property=\"og:title\" content=\"Pine swedish bench with metal legs - Laus\u00edn y Vicente\" \/>\n<meta property=\"og:description\" content=\"Top quality varnished wood. Seat width: 0,28 m. Base width: 0,28 m. Height 0,35 m. Reinforced with metal angle plates. Includes fastener\/hook for wall bars. Nonslip blocks on bases.\" \/>\n<meta property=\"og:url\" content=\"https:\/\/www.lausinyvicente.com\/en\/gymnastics-equipment\/swedish-benches\/pine-swedish-bench-metal-legs\" \/>\n<meta property=\"og:site_name\" content=\"Laus\u00edn y Vicente\" \/>\n<meta property=\"og:image\" content=\"https:\/\/www.lausinyvicente.com\/wp-content\/uploads\/2022\/11\/G.03.31-banco-sueco-pino-patas-metalicas_copia.jpg\" \/>\n\t<meta property=\"og:image:width\" content=\"720\" \/>\n\t<meta property=\"og:image:height\" content=\"490\" \/>\n\t<meta property=\"og:image:type\" content=\"image\/jpeg\" \/>\n<meta name=\"twitter:card\" content=\"summary_large_image\" \/>\n<script type=\"application\/ld+json\" class=\"yoast-schema-graph\">{\"@context\":\"https:\/\/schema.org\",\"@graph\":[{\"@type\":\"WebPage\",\"@id\":\"https:\/\/www.lausinyvicente.com\/en\/gymnastics-equipment\/swedish-benches\/pine-swedish-bench-metal-legs\",\"url\":\"https:\/\/www.lausinyvicente.com\/en\/gymnastics-equipment\/swedish-benches\/pine-swedish-bench-metal-legs\",\"name\":\"Pine swedish bench with metal legs - Laus\u00edn y Vicente\",\"isPartOf\":{\"@id\":\"https:\/\/www.lausinyvicente.com\/#website\"},\"primaryImageOfPage\":{\"@id\":\"https:\/\/www.lausinyvicente.com\/en\/gymnastics-equipment\/swedish-benches\/pine-swedish-bench-metal-legs#primaryimage\"},\"image\":{\"@id\":\"https:\/\/www.lausinyvicente.com\/en\/gymnastics-equipment\/swedish-benches\/pine-swedish-bench-metal-legs#primaryimage\"},\"thumbnailUrl\":\"https:\/\/www.lausinyvicente.com\/wp-content\/uploads\/2022\/11\/G.03.31-banco-sueco-pino-patas-metalicas_copia.jpg\",\"datePublished\":\"2022-11-30T18:45:08+00:00\",\"breadcrumb\":{\"@id\":\"https:\/\/www.lausinyvicente.com\/en\/gymnastics-equipment\/swedish-benches\/pine-swedish-bench-metal-legs#breadcrumb\"},\"inLanguage\":\"en-US\",\"potentialAction\":[{\"@type\":\"ReadAction\",\"target\":[\"https:\/\/www.lausinyvicente.com\/en\/gymnastics-equipment\/swedish-benches\/pine-swedish-bench-metal-legs\"]}]},{\"@type\":\"ImageObject\",\"inLanguage\":\"en-US\",\"@id\":\"https:\/\/www.lausinyvicente.com\/en\/gymnastics-equipment\/swedish-benches\/pine-swedish-bench-metal-legs#primaryimage\",\"url\":\"https:\/\/www.lausinyvicente.com\/wp-content\/uploads\/2022\/11\/G.03.31-banco-sueco-pino-patas-metalicas_copia.jpg\",\"contentUrl\":\"https:\/\/www.lausinyvicente.com\/wp-content\/uploads\/2022\/11\/G.03.31-banco-sueco-pino-patas-metalicas_copia.jpg\",\"width\":720,\"height\":490},{\"@type\":\"BreadcrumbList\",\"@id\":\"https:\/\/www.lausinyvicente.com\/en\/gymnastics-equipment\/swedish-benches\/pine-swedish-bench-metal-legs#breadcrumb\",\"itemListElement\":[{\"@type\":\"ListItem\",\"position\":1,\"name\":\"Portada\",\"item\":\"https:\/\/www.lausinyvicente.com\/\"},{\"@type\":\"ListItem\",\"position\":2,\"name\":\"Shop\",\"item\":\"https:\/\/www.lausinyvicente.com\/en\/shop\"},{\"@type\":\"ListItem\",\"position\":3,\"name\":\"Pine swedish bench with metal legs\"}]},{\"@type\":\"WebSite\",\"@id\":\"https:\/\/www.lausinyvicente.com\/#website\",\"url\":\"https:\/\/www.lausinyvicente.com\/\",\"name\":\"Laus\u00edn y Vicente\",\"description\":\"Fabricaci\u00f3n y distribuci\u00f3n de material deportivo\",\"potentialAction\":[{\"@type\":\"SearchAction\",\"target\":{\"@type\":\"EntryPoint\",\"urlTemplate\":\"https:\/\/www.lausinyvicente.com\/?s={search_term_string}\"},\"query-input\":{\"@type\":\"PropertyValueSpecification\",\"valueRequired\":true,\"valueName\":\"search_term_string\"}}],\"inLanguage\":\"en-US\"}]}<\/script>\n<!-- \/ Yoast SEO plugin. -->","yoast_head_json":{"title":"Pine swedish bench with metal legs - Laus\u00edn y Vicente","robots":{"index":"index","follow":"follow","max-snippet":"max-snippet:-1","max-image-preview":"max-image-preview:large","max-video-preview":"max-video-preview:-1"},"canonical":"https:\/\/www.lausinyvicente.com\/en\/gymnastics-equipment\/swedish-benches\/pine-swedish-bench-metal-legs","og_locale":"en_US","og_type":"article","og_title":"Pine swedish bench with metal legs - Laus\u00edn y Vicente","og_description":"Top quality varnished wood. Seat width: 0,28 m. Base width: 0,28 m. Height 0,35 m. Reinforced with metal angle plates. Includes fastener\/hook for wall bars. Nonslip blocks on bases.","og_url":"https:\/\/www.lausinyvicente.com\/en\/gymnastics-equipment\/swedish-benches\/pine-swedish-bench-metal-legs","og_site_name":"Laus\u00edn y Vicente","og_image":[{"width":720,"height":490,"url":"https:\/\/www.lausinyvicente.com\/wp-content\/uploads\/2022\/11\/G.03.31-banco-sueco-pino-patas-metalicas_copia.jpg","type":"image\/jpeg"}],"twitter_card":"summary_large_image","schema":{"@context":"https:\/\/schema.org","@graph":[{"@type":"WebPage","@id":"https:\/\/www.lausinyvicente.com\/en\/gymnastics-equipment\/swedish-benches\/pine-swedish-bench-metal-legs","url":"https:\/\/www.lausinyvicente.com\/en\/gymnastics-equipment\/swedish-benches\/pine-swedish-bench-metal-legs","name":"Pine swedish bench with metal legs - Laus\u00edn y Vicente","isPartOf":{"@id":"https:\/\/www.lausinyvicente.com\/#website"},"primaryImageOfPage":{"@id":"https:\/\/www.lausinyvicente.com\/en\/gymnastics-equipment\/swedish-benches\/pine-swedish-bench-metal-legs#primaryimage"},"image":{"@id":"https:\/\/www.lausinyvicente.com\/en\/gymnastics-equipment\/swedish-benches\/pine-swedish-bench-metal-legs#primaryimage"},"thumbnailUrl":"https:\/\/www.lausinyvicente.com\/wp-content\/uploads\/2022\/11\/G.03.31-banco-sueco-pino-patas-metalicas_copia.jpg","datePublished":"2022-11-30T18:45:08+00:00","breadcrumb":{"@id":"https:\/\/www.lausinyvicente.com\/en\/gymnastics-equipment\/swedish-benches\/pine-swedish-bench-metal-legs#breadcrumb"},"inLanguage":"en-US","potentialAction":[{"@type":"ReadAction","target":["https:\/\/www.lausinyvicente.com\/en\/gymnastics-equipment\/swedish-benches\/pine-swedish-bench-metal-legs"]}]},{"@type":"ImageObject","inLanguage":"en-US","@id":"https:\/\/www.lausinyvicente.com\/en\/gymnastics-equipment\/swedish-benches\/pine-swedish-bench-metal-legs#primaryimage","url":"https:\/\/www.lausinyvicente.com\/wp-content\/uploads\/2022\/11\/G.03.31-banco-sueco-pino-patas-metalicas_copia.jpg","contentUrl":"https:\/\/www.lausinyvicente.com\/wp-content\/uploads\/2022\/11\/G.03.31-banco-sueco-pino-patas-metalicas_copia.jpg","width":720,"height":490},{"@type":"BreadcrumbList","@id":"https:\/\/www.lausinyvicente.com\/en\/gymnastics-equipment\/swedish-benches\/pine-swedish-bench-metal-legs#breadcrumb","itemListElement":[{"@type":"ListItem","position":1,"name":"Portada","item":"https:\/\/www.lausinyvicente.com\/"},{"@type":"ListItem","position":2,"name":"Shop","item":"https:\/\/www.lausinyvicente.com\/en\/shop"},{"@type":"ListItem","position":3,"name":"Pine swedish bench with metal legs"}]},{"@type":"WebSite","@id":"https:\/\/www.lausinyvicente.com\/#website","url":"https:\/\/www.lausinyvicente.com\/","name":"Laus\u00edn y Vicente","description":"Fabricaci\u00f3n y distribuci\u00f3n de material deportivo","potentialAction":[{"@type":"SearchAction","target":{"@type":"EntryPoint","urlTemplate":"https:\/\/www.lausinyvicente.com\/?s={search_term_string}"},"query-input":{"@type":"PropertyValueSpecification","valueRequired":true,"valueName":"search_term_string"}}],"inLanguage":"en-US"}]}},"_links":{"self":[{"href":"https:\/\/www.lausinyvicente.com\/en\/wp-json\/wp\/v2\/product\/3966","targetHints":{"allow":["GET"]}}],"collection":[{"href":"https:\/\/www.lausinyvicente.com\/en\/wp-json\/wp\/v2\/product"}],"about":[{"href":"https:\/\/www.lausinyvicente.com\/en\/wp-json\/wp\/v2\/types\/product"}],"wp:featuredmedia":[{"embeddable":true,"href":"https:\/\/www.lausinyvicente.com\/en\/wp-json\/wp\/v2\/media\/2777"}],"wp:attachment":[{"href":"https:\/\/www.lausinyvicente.com\/en\/wp-json\/wp\/v2\/media?parent=3966"}],"wp:term":[{"taxonomy":"product_cat","embeddable":true,"href":"https:\/\/www.lausinyvicente.com\/en\/wp-json\/wp\/v2\/product_cat?post=3966"},{"taxonomy":"product_tag","embeddable":true,"href":"https:\/\/www.lausinyvicente.com\/en\/wp-json\/wp\/v2\/product_tag?post=3966"}],"curies":[{"name":"wp","href":"https:\/\/api.w.org\/{rel}","templated":true}]}}