{"id":4044,"date":"2022-11-30T17:45:31","date_gmt":"2022-11-30T17:45:31","guid":{"rendered":"https:\/\/www.lausinyvicente.com\/uncategorized\/ring-frame\/"},"modified":"2022-11-30T17:45:31","modified_gmt":"2022-11-30T17:45:31","slug":"ring-frame","status":"publish","type":"product","link":"https:\/\/www.lausinyvicente.com\/en\/gymnastics-equipment\/rings\/ring-frame","title":{"rendered":"Ring frame"},"content":{"rendered":"","protected":false},"excerpt":{"rendered":"<p>Top competition ring frame approved by the F.I.G. Metal framework with double tightening system. Laminated wood rings. Steel cables adjustable from 2.50 to 2.85 m. Training ring frame. Mural. Painted metal structure, fold-away against wall.       <\/p>\n","protected":false},"featured_media":2753,"template":"","meta":[],"product_cat":[109,139],"product_tag":[],"class_list":{"0":"post-4044","1":"product","2":"type-product","3":"status-publish","4":"has-post-thumbnail","6":"product_cat-gymnastics-equipment","7":"product_cat-rings","9":"first","10":"instock","11":"shipping-taxable","12":"purchasable","13":"product-type-variable"},"yoast_head":"<!-- This site is optimized with the Yoast SEO plugin v27.0 - https:\/\/yoast.com\/product\/yoast-seo-wordpress\/ -->\n<title>Ring frame - Laus\u00edn y Vicente<\/title>\n<meta name=\"robots\" content=\"index, follow, max-snippet:-1, max-image-preview:large, max-video-preview:-1\" \/>\n<link rel=\"canonical\" href=\"https:\/\/www.lausinyvicente.com\/en\/gymnastics-equipment\/rings\/ring-frame\" \/>\n<meta property=\"og:locale\" content=\"en_US\" \/>\n<meta property=\"og:type\" content=\"article\" \/>\n<meta property=\"og:title\" content=\"Ring frame - Laus\u00edn y Vicente\" \/>\n<meta property=\"og:description\" content=\"Top competition ring frame approved by the F.I.G. Metal framework with double tightening system. Laminated wood rings. Steel cables adjustable from 2.50 to 2.85 m. Training ring frame. Mural. Painted metal structure, fold-away against wall.\" \/>\n<meta property=\"og:url\" content=\"https:\/\/www.lausinyvicente.com\/en\/gymnastics-equipment\/rings\/ring-frame\" \/>\n<meta property=\"og:site_name\" content=\"Laus\u00edn y Vicente\" \/>\n<meta property=\"og:image\" content=\"https:\/\/www.lausinyvicente.com\/wp-content\/uploads\/2022\/11\/G.21.03-portico-anillas.jpg\" \/>\n\t<meta property=\"og:image:width\" content=\"720\" \/>\n\t<meta property=\"og:image:height\" content=\"490\" \/>\n\t<meta property=\"og:image:type\" content=\"image\/jpeg\" \/>\n<meta name=\"twitter:card\" content=\"summary_large_image\" \/>\n<script type=\"application\/ld+json\" class=\"yoast-schema-graph\">{\"@context\":\"https:\/\/schema.org\",\"@graph\":[{\"@type\":\"WebPage\",\"@id\":\"https:\/\/www.lausinyvicente.com\/en\/gymnastics-equipment\/rings\/ring-frame\",\"url\":\"https:\/\/www.lausinyvicente.com\/en\/gymnastics-equipment\/rings\/ring-frame\",\"name\":\"Ring frame - Laus\u00edn y Vicente\",\"isPartOf\":{\"@id\":\"https:\/\/www.lausinyvicente.com\/#website\"},\"primaryImageOfPage\":{\"@id\":\"https:\/\/www.lausinyvicente.com\/en\/gymnastics-equipment\/rings\/ring-frame#primaryimage\"},\"image\":{\"@id\":\"https:\/\/www.lausinyvicente.com\/en\/gymnastics-equipment\/rings\/ring-frame#primaryimage\"},\"thumbnailUrl\":\"https:\/\/www.lausinyvicente.com\/wp-content\/uploads\/2022\/11\/G.21.03-portico-anillas.jpg\",\"datePublished\":\"2022-11-30T17:45:31+00:00\",\"breadcrumb\":{\"@id\":\"https:\/\/www.lausinyvicente.com\/en\/gymnastics-equipment\/rings\/ring-frame#breadcrumb\"},\"inLanguage\":\"en-US\",\"potentialAction\":[{\"@type\":\"ReadAction\",\"target\":[\"https:\/\/www.lausinyvicente.com\/en\/gymnastics-equipment\/rings\/ring-frame\"]}]},{\"@type\":\"ImageObject\",\"inLanguage\":\"en-US\",\"@id\":\"https:\/\/www.lausinyvicente.com\/en\/gymnastics-equipment\/rings\/ring-frame#primaryimage\",\"url\":\"https:\/\/www.lausinyvicente.com\/wp-content\/uploads\/2022\/11\/G.21.03-portico-anillas.jpg\",\"contentUrl\":\"https:\/\/www.lausinyvicente.com\/wp-content\/uploads\/2022\/11\/G.21.03-portico-anillas.jpg\",\"width\":720,\"height\":490},{\"@type\":\"BreadcrumbList\",\"@id\":\"https:\/\/www.lausinyvicente.com\/en\/gymnastics-equipment\/rings\/ring-frame#breadcrumb\",\"itemListElement\":[{\"@type\":\"ListItem\",\"position\":1,\"name\":\"Portada\",\"item\":\"https:\/\/www.lausinyvicente.com\/\"},{\"@type\":\"ListItem\",\"position\":2,\"name\":\"Shop\",\"item\":\"https:\/\/www.lausinyvicente.com\/en\/shop\"},{\"@type\":\"ListItem\",\"position\":3,\"name\":\"Ring frame\"}]},{\"@type\":\"WebSite\",\"@id\":\"https:\/\/www.lausinyvicente.com\/#website\",\"url\":\"https:\/\/www.lausinyvicente.com\/\",\"name\":\"Laus\u00edn y Vicente\",\"description\":\"Fabricaci\u00f3n y distribuci\u00f3n de material deportivo\",\"potentialAction\":[{\"@type\":\"SearchAction\",\"target\":{\"@type\":\"EntryPoint\",\"urlTemplate\":\"https:\/\/www.lausinyvicente.com\/?s={search_term_string}\"},\"query-input\":{\"@type\":\"PropertyValueSpecification\",\"valueRequired\":true,\"valueName\":\"search_term_string\"}}],\"inLanguage\":\"en-US\"}]}<\/script>\n<!-- \/ Yoast SEO plugin. -->","yoast_head_json":{"title":"Ring frame - Laus\u00edn y Vicente","robots":{"index":"index","follow":"follow","max-snippet":"max-snippet:-1","max-image-preview":"max-image-preview:large","max-video-preview":"max-video-preview:-1"},"canonical":"https:\/\/www.lausinyvicente.com\/en\/gymnastics-equipment\/rings\/ring-frame","og_locale":"en_US","og_type":"article","og_title":"Ring frame - Laus\u00edn y Vicente","og_description":"Top competition ring frame approved by the F.I.G. Metal framework with double tightening system. Laminated wood rings. Steel cables adjustable from 2.50 to 2.85 m. Training ring frame. Mural. Painted metal structure, fold-away against wall.","og_url":"https:\/\/www.lausinyvicente.com\/en\/gymnastics-equipment\/rings\/ring-frame","og_site_name":"Laus\u00edn y Vicente","og_image":[{"width":720,"height":490,"url":"https:\/\/www.lausinyvicente.com\/wp-content\/uploads\/2022\/11\/G.21.03-portico-anillas.jpg","type":"image\/jpeg"}],"twitter_card":"summary_large_image","schema":{"@context":"https:\/\/schema.org","@graph":[{"@type":"WebPage","@id":"https:\/\/www.lausinyvicente.com\/en\/gymnastics-equipment\/rings\/ring-frame","url":"https:\/\/www.lausinyvicente.com\/en\/gymnastics-equipment\/rings\/ring-frame","name":"Ring frame - Laus\u00edn y Vicente","isPartOf":{"@id":"https:\/\/www.lausinyvicente.com\/#website"},"primaryImageOfPage":{"@id":"https:\/\/www.lausinyvicente.com\/en\/gymnastics-equipment\/rings\/ring-frame#primaryimage"},"image":{"@id":"https:\/\/www.lausinyvicente.com\/en\/gymnastics-equipment\/rings\/ring-frame#primaryimage"},"thumbnailUrl":"https:\/\/www.lausinyvicente.com\/wp-content\/uploads\/2022\/11\/G.21.03-portico-anillas.jpg","datePublished":"2022-11-30T17:45:31+00:00","breadcrumb":{"@id":"https:\/\/www.lausinyvicente.com\/en\/gymnastics-equipment\/rings\/ring-frame#breadcrumb"},"inLanguage":"en-US","potentialAction":[{"@type":"ReadAction","target":["https:\/\/www.lausinyvicente.com\/en\/gymnastics-equipment\/rings\/ring-frame"]}]},{"@type":"ImageObject","inLanguage":"en-US","@id":"https:\/\/www.lausinyvicente.com\/en\/gymnastics-equipment\/rings\/ring-frame#primaryimage","url":"https:\/\/www.lausinyvicente.com\/wp-content\/uploads\/2022\/11\/G.21.03-portico-anillas.jpg","contentUrl":"https:\/\/www.lausinyvicente.com\/wp-content\/uploads\/2022\/11\/G.21.03-portico-anillas.jpg","width":720,"height":490},{"@type":"BreadcrumbList","@id":"https:\/\/www.lausinyvicente.com\/en\/gymnastics-equipment\/rings\/ring-frame#breadcrumb","itemListElement":[{"@type":"ListItem","position":1,"name":"Portada","item":"https:\/\/www.lausinyvicente.com\/"},{"@type":"ListItem","position":2,"name":"Shop","item":"https:\/\/www.lausinyvicente.com\/en\/shop"},{"@type":"ListItem","position":3,"name":"Ring frame"}]},{"@type":"WebSite","@id":"https:\/\/www.lausinyvicente.com\/#website","url":"https:\/\/www.lausinyvicente.com\/","name":"Laus\u00edn y Vicente","description":"Fabricaci\u00f3n y distribuci\u00f3n de material deportivo","potentialAction":[{"@type":"SearchAction","target":{"@type":"EntryPoint","urlTemplate":"https:\/\/www.lausinyvicente.com\/?s={search_term_string}"},"query-input":{"@type":"PropertyValueSpecification","valueRequired":true,"valueName":"search_term_string"}}],"inLanguage":"en-US"}]}},"_links":{"self":[{"href":"https:\/\/www.lausinyvicente.com\/en\/wp-json\/wp\/v2\/product\/4044","targetHints":{"allow":["GET"]}}],"collection":[{"href":"https:\/\/www.lausinyvicente.com\/en\/wp-json\/wp\/v2\/product"}],"about":[{"href":"https:\/\/www.lausinyvicente.com\/en\/wp-json\/wp\/v2\/types\/product"}],"wp:featuredmedia":[{"embeddable":true,"href":"https:\/\/www.lausinyvicente.com\/en\/wp-json\/wp\/v2\/media\/2753"}],"wp:attachment":[{"href":"https:\/\/www.lausinyvicente.com\/en\/wp-json\/wp\/v2\/media?parent=4044"}],"wp:term":[{"taxonomy":"product_cat","embeddable":true,"href":"https:\/\/www.lausinyvicente.com\/en\/wp-json\/wp\/v2\/product_cat?post=4044"},{"taxonomy":"product_tag","embeddable":true,"href":"https:\/\/www.lausinyvicente.com\/en\/wp-json\/wp\/v2\/product_tag?post=4044"}],"curies":[{"name":"wp","href":"https:\/\/api.w.org\/{rel}","templated":true}]}}