{"id":4102,"date":"2022-11-30T16:57:53","date_gmt":"2022-11-30T16:57:53","guid":{"rendered":"https:\/\/www.lausinyvicente.com\/uncategorized\/metal-volleyball-tennis-badminton-posts\/"},"modified":"2022-11-30T16:57:53","modified_gmt":"2022-11-30T16:57:53","slug":"metal-volleyball-tennis-badminton-posts","status":"publish","type":"product","link":"https:\/\/www.lausinyvicente.com\/en\/sports-equipment\/tennis\/metal-volleyball-tennis-badminton-posts","title":{"rendered":"Metal volleyball\/tennis\/badminton posts"},"content":{"rendered":"","protected":false},"excerpt":{"rendered":"<p>Produced in accordance with European Regulation EN 1271. 80 mm diameter round cross-section steel posts painted with epoxy paint and kiln-dried. Adjustable net height: from 1,06 m (tennis) to 2,43 m max. (volleyball). Adhesive strip on the two posts to indicate and adjust net height. The net is tightened using a hand-cranked winch sat on a pad on one of the posts; includes the pulley and clamping screw. The tightening plate and net calibration runs along a guide rail welded to the posts. Ground sockets with caps to be embedded into the flooring: 40 cm long. In the movable version, each post includes a metal structure painted in white with epoxy and kiln-dried; it comes with a sheet counterweight and two 80 mm diameter grey rubber wheels, which do not mark the flooring. This structure is ready to be bolted to the flooring so the posts can be used properly during game time. Net not included. Price per set (2 units).         <\/p>\n","protected":false},"featured_media":2699,"template":"","meta":[],"product_cat":[147,141,148,145],"product_tag":[],"class_list":{"0":"post-4102","1":"product","2":"type-product","3":"status-publish","4":"has-post-thumbnail","6":"product_cat-badminton","7":"product_cat-sports-equipment","8":"product_cat-tennis","9":"product_cat-volleyball","11":"first","12":"instock","13":"shipping-taxable","14":"purchasable","15":"product-type-variable"},"yoast_head":"<!-- This site is optimized with the Yoast SEO plugin v27.0 - https:\/\/yoast.com\/product\/yoast-seo-wordpress\/ -->\n<title>Metal volleyball\/tennis\/badminton posts - Laus\u00edn y Vicente<\/title>\n<meta name=\"robots\" content=\"index, follow, max-snippet:-1, max-image-preview:large, max-video-preview:-1\" \/>\n<link rel=\"canonical\" href=\"https:\/\/www.lausinyvicente.com\/en\/sports-equipment\/tennis\/metal-volleyball-tennis-badminton-posts\" \/>\n<meta property=\"og:locale\" content=\"en_US\" \/>\n<meta property=\"og:type\" content=\"article\" \/>\n<meta property=\"og:title\" content=\"Metal volleyball\/tennis\/badminton posts - Laus\u00edn y Vicente\" \/>\n<meta property=\"og:description\" content=\"Produced in accordance with European Regulation EN 1271. 80 mm diameter round cross-section steel posts painted with epoxy paint and kiln-dried. Adjustable net height: from 1,06 m (tennis) to 2,43 m max. (volleyball). Adhesive strip on the two posts to indicate and adjust net height. The net is tightened using a hand-cranked winch sat on a pad on one of the posts; includes the pulley and clamping screw. The tightening plate and net calibration runs along a guide rail welded to the posts. Ground sockets with caps to be embedded into the flooring: 40 cm long. In the movable version, each post includes a metal structure painted in white with epoxy and kiln-dried; it comes with a sheet counterweight and two 80 mm diameter grey rubber wheels, which do not mark the flooring. This structure is ready to be bolted to the flooring so the posts can be used properly during game time. Net not included. Price per set (2 units).\" \/>\n<meta property=\"og:url\" content=\"https:\/\/www.lausinyvicente.com\/en\/sports-equipment\/tennis\/metal-volleyball-tennis-badminton-posts\" \/>\n<meta property=\"og:site_name\" content=\"Laus\u00edn y Vicente\" \/>\n<meta property=\"og:image\" content=\"https:\/\/www.lausinyvicente.com\/wp-content\/uploads\/2022\/11\/D.04.01-postes-voleibol-tenis-badminton-metalicos.jpg\" \/>\n\t<meta property=\"og:image:width\" content=\"720\" \/>\n\t<meta property=\"og:image:height\" content=\"490\" \/>\n\t<meta property=\"og:image:type\" content=\"image\/jpeg\" \/>\n<meta name=\"twitter:card\" content=\"summary_large_image\" \/>\n<script type=\"application\/ld+json\" class=\"yoast-schema-graph\">{\"@context\":\"https:\/\/schema.org\",\"@graph\":[{\"@type\":\"WebPage\",\"@id\":\"https:\/\/www.lausinyvicente.com\/en\/sports-equipment\/tennis\/metal-volleyball-tennis-badminton-posts\",\"url\":\"https:\/\/www.lausinyvicente.com\/en\/sports-equipment\/tennis\/metal-volleyball-tennis-badminton-posts\",\"name\":\"Metal volleyball\/tennis\/badminton posts - Laus\u00edn y Vicente\",\"isPartOf\":{\"@id\":\"https:\/\/www.lausinyvicente.com\/#website\"},\"primaryImageOfPage\":{\"@id\":\"https:\/\/www.lausinyvicente.com\/en\/sports-equipment\/tennis\/metal-volleyball-tennis-badminton-posts#primaryimage\"},\"image\":{\"@id\":\"https:\/\/www.lausinyvicente.com\/en\/sports-equipment\/tennis\/metal-volleyball-tennis-badminton-posts#primaryimage\"},\"thumbnailUrl\":\"https:\/\/www.lausinyvicente.com\/wp-content\/uploads\/2022\/11\/D.04.01-postes-voleibol-tenis-badminton-metalicos.jpg\",\"datePublished\":\"2022-11-30T16:57:53+00:00\",\"breadcrumb\":{\"@id\":\"https:\/\/www.lausinyvicente.com\/en\/sports-equipment\/tennis\/metal-volleyball-tennis-badminton-posts#breadcrumb\"},\"inLanguage\":\"en-US\",\"potentialAction\":[{\"@type\":\"ReadAction\",\"target\":[\"https:\/\/www.lausinyvicente.com\/en\/sports-equipment\/tennis\/metal-volleyball-tennis-badminton-posts\"]}]},{\"@type\":\"ImageObject\",\"inLanguage\":\"en-US\",\"@id\":\"https:\/\/www.lausinyvicente.com\/en\/sports-equipment\/tennis\/metal-volleyball-tennis-badminton-posts#primaryimage\",\"url\":\"https:\/\/www.lausinyvicente.com\/wp-content\/uploads\/2022\/11\/D.04.01-postes-voleibol-tenis-badminton-metalicos.jpg\",\"contentUrl\":\"https:\/\/www.lausinyvicente.com\/wp-content\/uploads\/2022\/11\/D.04.01-postes-voleibol-tenis-badminton-metalicos.jpg\",\"width\":720,\"height\":490},{\"@type\":\"BreadcrumbList\",\"@id\":\"https:\/\/www.lausinyvicente.com\/en\/sports-equipment\/tennis\/metal-volleyball-tennis-badminton-posts#breadcrumb\",\"itemListElement\":[{\"@type\":\"ListItem\",\"position\":1,\"name\":\"Portada\",\"item\":\"https:\/\/www.lausinyvicente.com\/\"},{\"@type\":\"ListItem\",\"position\":2,\"name\":\"Shop\",\"item\":\"https:\/\/www.lausinyvicente.com\/en\/shop\"},{\"@type\":\"ListItem\",\"position\":3,\"name\":\"Metal volleyball\/tennis\/badminton posts\"}]},{\"@type\":\"WebSite\",\"@id\":\"https:\/\/www.lausinyvicente.com\/#website\",\"url\":\"https:\/\/www.lausinyvicente.com\/\",\"name\":\"Laus\u00edn y Vicente\",\"description\":\"Fabricaci\u00f3n y distribuci\u00f3n de material deportivo\",\"potentialAction\":[{\"@type\":\"SearchAction\",\"target\":{\"@type\":\"EntryPoint\",\"urlTemplate\":\"https:\/\/www.lausinyvicente.com\/?s={search_term_string}\"},\"query-input\":{\"@type\":\"PropertyValueSpecification\",\"valueRequired\":true,\"valueName\":\"search_term_string\"}}],\"inLanguage\":\"en-US\"}]}<\/script>\n<!-- \/ Yoast SEO plugin. -->","yoast_head_json":{"title":"Metal volleyball\/tennis\/badminton posts - Laus\u00edn y Vicente","robots":{"index":"index","follow":"follow","max-snippet":"max-snippet:-1","max-image-preview":"max-image-preview:large","max-video-preview":"max-video-preview:-1"},"canonical":"https:\/\/www.lausinyvicente.com\/en\/sports-equipment\/tennis\/metal-volleyball-tennis-badminton-posts","og_locale":"en_US","og_type":"article","og_title":"Metal volleyball\/tennis\/badminton posts - Laus\u00edn y Vicente","og_description":"Produced in accordance with European Regulation EN 1271. 80 mm diameter round cross-section steel posts painted with epoxy paint and kiln-dried. Adjustable net height: from 1,06 m (tennis) to 2,43 m max. (volleyball). Adhesive strip on the two posts to indicate and adjust net height. The net is tightened using a hand-cranked winch sat on a pad on one of the posts; includes the pulley and clamping screw. The tightening plate and net calibration runs along a guide rail welded to the posts. Ground sockets with caps to be embedded into the flooring: 40 cm long. In the movable version, each post includes a metal structure painted in white with epoxy and kiln-dried; it comes with a sheet counterweight and two 80 mm diameter grey rubber wheels, which do not mark the flooring. This structure is ready to be bolted to the flooring so the posts can be used properly during game time. Net not included. Price per set (2 units).","og_url":"https:\/\/www.lausinyvicente.com\/en\/sports-equipment\/tennis\/metal-volleyball-tennis-badminton-posts","og_site_name":"Laus\u00edn y Vicente","og_image":[{"width":720,"height":490,"url":"https:\/\/www.lausinyvicente.com\/wp-content\/uploads\/2022\/11\/D.04.01-postes-voleibol-tenis-badminton-metalicos.jpg","type":"image\/jpeg"}],"twitter_card":"summary_large_image","schema":{"@context":"https:\/\/schema.org","@graph":[{"@type":"WebPage","@id":"https:\/\/www.lausinyvicente.com\/en\/sports-equipment\/tennis\/metal-volleyball-tennis-badminton-posts","url":"https:\/\/www.lausinyvicente.com\/en\/sports-equipment\/tennis\/metal-volleyball-tennis-badminton-posts","name":"Metal volleyball\/tennis\/badminton posts - Laus\u00edn y Vicente","isPartOf":{"@id":"https:\/\/www.lausinyvicente.com\/#website"},"primaryImageOfPage":{"@id":"https:\/\/www.lausinyvicente.com\/en\/sports-equipment\/tennis\/metal-volleyball-tennis-badminton-posts#primaryimage"},"image":{"@id":"https:\/\/www.lausinyvicente.com\/en\/sports-equipment\/tennis\/metal-volleyball-tennis-badminton-posts#primaryimage"},"thumbnailUrl":"https:\/\/www.lausinyvicente.com\/wp-content\/uploads\/2022\/11\/D.04.01-postes-voleibol-tenis-badminton-metalicos.jpg","datePublished":"2022-11-30T16:57:53+00:00","breadcrumb":{"@id":"https:\/\/www.lausinyvicente.com\/en\/sports-equipment\/tennis\/metal-volleyball-tennis-badminton-posts#breadcrumb"},"inLanguage":"en-US","potentialAction":[{"@type":"ReadAction","target":["https:\/\/www.lausinyvicente.com\/en\/sports-equipment\/tennis\/metal-volleyball-tennis-badminton-posts"]}]},{"@type":"ImageObject","inLanguage":"en-US","@id":"https:\/\/www.lausinyvicente.com\/en\/sports-equipment\/tennis\/metal-volleyball-tennis-badminton-posts#primaryimage","url":"https:\/\/www.lausinyvicente.com\/wp-content\/uploads\/2022\/11\/D.04.01-postes-voleibol-tenis-badminton-metalicos.jpg","contentUrl":"https:\/\/www.lausinyvicente.com\/wp-content\/uploads\/2022\/11\/D.04.01-postes-voleibol-tenis-badminton-metalicos.jpg","width":720,"height":490},{"@type":"BreadcrumbList","@id":"https:\/\/www.lausinyvicente.com\/en\/sports-equipment\/tennis\/metal-volleyball-tennis-badminton-posts#breadcrumb","itemListElement":[{"@type":"ListItem","position":1,"name":"Portada","item":"https:\/\/www.lausinyvicente.com\/"},{"@type":"ListItem","position":2,"name":"Shop","item":"https:\/\/www.lausinyvicente.com\/en\/shop"},{"@type":"ListItem","position":3,"name":"Metal volleyball\/tennis\/badminton posts"}]},{"@type":"WebSite","@id":"https:\/\/www.lausinyvicente.com\/#website","url":"https:\/\/www.lausinyvicente.com\/","name":"Laus\u00edn y Vicente","description":"Fabricaci\u00f3n y distribuci\u00f3n de material deportivo","potentialAction":[{"@type":"SearchAction","target":{"@type":"EntryPoint","urlTemplate":"https:\/\/www.lausinyvicente.com\/?s={search_term_string}"},"query-input":{"@type":"PropertyValueSpecification","valueRequired":true,"valueName":"search_term_string"}}],"inLanguage":"en-US"}]}},"_links":{"self":[{"href":"https:\/\/www.lausinyvicente.com\/en\/wp-json\/wp\/v2\/product\/4102","targetHints":{"allow":["GET"]}}],"collection":[{"href":"https:\/\/www.lausinyvicente.com\/en\/wp-json\/wp\/v2\/product"}],"about":[{"href":"https:\/\/www.lausinyvicente.com\/en\/wp-json\/wp\/v2\/types\/product"}],"wp:featuredmedia":[{"embeddable":true,"href":"https:\/\/www.lausinyvicente.com\/en\/wp-json\/wp\/v2\/media\/2699"}],"wp:attachment":[{"href":"https:\/\/www.lausinyvicente.com\/en\/wp-json\/wp\/v2\/media?parent=4102"}],"wp:term":[{"taxonomy":"product_cat","embeddable":true,"href":"https:\/\/www.lausinyvicente.com\/en\/wp-json\/wp\/v2\/product_cat?post=4102"},{"taxonomy":"product_tag","embeddable":true,"href":"https:\/\/www.lausinyvicente.com\/en\/wp-json\/wp\/v2\/product_tag?post=4102"}],"curies":[{"name":"wp","href":"https:\/\/api.w.org\/{rel}","templated":true}]}}