{"id":4144,"date":"2022-11-30T16:26:31","date_gmt":"2022-11-30T16:26:31","guid":{"rendered":"https:\/\/www.lausinyvicente.com\/uncategorized\/metal-volleyball-posts\/"},"modified":"2022-11-30T16:26:31","modified_gmt":"2022-11-30T16:26:31","slug":"metal-volleyball-posts","status":"publish","type":"product","link":"https:\/\/www.lausinyvicente.com\/en\/sports-equipment\/volleyball\/metal-volleyball-posts","title":{"rendered":"Metal volleyball posts"},"content":{"rendered":"","protected":false},"excerpt":{"rendered":"<p>Produced according to European Regulation EN 1271. Steel pipe posts painted with epoxy and kiln-dried; round cross-section: 80 mm. Upper pulley to guide and tighten the net. Tighten the net using a hand-cranked winch. Sockets with caps to be embedded into the flooring: 40 cm long, 90 mm external diameter, included. In the movable version, each post includes a metal structure painted white with epoxy and kiln-dried; it comes with a sheet metal container (w\/o ballast) and two 80 mm diameter grey rubber wheels, which do not mark the flooring. This structure us ready to be bolted to the flooring so the posts can be used properly during game time. Net not included. Price per set.        <\/p>\n","protected":false},"featured_media":2685,"template":"","meta":[],"product_cat":[141,145],"product_tag":[],"class_list":{"0":"post-4144","1":"product","2":"type-product","3":"status-publish","4":"has-post-thumbnail","6":"product_cat-sports-equipment","7":"product_cat-volleyball","9":"first","10":"instock","11":"shipping-taxable","12":"purchasable","13":"product-type-variable"},"yoast_head":"<!-- This site is optimized with the Yoast SEO plugin v27.0 - https:\/\/yoast.com\/product\/yoast-seo-wordpress\/ -->\n<title>Metal volleyball posts - Laus\u00edn y Vicente<\/title>\n<meta name=\"robots\" content=\"index, follow, max-snippet:-1, max-image-preview:large, max-video-preview:-1\" \/>\n<link rel=\"canonical\" href=\"https:\/\/www.lausinyvicente.com\/en\/sports-equipment\/volleyball\/metal-volleyball-posts\" \/>\n<meta property=\"og:locale\" content=\"en_US\" \/>\n<meta property=\"og:type\" content=\"article\" \/>\n<meta property=\"og:title\" content=\"Metal volleyball posts - Laus\u00edn y Vicente\" \/>\n<meta property=\"og:description\" content=\"Produced according to European Regulation EN 1271. Steel pipe posts painted with epoxy and kiln-dried; round cross-section: 80 mm. Upper pulley to guide and tighten the net. Tighten the net using a hand-cranked winch. Sockets with caps to be embedded into the flooring: 40 cm long, 90 mm external diameter, included. In the movable version, each post includes a metal structure painted white with epoxy and kiln-dried; it comes with a sheet metal container (w\/o ballast) and two 80 mm diameter grey rubber wheels, which do not mark the flooring. This structure us ready to be bolted to the flooring so the posts can be used properly during game time. Net not included. Price per set.\" \/>\n<meta property=\"og:url\" content=\"https:\/\/www.lausinyvicente.com\/en\/sports-equipment\/volleyball\/metal-volleyball-posts\" \/>\n<meta property=\"og:site_name\" content=\"Laus\u00edn y Vicente\" \/>\n<meta property=\"og:image\" content=\"https:\/\/www.lausinyvicente.com\/wp-content\/uploads\/2022\/11\/D.03.02-poste-voleibol-seccion-redonda.jpg\" \/>\n\t<meta property=\"og:image:width\" content=\"720\" \/>\n\t<meta property=\"og:image:height\" content=\"490\" \/>\n\t<meta property=\"og:image:type\" content=\"image\/jpeg\" \/>\n<meta name=\"twitter:card\" content=\"summary_large_image\" \/>\n<script type=\"application\/ld+json\" class=\"yoast-schema-graph\">{\"@context\":\"https:\/\/schema.org\",\"@graph\":[{\"@type\":\"WebPage\",\"@id\":\"https:\/\/www.lausinyvicente.com\/en\/sports-equipment\/volleyball\/metal-volleyball-posts\",\"url\":\"https:\/\/www.lausinyvicente.com\/en\/sports-equipment\/volleyball\/metal-volleyball-posts\",\"name\":\"Metal volleyball posts - Laus\u00edn y Vicente\",\"isPartOf\":{\"@id\":\"https:\/\/www.lausinyvicente.com\/#website\"},\"primaryImageOfPage\":{\"@id\":\"https:\/\/www.lausinyvicente.com\/en\/sports-equipment\/volleyball\/metal-volleyball-posts#primaryimage\"},\"image\":{\"@id\":\"https:\/\/www.lausinyvicente.com\/en\/sports-equipment\/volleyball\/metal-volleyball-posts#primaryimage\"},\"thumbnailUrl\":\"https:\/\/www.lausinyvicente.com\/wp-content\/uploads\/2022\/11\/D.03.02-poste-voleibol-seccion-redonda.jpg\",\"datePublished\":\"2022-11-30T16:26:31+00:00\",\"breadcrumb\":{\"@id\":\"https:\/\/www.lausinyvicente.com\/en\/sports-equipment\/volleyball\/metal-volleyball-posts#breadcrumb\"},\"inLanguage\":\"en-US\",\"potentialAction\":[{\"@type\":\"ReadAction\",\"target\":[\"https:\/\/www.lausinyvicente.com\/en\/sports-equipment\/volleyball\/metal-volleyball-posts\"]}]},{\"@type\":\"ImageObject\",\"inLanguage\":\"en-US\",\"@id\":\"https:\/\/www.lausinyvicente.com\/en\/sports-equipment\/volleyball\/metal-volleyball-posts#primaryimage\",\"url\":\"https:\/\/www.lausinyvicente.com\/wp-content\/uploads\/2022\/11\/D.03.02-poste-voleibol-seccion-redonda.jpg\",\"contentUrl\":\"https:\/\/www.lausinyvicente.com\/wp-content\/uploads\/2022\/11\/D.03.02-poste-voleibol-seccion-redonda.jpg\",\"width\":720,\"height\":490},{\"@type\":\"BreadcrumbList\",\"@id\":\"https:\/\/www.lausinyvicente.com\/en\/sports-equipment\/volleyball\/metal-volleyball-posts#breadcrumb\",\"itemListElement\":[{\"@type\":\"ListItem\",\"position\":1,\"name\":\"Portada\",\"item\":\"https:\/\/www.lausinyvicente.com\/\"},{\"@type\":\"ListItem\",\"position\":2,\"name\":\"Shop\",\"item\":\"https:\/\/www.lausinyvicente.com\/en\/shop\"},{\"@type\":\"ListItem\",\"position\":3,\"name\":\"Metal volleyball posts\"}]},{\"@type\":\"WebSite\",\"@id\":\"https:\/\/www.lausinyvicente.com\/#website\",\"url\":\"https:\/\/www.lausinyvicente.com\/\",\"name\":\"Laus\u00edn y Vicente\",\"description\":\"Fabricaci\u00f3n y distribuci\u00f3n de material deportivo\",\"potentialAction\":[{\"@type\":\"SearchAction\",\"target\":{\"@type\":\"EntryPoint\",\"urlTemplate\":\"https:\/\/www.lausinyvicente.com\/?s={search_term_string}\"},\"query-input\":{\"@type\":\"PropertyValueSpecification\",\"valueRequired\":true,\"valueName\":\"search_term_string\"}}],\"inLanguage\":\"en-US\"}]}<\/script>\n<!-- \/ Yoast SEO plugin. -->","yoast_head_json":{"title":"Metal volleyball posts - Laus\u00edn y Vicente","robots":{"index":"index","follow":"follow","max-snippet":"max-snippet:-1","max-image-preview":"max-image-preview:large","max-video-preview":"max-video-preview:-1"},"canonical":"https:\/\/www.lausinyvicente.com\/en\/sports-equipment\/volleyball\/metal-volleyball-posts","og_locale":"en_US","og_type":"article","og_title":"Metal volleyball posts - Laus\u00edn y Vicente","og_description":"Produced according to European Regulation EN 1271. Steel pipe posts painted with epoxy and kiln-dried; round cross-section: 80 mm. Upper pulley to guide and tighten the net. Tighten the net using a hand-cranked winch. Sockets with caps to be embedded into the flooring: 40 cm long, 90 mm external diameter, included. In the movable version, each post includes a metal structure painted white with epoxy and kiln-dried; it comes with a sheet metal container (w\/o ballast) and two 80 mm diameter grey rubber wheels, which do not mark the flooring. This structure us ready to be bolted to the flooring so the posts can be used properly during game time. Net not included. Price per set.","og_url":"https:\/\/www.lausinyvicente.com\/en\/sports-equipment\/volleyball\/metal-volleyball-posts","og_site_name":"Laus\u00edn y Vicente","og_image":[{"width":720,"height":490,"url":"https:\/\/www.lausinyvicente.com\/wp-content\/uploads\/2022\/11\/D.03.02-poste-voleibol-seccion-redonda.jpg","type":"image\/jpeg"}],"twitter_card":"summary_large_image","schema":{"@context":"https:\/\/schema.org","@graph":[{"@type":"WebPage","@id":"https:\/\/www.lausinyvicente.com\/en\/sports-equipment\/volleyball\/metal-volleyball-posts","url":"https:\/\/www.lausinyvicente.com\/en\/sports-equipment\/volleyball\/metal-volleyball-posts","name":"Metal volleyball posts - Laus\u00edn y Vicente","isPartOf":{"@id":"https:\/\/www.lausinyvicente.com\/#website"},"primaryImageOfPage":{"@id":"https:\/\/www.lausinyvicente.com\/en\/sports-equipment\/volleyball\/metal-volleyball-posts#primaryimage"},"image":{"@id":"https:\/\/www.lausinyvicente.com\/en\/sports-equipment\/volleyball\/metal-volleyball-posts#primaryimage"},"thumbnailUrl":"https:\/\/www.lausinyvicente.com\/wp-content\/uploads\/2022\/11\/D.03.02-poste-voleibol-seccion-redonda.jpg","datePublished":"2022-11-30T16:26:31+00:00","breadcrumb":{"@id":"https:\/\/www.lausinyvicente.com\/en\/sports-equipment\/volleyball\/metal-volleyball-posts#breadcrumb"},"inLanguage":"en-US","potentialAction":[{"@type":"ReadAction","target":["https:\/\/www.lausinyvicente.com\/en\/sports-equipment\/volleyball\/metal-volleyball-posts"]}]},{"@type":"ImageObject","inLanguage":"en-US","@id":"https:\/\/www.lausinyvicente.com\/en\/sports-equipment\/volleyball\/metal-volleyball-posts#primaryimage","url":"https:\/\/www.lausinyvicente.com\/wp-content\/uploads\/2022\/11\/D.03.02-poste-voleibol-seccion-redonda.jpg","contentUrl":"https:\/\/www.lausinyvicente.com\/wp-content\/uploads\/2022\/11\/D.03.02-poste-voleibol-seccion-redonda.jpg","width":720,"height":490},{"@type":"BreadcrumbList","@id":"https:\/\/www.lausinyvicente.com\/en\/sports-equipment\/volleyball\/metal-volleyball-posts#breadcrumb","itemListElement":[{"@type":"ListItem","position":1,"name":"Portada","item":"https:\/\/www.lausinyvicente.com\/"},{"@type":"ListItem","position":2,"name":"Shop","item":"https:\/\/www.lausinyvicente.com\/en\/shop"},{"@type":"ListItem","position":3,"name":"Metal volleyball posts"}]},{"@type":"WebSite","@id":"https:\/\/www.lausinyvicente.com\/#website","url":"https:\/\/www.lausinyvicente.com\/","name":"Laus\u00edn y Vicente","description":"Fabricaci\u00f3n y distribuci\u00f3n de material deportivo","potentialAction":[{"@type":"SearchAction","target":{"@type":"EntryPoint","urlTemplate":"https:\/\/www.lausinyvicente.com\/?s={search_term_string}"},"query-input":{"@type":"PropertyValueSpecification","valueRequired":true,"valueName":"search_term_string"}}],"inLanguage":"en-US"}]}},"_links":{"self":[{"href":"https:\/\/www.lausinyvicente.com\/en\/wp-json\/wp\/v2\/product\/4144","targetHints":{"allow":["GET"]}}],"collection":[{"href":"https:\/\/www.lausinyvicente.com\/en\/wp-json\/wp\/v2\/product"}],"about":[{"href":"https:\/\/www.lausinyvicente.com\/en\/wp-json\/wp\/v2\/types\/product"}],"wp:featuredmedia":[{"embeddable":true,"href":"https:\/\/www.lausinyvicente.com\/en\/wp-json\/wp\/v2\/media\/2685"}],"wp:attachment":[{"href":"https:\/\/www.lausinyvicente.com\/en\/wp-json\/wp\/v2\/media?parent=4144"}],"wp:term":[{"taxonomy":"product_cat","embeddable":true,"href":"https:\/\/www.lausinyvicente.com\/en\/wp-json\/wp\/v2\/product_cat?post=4144"},{"taxonomy":"product_tag","embeddable":true,"href":"https:\/\/www.lausinyvicente.com\/en\/wp-json\/wp\/v2\/product_tag?post=4144"}],"curies":[{"name":"wp","href":"https:\/\/api.w.org\/{rel}","templated":true}]}}