{"id":4174,"date":"2022-11-30T16:14:55","date_gmt":"2022-11-30T16:14:55","guid":{"rendered":"https:\/\/www.lausinyvicente.com\/uncategorized\/tennis-nets\/"},"modified":"2022-11-30T16:14:55","modified_gmt":"2022-11-30T16:14:55","slug":"tennis-nets","status":"publish","type":"product","link":"https:\/\/www.lausinyvicente.com\/en\/sports-equipment\/tennis\/tennis-nets","title":{"rendered":"Tennis nets"},"content":{"rendered":"","protected":false},"excerpt":{"rendered":"<p>Made from braided nylon thread, polyethylene wire or knot-free polypropylene in varying diameters. Regulatory measurements: 12,80 x 1,06 m. 45 x 45 mm single or dual mesh (depending on code No). 5 cm polyester tape on the upper edge of the net. 4 mm galvanized plastic-coated wire to pull the net across between the posts and tighten it. Includes central guide strip to attach the middle of the net to the court. Price per unit.      <\/p>\n","protected":false},"featured_media":2675,"template":"","meta":[],"product_cat":[141,148],"product_tag":[],"class_list":{"0":"post-4174","1":"product","2":"type-product","3":"status-publish","4":"has-post-thumbnail","6":"product_cat-sports-equipment","7":"product_cat-tennis","9":"first","10":"instock","11":"shipping-taxable","12":"purchasable","13":"product-type-variable"},"yoast_head":"<!-- This site is optimized with the Yoast SEO plugin v27.0 - https:\/\/yoast.com\/product\/yoast-seo-wordpress\/ -->\n<title>Tennis nets - Laus\u00edn y Vicente<\/title>\n<meta name=\"robots\" content=\"index, follow, max-snippet:-1, max-image-preview:large, max-video-preview:-1\" \/>\n<link rel=\"canonical\" href=\"https:\/\/www.lausinyvicente.com\/en\/sports-equipment\/tennis\/tennis-nets\" \/>\n<meta property=\"og:locale\" content=\"en_US\" \/>\n<meta property=\"og:type\" content=\"article\" \/>\n<meta property=\"og:title\" content=\"Tennis nets - Laus\u00edn y Vicente\" \/>\n<meta property=\"og:description\" content=\"Made from braided nylon thread, polyethylene wire or knot-free polypropylene in varying diameters. Regulatory measurements: 12,80 x 1,06 m. 45 x 45 mm single or dual mesh (depending on code No). 5 cm polyester tape on the upper edge of the net. 4 mm galvanized plastic-coated wire to pull the net across between the posts and tighten it. Includes central guide strip to attach the middle of the net to the court. Price per unit.\" \/>\n<meta property=\"og:url\" content=\"https:\/\/www.lausinyvicente.com\/en\/sports-equipment\/tennis\/tennis-nets\" \/>\n<meta property=\"og:site_name\" content=\"Laus\u00edn y Vicente\" \/>\n<meta property=\"og:image\" content=\"https:\/\/www.lausinyvicente.com\/wp-content\/uploads\/2022\/11\/R.07.04-redes-tenis.jpg\" \/>\n\t<meta property=\"og:image:width\" content=\"720\" \/>\n\t<meta property=\"og:image:height\" content=\"490\" \/>\n\t<meta property=\"og:image:type\" content=\"image\/jpeg\" \/>\n<meta name=\"twitter:card\" content=\"summary_large_image\" \/>\n<script type=\"application\/ld+json\" class=\"yoast-schema-graph\">{\"@context\":\"https:\/\/schema.org\",\"@graph\":[{\"@type\":\"WebPage\",\"@id\":\"https:\/\/www.lausinyvicente.com\/en\/sports-equipment\/tennis\/tennis-nets\",\"url\":\"https:\/\/www.lausinyvicente.com\/en\/sports-equipment\/tennis\/tennis-nets\",\"name\":\"Tennis nets - Laus\u00edn y Vicente\",\"isPartOf\":{\"@id\":\"https:\/\/www.lausinyvicente.com\/#website\"},\"primaryImageOfPage\":{\"@id\":\"https:\/\/www.lausinyvicente.com\/en\/sports-equipment\/tennis\/tennis-nets#primaryimage\"},\"image\":{\"@id\":\"https:\/\/www.lausinyvicente.com\/en\/sports-equipment\/tennis\/tennis-nets#primaryimage\"},\"thumbnailUrl\":\"https:\/\/www.lausinyvicente.com\/wp-content\/uploads\/2022\/11\/R.07.04-redes-tenis.jpg\",\"datePublished\":\"2022-11-30T16:14:55+00:00\",\"breadcrumb\":{\"@id\":\"https:\/\/www.lausinyvicente.com\/en\/sports-equipment\/tennis\/tennis-nets#breadcrumb\"},\"inLanguage\":\"en-US\",\"potentialAction\":[{\"@type\":\"ReadAction\",\"target\":[\"https:\/\/www.lausinyvicente.com\/en\/sports-equipment\/tennis\/tennis-nets\"]}]},{\"@type\":\"ImageObject\",\"inLanguage\":\"en-US\",\"@id\":\"https:\/\/www.lausinyvicente.com\/en\/sports-equipment\/tennis\/tennis-nets#primaryimage\",\"url\":\"https:\/\/www.lausinyvicente.com\/wp-content\/uploads\/2022\/11\/R.07.04-redes-tenis.jpg\",\"contentUrl\":\"https:\/\/www.lausinyvicente.com\/wp-content\/uploads\/2022\/11\/R.07.04-redes-tenis.jpg\",\"width\":720,\"height\":490},{\"@type\":\"BreadcrumbList\",\"@id\":\"https:\/\/www.lausinyvicente.com\/en\/sports-equipment\/tennis\/tennis-nets#breadcrumb\",\"itemListElement\":[{\"@type\":\"ListItem\",\"position\":1,\"name\":\"Portada\",\"item\":\"https:\/\/www.lausinyvicente.com\/\"},{\"@type\":\"ListItem\",\"position\":2,\"name\":\"Shop\",\"item\":\"https:\/\/www.lausinyvicente.com\/en\/shop\"},{\"@type\":\"ListItem\",\"position\":3,\"name\":\"Tennis nets\"}]},{\"@type\":\"WebSite\",\"@id\":\"https:\/\/www.lausinyvicente.com\/#website\",\"url\":\"https:\/\/www.lausinyvicente.com\/\",\"name\":\"Laus\u00edn y Vicente\",\"description\":\"Fabricaci\u00f3n y distribuci\u00f3n de material deportivo\",\"potentialAction\":[{\"@type\":\"SearchAction\",\"target\":{\"@type\":\"EntryPoint\",\"urlTemplate\":\"https:\/\/www.lausinyvicente.com\/?s={search_term_string}\"},\"query-input\":{\"@type\":\"PropertyValueSpecification\",\"valueRequired\":true,\"valueName\":\"search_term_string\"}}],\"inLanguage\":\"en-US\"}]}<\/script>\n<!-- \/ Yoast SEO plugin. -->","yoast_head_json":{"title":"Tennis nets - Laus\u00edn y Vicente","robots":{"index":"index","follow":"follow","max-snippet":"max-snippet:-1","max-image-preview":"max-image-preview:large","max-video-preview":"max-video-preview:-1"},"canonical":"https:\/\/www.lausinyvicente.com\/en\/sports-equipment\/tennis\/tennis-nets","og_locale":"en_US","og_type":"article","og_title":"Tennis nets - Laus\u00edn y Vicente","og_description":"Made from braided nylon thread, polyethylene wire or knot-free polypropylene in varying diameters. Regulatory measurements: 12,80 x 1,06 m. 45 x 45 mm single or dual mesh (depending on code No). 5 cm polyester tape on the upper edge of the net. 4 mm galvanized plastic-coated wire to pull the net across between the posts and tighten it. Includes central guide strip to attach the middle of the net to the court. Price per unit.","og_url":"https:\/\/www.lausinyvicente.com\/en\/sports-equipment\/tennis\/tennis-nets","og_site_name":"Laus\u00edn y Vicente","og_image":[{"width":720,"height":490,"url":"https:\/\/www.lausinyvicente.com\/wp-content\/uploads\/2022\/11\/R.07.04-redes-tenis.jpg","type":"image\/jpeg"}],"twitter_card":"summary_large_image","schema":{"@context":"https:\/\/schema.org","@graph":[{"@type":"WebPage","@id":"https:\/\/www.lausinyvicente.com\/en\/sports-equipment\/tennis\/tennis-nets","url":"https:\/\/www.lausinyvicente.com\/en\/sports-equipment\/tennis\/tennis-nets","name":"Tennis nets - Laus\u00edn y Vicente","isPartOf":{"@id":"https:\/\/www.lausinyvicente.com\/#website"},"primaryImageOfPage":{"@id":"https:\/\/www.lausinyvicente.com\/en\/sports-equipment\/tennis\/tennis-nets#primaryimage"},"image":{"@id":"https:\/\/www.lausinyvicente.com\/en\/sports-equipment\/tennis\/tennis-nets#primaryimage"},"thumbnailUrl":"https:\/\/www.lausinyvicente.com\/wp-content\/uploads\/2022\/11\/R.07.04-redes-tenis.jpg","datePublished":"2022-11-30T16:14:55+00:00","breadcrumb":{"@id":"https:\/\/www.lausinyvicente.com\/en\/sports-equipment\/tennis\/tennis-nets#breadcrumb"},"inLanguage":"en-US","potentialAction":[{"@type":"ReadAction","target":["https:\/\/www.lausinyvicente.com\/en\/sports-equipment\/tennis\/tennis-nets"]}]},{"@type":"ImageObject","inLanguage":"en-US","@id":"https:\/\/www.lausinyvicente.com\/en\/sports-equipment\/tennis\/tennis-nets#primaryimage","url":"https:\/\/www.lausinyvicente.com\/wp-content\/uploads\/2022\/11\/R.07.04-redes-tenis.jpg","contentUrl":"https:\/\/www.lausinyvicente.com\/wp-content\/uploads\/2022\/11\/R.07.04-redes-tenis.jpg","width":720,"height":490},{"@type":"BreadcrumbList","@id":"https:\/\/www.lausinyvicente.com\/en\/sports-equipment\/tennis\/tennis-nets#breadcrumb","itemListElement":[{"@type":"ListItem","position":1,"name":"Portada","item":"https:\/\/www.lausinyvicente.com\/"},{"@type":"ListItem","position":2,"name":"Shop","item":"https:\/\/www.lausinyvicente.com\/en\/shop"},{"@type":"ListItem","position":3,"name":"Tennis nets"}]},{"@type":"WebSite","@id":"https:\/\/www.lausinyvicente.com\/#website","url":"https:\/\/www.lausinyvicente.com\/","name":"Laus\u00edn y Vicente","description":"Fabricaci\u00f3n y distribuci\u00f3n de material deportivo","potentialAction":[{"@type":"SearchAction","target":{"@type":"EntryPoint","urlTemplate":"https:\/\/www.lausinyvicente.com\/?s={search_term_string}"},"query-input":{"@type":"PropertyValueSpecification","valueRequired":true,"valueName":"search_term_string"}}],"inLanguage":"en-US"}]}},"_links":{"self":[{"href":"https:\/\/www.lausinyvicente.com\/en\/wp-json\/wp\/v2\/product\/4174","targetHints":{"allow":["GET"]}}],"collection":[{"href":"https:\/\/www.lausinyvicente.com\/en\/wp-json\/wp\/v2\/product"}],"about":[{"href":"https:\/\/www.lausinyvicente.com\/en\/wp-json\/wp\/v2\/types\/product"}],"wp:featuredmedia":[{"embeddable":true,"href":"https:\/\/www.lausinyvicente.com\/en\/wp-json\/wp\/v2\/media\/2675"}],"wp:attachment":[{"href":"https:\/\/www.lausinyvicente.com\/en\/wp-json\/wp\/v2\/media?parent=4174"}],"wp:term":[{"taxonomy":"product_cat","embeddable":true,"href":"https:\/\/www.lausinyvicente.com\/en\/wp-json\/wp\/v2\/product_cat?post=4174"},{"taxonomy":"product_tag","embeddable":true,"href":"https:\/\/www.lausinyvicente.com\/en\/wp-json\/wp\/v2\/product_tag?post=4174"}],"curies":[{"name":"wp","href":"https:\/\/api.w.org\/{rel}","templated":true}]}}