{"id":4214,"date":"2022-11-30T16:03:28","date_gmt":"2022-11-30T16:03:28","guid":{"rendered":"https:\/\/www.lausinyvicente.com\/uncategorized\/metal-tennis-and-paddle-posts\/"},"modified":"2022-11-30T16:03:28","modified_gmt":"2022-11-30T16:03:28","slug":"metal-tennis-paddle-posts","status":"publish","type":"product","link":"https:\/\/www.lausinyvicente.com\/en\/sports-equipment\/tennis\/metal-tennis-paddle-posts","title":{"rendered":"Metal tennis and paddle posts"},"content":{"rendered":"","protected":false},"excerpt":{"rendered":"<p>Produced in accordance with European Regulation EN 1510. 80 mm diameter round cross-section or 70 x 70 square cross-section steel pipe posts (see code no.) painted with epoxy paint and kiln-dried. Upper pulley to guide and tighten the net. Tighten the net using a hand-cranked winch. 40 cm long anchors (with caps) to embed in the ground; 90 mm external diameter for the round cross-section version and 80 x 80 mm for the square cross-section version (included). The movable version comes with a metal structure painted white with epoxy and kiln-dried; it has a 20 kg (approx.) counterweight incorporated and two 80 mm diameter grey rubber wheels, which do not mark the flooring. This structure us ready to be bolted to the flooring so the posts can be used properly during game time. Net not included. Price per set.        <\/p>\n","protected":false},"featured_media":2659,"template":"","meta":[],"product_cat":[141,148],"product_tag":[],"class_list":{"0":"post-4214","1":"product","2":"type-product","3":"status-publish","4":"has-post-thumbnail","6":"product_cat-sports-equipment","7":"product_cat-tennis","9":"first","10":"instock","11":"shipping-taxable","12":"purchasable","13":"product-type-variable"},"yoast_head":"<!-- This site is optimized with the Yoast SEO plugin v27.0 - https:\/\/yoast.com\/product\/yoast-seo-wordpress\/ -->\n<title>Metal tennis and paddle posts - Laus\u00edn y Vicente<\/title>\n<meta name=\"robots\" content=\"index, follow, max-snippet:-1, max-image-preview:large, max-video-preview:-1\" \/>\n<link rel=\"canonical\" href=\"https:\/\/www.lausinyvicente.com\/en\/sports-equipment\/tennis\/metal-tennis-paddle-posts\" \/>\n<meta property=\"og:locale\" content=\"en_US\" \/>\n<meta property=\"og:type\" content=\"article\" \/>\n<meta property=\"og:title\" content=\"Metal tennis and paddle posts - Laus\u00edn y Vicente\" \/>\n<meta property=\"og:description\" content=\"Produced in accordance with European Regulation EN 1510. 80 mm diameter round cross-section or 70 x 70 square cross-section steel pipe posts (see code no.) painted with epoxy paint and kiln-dried. Upper pulley to guide and tighten the net. Tighten the net using a hand-cranked winch. 40 cm long anchors (with caps) to embed in the ground; 90 mm external diameter for the round cross-section version and 80 x 80 mm for the square cross-section version (included). The movable version comes with a metal structure painted white with epoxy and kiln-dried; it has a 20 kg (approx.) counterweight incorporated and two 80 mm diameter grey rubber wheels, which do not mark the flooring. This structure us ready to be bolted to the flooring so the posts can be used properly during game time. Net not included. Price per set.\" \/>\n<meta property=\"og:url\" content=\"https:\/\/www.lausinyvicente.com\/en\/sports-equipment\/tennis\/metal-tennis-paddle-posts\" \/>\n<meta property=\"og:site_name\" content=\"Laus\u00edn y Vicente\" \/>\n<meta property=\"og:image\" content=\"https:\/\/www.lausinyvicente.com\/wp-content\/uploads\/2022\/11\/D.11.01-postes-tenis-pader-metalicos-02.jpg\" \/>\n\t<meta property=\"og:image:width\" content=\"720\" \/>\n\t<meta property=\"og:image:height\" content=\"490\" \/>\n\t<meta property=\"og:image:type\" content=\"image\/jpeg\" \/>\n<meta name=\"twitter:card\" content=\"summary_large_image\" \/>\n<script type=\"application\/ld+json\" class=\"yoast-schema-graph\">{\"@context\":\"https:\/\/schema.org\",\"@graph\":[{\"@type\":\"WebPage\",\"@id\":\"https:\/\/www.lausinyvicente.com\/en\/sports-equipment\/tennis\/metal-tennis-paddle-posts\",\"url\":\"https:\/\/www.lausinyvicente.com\/en\/sports-equipment\/tennis\/metal-tennis-paddle-posts\",\"name\":\"Metal tennis and paddle posts - Laus\u00edn y Vicente\",\"isPartOf\":{\"@id\":\"https:\/\/www.lausinyvicente.com\/#website\"},\"primaryImageOfPage\":{\"@id\":\"https:\/\/www.lausinyvicente.com\/en\/sports-equipment\/tennis\/metal-tennis-paddle-posts#primaryimage\"},\"image\":{\"@id\":\"https:\/\/www.lausinyvicente.com\/en\/sports-equipment\/tennis\/metal-tennis-paddle-posts#primaryimage\"},\"thumbnailUrl\":\"https:\/\/www.lausinyvicente.com\/wp-content\/uploads\/2022\/11\/D.11.01-postes-tenis-pader-metalicos-02.jpg\",\"datePublished\":\"2022-11-30T16:03:28+00:00\",\"breadcrumb\":{\"@id\":\"https:\/\/www.lausinyvicente.com\/en\/sports-equipment\/tennis\/metal-tennis-paddle-posts#breadcrumb\"},\"inLanguage\":\"en-US\",\"potentialAction\":[{\"@type\":\"ReadAction\",\"target\":[\"https:\/\/www.lausinyvicente.com\/en\/sports-equipment\/tennis\/metal-tennis-paddle-posts\"]}]},{\"@type\":\"ImageObject\",\"inLanguage\":\"en-US\",\"@id\":\"https:\/\/www.lausinyvicente.com\/en\/sports-equipment\/tennis\/metal-tennis-paddle-posts#primaryimage\",\"url\":\"https:\/\/www.lausinyvicente.com\/wp-content\/uploads\/2022\/11\/D.11.01-postes-tenis-pader-metalicos-02.jpg\",\"contentUrl\":\"https:\/\/www.lausinyvicente.com\/wp-content\/uploads\/2022\/11\/D.11.01-postes-tenis-pader-metalicos-02.jpg\",\"width\":720,\"height\":490},{\"@type\":\"BreadcrumbList\",\"@id\":\"https:\/\/www.lausinyvicente.com\/en\/sports-equipment\/tennis\/metal-tennis-paddle-posts#breadcrumb\",\"itemListElement\":[{\"@type\":\"ListItem\",\"position\":1,\"name\":\"Portada\",\"item\":\"https:\/\/www.lausinyvicente.com\/\"},{\"@type\":\"ListItem\",\"position\":2,\"name\":\"Shop\",\"item\":\"https:\/\/www.lausinyvicente.com\/en\/shop\"},{\"@type\":\"ListItem\",\"position\":3,\"name\":\"Metal tennis and paddle posts\"}]},{\"@type\":\"WebSite\",\"@id\":\"https:\/\/www.lausinyvicente.com\/#website\",\"url\":\"https:\/\/www.lausinyvicente.com\/\",\"name\":\"Laus\u00edn y Vicente\",\"description\":\"Fabricaci\u00f3n y distribuci\u00f3n de material deportivo\",\"potentialAction\":[{\"@type\":\"SearchAction\",\"target\":{\"@type\":\"EntryPoint\",\"urlTemplate\":\"https:\/\/www.lausinyvicente.com\/?s={search_term_string}\"},\"query-input\":{\"@type\":\"PropertyValueSpecification\",\"valueRequired\":true,\"valueName\":\"search_term_string\"}}],\"inLanguage\":\"en-US\"}]}<\/script>\n<!-- \/ Yoast SEO plugin. -->","yoast_head_json":{"title":"Metal tennis and paddle posts - Laus\u00edn y Vicente","robots":{"index":"index","follow":"follow","max-snippet":"max-snippet:-1","max-image-preview":"max-image-preview:large","max-video-preview":"max-video-preview:-1"},"canonical":"https:\/\/www.lausinyvicente.com\/en\/sports-equipment\/tennis\/metal-tennis-paddle-posts","og_locale":"en_US","og_type":"article","og_title":"Metal tennis and paddle posts - Laus\u00edn y Vicente","og_description":"Produced in accordance with European Regulation EN 1510. 80 mm diameter round cross-section or 70 x 70 square cross-section steel pipe posts (see code no.) painted with epoxy paint and kiln-dried. Upper pulley to guide and tighten the net. Tighten the net using a hand-cranked winch. 40 cm long anchors (with caps) to embed in the ground; 90 mm external diameter for the round cross-section version and 80 x 80 mm for the square cross-section version (included). The movable version comes with a metal structure painted white with epoxy and kiln-dried; it has a 20 kg (approx.) counterweight incorporated and two 80 mm diameter grey rubber wheels, which do not mark the flooring. This structure us ready to be bolted to the flooring so the posts can be used properly during game time. Net not included. Price per set.","og_url":"https:\/\/www.lausinyvicente.com\/en\/sports-equipment\/tennis\/metal-tennis-paddle-posts","og_site_name":"Laus\u00edn y Vicente","og_image":[{"width":720,"height":490,"url":"https:\/\/www.lausinyvicente.com\/wp-content\/uploads\/2022\/11\/D.11.01-postes-tenis-pader-metalicos-02.jpg","type":"image\/jpeg"}],"twitter_card":"summary_large_image","schema":{"@context":"https:\/\/schema.org","@graph":[{"@type":"WebPage","@id":"https:\/\/www.lausinyvicente.com\/en\/sports-equipment\/tennis\/metal-tennis-paddle-posts","url":"https:\/\/www.lausinyvicente.com\/en\/sports-equipment\/tennis\/metal-tennis-paddle-posts","name":"Metal tennis and paddle posts - Laus\u00edn y Vicente","isPartOf":{"@id":"https:\/\/www.lausinyvicente.com\/#website"},"primaryImageOfPage":{"@id":"https:\/\/www.lausinyvicente.com\/en\/sports-equipment\/tennis\/metal-tennis-paddle-posts#primaryimage"},"image":{"@id":"https:\/\/www.lausinyvicente.com\/en\/sports-equipment\/tennis\/metal-tennis-paddle-posts#primaryimage"},"thumbnailUrl":"https:\/\/www.lausinyvicente.com\/wp-content\/uploads\/2022\/11\/D.11.01-postes-tenis-pader-metalicos-02.jpg","datePublished":"2022-11-30T16:03:28+00:00","breadcrumb":{"@id":"https:\/\/www.lausinyvicente.com\/en\/sports-equipment\/tennis\/metal-tennis-paddle-posts#breadcrumb"},"inLanguage":"en-US","potentialAction":[{"@type":"ReadAction","target":["https:\/\/www.lausinyvicente.com\/en\/sports-equipment\/tennis\/metal-tennis-paddle-posts"]}]},{"@type":"ImageObject","inLanguage":"en-US","@id":"https:\/\/www.lausinyvicente.com\/en\/sports-equipment\/tennis\/metal-tennis-paddle-posts#primaryimage","url":"https:\/\/www.lausinyvicente.com\/wp-content\/uploads\/2022\/11\/D.11.01-postes-tenis-pader-metalicos-02.jpg","contentUrl":"https:\/\/www.lausinyvicente.com\/wp-content\/uploads\/2022\/11\/D.11.01-postes-tenis-pader-metalicos-02.jpg","width":720,"height":490},{"@type":"BreadcrumbList","@id":"https:\/\/www.lausinyvicente.com\/en\/sports-equipment\/tennis\/metal-tennis-paddle-posts#breadcrumb","itemListElement":[{"@type":"ListItem","position":1,"name":"Portada","item":"https:\/\/www.lausinyvicente.com\/"},{"@type":"ListItem","position":2,"name":"Shop","item":"https:\/\/www.lausinyvicente.com\/en\/shop"},{"@type":"ListItem","position":3,"name":"Metal tennis and paddle posts"}]},{"@type":"WebSite","@id":"https:\/\/www.lausinyvicente.com\/#website","url":"https:\/\/www.lausinyvicente.com\/","name":"Laus\u00edn y Vicente","description":"Fabricaci\u00f3n y distribuci\u00f3n de material deportivo","potentialAction":[{"@type":"SearchAction","target":{"@type":"EntryPoint","urlTemplate":"https:\/\/www.lausinyvicente.com\/?s={search_term_string}"},"query-input":{"@type":"PropertyValueSpecification","valueRequired":true,"valueName":"search_term_string"}}],"inLanguage":"en-US"}]}},"_links":{"self":[{"href":"https:\/\/www.lausinyvicente.com\/en\/wp-json\/wp\/v2\/product\/4214","targetHints":{"allow":["GET"]}}],"collection":[{"href":"https:\/\/www.lausinyvicente.com\/en\/wp-json\/wp\/v2\/product"}],"about":[{"href":"https:\/\/www.lausinyvicente.com\/en\/wp-json\/wp\/v2\/types\/product"}],"wp:featuredmedia":[{"embeddable":true,"href":"https:\/\/www.lausinyvicente.com\/en\/wp-json\/wp\/v2\/media\/2659"}],"wp:attachment":[{"href":"https:\/\/www.lausinyvicente.com\/en\/wp-json\/wp\/v2\/media?parent=4214"}],"wp:term":[{"taxonomy":"product_cat","embeddable":true,"href":"https:\/\/www.lausinyvicente.com\/en\/wp-json\/wp\/v2\/product_cat?post=4214"},{"taxonomy":"product_tag","embeddable":true,"href":"https:\/\/www.lausinyvicente.com\/en\/wp-json\/wp\/v2\/product_tag?post=4214"}],"curies":[{"name":"wp","href":"https:\/\/api.w.org\/{rel}","templated":true}]}}