{"id":4230,"date":"2022-11-30T16:00:08","date_gmt":"2022-11-30T16:00:08","guid":{"rendered":"https:\/\/www.lausinyvicente.com\/uncategorized\/aluminium-tennis-and-paddle-posts-square-cross-section\/"},"modified":"2022-11-30T16:00:08","modified_gmt":"2022-11-30T16:00:08","slug":"aluminium-tennis-paddle-posts-square-cross-section","status":"publish","type":"product","link":"https:\/\/www.lausinyvicente.com\/en\/sports-equipment\/tennis\/aluminium-tennis-paddle-posts-square-cross-section","title":{"rendered":"Aluminium tennis and paddle posts. Square cross-section"},"content":{"rendered":"","protected":false},"excerpt":{"rendered":"<p>Made from 80 x 80 square cross-section\/2 mm thick anodised aluminium pipe (with internal ribbing). Produced and designed per regulation EN 1510. Removable aluminium cap on the tensor post to clamp\/tighten the cable and wire guide rail along a groove in the cap on the opposite post. Net-tightening device inside the posts. Includes 350 mm deep anchors to embed the posts in the ground, complete with caps and PVC hooks to pull the net along. The movable version comes with a metal structure painted white with epoxy and kiln-dried; it has a 20 kg (approx.) counterweight incorporated and two 80 mm diameter grey rubber wheels, which do not mark the flooring. This structure us ready to be bolted to the flooring so the posts can be used properly during game time. Net not included. Price per set.        <\/p>\n","protected":false},"featured_media":2655,"template":"","meta":[],"product_cat":[141,148],"product_tag":[],"class_list":{"0":"post-4230","1":"product","2":"type-product","3":"status-publish","4":"has-post-thumbnail","6":"product_cat-sports-equipment","7":"product_cat-tennis","9":"first","10":"instock","11":"shipping-taxable","12":"purchasable","13":"product-type-variable"},"yoast_head":"<!-- This site is optimized with the Yoast SEO plugin v27.0 - https:\/\/yoast.com\/product\/yoast-seo-wordpress\/ -->\n<title>Aluminium tennis and paddle posts. Square cross-section - Laus\u00edn y Vicente<\/title>\n<meta name=\"robots\" content=\"index, follow, max-snippet:-1, max-image-preview:large, max-video-preview:-1\" \/>\n<link rel=\"canonical\" href=\"https:\/\/www.lausinyvicente.com\/en\/sports-equipment\/tennis\/aluminium-tennis-paddle-posts-square-cross-section\" \/>\n<meta property=\"og:locale\" content=\"en_US\" \/>\n<meta property=\"og:type\" content=\"article\" \/>\n<meta property=\"og:title\" content=\"Aluminium tennis and paddle posts. Square cross-section - Laus\u00edn y Vicente\" \/>\n<meta property=\"og:description\" content=\"Made from 80 x 80 square cross-section\/2 mm thick anodised aluminium pipe (with internal ribbing). Produced and designed per regulation EN 1510. Removable aluminium cap on the tensor post to clamp\/tighten the cable and wire guide rail along a groove in the cap on the opposite post. Net-tightening device inside the posts. Includes 350 mm deep anchors to embed the posts in the ground, complete with caps and PVC hooks to pull the net along. The movable version comes with a metal structure painted white with epoxy and kiln-dried; it has a 20 kg (approx.) counterweight incorporated and two 80 mm diameter grey rubber wheels, which do not mark the flooring. This structure us ready to be bolted to the flooring so the posts can be used properly during game time. Net not included. Price per set.\" \/>\n<meta property=\"og:url\" content=\"https:\/\/www.lausinyvicente.com\/en\/sports-equipment\/tennis\/aluminium-tennis-paddle-posts-square-cross-section\" \/>\n<meta property=\"og:site_name\" content=\"Laus\u00edn y Vicente\" \/>\n<meta property=\"og:image\" content=\"https:\/\/www.lausinyvicente.com\/wp-content\/uploads\/2022\/11\/D.11.08-postes-tenis-padel-seccion-cuadrada_copia.jpg\" \/>\n\t<meta property=\"og:image:width\" content=\"720\" \/>\n\t<meta property=\"og:image:height\" content=\"490\" \/>\n\t<meta property=\"og:image:type\" content=\"image\/jpeg\" \/>\n<meta name=\"twitter:card\" content=\"summary_large_image\" \/>\n<script type=\"application\/ld+json\" class=\"yoast-schema-graph\">{\"@context\":\"https:\/\/schema.org\",\"@graph\":[{\"@type\":\"WebPage\",\"@id\":\"https:\/\/www.lausinyvicente.com\/en\/sports-equipment\/tennis\/aluminium-tennis-paddle-posts-square-cross-section\",\"url\":\"https:\/\/www.lausinyvicente.com\/en\/sports-equipment\/tennis\/aluminium-tennis-paddle-posts-square-cross-section\",\"name\":\"Aluminium tennis and paddle posts. Square cross-section - Laus\u00edn y Vicente\",\"isPartOf\":{\"@id\":\"https:\/\/www.lausinyvicente.com\/#website\"},\"primaryImageOfPage\":{\"@id\":\"https:\/\/www.lausinyvicente.com\/en\/sports-equipment\/tennis\/aluminium-tennis-paddle-posts-square-cross-section#primaryimage\"},\"image\":{\"@id\":\"https:\/\/www.lausinyvicente.com\/en\/sports-equipment\/tennis\/aluminium-tennis-paddle-posts-square-cross-section#primaryimage\"},\"thumbnailUrl\":\"https:\/\/www.lausinyvicente.com\/wp-content\/uploads\/2022\/11\/D.11.08-postes-tenis-padel-seccion-cuadrada_copia.jpg\",\"datePublished\":\"2022-11-30T16:00:08+00:00\",\"breadcrumb\":{\"@id\":\"https:\/\/www.lausinyvicente.com\/en\/sports-equipment\/tennis\/aluminium-tennis-paddle-posts-square-cross-section#breadcrumb\"},\"inLanguage\":\"en-US\",\"potentialAction\":[{\"@type\":\"ReadAction\",\"target\":[\"https:\/\/www.lausinyvicente.com\/en\/sports-equipment\/tennis\/aluminium-tennis-paddle-posts-square-cross-section\"]}]},{\"@type\":\"ImageObject\",\"inLanguage\":\"en-US\",\"@id\":\"https:\/\/www.lausinyvicente.com\/en\/sports-equipment\/tennis\/aluminium-tennis-paddle-posts-square-cross-section#primaryimage\",\"url\":\"https:\/\/www.lausinyvicente.com\/wp-content\/uploads\/2022\/11\/D.11.08-postes-tenis-padel-seccion-cuadrada_copia.jpg\",\"contentUrl\":\"https:\/\/www.lausinyvicente.com\/wp-content\/uploads\/2022\/11\/D.11.08-postes-tenis-padel-seccion-cuadrada_copia.jpg\",\"width\":720,\"height\":490},{\"@type\":\"BreadcrumbList\",\"@id\":\"https:\/\/www.lausinyvicente.com\/en\/sports-equipment\/tennis\/aluminium-tennis-paddle-posts-square-cross-section#breadcrumb\",\"itemListElement\":[{\"@type\":\"ListItem\",\"position\":1,\"name\":\"Portada\",\"item\":\"https:\/\/www.lausinyvicente.com\/\"},{\"@type\":\"ListItem\",\"position\":2,\"name\":\"Shop\",\"item\":\"https:\/\/www.lausinyvicente.com\/en\/shop\"},{\"@type\":\"ListItem\",\"position\":3,\"name\":\"Aluminium tennis and paddle posts. Square cross-section\"}]},{\"@type\":\"WebSite\",\"@id\":\"https:\/\/www.lausinyvicente.com\/#website\",\"url\":\"https:\/\/www.lausinyvicente.com\/\",\"name\":\"Laus\u00edn y Vicente\",\"description\":\"Fabricaci\u00f3n y distribuci\u00f3n de material deportivo\",\"potentialAction\":[{\"@type\":\"SearchAction\",\"target\":{\"@type\":\"EntryPoint\",\"urlTemplate\":\"https:\/\/www.lausinyvicente.com\/?s={search_term_string}\"},\"query-input\":{\"@type\":\"PropertyValueSpecification\",\"valueRequired\":true,\"valueName\":\"search_term_string\"}}],\"inLanguage\":\"en-US\"}]}<\/script>\n<!-- \/ Yoast SEO plugin. -->","yoast_head_json":{"title":"Aluminium tennis and paddle posts. Square cross-section - Laus\u00edn y Vicente","robots":{"index":"index","follow":"follow","max-snippet":"max-snippet:-1","max-image-preview":"max-image-preview:large","max-video-preview":"max-video-preview:-1"},"canonical":"https:\/\/www.lausinyvicente.com\/en\/sports-equipment\/tennis\/aluminium-tennis-paddle-posts-square-cross-section","og_locale":"en_US","og_type":"article","og_title":"Aluminium tennis and paddle posts. Square cross-section - Laus\u00edn y Vicente","og_description":"Made from 80 x 80 square cross-section\/2 mm thick anodised aluminium pipe (with internal ribbing). Produced and designed per regulation EN 1510. Removable aluminium cap on the tensor post to clamp\/tighten the cable and wire guide rail along a groove in the cap on the opposite post. Net-tightening device inside the posts. Includes 350 mm deep anchors to embed the posts in the ground, complete with caps and PVC hooks to pull the net along. The movable version comes with a metal structure painted white with epoxy and kiln-dried; it has a 20 kg (approx.) counterweight incorporated and two 80 mm diameter grey rubber wheels, which do not mark the flooring. This structure us ready to be bolted to the flooring so the posts can be used properly during game time. Net not included. Price per set.","og_url":"https:\/\/www.lausinyvicente.com\/en\/sports-equipment\/tennis\/aluminium-tennis-paddle-posts-square-cross-section","og_site_name":"Laus\u00edn y Vicente","og_image":[{"width":720,"height":490,"url":"https:\/\/www.lausinyvicente.com\/wp-content\/uploads\/2022\/11\/D.11.08-postes-tenis-padel-seccion-cuadrada_copia.jpg","type":"image\/jpeg"}],"twitter_card":"summary_large_image","schema":{"@context":"https:\/\/schema.org","@graph":[{"@type":"WebPage","@id":"https:\/\/www.lausinyvicente.com\/en\/sports-equipment\/tennis\/aluminium-tennis-paddle-posts-square-cross-section","url":"https:\/\/www.lausinyvicente.com\/en\/sports-equipment\/tennis\/aluminium-tennis-paddle-posts-square-cross-section","name":"Aluminium tennis and paddle posts. Square cross-section - Laus\u00edn y Vicente","isPartOf":{"@id":"https:\/\/www.lausinyvicente.com\/#website"},"primaryImageOfPage":{"@id":"https:\/\/www.lausinyvicente.com\/en\/sports-equipment\/tennis\/aluminium-tennis-paddle-posts-square-cross-section#primaryimage"},"image":{"@id":"https:\/\/www.lausinyvicente.com\/en\/sports-equipment\/tennis\/aluminium-tennis-paddle-posts-square-cross-section#primaryimage"},"thumbnailUrl":"https:\/\/www.lausinyvicente.com\/wp-content\/uploads\/2022\/11\/D.11.08-postes-tenis-padel-seccion-cuadrada_copia.jpg","datePublished":"2022-11-30T16:00:08+00:00","breadcrumb":{"@id":"https:\/\/www.lausinyvicente.com\/en\/sports-equipment\/tennis\/aluminium-tennis-paddle-posts-square-cross-section#breadcrumb"},"inLanguage":"en-US","potentialAction":[{"@type":"ReadAction","target":["https:\/\/www.lausinyvicente.com\/en\/sports-equipment\/tennis\/aluminium-tennis-paddle-posts-square-cross-section"]}]},{"@type":"ImageObject","inLanguage":"en-US","@id":"https:\/\/www.lausinyvicente.com\/en\/sports-equipment\/tennis\/aluminium-tennis-paddle-posts-square-cross-section#primaryimage","url":"https:\/\/www.lausinyvicente.com\/wp-content\/uploads\/2022\/11\/D.11.08-postes-tenis-padel-seccion-cuadrada_copia.jpg","contentUrl":"https:\/\/www.lausinyvicente.com\/wp-content\/uploads\/2022\/11\/D.11.08-postes-tenis-padel-seccion-cuadrada_copia.jpg","width":720,"height":490},{"@type":"BreadcrumbList","@id":"https:\/\/www.lausinyvicente.com\/en\/sports-equipment\/tennis\/aluminium-tennis-paddle-posts-square-cross-section#breadcrumb","itemListElement":[{"@type":"ListItem","position":1,"name":"Portada","item":"https:\/\/www.lausinyvicente.com\/"},{"@type":"ListItem","position":2,"name":"Shop","item":"https:\/\/www.lausinyvicente.com\/en\/shop"},{"@type":"ListItem","position":3,"name":"Aluminium tennis and paddle posts. Square cross-section"}]},{"@type":"WebSite","@id":"https:\/\/www.lausinyvicente.com\/#website","url":"https:\/\/www.lausinyvicente.com\/","name":"Laus\u00edn y Vicente","description":"Fabricaci\u00f3n y distribuci\u00f3n de material deportivo","potentialAction":[{"@type":"SearchAction","target":{"@type":"EntryPoint","urlTemplate":"https:\/\/www.lausinyvicente.com\/?s={search_term_string}"},"query-input":{"@type":"PropertyValueSpecification","valueRequired":true,"valueName":"search_term_string"}}],"inLanguage":"en-US"}]}},"_links":{"self":[{"href":"https:\/\/www.lausinyvicente.com\/en\/wp-json\/wp\/v2\/product\/4230","targetHints":{"allow":["GET"]}}],"collection":[{"href":"https:\/\/www.lausinyvicente.com\/en\/wp-json\/wp\/v2\/product"}],"about":[{"href":"https:\/\/www.lausinyvicente.com\/en\/wp-json\/wp\/v2\/types\/product"}],"wp:featuredmedia":[{"embeddable":true,"href":"https:\/\/www.lausinyvicente.com\/en\/wp-json\/wp\/v2\/media\/2655"}],"wp:attachment":[{"href":"https:\/\/www.lausinyvicente.com\/en\/wp-json\/wp\/v2\/media?parent=4230"}],"wp:term":[{"taxonomy":"product_cat","embeddable":true,"href":"https:\/\/www.lausinyvicente.com\/en\/wp-json\/wp\/v2\/product_cat?post=4230"},{"taxonomy":"product_tag","embeddable":true,"href":"https:\/\/www.lausinyvicente.com\/en\/wp-json\/wp\/v2\/product_tag?post=4230"}],"curies":[{"name":"wp","href":"https:\/\/api.w.org\/{rel}","templated":true}]}}