{"id":4264,"date":"2022-11-30T15:45:28","date_gmt":"2022-11-30T15:45:28","guid":{"rendered":"https:\/\/www.lausinyvicente.com\/uncategorized\/hockey-goals\/"},"modified":"2022-11-30T15:45:28","modified_gmt":"2022-11-30T15:45:28","slug":"hockey-goals","status":"publish","type":"product","link":"https:\/\/www.lausinyvicente.com\/en\/sports-equipment\/hockey\/hockey-goals","title":{"rendered":"Hockey goals"},"content":{"rendered":"","protected":false},"excerpt":{"rendered":"<p>Made according to the requirements detailed in European Regulation UNE-EN 750. Posts, crossbars and bases in aluminium profile (75 x 50 x 3 mm) rectangular cross-section. Made in special 6082 aluminium alloy which has undergone T6 thermal treatment to make it more robust and resistant to impacts. Easy-to-fit polyamide hooks to hold the net to the goal frame. Posts and crossbar lacquered in RAL 9010 white. Lower base in aluminium (uncoloured). Net supports and rear reinforcements in hot dip galvanized steel profile. Rear and side panels in 21 mm dark brown plywood. Dimensions: 3,66 x 2,14 m\/Depth at top: 0,9 m\/ Depth at base: 1,2 m. Wheels optional. Price per set (w\/o net).         <\/p>\n","protected":false},"featured_media":6687,"template":"","meta":[],"product_cat":[153,141],"product_tag":[],"class_list":{"0":"post-4264","1":"product","2":"type-product","3":"status-publish","4":"has-post-thumbnail","6":"product_cat-hockey","7":"product_cat-sports-equipment","9":"first","10":"instock","11":"shipping-taxable","12":"purchasable","13":"product-type-variable"},"yoast_head":"<!-- This site is optimized with the Yoast SEO plugin v27.0 - https:\/\/yoast.com\/product\/yoast-seo-wordpress\/ -->\n<title>Hockey goals - Laus\u00edn y Vicente<\/title>\n<meta name=\"robots\" content=\"index, follow, max-snippet:-1, max-image-preview:large, max-video-preview:-1\" \/>\n<link rel=\"canonical\" href=\"https:\/\/www.lausinyvicente.com\/en\/sports-equipment\/hockey\/hockey-goals\" \/>\n<meta property=\"og:locale\" content=\"en_US\" \/>\n<meta property=\"og:type\" content=\"article\" \/>\n<meta property=\"og:title\" content=\"Hockey goals - Laus\u00edn y Vicente\" \/>\n<meta property=\"og:description\" content=\"Made according to the requirements detailed in European Regulation UNE-EN 750. Posts, crossbars and bases in aluminium profile (75 x 50 x 3 mm) rectangular cross-section. Made in special 6082 aluminium alloy which has undergone T6 thermal treatment to make it more robust and resistant to impacts. Easy-to-fit polyamide hooks to hold the net to the goal frame. Posts and crossbar lacquered in RAL 9010 white. Lower base in aluminium (uncoloured). Net supports and rear reinforcements in hot dip galvanized steel profile. Rear and side panels in 21 mm dark brown plywood. Dimensions: 3,66 x 2,14 m\/Depth at top: 0,9 m\/ Depth at base: 1,2 m. Wheels optional. Price per set (w\/o net).\" \/>\n<meta property=\"og:url\" content=\"https:\/\/www.lausinyvicente.com\/en\/sports-equipment\/hockey\/hockey-goals\" \/>\n<meta property=\"og:site_name\" content=\"Laus\u00edn y Vicente\" \/>\n<meta property=\"og:image\" content=\"https:\/\/www.lausinyvicente.com\/wp-content\/uploads\/2022\/11\/D.07.02-juego-porterias-hockey-hierba-aluminio.jpg\" \/>\n\t<meta property=\"og:image:width\" content=\"720\" \/>\n\t<meta property=\"og:image:height\" content=\"490\" \/>\n\t<meta property=\"og:image:type\" content=\"image\/jpeg\" \/>\n<meta name=\"twitter:card\" content=\"summary_large_image\" \/>\n<script type=\"application\/ld+json\" class=\"yoast-schema-graph\">{\"@context\":\"https:\/\/schema.org\",\"@graph\":[{\"@type\":\"WebPage\",\"@id\":\"https:\/\/www.lausinyvicente.com\/en\/sports-equipment\/hockey\/hockey-goals\",\"url\":\"https:\/\/www.lausinyvicente.com\/en\/sports-equipment\/hockey\/hockey-goals\",\"name\":\"Hockey goals - Laus\u00edn y Vicente\",\"isPartOf\":{\"@id\":\"https:\/\/www.lausinyvicente.com\/#website\"},\"primaryImageOfPage\":{\"@id\":\"https:\/\/www.lausinyvicente.com\/en\/sports-equipment\/hockey\/hockey-goals#primaryimage\"},\"image\":{\"@id\":\"https:\/\/www.lausinyvicente.com\/en\/sports-equipment\/hockey\/hockey-goals#primaryimage\"},\"thumbnailUrl\":\"https:\/\/www.lausinyvicente.com\/wp-content\/uploads\/2022\/11\/hockey-patines.png\",\"datePublished\":\"2022-11-30T15:45:28+00:00\",\"breadcrumb\":{\"@id\":\"https:\/\/www.lausinyvicente.com\/en\/sports-equipment\/hockey\/hockey-goals#breadcrumb\"},\"inLanguage\":\"en-US\",\"potentialAction\":[{\"@type\":\"ReadAction\",\"target\":[\"https:\/\/www.lausinyvicente.com\/en\/sports-equipment\/hockey\/hockey-goals\"]}]},{\"@type\":\"ImageObject\",\"inLanguage\":\"en-US\",\"@id\":\"https:\/\/www.lausinyvicente.com\/en\/sports-equipment\/hockey\/hockey-goals#primaryimage\",\"url\":\"https:\/\/www.lausinyvicente.com\/wp-content\/uploads\/2022\/11\/hockey-patines.png\",\"contentUrl\":\"https:\/\/www.lausinyvicente.com\/wp-content\/uploads\/2022\/11\/hockey-patines.png\",\"width\":720,\"height\":490},{\"@type\":\"BreadcrumbList\",\"@id\":\"https:\/\/www.lausinyvicente.com\/en\/sports-equipment\/hockey\/hockey-goals#breadcrumb\",\"itemListElement\":[{\"@type\":\"ListItem\",\"position\":1,\"name\":\"Portada\",\"item\":\"https:\/\/www.lausinyvicente.com\/\"},{\"@type\":\"ListItem\",\"position\":2,\"name\":\"Shop\",\"item\":\"https:\/\/www.lausinyvicente.com\/en\/shop\"},{\"@type\":\"ListItem\",\"position\":3,\"name\":\"Hockey goals\"}]},{\"@type\":\"WebSite\",\"@id\":\"https:\/\/www.lausinyvicente.com\/#website\",\"url\":\"https:\/\/www.lausinyvicente.com\/\",\"name\":\"Laus\u00edn y Vicente\",\"description\":\"Fabricaci\u00f3n y distribuci\u00f3n de material deportivo\",\"potentialAction\":[{\"@type\":\"SearchAction\",\"target\":{\"@type\":\"EntryPoint\",\"urlTemplate\":\"https:\/\/www.lausinyvicente.com\/?s={search_term_string}\"},\"query-input\":{\"@type\":\"PropertyValueSpecification\",\"valueRequired\":true,\"valueName\":\"search_term_string\"}}],\"inLanguage\":\"en-US\"}]}<\/script>\n<!-- \/ Yoast SEO plugin. -->","yoast_head_json":{"title":"Hockey goals - Laus\u00edn y Vicente","robots":{"index":"index","follow":"follow","max-snippet":"max-snippet:-1","max-image-preview":"max-image-preview:large","max-video-preview":"max-video-preview:-1"},"canonical":"https:\/\/www.lausinyvicente.com\/en\/sports-equipment\/hockey\/hockey-goals","og_locale":"en_US","og_type":"article","og_title":"Hockey goals - Laus\u00edn y Vicente","og_description":"Made according to the requirements detailed in European Regulation UNE-EN 750. Posts, crossbars and bases in aluminium profile (75 x 50 x 3 mm) rectangular cross-section. Made in special 6082 aluminium alloy which has undergone T6 thermal treatment to make it more robust and resistant to impacts. Easy-to-fit polyamide hooks to hold the net to the goal frame. Posts and crossbar lacquered in RAL 9010 white. Lower base in aluminium (uncoloured). Net supports and rear reinforcements in hot dip galvanized steel profile. Rear and side panels in 21 mm dark brown plywood. Dimensions: 3,66 x 2,14 m\/Depth at top: 0,9 m\/ Depth at base: 1,2 m. Wheels optional. Price per set (w\/o net).","og_url":"https:\/\/www.lausinyvicente.com\/en\/sports-equipment\/hockey\/hockey-goals","og_site_name":"Laus\u00edn y Vicente","og_image":[{"width":720,"height":490,"url":"https:\/\/www.lausinyvicente.com\/wp-content\/uploads\/2022\/11\/D.07.02-juego-porterias-hockey-hierba-aluminio.jpg","type":"image\/jpeg"}],"twitter_card":"summary_large_image","schema":{"@context":"https:\/\/schema.org","@graph":[{"@type":"WebPage","@id":"https:\/\/www.lausinyvicente.com\/en\/sports-equipment\/hockey\/hockey-goals","url":"https:\/\/www.lausinyvicente.com\/en\/sports-equipment\/hockey\/hockey-goals","name":"Hockey goals - Laus\u00edn y Vicente","isPartOf":{"@id":"https:\/\/www.lausinyvicente.com\/#website"},"primaryImageOfPage":{"@id":"https:\/\/www.lausinyvicente.com\/en\/sports-equipment\/hockey\/hockey-goals#primaryimage"},"image":{"@id":"https:\/\/www.lausinyvicente.com\/en\/sports-equipment\/hockey\/hockey-goals#primaryimage"},"thumbnailUrl":"https:\/\/www.lausinyvicente.com\/wp-content\/uploads\/2022\/11\/hockey-patines.png","datePublished":"2022-11-30T15:45:28+00:00","breadcrumb":{"@id":"https:\/\/www.lausinyvicente.com\/en\/sports-equipment\/hockey\/hockey-goals#breadcrumb"},"inLanguage":"en-US","potentialAction":[{"@type":"ReadAction","target":["https:\/\/www.lausinyvicente.com\/en\/sports-equipment\/hockey\/hockey-goals"]}]},{"@type":"ImageObject","inLanguage":"en-US","@id":"https:\/\/www.lausinyvicente.com\/en\/sports-equipment\/hockey\/hockey-goals#primaryimage","url":"https:\/\/www.lausinyvicente.com\/wp-content\/uploads\/2022\/11\/hockey-patines.png","contentUrl":"https:\/\/www.lausinyvicente.com\/wp-content\/uploads\/2022\/11\/hockey-patines.png","width":720,"height":490},{"@type":"BreadcrumbList","@id":"https:\/\/www.lausinyvicente.com\/en\/sports-equipment\/hockey\/hockey-goals#breadcrumb","itemListElement":[{"@type":"ListItem","position":1,"name":"Portada","item":"https:\/\/www.lausinyvicente.com\/"},{"@type":"ListItem","position":2,"name":"Shop","item":"https:\/\/www.lausinyvicente.com\/en\/shop"},{"@type":"ListItem","position":3,"name":"Hockey goals"}]},{"@type":"WebSite","@id":"https:\/\/www.lausinyvicente.com\/#website","url":"https:\/\/www.lausinyvicente.com\/","name":"Laus\u00edn y Vicente","description":"Fabricaci\u00f3n y distribuci\u00f3n de material deportivo","potentialAction":[{"@type":"SearchAction","target":{"@type":"EntryPoint","urlTemplate":"https:\/\/www.lausinyvicente.com\/?s={search_term_string}"},"query-input":{"@type":"PropertyValueSpecification","valueRequired":true,"valueName":"search_term_string"}}],"inLanguage":"en-US"}]}},"_links":{"self":[{"href":"https:\/\/www.lausinyvicente.com\/en\/wp-json\/wp\/v2\/product\/4264","targetHints":{"allow":["GET"]}}],"collection":[{"href":"https:\/\/www.lausinyvicente.com\/en\/wp-json\/wp\/v2\/product"}],"about":[{"href":"https:\/\/www.lausinyvicente.com\/en\/wp-json\/wp\/v2\/types\/product"}],"wp:featuredmedia":[{"embeddable":true,"href":"https:\/\/www.lausinyvicente.com\/en\/wp-json\/wp\/v2\/media\/6687"}],"wp:attachment":[{"href":"https:\/\/www.lausinyvicente.com\/en\/wp-json\/wp\/v2\/media?parent=4264"}],"wp:term":[{"taxonomy":"product_cat","embeddable":true,"href":"https:\/\/www.lausinyvicente.com\/en\/wp-json\/wp\/v2\/product_cat?post=4264"},{"taxonomy":"product_tag","embeddable":true,"href":"https:\/\/www.lausinyvicente.com\/en\/wp-json\/wp\/v2\/product_tag?post=4264"}],"curies":[{"name":"wp","href":"https:\/\/api.w.org\/{rel}","templated":true}]}}