{"id":4300,"date":"2022-11-30T15:34:24","date_gmt":"2022-11-30T15:34:24","guid":{"rendered":"https:\/\/www.lausinyvicente.com\/uncategorized\/7-and-5-a-side-football-folding-rear-base\/"},"modified":"2022-11-30T15:34:24","modified_gmt":"2022-11-30T15:34:24","slug":"7-5-a-side-football-folding-rear-base","status":"publish","type":"product","link":"https:\/\/www.lausinyvicente.com\/en\/sports-equipment\/football\/nets-bases-posts\/7-5-a-side-football-folding-rear-base","title":{"rendered":"7 and 5 -a-side football folding rear base"},"content":{"rendered":"","protected":false},"excerpt":{"rendered":"<p>Made in galvanized steel pipe with a 38 mm round cross-section on the straight section and 32 mm diameter for the curved parts. The parts are joined together using hex-head screws. It is used to attach the netting to the pitch without the need for nailing it to the ground; useful for grass pitches as it can be folded so the grass can be cut in the goal area. Each rear base comes with two hinges which are attached to the base of the posts and allow the unit to be folded towards the post. Standard depth: 2 m. (Other depths available on request). Price per set (2 units).     <\/p>\n","protected":false},"featured_media":2633,"template":"","meta":[],"product_cat":[155,141,225],"product_tag":[],"class_list":{"0":"post-4300","1":"product","2":"type-product","3":"status-publish","4":"has-post-thumbnail","6":"product_cat-football","7":"product_cat-sports-equipment","8":"product_cat-nets-bases-posts","10":"first","11":"instock","12":"shipping-taxable","13":"purchasable","14":"product-type-variable"},"yoast_head":"<!-- This site is optimized with the Yoast SEO plugin v27.0 - https:\/\/yoast.com\/product\/yoast-seo-wordpress\/ -->\n<title>7 and 5 -a-side football folding rear base - Laus\u00edn y Vicente<\/title>\n<meta name=\"robots\" content=\"index, follow, max-snippet:-1, max-image-preview:large, max-video-preview:-1\" \/>\n<link rel=\"canonical\" href=\"https:\/\/www.lausinyvicente.com\/en\/sports-equipment\/football\/7-5-a-side-football-folding-rear-base\" \/>\n<meta property=\"og:locale\" content=\"en_US\" \/>\n<meta property=\"og:type\" content=\"article\" \/>\n<meta property=\"og:title\" content=\"7 and 5 -a-side football folding rear base - Laus\u00edn y Vicente\" \/>\n<meta property=\"og:description\" content=\"Made in galvanized steel pipe with a 38 mm round cross-section on the straight section and 32 mm diameter for the curved parts. The parts are joined together using hex-head screws. It is used to attach the netting to the pitch without the need for nailing it to the ground; useful for grass pitches as it can be folded so the grass can be cut in the goal area. Each rear base comes with two hinges which are attached to the base of the posts and allow the unit to be folded towards the post. Standard depth: 2 m. (Other depths available on request). Price per set (2 units).\" \/>\n<meta property=\"og:url\" content=\"https:\/\/www.lausinyvicente.com\/en\/sports-equipment\/football\/7-5-a-side-football-folding-rear-base\" \/>\n<meta property=\"og:site_name\" content=\"Laus\u00edn y Vicente\" \/>\n<meta property=\"og:image\" content=\"https:\/\/www.lausinyvicente.com\/wp-content\/uploads\/2022\/11\/D.06.55-base-trasera-abatible-futbol-7-5.jpg\" \/>\n\t<meta property=\"og:image:width\" content=\"720\" \/>\n\t<meta property=\"og:image:height\" content=\"490\" \/>\n\t<meta property=\"og:image:type\" content=\"image\/jpeg\" \/>\n<meta name=\"twitter:card\" content=\"summary_large_image\" \/>\n<script type=\"application\/ld+json\" class=\"yoast-schema-graph\">{\"@context\":\"https:\/\/schema.org\",\"@graph\":[{\"@type\":\"WebPage\",\"@id\":\"https:\/\/www.lausinyvicente.com\/en\/sports-equipment\/football\/7-5-a-side-football-folding-rear-base\",\"url\":\"https:\/\/www.lausinyvicente.com\/en\/sports-equipment\/football\/7-5-a-side-football-folding-rear-base\",\"name\":\"7 and 5 -a-side football folding rear base - Laus\u00edn y Vicente\",\"isPartOf\":{\"@id\":\"https:\/\/www.lausinyvicente.com\/#website\"},\"primaryImageOfPage\":{\"@id\":\"https:\/\/www.lausinyvicente.com\/en\/sports-equipment\/football\/7-5-a-side-football-folding-rear-base#primaryimage\"},\"image\":{\"@id\":\"https:\/\/www.lausinyvicente.com\/en\/sports-equipment\/football\/7-5-a-side-football-folding-rear-base#primaryimage\"},\"thumbnailUrl\":\"https:\/\/www.lausinyvicente.com\/wp-content\/uploads\/2022\/11\/D.06.55-base-trasera-abatible-futbol-7-5.jpg\",\"datePublished\":\"2022-11-30T15:34:24+00:00\",\"breadcrumb\":{\"@id\":\"https:\/\/www.lausinyvicente.com\/en\/sports-equipment\/football\/7-5-a-side-football-folding-rear-base#breadcrumb\"},\"inLanguage\":\"en-US\",\"potentialAction\":[{\"@type\":\"ReadAction\",\"target\":[\"https:\/\/www.lausinyvicente.com\/en\/sports-equipment\/football\/7-5-a-side-football-folding-rear-base\"]}]},{\"@type\":\"ImageObject\",\"inLanguage\":\"en-US\",\"@id\":\"https:\/\/www.lausinyvicente.com\/en\/sports-equipment\/football\/7-5-a-side-football-folding-rear-base#primaryimage\",\"url\":\"https:\/\/www.lausinyvicente.com\/wp-content\/uploads\/2022\/11\/D.06.55-base-trasera-abatible-futbol-7-5.jpg\",\"contentUrl\":\"https:\/\/www.lausinyvicente.com\/wp-content\/uploads\/2022\/11\/D.06.55-base-trasera-abatible-futbol-7-5.jpg\",\"width\":720,\"height\":490},{\"@type\":\"BreadcrumbList\",\"@id\":\"https:\/\/www.lausinyvicente.com\/en\/sports-equipment\/football\/7-5-a-side-football-folding-rear-base#breadcrumb\",\"itemListElement\":[{\"@type\":\"ListItem\",\"position\":1,\"name\":\"Portada\",\"item\":\"https:\/\/www.lausinyvicente.com\/\"},{\"@type\":\"ListItem\",\"position\":2,\"name\":\"Shop\",\"item\":\"https:\/\/www.lausinyvicente.com\/en\/shop\"},{\"@type\":\"ListItem\",\"position\":3,\"name\":\"7 and 5 -a-side football folding rear base\"}]},{\"@type\":\"WebSite\",\"@id\":\"https:\/\/www.lausinyvicente.com\/#website\",\"url\":\"https:\/\/www.lausinyvicente.com\/\",\"name\":\"Laus\u00edn y Vicente\",\"description\":\"Fabricaci\u00f3n y distribuci\u00f3n de material deportivo\",\"potentialAction\":[{\"@type\":\"SearchAction\",\"target\":{\"@type\":\"EntryPoint\",\"urlTemplate\":\"https:\/\/www.lausinyvicente.com\/?s={search_term_string}\"},\"query-input\":{\"@type\":\"PropertyValueSpecification\",\"valueRequired\":true,\"valueName\":\"search_term_string\"}}],\"inLanguage\":\"en-US\"}]}<\/script>\n<!-- \/ Yoast SEO plugin. -->","yoast_head_json":{"title":"7 and 5 -a-side football folding rear base - Laus\u00edn y Vicente","robots":{"index":"index","follow":"follow","max-snippet":"max-snippet:-1","max-image-preview":"max-image-preview:large","max-video-preview":"max-video-preview:-1"},"canonical":"https:\/\/www.lausinyvicente.com\/en\/sports-equipment\/football\/7-5-a-side-football-folding-rear-base","og_locale":"en_US","og_type":"article","og_title":"7 and 5 -a-side football folding rear base - Laus\u00edn y Vicente","og_description":"Made in galvanized steel pipe with a 38 mm round cross-section on the straight section and 32 mm diameter for the curved parts. The parts are joined together using hex-head screws. It is used to attach the netting to the pitch without the need for nailing it to the ground; useful for grass pitches as it can be folded so the grass can be cut in the goal area. Each rear base comes with two hinges which are attached to the base of the posts and allow the unit to be folded towards the post. Standard depth: 2 m. (Other depths available on request). Price per set (2 units).","og_url":"https:\/\/www.lausinyvicente.com\/en\/sports-equipment\/football\/7-5-a-side-football-folding-rear-base","og_site_name":"Laus\u00edn y Vicente","og_image":[{"width":720,"height":490,"url":"https:\/\/www.lausinyvicente.com\/wp-content\/uploads\/2022\/11\/D.06.55-base-trasera-abatible-futbol-7-5.jpg","type":"image\/jpeg"}],"twitter_card":"summary_large_image","schema":{"@context":"https:\/\/schema.org","@graph":[{"@type":"WebPage","@id":"https:\/\/www.lausinyvicente.com\/en\/sports-equipment\/football\/7-5-a-side-football-folding-rear-base","url":"https:\/\/www.lausinyvicente.com\/en\/sports-equipment\/football\/7-5-a-side-football-folding-rear-base","name":"7 and 5 -a-side football folding rear base - Laus\u00edn y Vicente","isPartOf":{"@id":"https:\/\/www.lausinyvicente.com\/#website"},"primaryImageOfPage":{"@id":"https:\/\/www.lausinyvicente.com\/en\/sports-equipment\/football\/7-5-a-side-football-folding-rear-base#primaryimage"},"image":{"@id":"https:\/\/www.lausinyvicente.com\/en\/sports-equipment\/football\/7-5-a-side-football-folding-rear-base#primaryimage"},"thumbnailUrl":"https:\/\/www.lausinyvicente.com\/wp-content\/uploads\/2022\/11\/D.06.55-base-trasera-abatible-futbol-7-5.jpg","datePublished":"2022-11-30T15:34:24+00:00","breadcrumb":{"@id":"https:\/\/www.lausinyvicente.com\/en\/sports-equipment\/football\/7-5-a-side-football-folding-rear-base#breadcrumb"},"inLanguage":"en-US","potentialAction":[{"@type":"ReadAction","target":["https:\/\/www.lausinyvicente.com\/en\/sports-equipment\/football\/7-5-a-side-football-folding-rear-base"]}]},{"@type":"ImageObject","inLanguage":"en-US","@id":"https:\/\/www.lausinyvicente.com\/en\/sports-equipment\/football\/7-5-a-side-football-folding-rear-base#primaryimage","url":"https:\/\/www.lausinyvicente.com\/wp-content\/uploads\/2022\/11\/D.06.55-base-trasera-abatible-futbol-7-5.jpg","contentUrl":"https:\/\/www.lausinyvicente.com\/wp-content\/uploads\/2022\/11\/D.06.55-base-trasera-abatible-futbol-7-5.jpg","width":720,"height":490},{"@type":"BreadcrumbList","@id":"https:\/\/www.lausinyvicente.com\/en\/sports-equipment\/football\/7-5-a-side-football-folding-rear-base#breadcrumb","itemListElement":[{"@type":"ListItem","position":1,"name":"Portada","item":"https:\/\/www.lausinyvicente.com\/"},{"@type":"ListItem","position":2,"name":"Shop","item":"https:\/\/www.lausinyvicente.com\/en\/shop"},{"@type":"ListItem","position":3,"name":"7 and 5 -a-side football folding rear base"}]},{"@type":"WebSite","@id":"https:\/\/www.lausinyvicente.com\/#website","url":"https:\/\/www.lausinyvicente.com\/","name":"Laus\u00edn y Vicente","description":"Fabricaci\u00f3n y distribuci\u00f3n de material deportivo","potentialAction":[{"@type":"SearchAction","target":{"@type":"EntryPoint","urlTemplate":"https:\/\/www.lausinyvicente.com\/?s={search_term_string}"},"query-input":{"@type":"PropertyValueSpecification","valueRequired":true,"valueName":"search_term_string"}}],"inLanguage":"en-US"}]}},"_links":{"self":[{"href":"https:\/\/www.lausinyvicente.com\/en\/wp-json\/wp\/v2\/product\/4300","targetHints":{"allow":["GET"]}}],"collection":[{"href":"https:\/\/www.lausinyvicente.com\/en\/wp-json\/wp\/v2\/product"}],"about":[{"href":"https:\/\/www.lausinyvicente.com\/en\/wp-json\/wp\/v2\/types\/product"}],"wp:featuredmedia":[{"embeddable":true,"href":"https:\/\/www.lausinyvicente.com\/en\/wp-json\/wp\/v2\/media\/2633"}],"wp:attachment":[{"href":"https:\/\/www.lausinyvicente.com\/en\/wp-json\/wp\/v2\/media?parent=4300"}],"wp:term":[{"taxonomy":"product_cat","embeddable":true,"href":"https:\/\/www.lausinyvicente.com\/en\/wp-json\/wp\/v2\/product_cat?post=4300"},{"taxonomy":"product_tag","embeddable":true,"href":"https:\/\/www.lausinyvicente.com\/en\/wp-json\/wp\/v2\/product_tag?post=4300"}],"curies":[{"name":"wp","href":"https:\/\/api.w.org\/{rel}","templated":true}]}}