{"id":4306,"date":"2022-11-30T15:31:53","date_gmt":"2022-11-30T15:31:53","guid":{"rendered":"https:\/\/www.lausinyvicente.com\/uncategorized\/minifootball-goals\/"},"modified":"2024-01-21T14:53:10","modified_gmt":"2024-01-21T14:53:10","slug":"minifootball-goals","status":"publish","type":"product","link":"https:\/\/www.lausinyvicente.com\/en\/sports-equipment\/football\/football-goals\/minifootball-goals","title":{"rendered":"Minifootball goals"},"content":{"rendered":"","protected":false},"excerpt":{"rendered":"<p>Frames in extruded aluminium pipe with a 90 mm round cross-section, or painted metal with a 80 x 80 mm squared cross-section; lacquered in RAL 9010 white. Corner joints to join post and crossbar together in galvanized rectangular steel pipe (60 x 40 x 2 mm) for the 90 mm rounded pipe models to make the goal highly robust and durable. Cold dip galvanized static back supports. PVC hooks to attach the net to the frame. Price per set (2 units w\/o net).    <\/p>\n","protected":false},"featured_media":2631,"template":"","meta":[],"product_cat":[155,141,216],"product_tag":[],"class_list":{"0":"post-4306","1":"product","2":"type-product","3":"status-publish","4":"has-post-thumbnail","6":"product_cat-football","7":"product_cat-sports-equipment","8":"product_cat-football-goals","10":"first","11":"instock","12":"shipping-taxable","13":"purchasable","14":"product-type-variable"},"yoast_head":"<!-- This site is optimized with the Yoast SEO plugin v27.0 - https:\/\/yoast.com\/product\/yoast-seo-wordpress\/ -->\n<title>Minifootball goals - Laus\u00edn y Vicente<\/title>\n<meta name=\"robots\" content=\"index, follow, max-snippet:-1, max-image-preview:large, max-video-preview:-1\" \/>\n<link rel=\"canonical\" href=\"https:\/\/www.lausinyvicente.com\/en\/sports-equipment\/football\/minifootball-goals\" \/>\n<meta property=\"og:locale\" content=\"en_US\" \/>\n<meta property=\"og:type\" content=\"article\" \/>\n<meta property=\"og:title\" content=\"Minifootball goals - Laus\u00edn y Vicente\" \/>\n<meta property=\"og:description\" content=\"Frames in extruded aluminium pipe with a 90 mm round cross-section, or painted metal with a 80 x 80 mm squared cross-section; lacquered in RAL 9010 white. Corner joints to join post and crossbar together in galvanized rectangular steel pipe (60 x 40 x 2 mm) for the 90 mm rounded pipe models to make the goal highly robust and durable. Cold dip galvanized static back supports. PVC hooks to attach the net to the frame. Price per set (2 units w\/o net).\" \/>\n<meta property=\"og:url\" content=\"https:\/\/www.lausinyvicente.com\/en\/sports-equipment\/football\/minifootball-goals\" \/>\n<meta property=\"og:site_name\" content=\"Laus\u00edn y Vicente\" \/>\n<meta property=\"article:modified_time\" content=\"2024-01-21T14:53:10+00:00\" \/>\n<meta property=\"og:image\" content=\"https:\/\/www.lausinyvicente.com\/wp-content\/uploads\/2022\/11\/D.06.21-porterias-mini-futbol-1.jpg\" \/>\n\t<meta property=\"og:image:width\" content=\"720\" \/>\n\t<meta property=\"og:image:height\" content=\"490\" \/>\n\t<meta property=\"og:image:type\" content=\"image\/jpeg\" \/>\n<meta name=\"twitter:card\" content=\"summary_large_image\" \/>\n<script type=\"application\/ld+json\" class=\"yoast-schema-graph\">{\"@context\":\"https:\/\/schema.org\",\"@graph\":[{\"@type\":\"WebPage\",\"@id\":\"https:\/\/www.lausinyvicente.com\/en\/sports-equipment\/football\/minifootball-goals\",\"url\":\"https:\/\/www.lausinyvicente.com\/en\/sports-equipment\/football\/minifootball-goals\",\"name\":\"Minifootball goals - Laus\u00edn y Vicente\",\"isPartOf\":{\"@id\":\"https:\/\/www.lausinyvicente.com\/#website\"},\"primaryImageOfPage\":{\"@id\":\"https:\/\/www.lausinyvicente.com\/en\/sports-equipment\/football\/minifootball-goals#primaryimage\"},\"image\":{\"@id\":\"https:\/\/www.lausinyvicente.com\/en\/sports-equipment\/football\/minifootball-goals#primaryimage\"},\"thumbnailUrl\":\"https:\/\/www.lausinyvicente.com\/wp-content\/uploads\/2022\/11\/D.06.21-porterias-mini-futbol-1.jpg\",\"datePublished\":\"2022-11-30T15:31:53+00:00\",\"dateModified\":\"2024-01-21T14:53:10+00:00\",\"breadcrumb\":{\"@id\":\"https:\/\/www.lausinyvicente.com\/en\/sports-equipment\/football\/minifootball-goals#breadcrumb\"},\"inLanguage\":\"en-US\",\"potentialAction\":[{\"@type\":\"ReadAction\",\"target\":[\"https:\/\/www.lausinyvicente.com\/en\/sports-equipment\/football\/minifootball-goals\"]}]},{\"@type\":\"ImageObject\",\"inLanguage\":\"en-US\",\"@id\":\"https:\/\/www.lausinyvicente.com\/en\/sports-equipment\/football\/minifootball-goals#primaryimage\",\"url\":\"https:\/\/www.lausinyvicente.com\/wp-content\/uploads\/2022\/11\/D.06.21-porterias-mini-futbol-1.jpg\",\"contentUrl\":\"https:\/\/www.lausinyvicente.com\/wp-content\/uploads\/2022\/11\/D.06.21-porterias-mini-futbol-1.jpg\",\"width\":720,\"height\":490},{\"@type\":\"BreadcrumbList\",\"@id\":\"https:\/\/www.lausinyvicente.com\/en\/sports-equipment\/football\/minifootball-goals#breadcrumb\",\"itemListElement\":[{\"@type\":\"ListItem\",\"position\":1,\"name\":\"Portada\",\"item\":\"https:\/\/www.lausinyvicente.com\/\"},{\"@type\":\"ListItem\",\"position\":2,\"name\":\"Shop\",\"item\":\"https:\/\/www.lausinyvicente.com\/en\/shop\"},{\"@type\":\"ListItem\",\"position\":3,\"name\":\"Minifootball goals\"}]},{\"@type\":\"WebSite\",\"@id\":\"https:\/\/www.lausinyvicente.com\/#website\",\"url\":\"https:\/\/www.lausinyvicente.com\/\",\"name\":\"Laus\u00edn y Vicente\",\"description\":\"Fabricaci\u00f3n y distribuci\u00f3n de material deportivo\",\"potentialAction\":[{\"@type\":\"SearchAction\",\"target\":{\"@type\":\"EntryPoint\",\"urlTemplate\":\"https:\/\/www.lausinyvicente.com\/?s={search_term_string}\"},\"query-input\":{\"@type\":\"PropertyValueSpecification\",\"valueRequired\":true,\"valueName\":\"search_term_string\"}}],\"inLanguage\":\"en-US\"}]}<\/script>\n<!-- \/ Yoast SEO plugin. -->","yoast_head_json":{"title":"Minifootball goals - Laus\u00edn y Vicente","robots":{"index":"index","follow":"follow","max-snippet":"max-snippet:-1","max-image-preview":"max-image-preview:large","max-video-preview":"max-video-preview:-1"},"canonical":"https:\/\/www.lausinyvicente.com\/en\/sports-equipment\/football\/minifootball-goals","og_locale":"en_US","og_type":"article","og_title":"Minifootball goals - Laus\u00edn y Vicente","og_description":"Frames in extruded aluminium pipe with a 90 mm round cross-section, or painted metal with a 80 x 80 mm squared cross-section; lacquered in RAL 9010 white. Corner joints to join post and crossbar together in galvanized rectangular steel pipe (60 x 40 x 2 mm) for the 90 mm rounded pipe models to make the goal highly robust and durable. Cold dip galvanized static back supports. PVC hooks to attach the net to the frame. Price per set (2 units w\/o net).","og_url":"https:\/\/www.lausinyvicente.com\/en\/sports-equipment\/football\/minifootball-goals","og_site_name":"Laus\u00edn y Vicente","article_modified_time":"2024-01-21T14:53:10+00:00","og_image":[{"width":720,"height":490,"url":"https:\/\/www.lausinyvicente.com\/wp-content\/uploads\/2022\/11\/D.06.21-porterias-mini-futbol-1.jpg","type":"image\/jpeg"}],"twitter_card":"summary_large_image","schema":{"@context":"https:\/\/schema.org","@graph":[{"@type":"WebPage","@id":"https:\/\/www.lausinyvicente.com\/en\/sports-equipment\/football\/minifootball-goals","url":"https:\/\/www.lausinyvicente.com\/en\/sports-equipment\/football\/minifootball-goals","name":"Minifootball goals - Laus\u00edn y Vicente","isPartOf":{"@id":"https:\/\/www.lausinyvicente.com\/#website"},"primaryImageOfPage":{"@id":"https:\/\/www.lausinyvicente.com\/en\/sports-equipment\/football\/minifootball-goals#primaryimage"},"image":{"@id":"https:\/\/www.lausinyvicente.com\/en\/sports-equipment\/football\/minifootball-goals#primaryimage"},"thumbnailUrl":"https:\/\/www.lausinyvicente.com\/wp-content\/uploads\/2022\/11\/D.06.21-porterias-mini-futbol-1.jpg","datePublished":"2022-11-30T15:31:53+00:00","dateModified":"2024-01-21T14:53:10+00:00","breadcrumb":{"@id":"https:\/\/www.lausinyvicente.com\/en\/sports-equipment\/football\/minifootball-goals#breadcrumb"},"inLanguage":"en-US","potentialAction":[{"@type":"ReadAction","target":["https:\/\/www.lausinyvicente.com\/en\/sports-equipment\/football\/minifootball-goals"]}]},{"@type":"ImageObject","inLanguage":"en-US","@id":"https:\/\/www.lausinyvicente.com\/en\/sports-equipment\/football\/minifootball-goals#primaryimage","url":"https:\/\/www.lausinyvicente.com\/wp-content\/uploads\/2022\/11\/D.06.21-porterias-mini-futbol-1.jpg","contentUrl":"https:\/\/www.lausinyvicente.com\/wp-content\/uploads\/2022\/11\/D.06.21-porterias-mini-futbol-1.jpg","width":720,"height":490},{"@type":"BreadcrumbList","@id":"https:\/\/www.lausinyvicente.com\/en\/sports-equipment\/football\/minifootball-goals#breadcrumb","itemListElement":[{"@type":"ListItem","position":1,"name":"Portada","item":"https:\/\/www.lausinyvicente.com\/"},{"@type":"ListItem","position":2,"name":"Shop","item":"https:\/\/www.lausinyvicente.com\/en\/shop"},{"@type":"ListItem","position":3,"name":"Minifootball goals"}]},{"@type":"WebSite","@id":"https:\/\/www.lausinyvicente.com\/#website","url":"https:\/\/www.lausinyvicente.com\/","name":"Laus\u00edn y Vicente","description":"Fabricaci\u00f3n y distribuci\u00f3n de material deportivo","potentialAction":[{"@type":"SearchAction","target":{"@type":"EntryPoint","urlTemplate":"https:\/\/www.lausinyvicente.com\/?s={search_term_string}"},"query-input":{"@type":"PropertyValueSpecification","valueRequired":true,"valueName":"search_term_string"}}],"inLanguage":"en-US"}]}},"_links":{"self":[{"href":"https:\/\/www.lausinyvicente.com\/en\/wp-json\/wp\/v2\/product\/4306","targetHints":{"allow":["GET"]}}],"collection":[{"href":"https:\/\/www.lausinyvicente.com\/en\/wp-json\/wp\/v2\/product"}],"about":[{"href":"https:\/\/www.lausinyvicente.com\/en\/wp-json\/wp\/v2\/types\/product"}],"wp:featuredmedia":[{"embeddable":true,"href":"https:\/\/www.lausinyvicente.com\/en\/wp-json\/wp\/v2\/media\/2631"}],"wp:attachment":[{"href":"https:\/\/www.lausinyvicente.com\/en\/wp-json\/wp\/v2\/media?parent=4306"}],"wp:term":[{"taxonomy":"product_cat","embeddable":true,"href":"https:\/\/www.lausinyvicente.com\/en\/wp-json\/wp\/v2\/product_cat?post=4306"},{"taxonomy":"product_tag","embeddable":true,"href":"https:\/\/www.lausinyvicente.com\/en\/wp-json\/wp\/v2\/product_tag?post=4306"}],"curies":[{"name":"wp","href":"https:\/\/api.w.org\/{rel}","templated":true}]}}