{"id":4410,"date":"2022-11-30T14:49:36","date_gmt":"2022-11-30T14:49:36","guid":{"rendered":"https:\/\/www.lausinyvicente.com\/uncategorized\/aries-movable-team-shelter\/"},"modified":"2022-11-30T14:49:36","modified_gmt":"2022-11-30T14:49:36","slug":"aries-movable-team-shelter","status":"publish","type":"product","link":"https:\/\/www.lausinyvicente.com\/en\/sports-equipment\/football\/team-shelters\/aries-movable-team-shelter","title":{"rendered":"\u201cAries\u201d movable team shelter"},"content":{"rendered":"","protected":false},"excerpt":{"rendered":"<p>Bench for substitute players designed and manufactured to be used mainly in outdoor sports facilities. The metal structure of the bench is in galvanized steel section. The side sheets come in 4 mm thick transparent polycarbonate sheets. The back sheet comes in 6 mm thick colourless polycarbonate sheets. The floor (or footrest) structure at the front is covered with non-slip aluminium plates. The front section of the bench is finished in various ways. including the upper lengthwise cornice and the vertical plate corner pieces (at the ends of the bench frame). All the open metal sections are covered with plastic corner pieces. The bench is anchored on a galvanized metal platform covered with a plywood board (birch) with a bodywork finish. The castor wheels (with or w\/o brakes) are attached to the lower section (number depending on bench length), enabling the bench to be moved around the facilities.       <\/p>\n","protected":false},"featured_media":2601,"template":"","meta":[],"product_cat":[155,141,220],"product_tag":[],"class_list":{"0":"post-4410","1":"product","2":"type-product","3":"status-publish","4":"has-post-thumbnail","6":"product_cat-football","7":"product_cat-sports-equipment","8":"product_cat-team-shelters","10":"first","11":"instock","12":"shipping-taxable","13":"purchasable","14":"product-type-variable"},"yoast_head":"<!-- This site is optimized with the Yoast SEO plugin v27.0 - https:\/\/yoast.com\/product\/yoast-seo-wordpress\/ -->\n<title>\u201cAries\u201d movable team shelter - Laus\u00edn y Vicente<\/title>\n<meta name=\"robots\" content=\"index, follow, max-snippet:-1, max-image-preview:large, max-video-preview:-1\" \/>\n<link rel=\"canonical\" href=\"https:\/\/www.lausinyvicente.com\/en\/sports-equipment\/football\/aries-movable-team-shelter\" \/>\n<meta property=\"og:locale\" content=\"en_US\" \/>\n<meta property=\"og:type\" content=\"article\" \/>\n<meta property=\"og:title\" content=\"\u201cAries\u201d movable team shelter - Laus\u00edn y Vicente\" \/>\n<meta property=\"og:description\" content=\"Bench for substitute players designed and manufactured to be used mainly in outdoor sports facilities. The metal structure of the bench is in galvanized steel section. The side sheets come in 4 mm thick transparent polycarbonate sheets. The back sheet comes in 6 mm thick colourless polycarbonate sheets. The floor (or footrest) structure at the front is covered with non-slip aluminium plates. The front section of the bench is finished in various ways. including the upper lengthwise cornice and the vertical plate corner pieces (at the ends of the bench frame). All the open metal sections are covered with plastic corner pieces. The bench is anchored on a galvanized metal platform covered with a plywood board (birch) with a bodywork finish. The castor wheels (with or w\/o brakes) are attached to the lower section (number depending on bench length), enabling the bench to be moved around the facilities.\" \/>\n<meta property=\"og:url\" content=\"https:\/\/www.lausinyvicente.com\/en\/sports-equipment\/football\/aries-movable-team-shelter\" \/>\n<meta property=\"og:site_name\" content=\"Laus\u00edn y Vicente\" \/>\n<meta property=\"og:image\" content=\"https:\/\/www.lausinyvicente.com\/wp-content\/uploads\/2022\/11\/D.06.84-banquillo-suplentes-movil-Aries.jpg\" \/>\n\t<meta property=\"og:image:width\" content=\"720\" \/>\n\t<meta property=\"og:image:height\" content=\"490\" \/>\n\t<meta property=\"og:image:type\" content=\"image\/jpeg\" \/>\n<meta name=\"twitter:card\" content=\"summary_large_image\" \/>\n<script type=\"application\/ld+json\" class=\"yoast-schema-graph\">{\"@context\":\"https:\/\/schema.org\",\"@graph\":[{\"@type\":\"WebPage\",\"@id\":\"https:\/\/www.lausinyvicente.com\/en\/sports-equipment\/football\/aries-movable-team-shelter\",\"url\":\"https:\/\/www.lausinyvicente.com\/en\/sports-equipment\/football\/aries-movable-team-shelter\",\"name\":\"\u201cAries\u201d movable team shelter - Laus\u00edn y Vicente\",\"isPartOf\":{\"@id\":\"https:\/\/www.lausinyvicente.com\/#website\"},\"primaryImageOfPage\":{\"@id\":\"https:\/\/www.lausinyvicente.com\/en\/sports-equipment\/football\/aries-movable-team-shelter#primaryimage\"},\"image\":{\"@id\":\"https:\/\/www.lausinyvicente.com\/en\/sports-equipment\/football\/aries-movable-team-shelter#primaryimage\"},\"thumbnailUrl\":\"https:\/\/www.lausinyvicente.com\/wp-content\/uploads\/2022\/11\/D.06.84-banquillo-suplentes-movil-Aries.jpg\",\"datePublished\":\"2022-11-30T14:49:36+00:00\",\"breadcrumb\":{\"@id\":\"https:\/\/www.lausinyvicente.com\/en\/sports-equipment\/football\/aries-movable-team-shelter#breadcrumb\"},\"inLanguage\":\"en-US\",\"potentialAction\":[{\"@type\":\"ReadAction\",\"target\":[\"https:\/\/www.lausinyvicente.com\/en\/sports-equipment\/football\/aries-movable-team-shelter\"]}]},{\"@type\":\"ImageObject\",\"inLanguage\":\"en-US\",\"@id\":\"https:\/\/www.lausinyvicente.com\/en\/sports-equipment\/football\/aries-movable-team-shelter#primaryimage\",\"url\":\"https:\/\/www.lausinyvicente.com\/wp-content\/uploads\/2022\/11\/D.06.84-banquillo-suplentes-movil-Aries.jpg\",\"contentUrl\":\"https:\/\/www.lausinyvicente.com\/wp-content\/uploads\/2022\/11\/D.06.84-banquillo-suplentes-movil-Aries.jpg\",\"width\":720,\"height\":490},{\"@type\":\"BreadcrumbList\",\"@id\":\"https:\/\/www.lausinyvicente.com\/en\/sports-equipment\/football\/aries-movable-team-shelter#breadcrumb\",\"itemListElement\":[{\"@type\":\"ListItem\",\"position\":1,\"name\":\"Portada\",\"item\":\"https:\/\/www.lausinyvicente.com\/\"},{\"@type\":\"ListItem\",\"position\":2,\"name\":\"Shop\",\"item\":\"https:\/\/www.lausinyvicente.com\/en\/shop\"},{\"@type\":\"ListItem\",\"position\":3,\"name\":\"\u201cAries\u201d movable team shelter\"}]},{\"@type\":\"WebSite\",\"@id\":\"https:\/\/www.lausinyvicente.com\/#website\",\"url\":\"https:\/\/www.lausinyvicente.com\/\",\"name\":\"Laus\u00edn y Vicente\",\"description\":\"Fabricaci\u00f3n y distribuci\u00f3n de material deportivo\",\"potentialAction\":[{\"@type\":\"SearchAction\",\"target\":{\"@type\":\"EntryPoint\",\"urlTemplate\":\"https:\/\/www.lausinyvicente.com\/?s={search_term_string}\"},\"query-input\":{\"@type\":\"PropertyValueSpecification\",\"valueRequired\":true,\"valueName\":\"search_term_string\"}}],\"inLanguage\":\"en-US\"}]}<\/script>\n<!-- \/ Yoast SEO plugin. -->","yoast_head_json":{"title":"\u201cAries\u201d movable team shelter - Laus\u00edn y Vicente","robots":{"index":"index","follow":"follow","max-snippet":"max-snippet:-1","max-image-preview":"max-image-preview:large","max-video-preview":"max-video-preview:-1"},"canonical":"https:\/\/www.lausinyvicente.com\/en\/sports-equipment\/football\/aries-movable-team-shelter","og_locale":"en_US","og_type":"article","og_title":"\u201cAries\u201d movable team shelter - Laus\u00edn y Vicente","og_description":"Bench for substitute players designed and manufactured to be used mainly in outdoor sports facilities. The metal structure of the bench is in galvanized steel section. The side sheets come in 4 mm thick transparent polycarbonate sheets. The back sheet comes in 6 mm thick colourless polycarbonate sheets. The floor (or footrest) structure at the front is covered with non-slip aluminium plates. The front section of the bench is finished in various ways. including the upper lengthwise cornice and the vertical plate corner pieces (at the ends of the bench frame). All the open metal sections are covered with plastic corner pieces. The bench is anchored on a galvanized metal platform covered with a plywood board (birch) with a bodywork finish. The castor wheels (with or w\/o brakes) are attached to the lower section (number depending on bench length), enabling the bench to be moved around the facilities.","og_url":"https:\/\/www.lausinyvicente.com\/en\/sports-equipment\/football\/aries-movable-team-shelter","og_site_name":"Laus\u00edn y Vicente","og_image":[{"width":720,"height":490,"url":"https:\/\/www.lausinyvicente.com\/wp-content\/uploads\/2022\/11\/D.06.84-banquillo-suplentes-movil-Aries.jpg","type":"image\/jpeg"}],"twitter_card":"summary_large_image","schema":{"@context":"https:\/\/schema.org","@graph":[{"@type":"WebPage","@id":"https:\/\/www.lausinyvicente.com\/en\/sports-equipment\/football\/aries-movable-team-shelter","url":"https:\/\/www.lausinyvicente.com\/en\/sports-equipment\/football\/aries-movable-team-shelter","name":"\u201cAries\u201d movable team shelter - Laus\u00edn y Vicente","isPartOf":{"@id":"https:\/\/www.lausinyvicente.com\/#website"},"primaryImageOfPage":{"@id":"https:\/\/www.lausinyvicente.com\/en\/sports-equipment\/football\/aries-movable-team-shelter#primaryimage"},"image":{"@id":"https:\/\/www.lausinyvicente.com\/en\/sports-equipment\/football\/aries-movable-team-shelter#primaryimage"},"thumbnailUrl":"https:\/\/www.lausinyvicente.com\/wp-content\/uploads\/2022\/11\/D.06.84-banquillo-suplentes-movil-Aries.jpg","datePublished":"2022-11-30T14:49:36+00:00","breadcrumb":{"@id":"https:\/\/www.lausinyvicente.com\/en\/sports-equipment\/football\/aries-movable-team-shelter#breadcrumb"},"inLanguage":"en-US","potentialAction":[{"@type":"ReadAction","target":["https:\/\/www.lausinyvicente.com\/en\/sports-equipment\/football\/aries-movable-team-shelter"]}]},{"@type":"ImageObject","inLanguage":"en-US","@id":"https:\/\/www.lausinyvicente.com\/en\/sports-equipment\/football\/aries-movable-team-shelter#primaryimage","url":"https:\/\/www.lausinyvicente.com\/wp-content\/uploads\/2022\/11\/D.06.84-banquillo-suplentes-movil-Aries.jpg","contentUrl":"https:\/\/www.lausinyvicente.com\/wp-content\/uploads\/2022\/11\/D.06.84-banquillo-suplentes-movil-Aries.jpg","width":720,"height":490},{"@type":"BreadcrumbList","@id":"https:\/\/www.lausinyvicente.com\/en\/sports-equipment\/football\/aries-movable-team-shelter#breadcrumb","itemListElement":[{"@type":"ListItem","position":1,"name":"Portada","item":"https:\/\/www.lausinyvicente.com\/"},{"@type":"ListItem","position":2,"name":"Shop","item":"https:\/\/www.lausinyvicente.com\/en\/shop"},{"@type":"ListItem","position":3,"name":"\u201cAries\u201d movable team shelter"}]},{"@type":"WebSite","@id":"https:\/\/www.lausinyvicente.com\/#website","url":"https:\/\/www.lausinyvicente.com\/","name":"Laus\u00edn y Vicente","description":"Fabricaci\u00f3n y distribuci\u00f3n de material deportivo","potentialAction":[{"@type":"SearchAction","target":{"@type":"EntryPoint","urlTemplate":"https:\/\/www.lausinyvicente.com\/?s={search_term_string}"},"query-input":{"@type":"PropertyValueSpecification","valueRequired":true,"valueName":"search_term_string"}}],"inLanguage":"en-US"}]}},"_links":{"self":[{"href":"https:\/\/www.lausinyvicente.com\/en\/wp-json\/wp\/v2\/product\/4410","targetHints":{"allow":["GET"]}}],"collection":[{"href":"https:\/\/www.lausinyvicente.com\/en\/wp-json\/wp\/v2\/product"}],"about":[{"href":"https:\/\/www.lausinyvicente.com\/en\/wp-json\/wp\/v2\/types\/product"}],"wp:featuredmedia":[{"embeddable":true,"href":"https:\/\/www.lausinyvicente.com\/en\/wp-json\/wp\/v2\/media\/2601"}],"wp:attachment":[{"href":"https:\/\/www.lausinyvicente.com\/en\/wp-json\/wp\/v2\/media?parent=4410"}],"wp:term":[{"taxonomy":"product_cat","embeddable":true,"href":"https:\/\/www.lausinyvicente.com\/en\/wp-json\/wp\/v2\/product_cat?post=4410"},{"taxonomy":"product_tag","embeddable":true,"href":"https:\/\/www.lausinyvicente.com\/en\/wp-json\/wp\/v2\/product_tag?post=4410"}],"curies":[{"name":"wp","href":"https:\/\/api.w.org\/{rel}","templated":true}]}}