{"id":4426,"date":"2022-11-30T14:45:11","date_gmt":"2022-11-30T14:45:11","guid":{"rendered":"https:\/\/www.lausinyvicente.com\/uncategorized\/milan-players-exit-tunnel\/"},"modified":"2022-11-30T14:45:11","modified_gmt":"2022-11-30T14:45:11","slug":"milan-players-exit-tunnel","status":"publish","type":"product","link":"https:\/\/www.lausinyvicente.com\/en\/sports-equipment\/football\/football-equipment\/milan-players-exit-tunnel","title":{"rendered":"\u201cMilan\u201d players exit tunnel"},"content":{"rendered":"","protected":false},"excerpt":{"rendered":"<p>Made with an anodised aluminium frame. 45 x 35 mm extruded section for the arches, meaning the tarp sections between each arch can be replaced separately by the client. This avoids sending the whole tunnel to the factory should any of the panels rip. Horizontal reinforcements make the tunnel stable. Set of assembly pins in AISI 304 stainless steel. 50 x 13,5 mm extruded aluminium scissor opening. The rotating heads are in die-cast aluminium alloy. 4 extra torquing points to attach and stretch the canvas (only one of its kind) Sliding runners for the scissors in POLYZENE 500, reducing friction by 60%, minimising tunnel extension and retraction work. Covering tarp in high tenacity polyester; finished in PVC on both sides. Flame-retardant M-2 (620 g). Nylon wheel: Default (for great use). Optimum sliding on parquet, linoleum and smooth surfaces. Rubber wheel: Similar usage to the nylon wheel. Better grip due to the rubber finish. Pneumatic wheel: For outdoor use (on grass and gravel\/earth). Consult us for measurement-based prices.  <\/p>\n","protected":false},"featured_media":2599,"template":"","meta":[],"product_cat":[155,141,221],"product_tag":[],"class_list":{"0":"post-4426","1":"product","2":"type-product","3":"status-publish","4":"has-post-thumbnail","6":"product_cat-football","7":"product_cat-sports-equipment","8":"product_cat-football-equipment","10":"first","11":"instock","12":"shipping-taxable","13":"purchasable","14":"product-type-simple"},"yoast_head":"<!-- This site is optimized with the Yoast SEO plugin v27.0 - https:\/\/yoast.com\/product\/yoast-seo-wordpress\/ -->\n<title>\u201cMilan\u201d players exit tunnel - Laus\u00edn y Vicente<\/title>\n<meta name=\"robots\" content=\"index, follow, max-snippet:-1, max-image-preview:large, max-video-preview:-1\" \/>\n<link rel=\"canonical\" href=\"https:\/\/www.lausinyvicente.com\/en\/sports-equipment\/football\/milan-players-exit-tunnel\" \/>\n<meta property=\"og:locale\" content=\"en_US\" \/>\n<meta property=\"og:type\" content=\"article\" \/>\n<meta property=\"og:title\" content=\"\u201cMilan\u201d players exit tunnel - Laus\u00edn y Vicente\" \/>\n<meta property=\"og:description\" content=\"Made with an anodised aluminium frame. 45 x 35 mm extruded section for the arches, meaning the tarp sections between each arch can be replaced separately by the client. This avoids sending the whole tunnel to the factory should any of the panels rip. Horizontal reinforcements make the tunnel stable. Set of assembly pins in AISI 304 stainless steel. 50 x 13,5 mm extruded aluminium scissor opening. The rotating heads are in die-cast aluminium alloy. 4 extra torquing points to attach and stretch the canvas (only one of its kind) Sliding runners for the scissors in POLYZENE 500, reducing friction by 60%, minimising tunnel extension and retraction work. Covering tarp in high tenacity polyester; finished in PVC on both sides. Flame-retardant M-2 (620 g). Nylon wheel: Default (for great use). Optimum sliding on parquet, linoleum and smooth surfaces. Rubber wheel: Similar usage to the nylon wheel. Better grip due to the rubber finish. Pneumatic wheel: For outdoor use (on grass and gravel\/earth). Consult us for measurement-based prices.\" \/>\n<meta property=\"og:url\" content=\"https:\/\/www.lausinyvicente.com\/en\/sports-equipment\/football\/milan-players-exit-tunnel\" \/>\n<meta property=\"og:site_name\" content=\"Laus\u00edn y Vicente\" \/>\n<meta property=\"og:image\" content=\"https:\/\/www.lausinyvicente.com\/wp-content\/uploads\/2022\/11\/D.16.00-tunel-salida-jugadores-MILAN.jpg\" \/>\n\t<meta property=\"og:image:width\" content=\"720\" \/>\n\t<meta property=\"og:image:height\" content=\"490\" \/>\n\t<meta property=\"og:image:type\" content=\"image\/jpeg\" \/>\n<meta name=\"twitter:card\" content=\"summary_large_image\" \/>\n<script type=\"application\/ld+json\" class=\"yoast-schema-graph\">{\"@context\":\"https:\/\/schema.org\",\"@graph\":[{\"@type\":\"WebPage\",\"@id\":\"https:\/\/www.lausinyvicente.com\/en\/sports-equipment\/football\/milan-players-exit-tunnel\",\"url\":\"https:\/\/www.lausinyvicente.com\/en\/sports-equipment\/football\/milan-players-exit-tunnel\",\"name\":\"\u201cMilan\u201d players exit tunnel - Laus\u00edn y Vicente\",\"isPartOf\":{\"@id\":\"https:\/\/www.lausinyvicente.com\/#website\"},\"primaryImageOfPage\":{\"@id\":\"https:\/\/www.lausinyvicente.com\/en\/sports-equipment\/football\/milan-players-exit-tunnel#primaryimage\"},\"image\":{\"@id\":\"https:\/\/www.lausinyvicente.com\/en\/sports-equipment\/football\/milan-players-exit-tunnel#primaryimage\"},\"thumbnailUrl\":\"https:\/\/www.lausinyvicente.com\/wp-content\/uploads\/2022\/11\/D.16.00-tunel-salida-jugadores-MILAN.jpg\",\"datePublished\":\"2022-11-30T14:45:11+00:00\",\"breadcrumb\":{\"@id\":\"https:\/\/www.lausinyvicente.com\/en\/sports-equipment\/football\/milan-players-exit-tunnel#breadcrumb\"},\"inLanguage\":\"en-US\",\"potentialAction\":[{\"@type\":\"ReadAction\",\"target\":[\"https:\/\/www.lausinyvicente.com\/en\/sports-equipment\/football\/milan-players-exit-tunnel\"]}]},{\"@type\":\"ImageObject\",\"inLanguage\":\"en-US\",\"@id\":\"https:\/\/www.lausinyvicente.com\/en\/sports-equipment\/football\/milan-players-exit-tunnel#primaryimage\",\"url\":\"https:\/\/www.lausinyvicente.com\/wp-content\/uploads\/2022\/11\/D.16.00-tunel-salida-jugadores-MILAN.jpg\",\"contentUrl\":\"https:\/\/www.lausinyvicente.com\/wp-content\/uploads\/2022\/11\/D.16.00-tunel-salida-jugadores-MILAN.jpg\",\"width\":720,\"height\":490},{\"@type\":\"BreadcrumbList\",\"@id\":\"https:\/\/www.lausinyvicente.com\/en\/sports-equipment\/football\/milan-players-exit-tunnel#breadcrumb\",\"itemListElement\":[{\"@type\":\"ListItem\",\"position\":1,\"name\":\"Portada\",\"item\":\"https:\/\/www.lausinyvicente.com\/\"},{\"@type\":\"ListItem\",\"position\":2,\"name\":\"Shop\",\"item\":\"https:\/\/www.lausinyvicente.com\/en\/shop\"},{\"@type\":\"ListItem\",\"position\":3,\"name\":\"\u201cMilan\u201d players exit tunnel\"}]},{\"@type\":\"WebSite\",\"@id\":\"https:\/\/www.lausinyvicente.com\/#website\",\"url\":\"https:\/\/www.lausinyvicente.com\/\",\"name\":\"Laus\u00edn y Vicente\",\"description\":\"Fabricaci\u00f3n y distribuci\u00f3n de material deportivo\",\"potentialAction\":[{\"@type\":\"SearchAction\",\"target\":{\"@type\":\"EntryPoint\",\"urlTemplate\":\"https:\/\/www.lausinyvicente.com\/?s={search_term_string}\"},\"query-input\":{\"@type\":\"PropertyValueSpecification\",\"valueRequired\":true,\"valueName\":\"search_term_string\"}}],\"inLanguage\":\"en-US\"}]}<\/script>\n<!-- \/ Yoast SEO plugin. -->","yoast_head_json":{"title":"\u201cMilan\u201d players exit tunnel - Laus\u00edn y Vicente","robots":{"index":"index","follow":"follow","max-snippet":"max-snippet:-1","max-image-preview":"max-image-preview:large","max-video-preview":"max-video-preview:-1"},"canonical":"https:\/\/www.lausinyvicente.com\/en\/sports-equipment\/football\/milan-players-exit-tunnel","og_locale":"en_US","og_type":"article","og_title":"\u201cMilan\u201d players exit tunnel - Laus\u00edn y Vicente","og_description":"Made with an anodised aluminium frame. 45 x 35 mm extruded section for the arches, meaning the tarp sections between each arch can be replaced separately by the client. This avoids sending the whole tunnel to the factory should any of the panels rip. Horizontal reinforcements make the tunnel stable. Set of assembly pins in AISI 304 stainless steel. 50 x 13,5 mm extruded aluminium scissor opening. The rotating heads are in die-cast aluminium alloy. 4 extra torquing points to attach and stretch the canvas (only one of its kind) Sliding runners for the scissors in POLYZENE 500, reducing friction by 60%, minimising tunnel extension and retraction work. Covering tarp in high tenacity polyester; finished in PVC on both sides. Flame-retardant M-2 (620 g). Nylon wheel: Default (for great use). Optimum sliding on parquet, linoleum and smooth surfaces. Rubber wheel: Similar usage to the nylon wheel. Better grip due to the rubber finish. Pneumatic wheel: For outdoor use (on grass and gravel\/earth). Consult us for measurement-based prices.","og_url":"https:\/\/www.lausinyvicente.com\/en\/sports-equipment\/football\/milan-players-exit-tunnel","og_site_name":"Laus\u00edn y Vicente","og_image":[{"width":720,"height":490,"url":"https:\/\/www.lausinyvicente.com\/wp-content\/uploads\/2022\/11\/D.16.00-tunel-salida-jugadores-MILAN.jpg","type":"image\/jpeg"}],"twitter_card":"summary_large_image","schema":{"@context":"https:\/\/schema.org","@graph":[{"@type":"WebPage","@id":"https:\/\/www.lausinyvicente.com\/en\/sports-equipment\/football\/milan-players-exit-tunnel","url":"https:\/\/www.lausinyvicente.com\/en\/sports-equipment\/football\/milan-players-exit-tunnel","name":"\u201cMilan\u201d players exit tunnel - Laus\u00edn y Vicente","isPartOf":{"@id":"https:\/\/www.lausinyvicente.com\/#website"},"primaryImageOfPage":{"@id":"https:\/\/www.lausinyvicente.com\/en\/sports-equipment\/football\/milan-players-exit-tunnel#primaryimage"},"image":{"@id":"https:\/\/www.lausinyvicente.com\/en\/sports-equipment\/football\/milan-players-exit-tunnel#primaryimage"},"thumbnailUrl":"https:\/\/www.lausinyvicente.com\/wp-content\/uploads\/2022\/11\/D.16.00-tunel-salida-jugadores-MILAN.jpg","datePublished":"2022-11-30T14:45:11+00:00","breadcrumb":{"@id":"https:\/\/www.lausinyvicente.com\/en\/sports-equipment\/football\/milan-players-exit-tunnel#breadcrumb"},"inLanguage":"en-US","potentialAction":[{"@type":"ReadAction","target":["https:\/\/www.lausinyvicente.com\/en\/sports-equipment\/football\/milan-players-exit-tunnel"]}]},{"@type":"ImageObject","inLanguage":"en-US","@id":"https:\/\/www.lausinyvicente.com\/en\/sports-equipment\/football\/milan-players-exit-tunnel#primaryimage","url":"https:\/\/www.lausinyvicente.com\/wp-content\/uploads\/2022\/11\/D.16.00-tunel-salida-jugadores-MILAN.jpg","contentUrl":"https:\/\/www.lausinyvicente.com\/wp-content\/uploads\/2022\/11\/D.16.00-tunel-salida-jugadores-MILAN.jpg","width":720,"height":490},{"@type":"BreadcrumbList","@id":"https:\/\/www.lausinyvicente.com\/en\/sports-equipment\/football\/milan-players-exit-tunnel#breadcrumb","itemListElement":[{"@type":"ListItem","position":1,"name":"Portada","item":"https:\/\/www.lausinyvicente.com\/"},{"@type":"ListItem","position":2,"name":"Shop","item":"https:\/\/www.lausinyvicente.com\/en\/shop"},{"@type":"ListItem","position":3,"name":"\u201cMilan\u201d players exit tunnel"}]},{"@type":"WebSite","@id":"https:\/\/www.lausinyvicente.com\/#website","url":"https:\/\/www.lausinyvicente.com\/","name":"Laus\u00edn y Vicente","description":"Fabricaci\u00f3n y distribuci\u00f3n de material deportivo","potentialAction":[{"@type":"SearchAction","target":{"@type":"EntryPoint","urlTemplate":"https:\/\/www.lausinyvicente.com\/?s={search_term_string}"},"query-input":{"@type":"PropertyValueSpecification","valueRequired":true,"valueName":"search_term_string"}}],"inLanguage":"en-US"}]}},"_links":{"self":[{"href":"https:\/\/www.lausinyvicente.com\/en\/wp-json\/wp\/v2\/product\/4426","targetHints":{"allow":["GET"]}}],"collection":[{"href":"https:\/\/www.lausinyvicente.com\/en\/wp-json\/wp\/v2\/product"}],"about":[{"href":"https:\/\/www.lausinyvicente.com\/en\/wp-json\/wp\/v2\/types\/product"}],"wp:featuredmedia":[{"embeddable":true,"href":"https:\/\/www.lausinyvicente.com\/en\/wp-json\/wp\/v2\/media\/2599"}],"wp:attachment":[{"href":"https:\/\/www.lausinyvicente.com\/en\/wp-json\/wp\/v2\/media?parent=4426"}],"wp:term":[{"taxonomy":"product_cat","embeddable":true,"href":"https:\/\/www.lausinyvicente.com\/en\/wp-json\/wp\/v2\/product_cat?post=4426"},{"taxonomy":"product_tag","embeddable":true,"href":"https:\/\/www.lausinyvicente.com\/en\/wp-json\/wp\/v2\/product_tag?post=4426"}],"curies":[{"name":"wp","href":"https:\/\/api.w.org\/{rel}","templated":true}]}}