{"id":4540,"date":"2022-11-30T12:42:24","date_gmt":"2022-11-30T12:42:24","guid":{"rendered":"https:\/\/www.lausinyvicente.com\/uncategorized\/competition-indoor-football-goals\/"},"modified":"2026-02-22T09:31:12","modified_gmt":"2026-02-22T09:31:12","slug":"competition-indoor-football-goals","status":"publish","type":"product","link":"https:\/\/www.lausinyvicente.com\/en\/sports-equipment\/football\/football-goals\/competition-indoor-football-goals","title":{"rendered":"Competition indoor football goals"},"content":{"rendered":"","protected":false},"excerpt":{"rendered":"<p>Made in accordance with regulation UNE-EN 749. Posts and crossbars made from aluminium; painted blue and white. The posts and crossbars in the aluminium models are joined together using metal brackets (50 x 50 mm). The frames are in 80 x 80 mm oval\/square cross-section, with rounded edges. Dimensions: 3.00 x 2.00 x 1m Fixed back supports for anchoring (overturn prevention) in 32 mm rounded galvanized steel profile. PVC hooks to attach the net to the frame. Price per set (2 units w\/o nets).<\/p>\n","protected":false},"featured_media":2569,"template":"","meta":[],"product_cat":[155,141,216],"product_tag":[],"class_list":{"0":"post-4540","1":"product","2":"type-product","3":"status-publish","4":"has-post-thumbnail","6":"product_cat-football","7":"product_cat-sports-equipment","8":"product_cat-football-goals","10":"first","11":"instock","12":"shipping-taxable","13":"purchasable","14":"product-type-variable"},"yoast_head":"<!-- This site is optimized with the Yoast SEO plugin v27.0 - https:\/\/yoast.com\/product\/yoast-seo-wordpress\/ -->\n<title>Competition indoor football goals - Laus\u00edn y Vicente<\/title>\n<meta name=\"robots\" content=\"index, follow, max-snippet:-1, max-image-preview:large, max-video-preview:-1\" \/>\n<link rel=\"canonical\" href=\"https:\/\/www.lausinyvicente.com\/en\/sports-equipment\/football\/football-goals\/competition-indoor-football-goals\" \/>\n<meta property=\"og:locale\" content=\"en_US\" \/>\n<meta property=\"og:type\" content=\"article\" \/>\n<meta property=\"og:title\" content=\"Competition indoor football goals - Laus\u00edn y Vicente\" \/>\n<meta property=\"og:description\" content=\"Made in accordance with regulation UNE-EN 749. Posts and crossbars made from aluminium; painted blue and white. The posts and crossbars in the aluminium models are joined together using metal brackets (50 x 50 mm). The frames are in 80 x 80 mm oval\/square cross-section, with rounded edges. Dimensions: 3.00 x 2.00 x 1m Fixed back supports for anchoring (overturn prevention) in 32 mm rounded galvanized steel profile. PVC hooks to attach the net to the frame. Price per set (2 units w\/o nets).\" \/>\n<meta property=\"og:url\" content=\"https:\/\/www.lausinyvicente.com\/en\/sports-equipment\/football\/football-goals\/competition-indoor-football-goals\" \/>\n<meta property=\"og:site_name\" content=\"Laus\u00edn y Vicente\" \/>\n<meta property=\"article:modified_time\" content=\"2026-02-22T09:31:12+00:00\" \/>\n<meta property=\"og:image\" content=\"https:\/\/www.lausinyvicente.com\/wp-content\/uploads\/2022\/11\/D.06.06-porterias-futbol-sala.jpg\" \/>\n\t<meta property=\"og:image:width\" content=\"720\" \/>\n\t<meta property=\"og:image:height\" content=\"490\" \/>\n\t<meta property=\"og:image:type\" content=\"image\/jpeg\" \/>\n<meta name=\"twitter:card\" content=\"summary_large_image\" \/>\n<meta name=\"twitter:label1\" content=\"Est. reading time\" \/>\n\t<meta name=\"twitter:data1\" content=\"1 minute\" \/>\n<script type=\"application\/ld+json\" class=\"yoast-schema-graph\">{\"@context\":\"https:\/\/schema.org\",\"@graph\":[{\"@type\":\"WebPage\",\"@id\":\"https:\/\/www.lausinyvicente.com\/en\/sports-equipment\/football\/football-goals\/competition-indoor-football-goals\",\"url\":\"https:\/\/www.lausinyvicente.com\/en\/sports-equipment\/football\/football-goals\/competition-indoor-football-goals\",\"name\":\"Competition indoor football goals - Laus\u00edn y Vicente\",\"isPartOf\":{\"@id\":\"https:\/\/www.lausinyvicente.com\/#website\"},\"primaryImageOfPage\":{\"@id\":\"https:\/\/www.lausinyvicente.com\/en\/sports-equipment\/football\/football-goals\/competition-indoor-football-goals#primaryimage\"},\"image\":{\"@id\":\"https:\/\/www.lausinyvicente.com\/en\/sports-equipment\/football\/football-goals\/competition-indoor-football-goals#primaryimage\"},\"thumbnailUrl\":\"https:\/\/www.lausinyvicente.com\/wp-content\/uploads\/2022\/11\/D.06.06-porterias-futbol-sala.jpg\",\"datePublished\":\"2022-11-30T12:42:24+00:00\",\"dateModified\":\"2026-02-22T09:31:12+00:00\",\"breadcrumb\":{\"@id\":\"https:\/\/www.lausinyvicente.com\/en\/sports-equipment\/football\/football-goals\/competition-indoor-football-goals#breadcrumb\"},\"inLanguage\":\"en-US\",\"potentialAction\":[{\"@type\":\"ReadAction\",\"target\":[\"https:\/\/www.lausinyvicente.com\/en\/sports-equipment\/football\/football-goals\/competition-indoor-football-goals\"]}]},{\"@type\":\"ImageObject\",\"inLanguage\":\"en-US\",\"@id\":\"https:\/\/www.lausinyvicente.com\/en\/sports-equipment\/football\/football-goals\/competition-indoor-football-goals#primaryimage\",\"url\":\"https:\/\/www.lausinyvicente.com\/wp-content\/uploads\/2022\/11\/D.06.06-porterias-futbol-sala.jpg\",\"contentUrl\":\"https:\/\/www.lausinyvicente.com\/wp-content\/uploads\/2022\/11\/D.06.06-porterias-futbol-sala.jpg\",\"width\":720,\"height\":490},{\"@type\":\"BreadcrumbList\",\"@id\":\"https:\/\/www.lausinyvicente.com\/en\/sports-equipment\/football\/football-goals\/competition-indoor-football-goals#breadcrumb\",\"itemListElement\":[{\"@type\":\"ListItem\",\"position\":1,\"name\":\"Portada\",\"item\":\"https:\/\/www.lausinyvicente.com\/\"},{\"@type\":\"ListItem\",\"position\":2,\"name\":\"Shop\",\"item\":\"https:\/\/www.lausinyvicente.com\/en\/shop\"},{\"@type\":\"ListItem\",\"position\":3,\"name\":\"Competition indoor football goals\"}]},{\"@type\":\"WebSite\",\"@id\":\"https:\/\/www.lausinyvicente.com\/#website\",\"url\":\"https:\/\/www.lausinyvicente.com\/\",\"name\":\"Laus\u00edn y Vicente\",\"description\":\"Fabricaci\u00f3n y distribuci\u00f3n de material deportivo\",\"potentialAction\":[{\"@type\":\"SearchAction\",\"target\":{\"@type\":\"EntryPoint\",\"urlTemplate\":\"https:\/\/www.lausinyvicente.com\/?s={search_term_string}\"},\"query-input\":{\"@type\":\"PropertyValueSpecification\",\"valueRequired\":true,\"valueName\":\"search_term_string\"}}],\"inLanguage\":\"en-US\"}]}<\/script>\n<!-- \/ Yoast SEO plugin. -->","yoast_head_json":{"title":"Competition indoor football goals - Laus\u00edn y Vicente","robots":{"index":"index","follow":"follow","max-snippet":"max-snippet:-1","max-image-preview":"max-image-preview:large","max-video-preview":"max-video-preview:-1"},"canonical":"https:\/\/www.lausinyvicente.com\/en\/sports-equipment\/football\/football-goals\/competition-indoor-football-goals","og_locale":"en_US","og_type":"article","og_title":"Competition indoor football goals - Laus\u00edn y Vicente","og_description":"Made in accordance with regulation UNE-EN 749. Posts and crossbars made from aluminium; painted blue and white. The posts and crossbars in the aluminium models are joined together using metal brackets (50 x 50 mm). The frames are in 80 x 80 mm oval\/square cross-section, with rounded edges. Dimensions: 3.00 x 2.00 x 1m Fixed back supports for anchoring (overturn prevention) in 32 mm rounded galvanized steel profile. PVC hooks to attach the net to the frame. Price per set (2 units w\/o nets).","og_url":"https:\/\/www.lausinyvicente.com\/en\/sports-equipment\/football\/football-goals\/competition-indoor-football-goals","og_site_name":"Laus\u00edn y Vicente","article_modified_time":"2026-02-22T09:31:12+00:00","og_image":[{"width":720,"height":490,"url":"https:\/\/www.lausinyvicente.com\/wp-content\/uploads\/2022\/11\/D.06.06-porterias-futbol-sala.jpg","type":"image\/jpeg"}],"twitter_card":"summary_large_image","twitter_misc":{"Est. reading time":"1 minute"},"schema":{"@context":"https:\/\/schema.org","@graph":[{"@type":"WebPage","@id":"https:\/\/www.lausinyvicente.com\/en\/sports-equipment\/football\/football-goals\/competition-indoor-football-goals","url":"https:\/\/www.lausinyvicente.com\/en\/sports-equipment\/football\/football-goals\/competition-indoor-football-goals","name":"Competition indoor football goals - Laus\u00edn y Vicente","isPartOf":{"@id":"https:\/\/www.lausinyvicente.com\/#website"},"primaryImageOfPage":{"@id":"https:\/\/www.lausinyvicente.com\/en\/sports-equipment\/football\/football-goals\/competition-indoor-football-goals#primaryimage"},"image":{"@id":"https:\/\/www.lausinyvicente.com\/en\/sports-equipment\/football\/football-goals\/competition-indoor-football-goals#primaryimage"},"thumbnailUrl":"https:\/\/www.lausinyvicente.com\/wp-content\/uploads\/2022\/11\/D.06.06-porterias-futbol-sala.jpg","datePublished":"2022-11-30T12:42:24+00:00","dateModified":"2026-02-22T09:31:12+00:00","breadcrumb":{"@id":"https:\/\/www.lausinyvicente.com\/en\/sports-equipment\/football\/football-goals\/competition-indoor-football-goals#breadcrumb"},"inLanguage":"en-US","potentialAction":[{"@type":"ReadAction","target":["https:\/\/www.lausinyvicente.com\/en\/sports-equipment\/football\/football-goals\/competition-indoor-football-goals"]}]},{"@type":"ImageObject","inLanguage":"en-US","@id":"https:\/\/www.lausinyvicente.com\/en\/sports-equipment\/football\/football-goals\/competition-indoor-football-goals#primaryimage","url":"https:\/\/www.lausinyvicente.com\/wp-content\/uploads\/2022\/11\/D.06.06-porterias-futbol-sala.jpg","contentUrl":"https:\/\/www.lausinyvicente.com\/wp-content\/uploads\/2022\/11\/D.06.06-porterias-futbol-sala.jpg","width":720,"height":490},{"@type":"BreadcrumbList","@id":"https:\/\/www.lausinyvicente.com\/en\/sports-equipment\/football\/football-goals\/competition-indoor-football-goals#breadcrumb","itemListElement":[{"@type":"ListItem","position":1,"name":"Portada","item":"https:\/\/www.lausinyvicente.com\/"},{"@type":"ListItem","position":2,"name":"Shop","item":"https:\/\/www.lausinyvicente.com\/en\/shop"},{"@type":"ListItem","position":3,"name":"Competition indoor football goals"}]},{"@type":"WebSite","@id":"https:\/\/www.lausinyvicente.com\/#website","url":"https:\/\/www.lausinyvicente.com\/","name":"Laus\u00edn y Vicente","description":"Fabricaci\u00f3n y distribuci\u00f3n de material deportivo","potentialAction":[{"@type":"SearchAction","target":{"@type":"EntryPoint","urlTemplate":"https:\/\/www.lausinyvicente.com\/?s={search_term_string}"},"query-input":{"@type":"PropertyValueSpecification","valueRequired":true,"valueName":"search_term_string"}}],"inLanguage":"en-US"}]}},"_links":{"self":[{"href":"https:\/\/www.lausinyvicente.com\/en\/wp-json\/wp\/v2\/product\/4540","targetHints":{"allow":["GET"]}}],"collection":[{"href":"https:\/\/www.lausinyvicente.com\/en\/wp-json\/wp\/v2\/product"}],"about":[{"href":"https:\/\/www.lausinyvicente.com\/en\/wp-json\/wp\/v2\/types\/product"}],"wp:featuredmedia":[{"embeddable":true,"href":"https:\/\/www.lausinyvicente.com\/en\/wp-json\/wp\/v2\/media\/2569"}],"wp:attachment":[{"href":"https:\/\/www.lausinyvicente.com\/en\/wp-json\/wp\/v2\/media?parent=4540"}],"wp:term":[{"taxonomy":"product_cat","embeddable":true,"href":"https:\/\/www.lausinyvicente.com\/en\/wp-json\/wp\/v2\/product_cat?post=4540"},{"taxonomy":"product_tag","embeddable":true,"href":"https:\/\/www.lausinyvicente.com\/en\/wp-json\/wp\/v2\/product_tag?post=4540"}],"curies":[{"name":"wp","href":"https:\/\/api.w.org\/{rel}","templated":true}]}}