{"id":4558,"date":"2022-11-30T12:36:55","date_gmt":"2022-11-30T12:36:55","guid":{"rendered":"https:\/\/www.lausinyvicente.com\/uncategorized\/fibreglass-irrigation-sprinkler-protector\/"},"modified":"2022-11-30T12:36:55","modified_gmt":"2022-11-30T12:36:55","slug":"fibreglass-irrigation-sprinkler-protector","status":"publish","type":"product","link":"https:\/\/www.lausinyvicente.com\/en\/sports-equipment\/football\/football-equipment\/fibreglass-irrigation-sprinkler-protector","title":{"rendered":"Fibreglass irrigation sprinkler protector"},"content":{"rendered":"","protected":false},"excerpt":{"rendered":"<p>A water sprinkler protector for football pitches. Made from fibreglass, this protector can easily be moved around thanks to the side openings on each of its sides. Measures approx. 1150 x 450 x 700 mm. The fibreglass is 3 mm thick throughout, except for the base where it is 5 mm thick. All corners and edges are rounded to avoid potential dangers when the ball or players collide with the unit. Its wide base means the grass is unaffected, while ensuring stability in the case of strong winds.     <\/p>\n","protected":false},"featured_media":2563,"template":"","meta":[],"product_cat":[155,141,221],"product_tag":[],"class_list":{"0":"post-4558","1":"product","2":"type-product","3":"status-publish","4":"has-post-thumbnail","6":"product_cat-football","7":"product_cat-sports-equipment","8":"product_cat-football-equipment","10":"first","11":"instock","12":"shipping-taxable","13":"purchasable","14":"product-type-simple"},"yoast_head":"<!-- This site is optimized with the Yoast SEO plugin v27.0 - https:\/\/yoast.com\/product\/yoast-seo-wordpress\/ -->\n<title>Fibreglass irrigation sprinkler protector - Laus\u00edn y Vicente<\/title>\n<meta name=\"robots\" content=\"index, follow, max-snippet:-1, max-image-preview:large, max-video-preview:-1\" \/>\n<link rel=\"canonical\" href=\"https:\/\/www.lausinyvicente.com\/en\/sports-equipment\/football\/fibreglass-irrigation-sprinkler-protector\" \/>\n<meta property=\"og:locale\" content=\"en_US\" \/>\n<meta property=\"og:type\" content=\"article\" \/>\n<meta property=\"og:title\" content=\"Fibreglass irrigation sprinkler protector - Laus\u00edn y Vicente\" \/>\n<meta property=\"og:description\" content=\"A water sprinkler protector for football pitches. Made from fibreglass, this protector can easily be moved around thanks to the side openings on each of its sides. Measures approx. 1150 x 450 x 700 mm. The fibreglass is 3 mm thick throughout, except for the base where it is 5 mm thick. All corners and edges are rounded to avoid potential dangers when the ball or players collide with the unit. Its wide base means the grass is unaffected, while ensuring stability in the case of strong winds.\" \/>\n<meta property=\"og:url\" content=\"https:\/\/www.lausinyvicente.com\/en\/sports-equipment\/football\/fibreglass-irrigation-sprinkler-protector\" \/>\n<meta property=\"og:site_name\" content=\"Laus\u00edn y Vicente\" \/>\n<meta property=\"og:image\" content=\"https:\/\/www.lausinyvicente.com\/wp-content\/uploads\/2022\/11\/M.98.93-protector-canon-riego-fibra-0.jpg\" \/>\n\t<meta property=\"og:image:width\" content=\"720\" \/>\n\t<meta property=\"og:image:height\" content=\"490\" \/>\n\t<meta property=\"og:image:type\" content=\"image\/jpeg\" \/>\n<meta name=\"twitter:card\" content=\"summary_large_image\" \/>\n<script type=\"application\/ld+json\" class=\"yoast-schema-graph\">{\"@context\":\"https:\/\/schema.org\",\"@graph\":[{\"@type\":\"WebPage\",\"@id\":\"https:\/\/www.lausinyvicente.com\/en\/sports-equipment\/football\/fibreglass-irrigation-sprinkler-protector\",\"url\":\"https:\/\/www.lausinyvicente.com\/en\/sports-equipment\/football\/fibreglass-irrigation-sprinkler-protector\",\"name\":\"Fibreglass irrigation sprinkler protector - Laus\u00edn y Vicente\",\"isPartOf\":{\"@id\":\"https:\/\/www.lausinyvicente.com\/#website\"},\"primaryImageOfPage\":{\"@id\":\"https:\/\/www.lausinyvicente.com\/en\/sports-equipment\/football\/fibreglass-irrigation-sprinkler-protector#primaryimage\"},\"image\":{\"@id\":\"https:\/\/www.lausinyvicente.com\/en\/sports-equipment\/football\/fibreglass-irrigation-sprinkler-protector#primaryimage\"},\"thumbnailUrl\":\"https:\/\/www.lausinyvicente.com\/wp-content\/uploads\/2022\/11\/M.98.93-protector-canon-riego-fibra-0.jpg\",\"datePublished\":\"2022-11-30T12:36:55+00:00\",\"breadcrumb\":{\"@id\":\"https:\/\/www.lausinyvicente.com\/en\/sports-equipment\/football\/fibreglass-irrigation-sprinkler-protector#breadcrumb\"},\"inLanguage\":\"en-US\",\"potentialAction\":[{\"@type\":\"ReadAction\",\"target\":[\"https:\/\/www.lausinyvicente.com\/en\/sports-equipment\/football\/fibreglass-irrigation-sprinkler-protector\"]}]},{\"@type\":\"ImageObject\",\"inLanguage\":\"en-US\",\"@id\":\"https:\/\/www.lausinyvicente.com\/en\/sports-equipment\/football\/fibreglass-irrigation-sprinkler-protector#primaryimage\",\"url\":\"https:\/\/www.lausinyvicente.com\/wp-content\/uploads\/2022\/11\/M.98.93-protector-canon-riego-fibra-0.jpg\",\"contentUrl\":\"https:\/\/www.lausinyvicente.com\/wp-content\/uploads\/2022\/11\/M.98.93-protector-canon-riego-fibra-0.jpg\",\"width\":720,\"height\":490},{\"@type\":\"BreadcrumbList\",\"@id\":\"https:\/\/www.lausinyvicente.com\/en\/sports-equipment\/football\/fibreglass-irrigation-sprinkler-protector#breadcrumb\",\"itemListElement\":[{\"@type\":\"ListItem\",\"position\":1,\"name\":\"Portada\",\"item\":\"https:\/\/www.lausinyvicente.com\/\"},{\"@type\":\"ListItem\",\"position\":2,\"name\":\"Shop\",\"item\":\"https:\/\/www.lausinyvicente.com\/en\/shop\"},{\"@type\":\"ListItem\",\"position\":3,\"name\":\"Fibreglass irrigation sprinkler protector\"}]},{\"@type\":\"WebSite\",\"@id\":\"https:\/\/www.lausinyvicente.com\/#website\",\"url\":\"https:\/\/www.lausinyvicente.com\/\",\"name\":\"Laus\u00edn y Vicente\",\"description\":\"Fabricaci\u00f3n y distribuci\u00f3n de material deportivo\",\"potentialAction\":[{\"@type\":\"SearchAction\",\"target\":{\"@type\":\"EntryPoint\",\"urlTemplate\":\"https:\/\/www.lausinyvicente.com\/?s={search_term_string}\"},\"query-input\":{\"@type\":\"PropertyValueSpecification\",\"valueRequired\":true,\"valueName\":\"search_term_string\"}}],\"inLanguage\":\"en-US\"}]}<\/script>\n<!-- \/ Yoast SEO plugin. -->","yoast_head_json":{"title":"Fibreglass irrigation sprinkler protector - Laus\u00edn y Vicente","robots":{"index":"index","follow":"follow","max-snippet":"max-snippet:-1","max-image-preview":"max-image-preview:large","max-video-preview":"max-video-preview:-1"},"canonical":"https:\/\/www.lausinyvicente.com\/en\/sports-equipment\/football\/fibreglass-irrigation-sprinkler-protector","og_locale":"en_US","og_type":"article","og_title":"Fibreglass irrigation sprinkler protector - Laus\u00edn y Vicente","og_description":"A water sprinkler protector for football pitches. Made from fibreglass, this protector can easily be moved around thanks to the side openings on each of its sides. Measures approx. 1150 x 450 x 700 mm. The fibreglass is 3 mm thick throughout, except for the base where it is 5 mm thick. All corners and edges are rounded to avoid potential dangers when the ball or players collide with the unit. Its wide base means the grass is unaffected, while ensuring stability in the case of strong winds.","og_url":"https:\/\/www.lausinyvicente.com\/en\/sports-equipment\/football\/fibreglass-irrigation-sprinkler-protector","og_site_name":"Laus\u00edn y Vicente","og_image":[{"width":720,"height":490,"url":"https:\/\/www.lausinyvicente.com\/wp-content\/uploads\/2022\/11\/M.98.93-protector-canon-riego-fibra-0.jpg","type":"image\/jpeg"}],"twitter_card":"summary_large_image","schema":{"@context":"https:\/\/schema.org","@graph":[{"@type":"WebPage","@id":"https:\/\/www.lausinyvicente.com\/en\/sports-equipment\/football\/fibreglass-irrigation-sprinkler-protector","url":"https:\/\/www.lausinyvicente.com\/en\/sports-equipment\/football\/fibreglass-irrigation-sprinkler-protector","name":"Fibreglass irrigation sprinkler protector - Laus\u00edn y Vicente","isPartOf":{"@id":"https:\/\/www.lausinyvicente.com\/#website"},"primaryImageOfPage":{"@id":"https:\/\/www.lausinyvicente.com\/en\/sports-equipment\/football\/fibreglass-irrigation-sprinkler-protector#primaryimage"},"image":{"@id":"https:\/\/www.lausinyvicente.com\/en\/sports-equipment\/football\/fibreglass-irrigation-sprinkler-protector#primaryimage"},"thumbnailUrl":"https:\/\/www.lausinyvicente.com\/wp-content\/uploads\/2022\/11\/M.98.93-protector-canon-riego-fibra-0.jpg","datePublished":"2022-11-30T12:36:55+00:00","breadcrumb":{"@id":"https:\/\/www.lausinyvicente.com\/en\/sports-equipment\/football\/fibreglass-irrigation-sprinkler-protector#breadcrumb"},"inLanguage":"en-US","potentialAction":[{"@type":"ReadAction","target":["https:\/\/www.lausinyvicente.com\/en\/sports-equipment\/football\/fibreglass-irrigation-sprinkler-protector"]}]},{"@type":"ImageObject","inLanguage":"en-US","@id":"https:\/\/www.lausinyvicente.com\/en\/sports-equipment\/football\/fibreglass-irrigation-sprinkler-protector#primaryimage","url":"https:\/\/www.lausinyvicente.com\/wp-content\/uploads\/2022\/11\/M.98.93-protector-canon-riego-fibra-0.jpg","contentUrl":"https:\/\/www.lausinyvicente.com\/wp-content\/uploads\/2022\/11\/M.98.93-protector-canon-riego-fibra-0.jpg","width":720,"height":490},{"@type":"BreadcrumbList","@id":"https:\/\/www.lausinyvicente.com\/en\/sports-equipment\/football\/fibreglass-irrigation-sprinkler-protector#breadcrumb","itemListElement":[{"@type":"ListItem","position":1,"name":"Portada","item":"https:\/\/www.lausinyvicente.com\/"},{"@type":"ListItem","position":2,"name":"Shop","item":"https:\/\/www.lausinyvicente.com\/en\/shop"},{"@type":"ListItem","position":3,"name":"Fibreglass irrigation sprinkler protector"}]},{"@type":"WebSite","@id":"https:\/\/www.lausinyvicente.com\/#website","url":"https:\/\/www.lausinyvicente.com\/","name":"Laus\u00edn y Vicente","description":"Fabricaci\u00f3n y distribuci\u00f3n de material deportivo","potentialAction":[{"@type":"SearchAction","target":{"@type":"EntryPoint","urlTemplate":"https:\/\/www.lausinyvicente.com\/?s={search_term_string}"},"query-input":{"@type":"PropertyValueSpecification","valueRequired":true,"valueName":"search_term_string"}}],"inLanguage":"en-US"}]}},"_links":{"self":[{"href":"https:\/\/www.lausinyvicente.com\/en\/wp-json\/wp\/v2\/product\/4558","targetHints":{"allow":["GET"]}}],"collection":[{"href":"https:\/\/www.lausinyvicente.com\/en\/wp-json\/wp\/v2\/product"}],"about":[{"href":"https:\/\/www.lausinyvicente.com\/en\/wp-json\/wp\/v2\/types\/product"}],"wp:featuredmedia":[{"embeddable":true,"href":"https:\/\/www.lausinyvicente.com\/en\/wp-json\/wp\/v2\/media\/2563"}],"wp:attachment":[{"href":"https:\/\/www.lausinyvicente.com\/en\/wp-json\/wp\/v2\/media?parent=4558"}],"wp:term":[{"taxonomy":"product_cat","embeddable":true,"href":"https:\/\/www.lausinyvicente.com\/en\/wp-json\/wp\/v2\/product_cat?post=4558"},{"taxonomy":"product_tag","embeddable":true,"href":"https:\/\/www.lausinyvicente.com\/en\/wp-json\/wp\/v2\/product_tag?post=4558"}],"curies":[{"name":"wp","href":"https:\/\/api.w.org\/{rel}","templated":true}]}}