{"id":4584,"date":"2022-11-30T12:16:30","date_gmt":"2022-11-30T12:16:30","guid":{"rendered":"https:\/\/www.lausinyvicente.com\/uncategorized\/combination-football-rugby-posts\/"},"modified":"2022-11-30T12:16:30","modified_gmt":"2022-11-30T12:16:30","slug":"combination-football-rugby-posts","status":"publish","type":"product","link":"https:\/\/www.lausinyvicente.com\/en\/sports-equipment\/football\/football-goals\/combination-football-rugby-posts","title":{"rendered":"Combination football\/rugby posts"},"content":{"rendered":"","protected":false},"excerpt":{"rendered":"<p>Football &#8211; Rugby goals designed to play both sports using the same equipment on playgrounds for training .The football goal frames are made of 120 mm round extruded aluminum tube lacquered in white RAL 9010. Regulatory measures: 7,32 x 2,44 m. The inner corner joints to connect the posts and crossbar are made from 60 x 60 x 2 mm square zinc-plated steel tube that provide the frame with great strength and durability. Galvanized metal net supports with reinforcement side tie. 500 mm aluminum sockets and polyamide hooks for the net. Round metallic structures painted in white are inserted on the crossbar to place the vertical posts for rugby goals. The structure of the rugby goal is made of 90mm diameter aluminum profile, painted in white RAL 9010 with epoxy paint and oven drying. The height of the posts is 6,40 m according to the minimum Standard requirements. Price per sert (2 units).         <\/p>\n","protected":false},"featured_media":2551,"template":"","meta":[],"product_cat":[155,141,216,151],"product_tag":[],"class_list":{"0":"post-4584","1":"product","2":"type-product","3":"status-publish","4":"has-post-thumbnail","6":"product_cat-football","7":"product_cat-sports-equipment","8":"product_cat-football-goals","9":"product_cat-rugby","11":"first","12":"instock","13":"shipping-taxable","14":"purchasable","15":"product-type-simple"},"yoast_head":"<!-- This site is optimized with the Yoast SEO plugin v27.0 - https:\/\/yoast.com\/product\/yoast-seo-wordpress\/ -->\n<title>Combination football\/rugby posts - Laus\u00edn y Vicente<\/title>\n<meta name=\"robots\" content=\"index, follow, max-snippet:-1, max-image-preview:large, max-video-preview:-1\" \/>\n<link rel=\"canonical\" href=\"https:\/\/www.lausinyvicente.com\/en\/sports-equipment\/football\/combination-football-rugby-posts\" \/>\n<meta property=\"og:locale\" content=\"en_US\" \/>\n<meta property=\"og:type\" content=\"article\" \/>\n<meta property=\"og:title\" content=\"Combination football\/rugby posts - Laus\u00edn y Vicente\" \/>\n<meta property=\"og:description\" content=\"Football - Rugby goals designed to play both sports using the same equipment on playgrounds for training .The football goal frames are made of 120 mm round extruded aluminum tube lacquered in white RAL 9010. Regulatory measures: 7,32 x 2,44 m. The inner corner joints to connect the posts and crossbar are made from 60 x 60 x 2 mm square zinc-plated steel tube that provide the frame with great strength and durability. Galvanized metal net supports with reinforcement side tie. 500 mm aluminum sockets and polyamide hooks for the net. Round metallic structures painted in white are inserted on the crossbar to place the vertical posts for rugby goals. The structure of the rugby goal is made of 90mm diameter aluminum profile, painted in white RAL 9010 with epoxy paint and oven drying. The height of the posts is 6,40 m according to the minimum Standard requirements. Price per sert (2 units).\" \/>\n<meta property=\"og:url\" content=\"https:\/\/www.lausinyvicente.com\/en\/sports-equipment\/football\/combination-football-rugby-posts\" \/>\n<meta property=\"og:site_name\" content=\"Laus\u00edn y Vicente\" \/>\n<meta property=\"og:image\" content=\"https:\/\/www.lausinyvicente.com\/wp-content\/uploads\/2022\/11\/D.13.41_juego_multideporte_futbol_y_rugby.jpg\" \/>\n\t<meta property=\"og:image:width\" content=\"720\" \/>\n\t<meta property=\"og:image:height\" content=\"490\" \/>\n\t<meta property=\"og:image:type\" content=\"image\/jpeg\" \/>\n<meta name=\"twitter:card\" content=\"summary_large_image\" \/>\n<script type=\"application\/ld+json\" class=\"yoast-schema-graph\">{\"@context\":\"https:\/\/schema.org\",\"@graph\":[{\"@type\":\"WebPage\",\"@id\":\"https:\/\/www.lausinyvicente.com\/en\/sports-equipment\/football\/combination-football-rugby-posts\",\"url\":\"https:\/\/www.lausinyvicente.com\/en\/sports-equipment\/football\/combination-football-rugby-posts\",\"name\":\"Combination football\/rugby posts - Laus\u00edn y Vicente\",\"isPartOf\":{\"@id\":\"https:\/\/www.lausinyvicente.com\/#website\"},\"primaryImageOfPage\":{\"@id\":\"https:\/\/www.lausinyvicente.com\/en\/sports-equipment\/football\/combination-football-rugby-posts#primaryimage\"},\"image\":{\"@id\":\"https:\/\/www.lausinyvicente.com\/en\/sports-equipment\/football\/combination-football-rugby-posts#primaryimage\"},\"thumbnailUrl\":\"https:\/\/www.lausinyvicente.com\/wp-content\/uploads\/2022\/11\/D.13.41_juego_multideporte_futbol_y_rugby.jpg\",\"datePublished\":\"2022-11-30T12:16:30+00:00\",\"breadcrumb\":{\"@id\":\"https:\/\/www.lausinyvicente.com\/en\/sports-equipment\/football\/combination-football-rugby-posts#breadcrumb\"},\"inLanguage\":\"en-US\",\"potentialAction\":[{\"@type\":\"ReadAction\",\"target\":[\"https:\/\/www.lausinyvicente.com\/en\/sports-equipment\/football\/combination-football-rugby-posts\"]}]},{\"@type\":\"ImageObject\",\"inLanguage\":\"en-US\",\"@id\":\"https:\/\/www.lausinyvicente.com\/en\/sports-equipment\/football\/combination-football-rugby-posts#primaryimage\",\"url\":\"https:\/\/www.lausinyvicente.com\/wp-content\/uploads\/2022\/11\/D.13.41_juego_multideporte_futbol_y_rugby.jpg\",\"contentUrl\":\"https:\/\/www.lausinyvicente.com\/wp-content\/uploads\/2022\/11\/D.13.41_juego_multideporte_futbol_y_rugby.jpg\",\"width\":720,\"height\":490},{\"@type\":\"BreadcrumbList\",\"@id\":\"https:\/\/www.lausinyvicente.com\/en\/sports-equipment\/football\/combination-football-rugby-posts#breadcrumb\",\"itemListElement\":[{\"@type\":\"ListItem\",\"position\":1,\"name\":\"Portada\",\"item\":\"https:\/\/www.lausinyvicente.com\/\"},{\"@type\":\"ListItem\",\"position\":2,\"name\":\"Shop\",\"item\":\"https:\/\/www.lausinyvicente.com\/en\/shop\"},{\"@type\":\"ListItem\",\"position\":3,\"name\":\"Combination football\/rugby posts\"}]},{\"@type\":\"WebSite\",\"@id\":\"https:\/\/www.lausinyvicente.com\/#website\",\"url\":\"https:\/\/www.lausinyvicente.com\/\",\"name\":\"Laus\u00edn y Vicente\",\"description\":\"Fabricaci\u00f3n y distribuci\u00f3n de material deportivo\",\"potentialAction\":[{\"@type\":\"SearchAction\",\"target\":{\"@type\":\"EntryPoint\",\"urlTemplate\":\"https:\/\/www.lausinyvicente.com\/?s={search_term_string}\"},\"query-input\":{\"@type\":\"PropertyValueSpecification\",\"valueRequired\":true,\"valueName\":\"search_term_string\"}}],\"inLanguage\":\"en-US\"}]}<\/script>\n<!-- \/ Yoast SEO plugin. -->","yoast_head_json":{"title":"Combination football\/rugby posts - Laus\u00edn y Vicente","robots":{"index":"index","follow":"follow","max-snippet":"max-snippet:-1","max-image-preview":"max-image-preview:large","max-video-preview":"max-video-preview:-1"},"canonical":"https:\/\/www.lausinyvicente.com\/en\/sports-equipment\/football\/combination-football-rugby-posts","og_locale":"en_US","og_type":"article","og_title":"Combination football\/rugby posts - Laus\u00edn y Vicente","og_description":"Football - Rugby goals designed to play both sports using the same equipment on playgrounds for training .The football goal frames are made of 120 mm round extruded aluminum tube lacquered in white RAL 9010. Regulatory measures: 7,32 x 2,44 m. The inner corner joints to connect the posts and crossbar are made from 60 x 60 x 2 mm square zinc-plated steel tube that provide the frame with great strength and durability. Galvanized metal net supports with reinforcement side tie. 500 mm aluminum sockets and polyamide hooks for the net. Round metallic structures painted in white are inserted on the crossbar to place the vertical posts for rugby goals. The structure of the rugby goal is made of 90mm diameter aluminum profile, painted in white RAL 9010 with epoxy paint and oven drying. The height of the posts is 6,40 m according to the minimum Standard requirements. Price per sert (2 units).","og_url":"https:\/\/www.lausinyvicente.com\/en\/sports-equipment\/football\/combination-football-rugby-posts","og_site_name":"Laus\u00edn y Vicente","og_image":[{"width":720,"height":490,"url":"https:\/\/www.lausinyvicente.com\/wp-content\/uploads\/2022\/11\/D.13.41_juego_multideporte_futbol_y_rugby.jpg","type":"image\/jpeg"}],"twitter_card":"summary_large_image","schema":{"@context":"https:\/\/schema.org","@graph":[{"@type":"WebPage","@id":"https:\/\/www.lausinyvicente.com\/en\/sports-equipment\/football\/combination-football-rugby-posts","url":"https:\/\/www.lausinyvicente.com\/en\/sports-equipment\/football\/combination-football-rugby-posts","name":"Combination football\/rugby posts - Laus\u00edn y Vicente","isPartOf":{"@id":"https:\/\/www.lausinyvicente.com\/#website"},"primaryImageOfPage":{"@id":"https:\/\/www.lausinyvicente.com\/en\/sports-equipment\/football\/combination-football-rugby-posts#primaryimage"},"image":{"@id":"https:\/\/www.lausinyvicente.com\/en\/sports-equipment\/football\/combination-football-rugby-posts#primaryimage"},"thumbnailUrl":"https:\/\/www.lausinyvicente.com\/wp-content\/uploads\/2022\/11\/D.13.41_juego_multideporte_futbol_y_rugby.jpg","datePublished":"2022-11-30T12:16:30+00:00","breadcrumb":{"@id":"https:\/\/www.lausinyvicente.com\/en\/sports-equipment\/football\/combination-football-rugby-posts#breadcrumb"},"inLanguage":"en-US","potentialAction":[{"@type":"ReadAction","target":["https:\/\/www.lausinyvicente.com\/en\/sports-equipment\/football\/combination-football-rugby-posts"]}]},{"@type":"ImageObject","inLanguage":"en-US","@id":"https:\/\/www.lausinyvicente.com\/en\/sports-equipment\/football\/combination-football-rugby-posts#primaryimage","url":"https:\/\/www.lausinyvicente.com\/wp-content\/uploads\/2022\/11\/D.13.41_juego_multideporte_futbol_y_rugby.jpg","contentUrl":"https:\/\/www.lausinyvicente.com\/wp-content\/uploads\/2022\/11\/D.13.41_juego_multideporte_futbol_y_rugby.jpg","width":720,"height":490},{"@type":"BreadcrumbList","@id":"https:\/\/www.lausinyvicente.com\/en\/sports-equipment\/football\/combination-football-rugby-posts#breadcrumb","itemListElement":[{"@type":"ListItem","position":1,"name":"Portada","item":"https:\/\/www.lausinyvicente.com\/"},{"@type":"ListItem","position":2,"name":"Shop","item":"https:\/\/www.lausinyvicente.com\/en\/shop"},{"@type":"ListItem","position":3,"name":"Combination football\/rugby posts"}]},{"@type":"WebSite","@id":"https:\/\/www.lausinyvicente.com\/#website","url":"https:\/\/www.lausinyvicente.com\/","name":"Laus\u00edn y Vicente","description":"Fabricaci\u00f3n y distribuci\u00f3n de material deportivo","potentialAction":[{"@type":"SearchAction","target":{"@type":"EntryPoint","urlTemplate":"https:\/\/www.lausinyvicente.com\/?s={search_term_string}"},"query-input":{"@type":"PropertyValueSpecification","valueRequired":true,"valueName":"search_term_string"}}],"inLanguage":"en-US"}]}},"_links":{"self":[{"href":"https:\/\/www.lausinyvicente.com\/en\/wp-json\/wp\/v2\/product\/4584","targetHints":{"allow":["GET"]}}],"collection":[{"href":"https:\/\/www.lausinyvicente.com\/en\/wp-json\/wp\/v2\/product"}],"about":[{"href":"https:\/\/www.lausinyvicente.com\/en\/wp-json\/wp\/v2\/types\/product"}],"wp:featuredmedia":[{"embeddable":true,"href":"https:\/\/www.lausinyvicente.com\/en\/wp-json\/wp\/v2\/media\/2551"}],"wp:attachment":[{"href":"https:\/\/www.lausinyvicente.com\/en\/wp-json\/wp\/v2\/media?parent=4584"}],"wp:term":[{"taxonomy":"product_cat","embeddable":true,"href":"https:\/\/www.lausinyvicente.com\/en\/wp-json\/wp\/v2\/product_cat?post=4584"},{"taxonomy":"product_tag","embeddable":true,"href":"https:\/\/www.lausinyvicente.com\/en\/wp-json\/wp\/v2\/product_tag?post=4584"}],"curies":[{"name":"wp","href":"https:\/\/api.w.org\/{rel}","templated":true}]}}