{"id":4630,"date":"2022-11-30T11:54:28","date_gmt":"2022-11-30T11:54:28","guid":{"rendered":"https:\/\/www.lausinyvicente.com\/uncategorized\/spectator-barrier-system-for-football-pitches\/"},"modified":"2022-11-30T11:54:28","modified_gmt":"2022-11-30T11:54:28","slug":"spectator-barrier-system-football-pitches","status":"publish","type":"product","link":"https:\/\/www.lausinyvicente.com\/en\/sports-equipment\/football\/football-equipment\/spectator-barrier-system-football-pitches","title":{"rendered":"Spectator barrier system for football pitches"},"content":{"rendered":"","protected":false},"excerpt":{"rendered":"<p>Made in 60 x 2 mm rounded galvanized steel pipe. Optional: the rail can be painted white using epoxy and then kiln-dried. Connecting pieces in 4 mm thick aluminium connected to steel sections using rivets. Vertical posts inserted into the paving every three metres through a 70 mm hole and quick-drying mortar. Once installed and levelled off, the barrier stands at 1 m tall. Netting not included. Check out the different netting options (grid size and thickness).      <\/p>\n","protected":false},"featured_media":2541,"template":"","meta":[],"product_cat":[155,141,221],"product_tag":[],"class_list":{"0":"post-4630","1":"product","2":"type-product","3":"status-publish","4":"has-post-thumbnail","6":"product_cat-football","7":"product_cat-sports-equipment","8":"product_cat-football-equipment","10":"first","11":"instock","12":"shipping-taxable","13":"purchasable","14":"product-type-variable"},"yoast_head":"<!-- This site is optimized with the Yoast SEO plugin v27.0 - https:\/\/yoast.com\/product\/yoast-seo-wordpress\/ -->\n<title>Spectator barrier system for football pitches - Laus\u00edn y Vicente<\/title>\n<meta name=\"robots\" content=\"index, follow, max-snippet:-1, max-image-preview:large, max-video-preview:-1\" \/>\n<link rel=\"canonical\" href=\"https:\/\/www.lausinyvicente.com\/en\/sports-equipment\/football\/spectator-barrier-system-football-pitches\" \/>\n<meta property=\"og:locale\" content=\"en_US\" \/>\n<meta property=\"og:type\" content=\"article\" \/>\n<meta property=\"og:title\" content=\"Spectator barrier system for football pitches - Laus\u00edn y Vicente\" \/>\n<meta property=\"og:description\" content=\"Made in 60 x 2 mm rounded galvanized steel pipe. Optional: the rail can be painted white using epoxy and then kiln-dried. Connecting pieces in 4 mm thick aluminium connected to steel sections using rivets. Vertical posts inserted into the paving every three metres through a 70 mm hole and quick-drying mortar. Once installed and levelled off, the barrier stands at 1 m tall. Netting not included. Check out the different netting options (grid size and thickness).\" \/>\n<meta property=\"og:url\" content=\"https:\/\/www.lausinyvicente.com\/en\/sports-equipment\/football\/spectator-barrier-system-football-pitches\" \/>\n<meta property=\"og:site_name\" content=\"Laus\u00edn y Vicente\" \/>\n<meta property=\"og:image\" content=\"https:\/\/www.lausinyvicente.com\/wp-content\/uploads\/2022\/11\/M.12.00-barandilla-perimetral-campo-futbol.jpg\" \/>\n\t<meta property=\"og:image:width\" content=\"720\" \/>\n\t<meta property=\"og:image:height\" content=\"490\" \/>\n\t<meta property=\"og:image:type\" content=\"image\/jpeg\" \/>\n<meta name=\"twitter:card\" content=\"summary_large_image\" \/>\n<script type=\"application\/ld+json\" class=\"yoast-schema-graph\">{\"@context\":\"https:\/\/schema.org\",\"@graph\":[{\"@type\":\"WebPage\",\"@id\":\"https:\/\/www.lausinyvicente.com\/en\/sports-equipment\/football\/spectator-barrier-system-football-pitches\",\"url\":\"https:\/\/www.lausinyvicente.com\/en\/sports-equipment\/football\/spectator-barrier-system-football-pitches\",\"name\":\"Spectator barrier system for football pitches - Laus\u00edn y Vicente\",\"isPartOf\":{\"@id\":\"https:\/\/www.lausinyvicente.com\/#website\"},\"primaryImageOfPage\":{\"@id\":\"https:\/\/www.lausinyvicente.com\/en\/sports-equipment\/football\/spectator-barrier-system-football-pitches#primaryimage\"},\"image\":{\"@id\":\"https:\/\/www.lausinyvicente.com\/en\/sports-equipment\/football\/spectator-barrier-system-football-pitches#primaryimage\"},\"thumbnailUrl\":\"https:\/\/www.lausinyvicente.com\/wp-content\/uploads\/2022\/11\/M.12.00-barandilla-perimetral-campo-futbol.jpg\",\"datePublished\":\"2022-11-30T11:54:28+00:00\",\"breadcrumb\":{\"@id\":\"https:\/\/www.lausinyvicente.com\/en\/sports-equipment\/football\/spectator-barrier-system-football-pitches#breadcrumb\"},\"inLanguage\":\"en-US\",\"potentialAction\":[{\"@type\":\"ReadAction\",\"target\":[\"https:\/\/www.lausinyvicente.com\/en\/sports-equipment\/football\/spectator-barrier-system-football-pitches\"]}]},{\"@type\":\"ImageObject\",\"inLanguage\":\"en-US\",\"@id\":\"https:\/\/www.lausinyvicente.com\/en\/sports-equipment\/football\/spectator-barrier-system-football-pitches#primaryimage\",\"url\":\"https:\/\/www.lausinyvicente.com\/wp-content\/uploads\/2022\/11\/M.12.00-barandilla-perimetral-campo-futbol.jpg\",\"contentUrl\":\"https:\/\/www.lausinyvicente.com\/wp-content\/uploads\/2022\/11\/M.12.00-barandilla-perimetral-campo-futbol.jpg\",\"width\":720,\"height\":490},{\"@type\":\"BreadcrumbList\",\"@id\":\"https:\/\/www.lausinyvicente.com\/en\/sports-equipment\/football\/spectator-barrier-system-football-pitches#breadcrumb\",\"itemListElement\":[{\"@type\":\"ListItem\",\"position\":1,\"name\":\"Portada\",\"item\":\"https:\/\/www.lausinyvicente.com\/\"},{\"@type\":\"ListItem\",\"position\":2,\"name\":\"Shop\",\"item\":\"https:\/\/www.lausinyvicente.com\/en\/shop\"},{\"@type\":\"ListItem\",\"position\":3,\"name\":\"Spectator barrier system for football pitches\"}]},{\"@type\":\"WebSite\",\"@id\":\"https:\/\/www.lausinyvicente.com\/#website\",\"url\":\"https:\/\/www.lausinyvicente.com\/\",\"name\":\"Laus\u00edn y Vicente\",\"description\":\"Fabricaci\u00f3n y distribuci\u00f3n de material deportivo\",\"potentialAction\":[{\"@type\":\"SearchAction\",\"target\":{\"@type\":\"EntryPoint\",\"urlTemplate\":\"https:\/\/www.lausinyvicente.com\/?s={search_term_string}\"},\"query-input\":{\"@type\":\"PropertyValueSpecification\",\"valueRequired\":true,\"valueName\":\"search_term_string\"}}],\"inLanguage\":\"en-US\"}]}<\/script>\n<!-- \/ Yoast SEO plugin. -->","yoast_head_json":{"title":"Spectator barrier system for football pitches - Laus\u00edn y Vicente","robots":{"index":"index","follow":"follow","max-snippet":"max-snippet:-1","max-image-preview":"max-image-preview:large","max-video-preview":"max-video-preview:-1"},"canonical":"https:\/\/www.lausinyvicente.com\/en\/sports-equipment\/football\/spectator-barrier-system-football-pitches","og_locale":"en_US","og_type":"article","og_title":"Spectator barrier system for football pitches - Laus\u00edn y Vicente","og_description":"Made in 60 x 2 mm rounded galvanized steel pipe. Optional: the rail can be painted white using epoxy and then kiln-dried. Connecting pieces in 4 mm thick aluminium connected to steel sections using rivets. Vertical posts inserted into the paving every three metres through a 70 mm hole and quick-drying mortar. Once installed and levelled off, the barrier stands at 1 m tall. Netting not included. Check out the different netting options (grid size and thickness).","og_url":"https:\/\/www.lausinyvicente.com\/en\/sports-equipment\/football\/spectator-barrier-system-football-pitches","og_site_name":"Laus\u00edn y Vicente","og_image":[{"width":720,"height":490,"url":"https:\/\/www.lausinyvicente.com\/wp-content\/uploads\/2022\/11\/M.12.00-barandilla-perimetral-campo-futbol.jpg","type":"image\/jpeg"}],"twitter_card":"summary_large_image","schema":{"@context":"https:\/\/schema.org","@graph":[{"@type":"WebPage","@id":"https:\/\/www.lausinyvicente.com\/en\/sports-equipment\/football\/spectator-barrier-system-football-pitches","url":"https:\/\/www.lausinyvicente.com\/en\/sports-equipment\/football\/spectator-barrier-system-football-pitches","name":"Spectator barrier system for football pitches - Laus\u00edn y Vicente","isPartOf":{"@id":"https:\/\/www.lausinyvicente.com\/#website"},"primaryImageOfPage":{"@id":"https:\/\/www.lausinyvicente.com\/en\/sports-equipment\/football\/spectator-barrier-system-football-pitches#primaryimage"},"image":{"@id":"https:\/\/www.lausinyvicente.com\/en\/sports-equipment\/football\/spectator-barrier-system-football-pitches#primaryimage"},"thumbnailUrl":"https:\/\/www.lausinyvicente.com\/wp-content\/uploads\/2022\/11\/M.12.00-barandilla-perimetral-campo-futbol.jpg","datePublished":"2022-11-30T11:54:28+00:00","breadcrumb":{"@id":"https:\/\/www.lausinyvicente.com\/en\/sports-equipment\/football\/spectator-barrier-system-football-pitches#breadcrumb"},"inLanguage":"en-US","potentialAction":[{"@type":"ReadAction","target":["https:\/\/www.lausinyvicente.com\/en\/sports-equipment\/football\/spectator-barrier-system-football-pitches"]}]},{"@type":"ImageObject","inLanguage":"en-US","@id":"https:\/\/www.lausinyvicente.com\/en\/sports-equipment\/football\/spectator-barrier-system-football-pitches#primaryimage","url":"https:\/\/www.lausinyvicente.com\/wp-content\/uploads\/2022\/11\/M.12.00-barandilla-perimetral-campo-futbol.jpg","contentUrl":"https:\/\/www.lausinyvicente.com\/wp-content\/uploads\/2022\/11\/M.12.00-barandilla-perimetral-campo-futbol.jpg","width":720,"height":490},{"@type":"BreadcrumbList","@id":"https:\/\/www.lausinyvicente.com\/en\/sports-equipment\/football\/spectator-barrier-system-football-pitches#breadcrumb","itemListElement":[{"@type":"ListItem","position":1,"name":"Portada","item":"https:\/\/www.lausinyvicente.com\/"},{"@type":"ListItem","position":2,"name":"Shop","item":"https:\/\/www.lausinyvicente.com\/en\/shop"},{"@type":"ListItem","position":3,"name":"Spectator barrier system for football pitches"}]},{"@type":"WebSite","@id":"https:\/\/www.lausinyvicente.com\/#website","url":"https:\/\/www.lausinyvicente.com\/","name":"Laus\u00edn y Vicente","description":"Fabricaci\u00f3n y distribuci\u00f3n de material deportivo","potentialAction":[{"@type":"SearchAction","target":{"@type":"EntryPoint","urlTemplate":"https:\/\/www.lausinyvicente.com\/?s={search_term_string}"},"query-input":{"@type":"PropertyValueSpecification","valueRequired":true,"valueName":"search_term_string"}}],"inLanguage":"en-US"}]}},"_links":{"self":[{"href":"https:\/\/www.lausinyvicente.com\/en\/wp-json\/wp\/v2\/product\/4630","targetHints":{"allow":["GET"]}}],"collection":[{"href":"https:\/\/www.lausinyvicente.com\/en\/wp-json\/wp\/v2\/product"}],"about":[{"href":"https:\/\/www.lausinyvicente.com\/en\/wp-json\/wp\/v2\/types\/product"}],"wp:featuredmedia":[{"embeddable":true,"href":"https:\/\/www.lausinyvicente.com\/en\/wp-json\/wp\/v2\/media\/2541"}],"wp:attachment":[{"href":"https:\/\/www.lausinyvicente.com\/en\/wp-json\/wp\/v2\/media?parent=4630"}],"wp:term":[{"taxonomy":"product_cat","embeddable":true,"href":"https:\/\/www.lausinyvicente.com\/en\/wp-json\/wp\/v2\/product_cat?post=4630"},{"taxonomy":"product_tag","embeddable":true,"href":"https:\/\/www.lausinyvicente.com\/en\/wp-json\/wp\/v2\/product_tag?post=4630"}],"curies":[{"name":"wp","href":"https:\/\/api.w.org\/{rel}","templated":true}]}}