{"id":4678,"date":"2022-11-30T11:39:57","date_gmt":"2022-11-30T11:39:57","guid":{"rendered":"https:\/\/www.lausinyvicente.com\/uncategorized\/crossbar-reducers-for-handball-goals\/"},"modified":"2022-11-30T11:39:57","modified_gmt":"2022-11-30T11:39:57","slug":"crossbar-reducers-handball-goals","status":"publish","type":"product","link":"https:\/\/www.lausinyvicente.com\/en\/sports-equipment\/handball\/crossbar-reducers-handball-goals","title":{"rendered":"Crossbar reducers for handball goals"},"content":{"rendered":"","protected":false},"excerpt":{"rendered":"<p>Crossbars with a clamping system to attach to pre-existing goals to adapt the height to mini-handball. Made in aluminium and painted white with red bands. 80 x 80 mm square cross section, 3000 mm long. Equipped with metal parts for attachment. PVC hooks to attach the net to. These crossbars are intended to adapt handball goals to the mini-handball measurements so they can be used by young children. Price per set (2 units).      <\/p>\n","protected":false},"featured_media":2529,"template":"","meta":[],"product_cat":[159,141],"product_tag":[],"class_list":{"0":"post-4678","1":"product","2":"type-product","3":"status-publish","4":"has-post-thumbnail","6":"product_cat-handball","7":"product_cat-sports-equipment","9":"first","10":"instock","11":"shipping-taxable","12":"purchasable","13":"product-type-simple"},"yoast_head":"<!-- This site is optimized with the Yoast SEO plugin v27.0 - https:\/\/yoast.com\/product\/yoast-seo-wordpress\/ -->\n<title>Crossbar reducers for handball goals - Laus\u00edn y Vicente<\/title>\n<meta name=\"robots\" content=\"index, follow, max-snippet:-1, max-image-preview:large, max-video-preview:-1\" \/>\n<link rel=\"canonical\" href=\"https:\/\/www.lausinyvicente.com\/en\/sports-equipment\/handball\/crossbar-reducers-handball-goals\" \/>\n<meta property=\"og:locale\" content=\"en_US\" \/>\n<meta property=\"og:type\" content=\"article\" \/>\n<meta property=\"og:title\" content=\"Crossbar reducers for handball goals - Laus\u00edn y Vicente\" \/>\n<meta property=\"og:description\" content=\"Crossbars with a clamping system to attach to pre-existing goals to adapt the height to mini-handball. Made in aluminium and painted white with red bands. 80 x 80 mm square cross section, 3000 mm long. Equipped with metal parts for attachment. PVC hooks to attach the net to. These crossbars are intended to adapt handball goals to the mini-handball measurements so they can be used by young children. Price per set (2 units).\" \/>\n<meta property=\"og:url\" content=\"https:\/\/www.lausinyvicente.com\/en\/sports-equipment\/handball\/crossbar-reducers-handball-goals\" \/>\n<meta property=\"og:site_name\" content=\"Laus\u00edn y Vicente\" \/>\n<meta property=\"og:image\" content=\"https:\/\/www.lausinyvicente.com\/wp-content\/uploads\/2022\/11\/D.02.81_Largueros-reductores-porteria-balonmano.jpg\" \/>\n\t<meta property=\"og:image:width\" content=\"720\" \/>\n\t<meta property=\"og:image:height\" content=\"490\" \/>\n\t<meta property=\"og:image:type\" content=\"image\/jpeg\" \/>\n<meta name=\"twitter:card\" content=\"summary_large_image\" \/>\n<script type=\"application\/ld+json\" class=\"yoast-schema-graph\">{\"@context\":\"https:\/\/schema.org\",\"@graph\":[{\"@type\":\"WebPage\",\"@id\":\"https:\/\/www.lausinyvicente.com\/en\/sports-equipment\/handball\/crossbar-reducers-handball-goals\",\"url\":\"https:\/\/www.lausinyvicente.com\/en\/sports-equipment\/handball\/crossbar-reducers-handball-goals\",\"name\":\"Crossbar reducers for handball goals - Laus\u00edn y Vicente\",\"isPartOf\":{\"@id\":\"https:\/\/www.lausinyvicente.com\/#website\"},\"primaryImageOfPage\":{\"@id\":\"https:\/\/www.lausinyvicente.com\/en\/sports-equipment\/handball\/crossbar-reducers-handball-goals#primaryimage\"},\"image\":{\"@id\":\"https:\/\/www.lausinyvicente.com\/en\/sports-equipment\/handball\/crossbar-reducers-handball-goals#primaryimage\"},\"thumbnailUrl\":\"https:\/\/www.lausinyvicente.com\/wp-content\/uploads\/2022\/11\/D.02.81_Largueros-reductores-porteria-balonmano.jpg\",\"datePublished\":\"2022-11-30T11:39:57+00:00\",\"breadcrumb\":{\"@id\":\"https:\/\/www.lausinyvicente.com\/en\/sports-equipment\/handball\/crossbar-reducers-handball-goals#breadcrumb\"},\"inLanguage\":\"en-US\",\"potentialAction\":[{\"@type\":\"ReadAction\",\"target\":[\"https:\/\/www.lausinyvicente.com\/en\/sports-equipment\/handball\/crossbar-reducers-handball-goals\"]}]},{\"@type\":\"ImageObject\",\"inLanguage\":\"en-US\",\"@id\":\"https:\/\/www.lausinyvicente.com\/en\/sports-equipment\/handball\/crossbar-reducers-handball-goals#primaryimage\",\"url\":\"https:\/\/www.lausinyvicente.com\/wp-content\/uploads\/2022\/11\/D.02.81_Largueros-reductores-porteria-balonmano.jpg\",\"contentUrl\":\"https:\/\/www.lausinyvicente.com\/wp-content\/uploads\/2022\/11\/D.02.81_Largueros-reductores-porteria-balonmano.jpg\",\"width\":720,\"height\":490},{\"@type\":\"BreadcrumbList\",\"@id\":\"https:\/\/www.lausinyvicente.com\/en\/sports-equipment\/handball\/crossbar-reducers-handball-goals#breadcrumb\",\"itemListElement\":[{\"@type\":\"ListItem\",\"position\":1,\"name\":\"Portada\",\"item\":\"https:\/\/www.lausinyvicente.com\/\"},{\"@type\":\"ListItem\",\"position\":2,\"name\":\"Shop\",\"item\":\"https:\/\/www.lausinyvicente.com\/en\/shop\"},{\"@type\":\"ListItem\",\"position\":3,\"name\":\"Crossbar reducers for handball goals\"}]},{\"@type\":\"WebSite\",\"@id\":\"https:\/\/www.lausinyvicente.com\/#website\",\"url\":\"https:\/\/www.lausinyvicente.com\/\",\"name\":\"Laus\u00edn y Vicente\",\"description\":\"Fabricaci\u00f3n y distribuci\u00f3n de material deportivo\",\"potentialAction\":[{\"@type\":\"SearchAction\",\"target\":{\"@type\":\"EntryPoint\",\"urlTemplate\":\"https:\/\/www.lausinyvicente.com\/?s={search_term_string}\"},\"query-input\":{\"@type\":\"PropertyValueSpecification\",\"valueRequired\":true,\"valueName\":\"search_term_string\"}}],\"inLanguage\":\"en-US\"}]}<\/script>\n<!-- \/ Yoast SEO plugin. -->","yoast_head_json":{"title":"Crossbar reducers for handball goals - Laus\u00edn y Vicente","robots":{"index":"index","follow":"follow","max-snippet":"max-snippet:-1","max-image-preview":"max-image-preview:large","max-video-preview":"max-video-preview:-1"},"canonical":"https:\/\/www.lausinyvicente.com\/en\/sports-equipment\/handball\/crossbar-reducers-handball-goals","og_locale":"en_US","og_type":"article","og_title":"Crossbar reducers for handball goals - Laus\u00edn y Vicente","og_description":"Crossbars with a clamping system to attach to pre-existing goals to adapt the height to mini-handball. Made in aluminium and painted white with red bands. 80 x 80 mm square cross section, 3000 mm long. Equipped with metal parts for attachment. PVC hooks to attach the net to. These crossbars are intended to adapt handball goals to the mini-handball measurements so they can be used by young children. Price per set (2 units).","og_url":"https:\/\/www.lausinyvicente.com\/en\/sports-equipment\/handball\/crossbar-reducers-handball-goals","og_site_name":"Laus\u00edn y Vicente","og_image":[{"width":720,"height":490,"url":"https:\/\/www.lausinyvicente.com\/wp-content\/uploads\/2022\/11\/D.02.81_Largueros-reductores-porteria-balonmano.jpg","type":"image\/jpeg"}],"twitter_card":"summary_large_image","schema":{"@context":"https:\/\/schema.org","@graph":[{"@type":"WebPage","@id":"https:\/\/www.lausinyvicente.com\/en\/sports-equipment\/handball\/crossbar-reducers-handball-goals","url":"https:\/\/www.lausinyvicente.com\/en\/sports-equipment\/handball\/crossbar-reducers-handball-goals","name":"Crossbar reducers for handball goals - Laus\u00edn y Vicente","isPartOf":{"@id":"https:\/\/www.lausinyvicente.com\/#website"},"primaryImageOfPage":{"@id":"https:\/\/www.lausinyvicente.com\/en\/sports-equipment\/handball\/crossbar-reducers-handball-goals#primaryimage"},"image":{"@id":"https:\/\/www.lausinyvicente.com\/en\/sports-equipment\/handball\/crossbar-reducers-handball-goals#primaryimage"},"thumbnailUrl":"https:\/\/www.lausinyvicente.com\/wp-content\/uploads\/2022\/11\/D.02.81_Largueros-reductores-porteria-balonmano.jpg","datePublished":"2022-11-30T11:39:57+00:00","breadcrumb":{"@id":"https:\/\/www.lausinyvicente.com\/en\/sports-equipment\/handball\/crossbar-reducers-handball-goals#breadcrumb"},"inLanguage":"en-US","potentialAction":[{"@type":"ReadAction","target":["https:\/\/www.lausinyvicente.com\/en\/sports-equipment\/handball\/crossbar-reducers-handball-goals"]}]},{"@type":"ImageObject","inLanguage":"en-US","@id":"https:\/\/www.lausinyvicente.com\/en\/sports-equipment\/handball\/crossbar-reducers-handball-goals#primaryimage","url":"https:\/\/www.lausinyvicente.com\/wp-content\/uploads\/2022\/11\/D.02.81_Largueros-reductores-porteria-balonmano.jpg","contentUrl":"https:\/\/www.lausinyvicente.com\/wp-content\/uploads\/2022\/11\/D.02.81_Largueros-reductores-porteria-balonmano.jpg","width":720,"height":490},{"@type":"BreadcrumbList","@id":"https:\/\/www.lausinyvicente.com\/en\/sports-equipment\/handball\/crossbar-reducers-handball-goals#breadcrumb","itemListElement":[{"@type":"ListItem","position":1,"name":"Portada","item":"https:\/\/www.lausinyvicente.com\/"},{"@type":"ListItem","position":2,"name":"Shop","item":"https:\/\/www.lausinyvicente.com\/en\/shop"},{"@type":"ListItem","position":3,"name":"Crossbar reducers for handball goals"}]},{"@type":"WebSite","@id":"https:\/\/www.lausinyvicente.com\/#website","url":"https:\/\/www.lausinyvicente.com\/","name":"Laus\u00edn y Vicente","description":"Fabricaci\u00f3n y distribuci\u00f3n de material deportivo","potentialAction":[{"@type":"SearchAction","target":{"@type":"EntryPoint","urlTemplate":"https:\/\/www.lausinyvicente.com\/?s={search_term_string}"},"query-input":{"@type":"PropertyValueSpecification","valueRequired":true,"valueName":"search_term_string"}}],"inLanguage":"en-US"}]}},"_links":{"self":[{"href":"https:\/\/www.lausinyvicente.com\/en\/wp-json\/wp\/v2\/product\/4678","targetHints":{"allow":["GET"]}}],"collection":[{"href":"https:\/\/www.lausinyvicente.com\/en\/wp-json\/wp\/v2\/product"}],"about":[{"href":"https:\/\/www.lausinyvicente.com\/en\/wp-json\/wp\/v2\/types\/product"}],"wp:featuredmedia":[{"embeddable":true,"href":"https:\/\/www.lausinyvicente.com\/en\/wp-json\/wp\/v2\/media\/2529"}],"wp:attachment":[{"href":"https:\/\/www.lausinyvicente.com\/en\/wp-json\/wp\/v2\/media?parent=4678"}],"wp:term":[{"taxonomy":"product_cat","embeddable":true,"href":"https:\/\/www.lausinyvicente.com\/en\/wp-json\/wp\/v2\/product_cat?post=4678"},{"taxonomy":"product_tag","embeddable":true,"href":"https:\/\/www.lausinyvicente.com\/en\/wp-json\/wp\/v2\/product_tag?post=4678"}],"curies":[{"name":"wp","href":"https:\/\/api.w.org\/{rel}","templated":true}]}}