{"id":4732,"date":"2022-11-29T16:11:51","date_gmt":"2022-11-29T16:11:51","guid":{"rendered":"https:\/\/www.lausinyvicente.com\/uncategorized\/ceiling-mounted-basketball-goal-safety-brake\/"},"modified":"2022-11-29T16:11:51","modified_gmt":"2022-11-29T16:11:51","slug":"ceiling-mounted-basketball-goal-safety-brake","status":"publish","type":"product","link":"https:\/\/www.lausinyvicente.com\/en\/sports-equipment\/basketball\/ceiling-mounted-basketball-goal-safety-brake","title":{"rendered":"Ceiling-mounted basketball goal safety brake"},"content":{"rendered":"","protected":false},"excerpt":{"rendered":"<p>Dynamic brake with fall-arrest safety system for a 250 kg load and 10 m cable. Optional for electrically or manually lifted hanging goals. One end attached to the lowest part of the goal and the other to a fixed point on the upper structure; arrests a falling goal should the support straps, the lifting cable or any element holding the goal in place fail. Under normal conditions, this brake does not act when the hoops are raised or unfolded, but inertia activates the brake automatically if there is a sudden drop, preventing the whole unit from falling. Price per unit.    <\/p>\n","protected":false},"featured_media":2515,"template":"","meta":[],"product_cat":[161,141],"product_tag":[],"class_list":{"0":"post-4732","1":"product","2":"type-product","3":"status-publish","4":"has-post-thumbnail","6":"product_cat-basketball","7":"product_cat-sports-equipment","9":"first","10":"instock","11":"shipping-taxable","12":"purchasable","13":"product-type-simple"},"yoast_head":"<!-- This site is optimized with the Yoast SEO plugin v27.0 - https:\/\/yoast.com\/product\/yoast-seo-wordpress\/ -->\n<title>Ceiling-mounted basketball goal safety brake - Laus\u00edn y Vicente<\/title>\n<meta name=\"robots\" content=\"index, follow, max-snippet:-1, max-image-preview:large, max-video-preview:-1\" \/>\n<link rel=\"canonical\" href=\"https:\/\/www.lausinyvicente.com\/en\/sports-equipment\/basketball\/ceiling-mounted-basketball-goal-safety-brake\" \/>\n<meta property=\"og:locale\" content=\"en_US\" \/>\n<meta property=\"og:type\" content=\"article\" \/>\n<meta property=\"og:title\" content=\"Ceiling-mounted basketball goal safety brake - Laus\u00edn y Vicente\" \/>\n<meta property=\"og:description\" content=\"Dynamic brake with fall-arrest safety system for a 250 kg load and 10 m cable. Optional for electrically or manually lifted hanging goals. One end attached to the lowest part of the goal and the other to a fixed point on the upper structure; arrests a falling goal should the support straps, the lifting cable or any element holding the goal in place fail. Under normal conditions, this brake does not act when the hoops are raised or unfolded, but inertia activates the brake automatically if there is a sudden drop, preventing the whole unit from falling. Price per unit.\" \/>\n<meta property=\"og:url\" content=\"https:\/\/www.lausinyvicente.com\/en\/sports-equipment\/basketball\/ceiling-mounted-basketball-goal-safety-brake\" \/>\n<meta property=\"og:site_name\" content=\"Laus\u00edn y Vicente\" \/>\n<meta property=\"og:image\" content=\"https:\/\/www.lausinyvicente.com\/wp-content\/uploads\/2022\/11\/D.01.65-freno-seguridad-canasta-baloncesto-colgante.jpg\" \/>\n\t<meta property=\"og:image:width\" content=\"720\" \/>\n\t<meta property=\"og:image:height\" content=\"490\" \/>\n\t<meta property=\"og:image:type\" content=\"image\/jpeg\" \/>\n<meta name=\"twitter:card\" content=\"summary_large_image\" \/>\n<script type=\"application\/ld+json\" class=\"yoast-schema-graph\">{\"@context\":\"https:\/\/schema.org\",\"@graph\":[{\"@type\":\"WebPage\",\"@id\":\"https:\/\/www.lausinyvicente.com\/en\/sports-equipment\/basketball\/ceiling-mounted-basketball-goal-safety-brake\",\"url\":\"https:\/\/www.lausinyvicente.com\/en\/sports-equipment\/basketball\/ceiling-mounted-basketball-goal-safety-brake\",\"name\":\"Ceiling-mounted basketball goal safety brake - Laus\u00edn y Vicente\",\"isPartOf\":{\"@id\":\"https:\/\/www.lausinyvicente.com\/#website\"},\"primaryImageOfPage\":{\"@id\":\"https:\/\/www.lausinyvicente.com\/en\/sports-equipment\/basketball\/ceiling-mounted-basketball-goal-safety-brake#primaryimage\"},\"image\":{\"@id\":\"https:\/\/www.lausinyvicente.com\/en\/sports-equipment\/basketball\/ceiling-mounted-basketball-goal-safety-brake#primaryimage\"},\"thumbnailUrl\":\"https:\/\/www.lausinyvicente.com\/wp-content\/uploads\/2022\/11\/D.01.65-freno-seguridad-canasta-baloncesto-colgante.jpg\",\"datePublished\":\"2022-11-29T16:11:51+00:00\",\"breadcrumb\":{\"@id\":\"https:\/\/www.lausinyvicente.com\/en\/sports-equipment\/basketball\/ceiling-mounted-basketball-goal-safety-brake#breadcrumb\"},\"inLanguage\":\"en-US\",\"potentialAction\":[{\"@type\":\"ReadAction\",\"target\":[\"https:\/\/www.lausinyvicente.com\/en\/sports-equipment\/basketball\/ceiling-mounted-basketball-goal-safety-brake\"]}]},{\"@type\":\"ImageObject\",\"inLanguage\":\"en-US\",\"@id\":\"https:\/\/www.lausinyvicente.com\/en\/sports-equipment\/basketball\/ceiling-mounted-basketball-goal-safety-brake#primaryimage\",\"url\":\"https:\/\/www.lausinyvicente.com\/wp-content\/uploads\/2022\/11\/D.01.65-freno-seguridad-canasta-baloncesto-colgante.jpg\",\"contentUrl\":\"https:\/\/www.lausinyvicente.com\/wp-content\/uploads\/2022\/11\/D.01.65-freno-seguridad-canasta-baloncesto-colgante.jpg\",\"width\":720,\"height\":490},{\"@type\":\"BreadcrumbList\",\"@id\":\"https:\/\/www.lausinyvicente.com\/en\/sports-equipment\/basketball\/ceiling-mounted-basketball-goal-safety-brake#breadcrumb\",\"itemListElement\":[{\"@type\":\"ListItem\",\"position\":1,\"name\":\"Portada\",\"item\":\"https:\/\/www.lausinyvicente.com\/\"},{\"@type\":\"ListItem\",\"position\":2,\"name\":\"Shop\",\"item\":\"https:\/\/www.lausinyvicente.com\/en\/shop\"},{\"@type\":\"ListItem\",\"position\":3,\"name\":\"Ceiling-mounted basketball goal safety brake\"}]},{\"@type\":\"WebSite\",\"@id\":\"https:\/\/www.lausinyvicente.com\/#website\",\"url\":\"https:\/\/www.lausinyvicente.com\/\",\"name\":\"Laus\u00edn y Vicente\",\"description\":\"Fabricaci\u00f3n y distribuci\u00f3n de material deportivo\",\"potentialAction\":[{\"@type\":\"SearchAction\",\"target\":{\"@type\":\"EntryPoint\",\"urlTemplate\":\"https:\/\/www.lausinyvicente.com\/?s={search_term_string}\"},\"query-input\":{\"@type\":\"PropertyValueSpecification\",\"valueRequired\":true,\"valueName\":\"search_term_string\"}}],\"inLanguage\":\"en-US\"}]}<\/script>\n<!-- \/ Yoast SEO plugin. -->","yoast_head_json":{"title":"Ceiling-mounted basketball goal safety brake - Laus\u00edn y Vicente","robots":{"index":"index","follow":"follow","max-snippet":"max-snippet:-1","max-image-preview":"max-image-preview:large","max-video-preview":"max-video-preview:-1"},"canonical":"https:\/\/www.lausinyvicente.com\/en\/sports-equipment\/basketball\/ceiling-mounted-basketball-goal-safety-brake","og_locale":"en_US","og_type":"article","og_title":"Ceiling-mounted basketball goal safety brake - Laus\u00edn y Vicente","og_description":"Dynamic brake with fall-arrest safety system for a 250 kg load and 10 m cable. Optional for electrically or manually lifted hanging goals. One end attached to the lowest part of the goal and the other to a fixed point on the upper structure; arrests a falling goal should the support straps, the lifting cable or any element holding the goal in place fail. Under normal conditions, this brake does not act when the hoops are raised or unfolded, but inertia activates the brake automatically if there is a sudden drop, preventing the whole unit from falling. Price per unit.","og_url":"https:\/\/www.lausinyvicente.com\/en\/sports-equipment\/basketball\/ceiling-mounted-basketball-goal-safety-brake","og_site_name":"Laus\u00edn y Vicente","og_image":[{"width":720,"height":490,"url":"https:\/\/www.lausinyvicente.com\/wp-content\/uploads\/2022\/11\/D.01.65-freno-seguridad-canasta-baloncesto-colgante.jpg","type":"image\/jpeg"}],"twitter_card":"summary_large_image","schema":{"@context":"https:\/\/schema.org","@graph":[{"@type":"WebPage","@id":"https:\/\/www.lausinyvicente.com\/en\/sports-equipment\/basketball\/ceiling-mounted-basketball-goal-safety-brake","url":"https:\/\/www.lausinyvicente.com\/en\/sports-equipment\/basketball\/ceiling-mounted-basketball-goal-safety-brake","name":"Ceiling-mounted basketball goal safety brake - Laus\u00edn y Vicente","isPartOf":{"@id":"https:\/\/www.lausinyvicente.com\/#website"},"primaryImageOfPage":{"@id":"https:\/\/www.lausinyvicente.com\/en\/sports-equipment\/basketball\/ceiling-mounted-basketball-goal-safety-brake#primaryimage"},"image":{"@id":"https:\/\/www.lausinyvicente.com\/en\/sports-equipment\/basketball\/ceiling-mounted-basketball-goal-safety-brake#primaryimage"},"thumbnailUrl":"https:\/\/www.lausinyvicente.com\/wp-content\/uploads\/2022\/11\/D.01.65-freno-seguridad-canasta-baloncesto-colgante.jpg","datePublished":"2022-11-29T16:11:51+00:00","breadcrumb":{"@id":"https:\/\/www.lausinyvicente.com\/en\/sports-equipment\/basketball\/ceiling-mounted-basketball-goal-safety-brake#breadcrumb"},"inLanguage":"en-US","potentialAction":[{"@type":"ReadAction","target":["https:\/\/www.lausinyvicente.com\/en\/sports-equipment\/basketball\/ceiling-mounted-basketball-goal-safety-brake"]}]},{"@type":"ImageObject","inLanguage":"en-US","@id":"https:\/\/www.lausinyvicente.com\/en\/sports-equipment\/basketball\/ceiling-mounted-basketball-goal-safety-brake#primaryimage","url":"https:\/\/www.lausinyvicente.com\/wp-content\/uploads\/2022\/11\/D.01.65-freno-seguridad-canasta-baloncesto-colgante.jpg","contentUrl":"https:\/\/www.lausinyvicente.com\/wp-content\/uploads\/2022\/11\/D.01.65-freno-seguridad-canasta-baloncesto-colgante.jpg","width":720,"height":490},{"@type":"BreadcrumbList","@id":"https:\/\/www.lausinyvicente.com\/en\/sports-equipment\/basketball\/ceiling-mounted-basketball-goal-safety-brake#breadcrumb","itemListElement":[{"@type":"ListItem","position":1,"name":"Portada","item":"https:\/\/www.lausinyvicente.com\/"},{"@type":"ListItem","position":2,"name":"Shop","item":"https:\/\/www.lausinyvicente.com\/en\/shop"},{"@type":"ListItem","position":3,"name":"Ceiling-mounted basketball goal safety brake"}]},{"@type":"WebSite","@id":"https:\/\/www.lausinyvicente.com\/#website","url":"https:\/\/www.lausinyvicente.com\/","name":"Laus\u00edn y Vicente","description":"Fabricaci\u00f3n y distribuci\u00f3n de material deportivo","potentialAction":[{"@type":"SearchAction","target":{"@type":"EntryPoint","urlTemplate":"https:\/\/www.lausinyvicente.com\/?s={search_term_string}"},"query-input":{"@type":"PropertyValueSpecification","valueRequired":true,"valueName":"search_term_string"}}],"inLanguage":"en-US"}]}},"_links":{"self":[{"href":"https:\/\/www.lausinyvicente.com\/en\/wp-json\/wp\/v2\/product\/4732","targetHints":{"allow":["GET"]}}],"collection":[{"href":"https:\/\/www.lausinyvicente.com\/en\/wp-json\/wp\/v2\/product"}],"about":[{"href":"https:\/\/www.lausinyvicente.com\/en\/wp-json\/wp\/v2\/types\/product"}],"wp:featuredmedia":[{"embeddable":true,"href":"https:\/\/www.lausinyvicente.com\/en\/wp-json\/wp\/v2\/media\/2515"}],"wp:attachment":[{"href":"https:\/\/www.lausinyvicente.com\/en\/wp-json\/wp\/v2\/media?parent=4732"}],"wp:term":[{"taxonomy":"product_cat","embeddable":true,"href":"https:\/\/www.lausinyvicente.com\/en\/wp-json\/wp\/v2\/product_cat?post=4732"},{"taxonomy":"product_tag","embeddable":true,"href":"https:\/\/www.lausinyvicente.com\/en\/wp-json\/wp\/v2\/product_tag?post=4732"}],"curies":[{"name":"wp","href":"https:\/\/api.w.org\/{rel}","templated":true}]}}