{"id":4758,"date":"2022-11-29T16:00:59","date_gmt":"2022-11-29T16:00:59","guid":{"rendered":"https:\/\/www.lausinyvicente.com\/uncategorized\/basketball-backboards\/"},"modified":"2022-11-29T16:00:59","modified_gmt":"2022-11-29T16:00:59","slug":"basketball-backboards","status":"publish","type":"product","link":"https:\/\/www.lausinyvicente.com\/en\/sports-equipment\/basketball\/basketball-backboards","title":{"rendered":"Basketball backboards"},"content":{"rendered":"","protected":false},"excerpt":{"rendered":"<p><strong>Fibreglass.<\/strong> Made from fibreglass with a white finish; the outer lines and the rectangle are in black. Made in accordance with current regulatory measurements: 1800 x 1050 mm; also available in 1800 x 1200 mm. Highly durable and weather-resistant. Price per set (2 units).   <\/p>\n<p><strong>Methacrylate.<\/strong> Made in highly resistant methacrylate, available in various thicknesses. Reinforced at the back with a metal support frame along the edge 50 x 20 x 2 mm section. The backboards come with the outer lines and inner rectangle in white. Current regulatory measurements: 1800 x 1050; also available in: 1800 x 1200 mm. Price per set (2 units).    <\/p>\n","protected":false},"featured_media":2503,"template":"","meta":[],"product_cat":[161,141],"product_tag":[],"class_list":{"0":"post-4758","1":"product","2":"type-product","3":"status-publish","4":"has-post-thumbnail","6":"product_cat-basketball","7":"product_cat-sports-equipment","9":"first","10":"instock","11":"shipping-taxable","12":"purchasable","13":"product-type-variable"},"yoast_head":"<!-- This site is optimized with the Yoast SEO plugin v27.0 - https:\/\/yoast.com\/product\/yoast-seo-wordpress\/ -->\n<title>Basketball backboards - Laus\u00edn y Vicente<\/title>\n<meta name=\"robots\" content=\"index, follow, max-snippet:-1, max-image-preview:large, max-video-preview:-1\" \/>\n<link rel=\"canonical\" href=\"https:\/\/www.lausinyvicente.com\/en\/sports-equipment\/basketball\/basketball-backboards\" \/>\n<meta property=\"og:locale\" content=\"en_US\" \/>\n<meta property=\"og:type\" content=\"article\" \/>\n<meta property=\"og:title\" content=\"Basketball backboards - Laus\u00edn y Vicente\" \/>\n<meta property=\"og:description\" content=\"Fibreglass. Made from fibreglass with a white finish; the outer lines and the rectangle are in black. Made in accordance with current regulatory measurements: 1800 x 1050 mm; also available in 1800 x 1200 mm. Highly durable and weather-resistant. Price per set (2 units).   Methacrylate. Made in highly resistant methacrylate, available in various thicknesses. Reinforced at the back with a metal support frame along the edge 50 x 20 x 2 mm section. The backboards come with the outer lines and inner rectangle in white. Current regulatory measurements: 1800 x 1050; also available in: 1800 x 1200 mm. Price per set (2 units).\" \/>\n<meta property=\"og:url\" content=\"https:\/\/www.lausinyvicente.com\/en\/sports-equipment\/basketball\/basketball-backboards\" \/>\n<meta property=\"og:site_name\" content=\"Laus\u00edn y Vicente\" \/>\n<meta property=\"og:image\" content=\"https:\/\/www.lausinyvicente.com\/wp-content\/uploads\/2022\/11\/D.01.13_Tablero-baloncesto-metacrilato.jpg\" \/>\n\t<meta property=\"og:image:width\" content=\"720\" \/>\n\t<meta property=\"og:image:height\" content=\"490\" \/>\n\t<meta property=\"og:image:type\" content=\"image\/jpeg\" \/>\n<meta name=\"twitter:card\" content=\"summary_large_image\" \/>\n<script type=\"application\/ld+json\" class=\"yoast-schema-graph\">{\"@context\":\"https:\/\/schema.org\",\"@graph\":[{\"@type\":\"WebPage\",\"@id\":\"https:\/\/www.lausinyvicente.com\/en\/sports-equipment\/basketball\/basketball-backboards\",\"url\":\"https:\/\/www.lausinyvicente.com\/en\/sports-equipment\/basketball\/basketball-backboards\",\"name\":\"Basketball backboards - Laus\u00edn y Vicente\",\"isPartOf\":{\"@id\":\"https:\/\/www.lausinyvicente.com\/#website\"},\"primaryImageOfPage\":{\"@id\":\"https:\/\/www.lausinyvicente.com\/en\/sports-equipment\/basketball\/basketball-backboards#primaryimage\"},\"image\":{\"@id\":\"https:\/\/www.lausinyvicente.com\/en\/sports-equipment\/basketball\/basketball-backboards#primaryimage\"},\"thumbnailUrl\":\"https:\/\/www.lausinyvicente.com\/wp-content\/uploads\/2022\/11\/D.01.13_Tablero-baloncesto-metacrilato.jpg\",\"datePublished\":\"2022-11-29T16:00:59+00:00\",\"breadcrumb\":{\"@id\":\"https:\/\/www.lausinyvicente.com\/en\/sports-equipment\/basketball\/basketball-backboards#breadcrumb\"},\"inLanguage\":\"en-US\",\"potentialAction\":[{\"@type\":\"ReadAction\",\"target\":[\"https:\/\/www.lausinyvicente.com\/en\/sports-equipment\/basketball\/basketball-backboards\"]}]},{\"@type\":\"ImageObject\",\"inLanguage\":\"en-US\",\"@id\":\"https:\/\/www.lausinyvicente.com\/en\/sports-equipment\/basketball\/basketball-backboards#primaryimage\",\"url\":\"https:\/\/www.lausinyvicente.com\/wp-content\/uploads\/2022\/11\/D.01.13_Tablero-baloncesto-metacrilato.jpg\",\"contentUrl\":\"https:\/\/www.lausinyvicente.com\/wp-content\/uploads\/2022\/11\/D.01.13_Tablero-baloncesto-metacrilato.jpg\",\"width\":720,\"height\":490},{\"@type\":\"BreadcrumbList\",\"@id\":\"https:\/\/www.lausinyvicente.com\/en\/sports-equipment\/basketball\/basketball-backboards#breadcrumb\",\"itemListElement\":[{\"@type\":\"ListItem\",\"position\":1,\"name\":\"Portada\",\"item\":\"https:\/\/www.lausinyvicente.com\/\"},{\"@type\":\"ListItem\",\"position\":2,\"name\":\"Shop\",\"item\":\"https:\/\/www.lausinyvicente.com\/en\/shop\"},{\"@type\":\"ListItem\",\"position\":3,\"name\":\"Basketball backboards\"}]},{\"@type\":\"WebSite\",\"@id\":\"https:\/\/www.lausinyvicente.com\/#website\",\"url\":\"https:\/\/www.lausinyvicente.com\/\",\"name\":\"Laus\u00edn y Vicente\",\"description\":\"Fabricaci\u00f3n y distribuci\u00f3n de material deportivo\",\"potentialAction\":[{\"@type\":\"SearchAction\",\"target\":{\"@type\":\"EntryPoint\",\"urlTemplate\":\"https:\/\/www.lausinyvicente.com\/?s={search_term_string}\"},\"query-input\":{\"@type\":\"PropertyValueSpecification\",\"valueRequired\":true,\"valueName\":\"search_term_string\"}}],\"inLanguage\":\"en-US\"}]}<\/script>\n<!-- \/ Yoast SEO plugin. -->","yoast_head_json":{"title":"Basketball backboards - Laus\u00edn y Vicente","robots":{"index":"index","follow":"follow","max-snippet":"max-snippet:-1","max-image-preview":"max-image-preview:large","max-video-preview":"max-video-preview:-1"},"canonical":"https:\/\/www.lausinyvicente.com\/en\/sports-equipment\/basketball\/basketball-backboards","og_locale":"en_US","og_type":"article","og_title":"Basketball backboards - Laus\u00edn y Vicente","og_description":"Fibreglass. Made from fibreglass with a white finish; the outer lines and the rectangle are in black. Made in accordance with current regulatory measurements: 1800 x 1050 mm; also available in 1800 x 1200 mm. Highly durable and weather-resistant. Price per set (2 units).   Methacrylate. Made in highly resistant methacrylate, available in various thicknesses. Reinforced at the back with a metal support frame along the edge 50 x 20 x 2 mm section. The backboards come with the outer lines and inner rectangle in white. Current regulatory measurements: 1800 x 1050; also available in: 1800 x 1200 mm. Price per set (2 units).","og_url":"https:\/\/www.lausinyvicente.com\/en\/sports-equipment\/basketball\/basketball-backboards","og_site_name":"Laus\u00edn y Vicente","og_image":[{"width":720,"height":490,"url":"https:\/\/www.lausinyvicente.com\/wp-content\/uploads\/2022\/11\/D.01.13_Tablero-baloncesto-metacrilato.jpg","type":"image\/jpeg"}],"twitter_card":"summary_large_image","schema":{"@context":"https:\/\/schema.org","@graph":[{"@type":"WebPage","@id":"https:\/\/www.lausinyvicente.com\/en\/sports-equipment\/basketball\/basketball-backboards","url":"https:\/\/www.lausinyvicente.com\/en\/sports-equipment\/basketball\/basketball-backboards","name":"Basketball backboards - Laus\u00edn y Vicente","isPartOf":{"@id":"https:\/\/www.lausinyvicente.com\/#website"},"primaryImageOfPage":{"@id":"https:\/\/www.lausinyvicente.com\/en\/sports-equipment\/basketball\/basketball-backboards#primaryimage"},"image":{"@id":"https:\/\/www.lausinyvicente.com\/en\/sports-equipment\/basketball\/basketball-backboards#primaryimage"},"thumbnailUrl":"https:\/\/www.lausinyvicente.com\/wp-content\/uploads\/2022\/11\/D.01.13_Tablero-baloncesto-metacrilato.jpg","datePublished":"2022-11-29T16:00:59+00:00","breadcrumb":{"@id":"https:\/\/www.lausinyvicente.com\/en\/sports-equipment\/basketball\/basketball-backboards#breadcrumb"},"inLanguage":"en-US","potentialAction":[{"@type":"ReadAction","target":["https:\/\/www.lausinyvicente.com\/en\/sports-equipment\/basketball\/basketball-backboards"]}]},{"@type":"ImageObject","inLanguage":"en-US","@id":"https:\/\/www.lausinyvicente.com\/en\/sports-equipment\/basketball\/basketball-backboards#primaryimage","url":"https:\/\/www.lausinyvicente.com\/wp-content\/uploads\/2022\/11\/D.01.13_Tablero-baloncesto-metacrilato.jpg","contentUrl":"https:\/\/www.lausinyvicente.com\/wp-content\/uploads\/2022\/11\/D.01.13_Tablero-baloncesto-metacrilato.jpg","width":720,"height":490},{"@type":"BreadcrumbList","@id":"https:\/\/www.lausinyvicente.com\/en\/sports-equipment\/basketball\/basketball-backboards#breadcrumb","itemListElement":[{"@type":"ListItem","position":1,"name":"Portada","item":"https:\/\/www.lausinyvicente.com\/"},{"@type":"ListItem","position":2,"name":"Shop","item":"https:\/\/www.lausinyvicente.com\/en\/shop"},{"@type":"ListItem","position":3,"name":"Basketball backboards"}]},{"@type":"WebSite","@id":"https:\/\/www.lausinyvicente.com\/#website","url":"https:\/\/www.lausinyvicente.com\/","name":"Laus\u00edn y Vicente","description":"Fabricaci\u00f3n y distribuci\u00f3n de material deportivo","potentialAction":[{"@type":"SearchAction","target":{"@type":"EntryPoint","urlTemplate":"https:\/\/www.lausinyvicente.com\/?s={search_term_string}"},"query-input":{"@type":"PropertyValueSpecification","valueRequired":true,"valueName":"search_term_string"}}],"inLanguage":"en-US"}]}},"_links":{"self":[{"href":"https:\/\/www.lausinyvicente.com\/en\/wp-json\/wp\/v2\/product\/4758","targetHints":{"allow":["GET"]}}],"collection":[{"href":"https:\/\/www.lausinyvicente.com\/en\/wp-json\/wp\/v2\/product"}],"about":[{"href":"https:\/\/www.lausinyvicente.com\/en\/wp-json\/wp\/v2\/types\/product"}],"wp:featuredmedia":[{"embeddable":true,"href":"https:\/\/www.lausinyvicente.com\/en\/wp-json\/wp\/v2\/media\/2503"}],"wp:attachment":[{"href":"https:\/\/www.lausinyvicente.com\/en\/wp-json\/wp\/v2\/media?parent=4758"}],"wp:term":[{"taxonomy":"product_cat","embeddable":true,"href":"https:\/\/www.lausinyvicente.com\/en\/wp-json\/wp\/v2\/product_cat?post=4758"},{"taxonomy":"product_tag","embeddable":true,"href":"https:\/\/www.lausinyvicente.com\/en\/wp-json\/wp\/v2\/product_tag?post=4758"}],"curies":[{"name":"wp","href":"https:\/\/api.w.org\/{rel}","templated":true}]}}