{"id":4804,"date":"2022-11-29T15:42:26","date_gmt":"2022-11-29T15:42:26","guid":{"rendered":"https:\/\/www.lausinyvicente.com\/uncategorized\/bergamo-anti-vandalism-basketball-and-mini-basketball-goals\/"},"modified":"2022-11-29T15:42:26","modified_gmt":"2022-11-29T15:42:26","slug":"bergamo-anti-vandalism-basketball-mini-basketball-goals","status":"publish","type":"product","link":"https:\/\/www.lausinyvicente.com\/en\/sports-equipment\/basketball\/bergamo-anti-vandalism-basketball-mini-basketball-goals","title":{"rendered":"\u201cBergamo\u201d anti-vandalism basketball and mini-basketball goals"},"content":{"rendered":"","protected":false},"excerpt":{"rendered":"<p>Anti-vandal basketball and mini-basketball goal with base attached to the ground designed and created to be used in outdoor installations such as schools, municipal sports centres, estates and sports clubs. The structure is comprised of two parts: a central post and an arm. These are made in 100 mm square structural pipe and attached together using bolted connectors. The hoop is attached to the ground using a base plate held in place using four shaft anchors embedded in a concrete foundation. Comes with an anti-vandalism basketball backboard made from perforated galvanized sheet metal (American in style) measuring 1200 x 900 x 5 mm. Anti-vandalism ring made from 20 mm solid iron pipe, with 12 hooks, with iron bar reinforcement along the edge. An anti-vandalism steel chain net is installed. The surface of all the parts are hot dip galvanized or treated with epoxy paint and kiln-dried, depending on the item no. If the hoop anchor needs to be buried, this should be included when placing your order. Price per set.        <\/p>\n","protected":false},"featured_media":2491,"template":"","meta":[],"product_cat":[161,141],"product_tag":[],"class_list":{"0":"post-4804","1":"product","2":"type-product","3":"status-publish","4":"has-post-thumbnail","6":"product_cat-basketball","7":"product_cat-sports-equipment","9":"first","10":"instock","11":"shipping-taxable","12":"purchasable","13":"product-type-variable"},"yoast_head":"<!-- This site is optimized with the Yoast SEO plugin v27.0 - https:\/\/yoast.com\/product\/yoast-seo-wordpress\/ -->\n<title>\u201cBergamo\u201d anti-vandalism basketball and mini-basketball goals - Laus\u00edn y Vicente<\/title>\n<meta name=\"robots\" content=\"index, follow, max-snippet:-1, max-image-preview:large, max-video-preview:-1\" \/>\n<link rel=\"canonical\" href=\"https:\/\/www.lausinyvicente.com\/en\/sports-equipment\/basketball\/bergamo-anti-vandalism-basketball-mini-basketball-goals\" \/>\n<meta property=\"og:locale\" content=\"en_US\" \/>\n<meta property=\"og:type\" content=\"article\" \/>\n<meta property=\"og:title\" content=\"\u201cBergamo\u201d anti-vandalism basketball and mini-basketball goals - Laus\u00edn y Vicente\" \/>\n<meta property=\"og:description\" content=\"Anti-vandal basketball and mini-basketball goal with base attached to the ground designed and created to be used in outdoor installations such as schools, municipal sports centres, estates and sports clubs. The structure is comprised of two parts: a central post and an arm. These are made in 100 mm square structural pipe and attached together using bolted connectors. The hoop is attached to the ground using a base plate held in place using four shaft anchors embedded in a concrete foundation. Comes with an anti-vandalism basketball backboard made from perforated galvanized sheet metal (American in style) measuring 1200 x 900 x 5 mm. Anti-vandalism ring made from 20 mm solid iron pipe, with 12 hooks, with iron bar reinforcement along the edge. An anti-vandalism steel chain net is installed. The surface of all the parts are hot dip galvanized or treated with epoxy paint and kiln-dried, depending on the item no. If the hoop anchor needs to be buried, this should be included when placing your order. Price per set.\" \/>\n<meta property=\"og:url\" content=\"https:\/\/www.lausinyvicente.com\/en\/sports-equipment\/basketball\/bergamo-anti-vandalism-basketball-mini-basketball-goals\" \/>\n<meta property=\"og:site_name\" content=\"Laus\u00edn y Vicente\" \/>\n<meta property=\"og:image\" content=\"https:\/\/www.lausinyvicente.com\/wp-content\/uploads\/2022\/11\/D.01.37-canasta-baloncesto-minibasket-antivandalica-BERGAMO.jpg\" \/>\n\t<meta property=\"og:image:width\" content=\"720\" \/>\n\t<meta property=\"og:image:height\" content=\"490\" \/>\n\t<meta property=\"og:image:type\" content=\"image\/jpeg\" \/>\n<meta name=\"twitter:card\" content=\"summary_large_image\" \/>\n<script type=\"application\/ld+json\" class=\"yoast-schema-graph\">{\"@context\":\"https:\/\/schema.org\",\"@graph\":[{\"@type\":\"WebPage\",\"@id\":\"https:\/\/www.lausinyvicente.com\/en\/sports-equipment\/basketball\/bergamo-anti-vandalism-basketball-mini-basketball-goals\",\"url\":\"https:\/\/www.lausinyvicente.com\/en\/sports-equipment\/basketball\/bergamo-anti-vandalism-basketball-mini-basketball-goals\",\"name\":\"\u201cBergamo\u201d anti-vandalism basketball and mini-basketball goals - Laus\u00edn y Vicente\",\"isPartOf\":{\"@id\":\"https:\/\/www.lausinyvicente.com\/#website\"},\"primaryImageOfPage\":{\"@id\":\"https:\/\/www.lausinyvicente.com\/en\/sports-equipment\/basketball\/bergamo-anti-vandalism-basketball-mini-basketball-goals#primaryimage\"},\"image\":{\"@id\":\"https:\/\/www.lausinyvicente.com\/en\/sports-equipment\/basketball\/bergamo-anti-vandalism-basketball-mini-basketball-goals#primaryimage\"},\"thumbnailUrl\":\"https:\/\/www.lausinyvicente.com\/wp-content\/uploads\/2022\/11\/D.01.37-canasta-baloncesto-minibasket-antivandalica-BERGAMO.jpg\",\"datePublished\":\"2022-11-29T15:42:26+00:00\",\"breadcrumb\":{\"@id\":\"https:\/\/www.lausinyvicente.com\/en\/sports-equipment\/basketball\/bergamo-anti-vandalism-basketball-mini-basketball-goals#breadcrumb\"},\"inLanguage\":\"en-US\",\"potentialAction\":[{\"@type\":\"ReadAction\",\"target\":[\"https:\/\/www.lausinyvicente.com\/en\/sports-equipment\/basketball\/bergamo-anti-vandalism-basketball-mini-basketball-goals\"]}]},{\"@type\":\"ImageObject\",\"inLanguage\":\"en-US\",\"@id\":\"https:\/\/www.lausinyvicente.com\/en\/sports-equipment\/basketball\/bergamo-anti-vandalism-basketball-mini-basketball-goals#primaryimage\",\"url\":\"https:\/\/www.lausinyvicente.com\/wp-content\/uploads\/2022\/11\/D.01.37-canasta-baloncesto-minibasket-antivandalica-BERGAMO.jpg\",\"contentUrl\":\"https:\/\/www.lausinyvicente.com\/wp-content\/uploads\/2022\/11\/D.01.37-canasta-baloncesto-minibasket-antivandalica-BERGAMO.jpg\",\"width\":720,\"height\":490},{\"@type\":\"BreadcrumbList\",\"@id\":\"https:\/\/www.lausinyvicente.com\/en\/sports-equipment\/basketball\/bergamo-anti-vandalism-basketball-mini-basketball-goals#breadcrumb\",\"itemListElement\":[{\"@type\":\"ListItem\",\"position\":1,\"name\":\"Portada\",\"item\":\"https:\/\/www.lausinyvicente.com\/\"},{\"@type\":\"ListItem\",\"position\":2,\"name\":\"Shop\",\"item\":\"https:\/\/www.lausinyvicente.com\/en\/shop\"},{\"@type\":\"ListItem\",\"position\":3,\"name\":\"\u201cBergamo\u201d anti-vandalism basketball and mini-basketball goals\"}]},{\"@type\":\"WebSite\",\"@id\":\"https:\/\/www.lausinyvicente.com\/#website\",\"url\":\"https:\/\/www.lausinyvicente.com\/\",\"name\":\"Laus\u00edn y Vicente\",\"description\":\"Fabricaci\u00f3n y distribuci\u00f3n de material deportivo\",\"potentialAction\":[{\"@type\":\"SearchAction\",\"target\":{\"@type\":\"EntryPoint\",\"urlTemplate\":\"https:\/\/www.lausinyvicente.com\/?s={search_term_string}\"},\"query-input\":{\"@type\":\"PropertyValueSpecification\",\"valueRequired\":true,\"valueName\":\"search_term_string\"}}],\"inLanguage\":\"en-US\"}]}<\/script>\n<!-- \/ Yoast SEO plugin. -->","yoast_head_json":{"title":"\u201cBergamo\u201d anti-vandalism basketball and mini-basketball goals - Laus\u00edn y Vicente","robots":{"index":"index","follow":"follow","max-snippet":"max-snippet:-1","max-image-preview":"max-image-preview:large","max-video-preview":"max-video-preview:-1"},"canonical":"https:\/\/www.lausinyvicente.com\/en\/sports-equipment\/basketball\/bergamo-anti-vandalism-basketball-mini-basketball-goals","og_locale":"en_US","og_type":"article","og_title":"\u201cBergamo\u201d anti-vandalism basketball and mini-basketball goals - Laus\u00edn y Vicente","og_description":"Anti-vandal basketball and mini-basketball goal with base attached to the ground designed and created to be used in outdoor installations such as schools, municipal sports centres, estates and sports clubs. The structure is comprised of two parts: a central post and an arm. These are made in 100 mm square structural pipe and attached together using bolted connectors. The hoop is attached to the ground using a base plate held in place using four shaft anchors embedded in a concrete foundation. Comes with an anti-vandalism basketball backboard made from perforated galvanized sheet metal (American in style) measuring 1200 x 900 x 5 mm. Anti-vandalism ring made from 20 mm solid iron pipe, with 12 hooks, with iron bar reinforcement along the edge. An anti-vandalism steel chain net is installed. The surface of all the parts are hot dip galvanized or treated with epoxy paint and kiln-dried, depending on the item no. If the hoop anchor needs to be buried, this should be included when placing your order. Price per set.","og_url":"https:\/\/www.lausinyvicente.com\/en\/sports-equipment\/basketball\/bergamo-anti-vandalism-basketball-mini-basketball-goals","og_site_name":"Laus\u00edn y Vicente","og_image":[{"width":720,"height":490,"url":"https:\/\/www.lausinyvicente.com\/wp-content\/uploads\/2022\/11\/D.01.37-canasta-baloncesto-minibasket-antivandalica-BERGAMO.jpg","type":"image\/jpeg"}],"twitter_card":"summary_large_image","schema":{"@context":"https:\/\/schema.org","@graph":[{"@type":"WebPage","@id":"https:\/\/www.lausinyvicente.com\/en\/sports-equipment\/basketball\/bergamo-anti-vandalism-basketball-mini-basketball-goals","url":"https:\/\/www.lausinyvicente.com\/en\/sports-equipment\/basketball\/bergamo-anti-vandalism-basketball-mini-basketball-goals","name":"\u201cBergamo\u201d anti-vandalism basketball and mini-basketball goals - Laus\u00edn y Vicente","isPartOf":{"@id":"https:\/\/www.lausinyvicente.com\/#website"},"primaryImageOfPage":{"@id":"https:\/\/www.lausinyvicente.com\/en\/sports-equipment\/basketball\/bergamo-anti-vandalism-basketball-mini-basketball-goals#primaryimage"},"image":{"@id":"https:\/\/www.lausinyvicente.com\/en\/sports-equipment\/basketball\/bergamo-anti-vandalism-basketball-mini-basketball-goals#primaryimage"},"thumbnailUrl":"https:\/\/www.lausinyvicente.com\/wp-content\/uploads\/2022\/11\/D.01.37-canasta-baloncesto-minibasket-antivandalica-BERGAMO.jpg","datePublished":"2022-11-29T15:42:26+00:00","breadcrumb":{"@id":"https:\/\/www.lausinyvicente.com\/en\/sports-equipment\/basketball\/bergamo-anti-vandalism-basketball-mini-basketball-goals#breadcrumb"},"inLanguage":"en-US","potentialAction":[{"@type":"ReadAction","target":["https:\/\/www.lausinyvicente.com\/en\/sports-equipment\/basketball\/bergamo-anti-vandalism-basketball-mini-basketball-goals"]}]},{"@type":"ImageObject","inLanguage":"en-US","@id":"https:\/\/www.lausinyvicente.com\/en\/sports-equipment\/basketball\/bergamo-anti-vandalism-basketball-mini-basketball-goals#primaryimage","url":"https:\/\/www.lausinyvicente.com\/wp-content\/uploads\/2022\/11\/D.01.37-canasta-baloncesto-minibasket-antivandalica-BERGAMO.jpg","contentUrl":"https:\/\/www.lausinyvicente.com\/wp-content\/uploads\/2022\/11\/D.01.37-canasta-baloncesto-minibasket-antivandalica-BERGAMO.jpg","width":720,"height":490},{"@type":"BreadcrumbList","@id":"https:\/\/www.lausinyvicente.com\/en\/sports-equipment\/basketball\/bergamo-anti-vandalism-basketball-mini-basketball-goals#breadcrumb","itemListElement":[{"@type":"ListItem","position":1,"name":"Portada","item":"https:\/\/www.lausinyvicente.com\/"},{"@type":"ListItem","position":2,"name":"Shop","item":"https:\/\/www.lausinyvicente.com\/en\/shop"},{"@type":"ListItem","position":3,"name":"\u201cBergamo\u201d anti-vandalism basketball and mini-basketball goals"}]},{"@type":"WebSite","@id":"https:\/\/www.lausinyvicente.com\/#website","url":"https:\/\/www.lausinyvicente.com\/","name":"Laus\u00edn y Vicente","description":"Fabricaci\u00f3n y distribuci\u00f3n de material deportivo","potentialAction":[{"@type":"SearchAction","target":{"@type":"EntryPoint","urlTemplate":"https:\/\/www.lausinyvicente.com\/?s={search_term_string}"},"query-input":{"@type":"PropertyValueSpecification","valueRequired":true,"valueName":"search_term_string"}}],"inLanguage":"en-US"}]}},"_links":{"self":[{"href":"https:\/\/www.lausinyvicente.com\/en\/wp-json\/wp\/v2\/product\/4804","targetHints":{"allow":["GET"]}}],"collection":[{"href":"https:\/\/www.lausinyvicente.com\/en\/wp-json\/wp\/v2\/product"}],"about":[{"href":"https:\/\/www.lausinyvicente.com\/en\/wp-json\/wp\/v2\/types\/product"}],"wp:featuredmedia":[{"embeddable":true,"href":"https:\/\/www.lausinyvicente.com\/en\/wp-json\/wp\/v2\/media\/2491"}],"wp:attachment":[{"href":"https:\/\/www.lausinyvicente.com\/en\/wp-json\/wp\/v2\/media?parent=4804"}],"wp:term":[{"taxonomy":"product_cat","embeddable":true,"href":"https:\/\/www.lausinyvicente.com\/en\/wp-json\/wp\/v2\/product_cat?post=4804"},{"taxonomy":"product_tag","embeddable":true,"href":"https:\/\/www.lausinyvicente.com\/en\/wp-json\/wp\/v2\/product_tag?post=4804"}],"curies":[{"name":"wp","href":"https:\/\/api.w.org\/{rel}","templated":true}]}}