{"id":4852,"date":"2022-11-28T17:11:34","date_gmt":"2022-11-28T17:11:34","guid":{"rendered":"https:\/\/www.lausinyvicente.com\/uncategorized\/palermo-wall-mounted-folding-basketball-mini-basketball-goal\/"},"modified":"2022-11-28T17:11:34","modified_gmt":"2022-11-28T17:11:34","slug":"palermo-wall-mounted-folding-basketball-mini-basketball-goal","status":"publish","type":"product","link":"https:\/\/www.lausinyvicente.com\/en\/sports-equipment\/basketball\/palermo-wall-mounted-folding-basketball-mini-basketball-goal","title":{"rendered":"\u201cPalermo\u201d wall-mounted folding basketball &amp; mini-basketball goal"},"content":{"rendered":"","protected":false},"excerpt":{"rendered":"<p>The folding basketball and mini-basketball goal was designed and created to be installed on the wall at any sports facilities using a frame affixed to the wall or pre-existing structure. Both of these need to be adapted for this specific use. All the dimensions and specifications for this product have been drawn up in line with the requirements of European Standard EN-1270. All the metal parts are covered with epoxy paint. This coating provides these elements with a high level of resistance to corrosion and ultraviolet rays, as well as protecting from mechanical impact. Not included: backboards, rings, nets and protectors. To purchase them, use their item numbers to order these products. Price per set.   <\/p>\n","protected":false},"featured_media":2471,"template":"","meta":[],"product_cat":[161,141],"product_tag":[],"class_list":{"0":"post-4852","1":"product","2":"type-product","3":"status-publish","4":"has-post-thumbnail","6":"product_cat-basketball","7":"product_cat-sports-equipment","9":"first","10":"instock","11":"shipping-taxable","12":"purchasable","13":"product-type-variable"},"yoast_head":"<!-- This site is optimized with the Yoast SEO plugin v27.0 - https:\/\/yoast.com\/product\/yoast-seo-wordpress\/ -->\n<title>\u201cPalermo\u201d wall-mounted folding basketball &amp; mini-basketball goal - Laus\u00edn y Vicente<\/title>\n<meta name=\"robots\" content=\"index, follow, max-snippet:-1, max-image-preview:large, max-video-preview:-1\" \/>\n<link rel=\"canonical\" href=\"https:\/\/www.lausinyvicente.com\/en\/sports-equipment\/basketball\/palermo-wall-mounted-folding-basketball-mini-basketball-goal\" \/>\n<meta property=\"og:locale\" content=\"en_US\" \/>\n<meta property=\"og:type\" content=\"article\" \/>\n<meta property=\"og:title\" content=\"\u201cPalermo\u201d wall-mounted folding basketball &amp; mini-basketball goal - Laus\u00edn y Vicente\" \/>\n<meta property=\"og:description\" content=\"The folding basketball and mini-basketball goal was designed and created to be installed on the wall at any sports facilities using a frame affixed to the wall or pre-existing structure. Both of these need to be adapted for this specific use. All the dimensions and specifications for this product have been drawn up in line with the requirements of European Standard EN-1270. All the metal parts are covered with epoxy paint. This coating provides these elements with a high level of resistance to corrosion and ultraviolet rays, as well as protecting from mechanical impact. Not included: backboards, rings, nets and protectors. To purchase them, use their item numbers to order these products. Price per set.\" \/>\n<meta property=\"og:url\" content=\"https:\/\/www.lausinyvicente.com\/en\/sports-equipment\/basketball\/palermo-wall-mounted-folding-basketball-mini-basketball-goal\" \/>\n<meta property=\"og:site_name\" content=\"Laus\u00edn y Vicente\" \/>\n<meta property=\"og:image\" content=\"https:\/\/www.lausinyvicente.com\/wp-content\/uploads\/2022\/11\/D.01.160-canastas-baloncesto-minibasket-abatibles-pared-PALERMO.jpg\" \/>\n\t<meta property=\"og:image:width\" content=\"720\" \/>\n\t<meta property=\"og:image:height\" content=\"490\" \/>\n\t<meta property=\"og:image:type\" content=\"image\/jpeg\" \/>\n<meta name=\"twitter:card\" content=\"summary_large_image\" \/>\n<script type=\"application\/ld+json\" class=\"yoast-schema-graph\">{\"@context\":\"https:\/\/schema.org\",\"@graph\":[{\"@type\":\"WebPage\",\"@id\":\"https:\/\/www.lausinyvicente.com\/en\/sports-equipment\/basketball\/palermo-wall-mounted-folding-basketball-mini-basketball-goal\",\"url\":\"https:\/\/www.lausinyvicente.com\/en\/sports-equipment\/basketball\/palermo-wall-mounted-folding-basketball-mini-basketball-goal\",\"name\":\"\u201cPalermo\u201d wall-mounted folding basketball &amp; mini-basketball goal - Laus\u00edn y Vicente\",\"isPartOf\":{\"@id\":\"https:\/\/www.lausinyvicente.com\/#website\"},\"primaryImageOfPage\":{\"@id\":\"https:\/\/www.lausinyvicente.com\/en\/sports-equipment\/basketball\/palermo-wall-mounted-folding-basketball-mini-basketball-goal#primaryimage\"},\"image\":{\"@id\":\"https:\/\/www.lausinyvicente.com\/en\/sports-equipment\/basketball\/palermo-wall-mounted-folding-basketball-mini-basketball-goal#primaryimage\"},\"thumbnailUrl\":\"https:\/\/www.lausinyvicente.com\/wp-content\/uploads\/2022\/11\/D.01.160-canastas-baloncesto-minibasket-abatibles-pared-PALERMO.jpg\",\"datePublished\":\"2022-11-28T17:11:34+00:00\",\"breadcrumb\":{\"@id\":\"https:\/\/www.lausinyvicente.com\/en\/sports-equipment\/basketball\/palermo-wall-mounted-folding-basketball-mini-basketball-goal#breadcrumb\"},\"inLanguage\":\"en-US\",\"potentialAction\":[{\"@type\":\"ReadAction\",\"target\":[\"https:\/\/www.lausinyvicente.com\/en\/sports-equipment\/basketball\/palermo-wall-mounted-folding-basketball-mini-basketball-goal\"]}]},{\"@type\":\"ImageObject\",\"inLanguage\":\"en-US\",\"@id\":\"https:\/\/www.lausinyvicente.com\/en\/sports-equipment\/basketball\/palermo-wall-mounted-folding-basketball-mini-basketball-goal#primaryimage\",\"url\":\"https:\/\/www.lausinyvicente.com\/wp-content\/uploads\/2022\/11\/D.01.160-canastas-baloncesto-minibasket-abatibles-pared-PALERMO.jpg\",\"contentUrl\":\"https:\/\/www.lausinyvicente.com\/wp-content\/uploads\/2022\/11\/D.01.160-canastas-baloncesto-minibasket-abatibles-pared-PALERMO.jpg\",\"width\":720,\"height\":490},{\"@type\":\"BreadcrumbList\",\"@id\":\"https:\/\/www.lausinyvicente.com\/en\/sports-equipment\/basketball\/palermo-wall-mounted-folding-basketball-mini-basketball-goal#breadcrumb\",\"itemListElement\":[{\"@type\":\"ListItem\",\"position\":1,\"name\":\"Portada\",\"item\":\"https:\/\/www.lausinyvicente.com\/\"},{\"@type\":\"ListItem\",\"position\":2,\"name\":\"Shop\",\"item\":\"https:\/\/www.lausinyvicente.com\/en\/shop\"},{\"@type\":\"ListItem\",\"position\":3,\"name\":\"\u201cPalermo\u201d wall-mounted folding basketball &amp; mini-basketball goal\"}]},{\"@type\":\"WebSite\",\"@id\":\"https:\/\/www.lausinyvicente.com\/#website\",\"url\":\"https:\/\/www.lausinyvicente.com\/\",\"name\":\"Laus\u00edn y Vicente\",\"description\":\"Fabricaci\u00f3n y distribuci\u00f3n de material deportivo\",\"potentialAction\":[{\"@type\":\"SearchAction\",\"target\":{\"@type\":\"EntryPoint\",\"urlTemplate\":\"https:\/\/www.lausinyvicente.com\/?s={search_term_string}\"},\"query-input\":{\"@type\":\"PropertyValueSpecification\",\"valueRequired\":true,\"valueName\":\"search_term_string\"}}],\"inLanguage\":\"en-US\"}]}<\/script>\n<!-- \/ Yoast SEO plugin. -->","yoast_head_json":{"title":"\u201cPalermo\u201d wall-mounted folding basketball &amp; mini-basketball goal - Laus\u00edn y Vicente","robots":{"index":"index","follow":"follow","max-snippet":"max-snippet:-1","max-image-preview":"max-image-preview:large","max-video-preview":"max-video-preview:-1"},"canonical":"https:\/\/www.lausinyvicente.com\/en\/sports-equipment\/basketball\/palermo-wall-mounted-folding-basketball-mini-basketball-goal","og_locale":"en_US","og_type":"article","og_title":"\u201cPalermo\u201d wall-mounted folding basketball &amp; mini-basketball goal - Laus\u00edn y Vicente","og_description":"The folding basketball and mini-basketball goal was designed and created to be installed on the wall at any sports facilities using a frame affixed to the wall or pre-existing structure. Both of these need to be adapted for this specific use. All the dimensions and specifications for this product have been drawn up in line with the requirements of European Standard EN-1270. All the metal parts are covered with epoxy paint. This coating provides these elements with a high level of resistance to corrosion and ultraviolet rays, as well as protecting from mechanical impact. Not included: backboards, rings, nets and protectors. To purchase them, use their item numbers to order these products. Price per set.","og_url":"https:\/\/www.lausinyvicente.com\/en\/sports-equipment\/basketball\/palermo-wall-mounted-folding-basketball-mini-basketball-goal","og_site_name":"Laus\u00edn y Vicente","og_image":[{"width":720,"height":490,"url":"https:\/\/www.lausinyvicente.com\/wp-content\/uploads\/2022\/11\/D.01.160-canastas-baloncesto-minibasket-abatibles-pared-PALERMO.jpg","type":"image\/jpeg"}],"twitter_card":"summary_large_image","schema":{"@context":"https:\/\/schema.org","@graph":[{"@type":"WebPage","@id":"https:\/\/www.lausinyvicente.com\/en\/sports-equipment\/basketball\/palermo-wall-mounted-folding-basketball-mini-basketball-goal","url":"https:\/\/www.lausinyvicente.com\/en\/sports-equipment\/basketball\/palermo-wall-mounted-folding-basketball-mini-basketball-goal","name":"\u201cPalermo\u201d wall-mounted folding basketball &amp; mini-basketball goal - Laus\u00edn y Vicente","isPartOf":{"@id":"https:\/\/www.lausinyvicente.com\/#website"},"primaryImageOfPage":{"@id":"https:\/\/www.lausinyvicente.com\/en\/sports-equipment\/basketball\/palermo-wall-mounted-folding-basketball-mini-basketball-goal#primaryimage"},"image":{"@id":"https:\/\/www.lausinyvicente.com\/en\/sports-equipment\/basketball\/palermo-wall-mounted-folding-basketball-mini-basketball-goal#primaryimage"},"thumbnailUrl":"https:\/\/www.lausinyvicente.com\/wp-content\/uploads\/2022\/11\/D.01.160-canastas-baloncesto-minibasket-abatibles-pared-PALERMO.jpg","datePublished":"2022-11-28T17:11:34+00:00","breadcrumb":{"@id":"https:\/\/www.lausinyvicente.com\/en\/sports-equipment\/basketball\/palermo-wall-mounted-folding-basketball-mini-basketball-goal#breadcrumb"},"inLanguage":"en-US","potentialAction":[{"@type":"ReadAction","target":["https:\/\/www.lausinyvicente.com\/en\/sports-equipment\/basketball\/palermo-wall-mounted-folding-basketball-mini-basketball-goal"]}]},{"@type":"ImageObject","inLanguage":"en-US","@id":"https:\/\/www.lausinyvicente.com\/en\/sports-equipment\/basketball\/palermo-wall-mounted-folding-basketball-mini-basketball-goal#primaryimage","url":"https:\/\/www.lausinyvicente.com\/wp-content\/uploads\/2022\/11\/D.01.160-canastas-baloncesto-minibasket-abatibles-pared-PALERMO.jpg","contentUrl":"https:\/\/www.lausinyvicente.com\/wp-content\/uploads\/2022\/11\/D.01.160-canastas-baloncesto-minibasket-abatibles-pared-PALERMO.jpg","width":720,"height":490},{"@type":"BreadcrumbList","@id":"https:\/\/www.lausinyvicente.com\/en\/sports-equipment\/basketball\/palermo-wall-mounted-folding-basketball-mini-basketball-goal#breadcrumb","itemListElement":[{"@type":"ListItem","position":1,"name":"Portada","item":"https:\/\/www.lausinyvicente.com\/"},{"@type":"ListItem","position":2,"name":"Shop","item":"https:\/\/www.lausinyvicente.com\/en\/shop"},{"@type":"ListItem","position":3,"name":"\u201cPalermo\u201d wall-mounted folding basketball &amp; mini-basketball goal"}]},{"@type":"WebSite","@id":"https:\/\/www.lausinyvicente.com\/#website","url":"https:\/\/www.lausinyvicente.com\/","name":"Laus\u00edn y Vicente","description":"Fabricaci\u00f3n y distribuci\u00f3n de material deportivo","potentialAction":[{"@type":"SearchAction","target":{"@type":"EntryPoint","urlTemplate":"https:\/\/www.lausinyvicente.com\/?s={search_term_string}"},"query-input":{"@type":"PropertyValueSpecification","valueRequired":true,"valueName":"search_term_string"}}],"inLanguage":"en-US"}]}},"_links":{"self":[{"href":"https:\/\/www.lausinyvicente.com\/en\/wp-json\/wp\/v2\/product\/4852","targetHints":{"allow":["GET"]}}],"collection":[{"href":"https:\/\/www.lausinyvicente.com\/en\/wp-json\/wp\/v2\/product"}],"about":[{"href":"https:\/\/www.lausinyvicente.com\/en\/wp-json\/wp\/v2\/types\/product"}],"wp:featuredmedia":[{"embeddable":true,"href":"https:\/\/www.lausinyvicente.com\/en\/wp-json\/wp\/v2\/media\/2471"}],"wp:attachment":[{"href":"https:\/\/www.lausinyvicente.com\/en\/wp-json\/wp\/v2\/media?parent=4852"}],"wp:term":[{"taxonomy":"product_cat","embeddable":true,"href":"https:\/\/www.lausinyvicente.com\/en\/wp-json\/wp\/v2\/product_cat?post=4852"},{"taxonomy":"product_tag","embeddable":true,"href":"https:\/\/www.lausinyvicente.com\/en\/wp-json\/wp\/v2\/product_tag?post=4852"}],"curies":[{"name":"wp","href":"https:\/\/api.w.org\/{rel}","templated":true}]}}