{"id":4977,"date":"2022-11-28T16:03:05","date_gmt":"2022-11-28T16:03:05","guid":{"rendered":"https:\/\/www.lausinyvicente.com\/uncategorized\/aluminium-race-hurdles-competition\/"},"modified":"2022-11-28T16:03:05","modified_gmt":"2022-11-28T16:03:05","slug":"aluminium-race-hurdles-competition","status":"publish","type":"product","link":"https:\/\/www.lausinyvicente.com\/en\/athletics-equipment\/sprints-hurdles\/aluminium-race-hurdles-competition","title":{"rendered":"Aluminium race hurdles. Competition"},"content":{"rendered":"","protected":false},"excerpt":{"rendered":"<p>WA Certificate No. E-14-0819 Designed and made according to the standards of the International Athletics Federation. The base is made of aluminium profiles, with rectangular section and rounded edges. They are equipped with counterweights inside, with an automatic 5-position locking system corresponding to the five different standard heights (1.067 m, 1.000 m, 0.914 m, 0.840 m, 0.762 m). This adjustment is made with adhesive tape located at the top of the base. Circular section aluminium tubes with locking system of the hurdle at the five standard heights through a strip\/spring and a steel bolt. White PVC hurdle highly resistant to potential impacts in jump. Each tube incorporates an adhesive ruler indicating the five heights. The structure is finished with epoxy powder paint and is subsequently oven-dried at 200 \u00baC in silver. Tubes \/ extensions in dark blue.<\/p>\n","protected":false},"featured_media":2405,"template":"","meta":[],"product_cat":[168,86],"product_tag":[],"class_list":{"0":"post-4977","1":"product","2":"type-product","3":"status-publish","4":"has-post-thumbnail","6":"product_cat-sprints-hurdles","7":"product_cat-athletics-equipment","9":"first","10":"instock","11":"shipping-taxable","12":"purchasable","13":"product-type-simple"},"yoast_head":"<!-- This site is optimized with the Yoast SEO plugin v27.0 - https:\/\/yoast.com\/product\/yoast-seo-wordpress\/ -->\n<title>Aluminium race hurdles. Competition - Laus\u00edn y Vicente<\/title>\n<meta name=\"robots\" content=\"index, follow, max-snippet:-1, max-image-preview:large, max-video-preview:-1\" \/>\n<link rel=\"canonical\" href=\"https:\/\/www.lausinyvicente.com\/en\/athletics-equipment\/sprints-hurdles\/aluminium-race-hurdles-competition\" \/>\n<meta property=\"og:locale\" content=\"en_US\" \/>\n<meta property=\"og:type\" content=\"article\" \/>\n<meta property=\"og:title\" content=\"Aluminium race hurdles. Competition - Laus\u00edn y Vicente\" \/>\n<meta property=\"og:description\" content=\"WA Certificate No. E-14-0819 Designed and made according to the standards of the International Athletics Federation. The base is made of aluminium profiles, with rectangular section and rounded edges. They are equipped with counterweights inside, with an automatic 5-position locking system corresponding to the five different standard heights (1.067 m, 1.000 m, 0.914 m, 0.840 m, 0.762 m). This adjustment is made with adhesive tape located at the top of the base. Circular section aluminium tubes with locking system of the hurdle at the five standard heights through a strip\/spring and a steel bolt. White PVC hurdle highly resistant to potential impacts in jump. Each tube incorporates an adhesive ruler indicating the five heights. The structure is finished with epoxy powder paint and is subsequently oven-dried at 200 \u00baC in silver. Tubes \/ extensions in dark blue.\" \/>\n<meta property=\"og:url\" content=\"https:\/\/www.lausinyvicente.com\/en\/athletics-equipment\/sprints-hurdles\/aluminium-race-hurdles-competition\" \/>\n<meta property=\"og:site_name\" content=\"Laus\u00edn y Vicente\" \/>\n<meta property=\"og:image\" content=\"https:\/\/www.lausinyvicente.com\/wp-content\/uploads\/2022\/11\/A.09.04-valla-carrera-alumino-competicon.jpg\" \/>\n\t<meta property=\"og:image:width\" content=\"720\" \/>\n\t<meta property=\"og:image:height\" content=\"490\" \/>\n\t<meta property=\"og:image:type\" content=\"image\/jpeg\" \/>\n<meta name=\"twitter:card\" content=\"summary_large_image\" \/>\n<script type=\"application\/ld+json\" class=\"yoast-schema-graph\">{\"@context\":\"https:\/\/schema.org\",\"@graph\":[{\"@type\":\"WebPage\",\"@id\":\"https:\/\/www.lausinyvicente.com\/en\/athletics-equipment\/sprints-hurdles\/aluminium-race-hurdles-competition\",\"url\":\"https:\/\/www.lausinyvicente.com\/en\/athletics-equipment\/sprints-hurdles\/aluminium-race-hurdles-competition\",\"name\":\"Aluminium race hurdles. Competition - Laus\u00edn y Vicente\",\"isPartOf\":{\"@id\":\"https:\/\/www.lausinyvicente.com\/#website\"},\"primaryImageOfPage\":{\"@id\":\"https:\/\/www.lausinyvicente.com\/en\/athletics-equipment\/sprints-hurdles\/aluminium-race-hurdles-competition#primaryimage\"},\"image\":{\"@id\":\"https:\/\/www.lausinyvicente.com\/en\/athletics-equipment\/sprints-hurdles\/aluminium-race-hurdles-competition#primaryimage\"},\"thumbnailUrl\":\"https:\/\/www.lausinyvicente.com\/wp-content\/uploads\/2022\/11\/A.09.04-valla-carrera-alumino-competicon.jpg\",\"datePublished\":\"2022-11-28T16:03:05+00:00\",\"breadcrumb\":{\"@id\":\"https:\/\/www.lausinyvicente.com\/en\/athletics-equipment\/sprints-hurdles\/aluminium-race-hurdles-competition#breadcrumb\"},\"inLanguage\":\"en-US\",\"potentialAction\":[{\"@type\":\"ReadAction\",\"target\":[\"https:\/\/www.lausinyvicente.com\/en\/athletics-equipment\/sprints-hurdles\/aluminium-race-hurdles-competition\"]}]},{\"@type\":\"ImageObject\",\"inLanguage\":\"en-US\",\"@id\":\"https:\/\/www.lausinyvicente.com\/en\/athletics-equipment\/sprints-hurdles\/aluminium-race-hurdles-competition#primaryimage\",\"url\":\"https:\/\/www.lausinyvicente.com\/wp-content\/uploads\/2022\/11\/A.09.04-valla-carrera-alumino-competicon.jpg\",\"contentUrl\":\"https:\/\/www.lausinyvicente.com\/wp-content\/uploads\/2022\/11\/A.09.04-valla-carrera-alumino-competicon.jpg\",\"width\":720,\"height\":490},{\"@type\":\"BreadcrumbList\",\"@id\":\"https:\/\/www.lausinyvicente.com\/en\/athletics-equipment\/sprints-hurdles\/aluminium-race-hurdles-competition#breadcrumb\",\"itemListElement\":[{\"@type\":\"ListItem\",\"position\":1,\"name\":\"Portada\",\"item\":\"https:\/\/www.lausinyvicente.com\/\"},{\"@type\":\"ListItem\",\"position\":2,\"name\":\"Shop\",\"item\":\"https:\/\/www.lausinyvicente.com\/en\/shop\"},{\"@type\":\"ListItem\",\"position\":3,\"name\":\"Aluminium race hurdles. Competition\"}]},{\"@type\":\"WebSite\",\"@id\":\"https:\/\/www.lausinyvicente.com\/#website\",\"url\":\"https:\/\/www.lausinyvicente.com\/\",\"name\":\"Laus\u00edn y Vicente\",\"description\":\"Fabricaci\u00f3n y distribuci\u00f3n de material deportivo\",\"potentialAction\":[{\"@type\":\"SearchAction\",\"target\":{\"@type\":\"EntryPoint\",\"urlTemplate\":\"https:\/\/www.lausinyvicente.com\/?s={search_term_string}\"},\"query-input\":{\"@type\":\"PropertyValueSpecification\",\"valueRequired\":true,\"valueName\":\"search_term_string\"}}],\"inLanguage\":\"en-US\"}]}<\/script>\n<!-- \/ Yoast SEO plugin. -->","yoast_head_json":{"title":"Aluminium race hurdles. Competition - Laus\u00edn y Vicente","robots":{"index":"index","follow":"follow","max-snippet":"max-snippet:-1","max-image-preview":"max-image-preview:large","max-video-preview":"max-video-preview:-1"},"canonical":"https:\/\/www.lausinyvicente.com\/en\/athletics-equipment\/sprints-hurdles\/aluminium-race-hurdles-competition","og_locale":"en_US","og_type":"article","og_title":"Aluminium race hurdles. Competition - Laus\u00edn y Vicente","og_description":"WA Certificate No. E-14-0819 Designed and made according to the standards of the International Athletics Federation. The base is made of aluminium profiles, with rectangular section and rounded edges. They are equipped with counterweights inside, with an automatic 5-position locking system corresponding to the five different standard heights (1.067 m, 1.000 m, 0.914 m, 0.840 m, 0.762 m). This adjustment is made with adhesive tape located at the top of the base. Circular section aluminium tubes with locking system of the hurdle at the five standard heights through a strip\/spring and a steel bolt. White PVC hurdle highly resistant to potential impacts in jump. Each tube incorporates an adhesive ruler indicating the five heights. The structure is finished with epoxy powder paint and is subsequently oven-dried at 200 \u00baC in silver. Tubes \/ extensions in dark blue.","og_url":"https:\/\/www.lausinyvicente.com\/en\/athletics-equipment\/sprints-hurdles\/aluminium-race-hurdles-competition","og_site_name":"Laus\u00edn y Vicente","og_image":[{"width":720,"height":490,"url":"https:\/\/www.lausinyvicente.com\/wp-content\/uploads\/2022\/11\/A.09.04-valla-carrera-alumino-competicon.jpg","type":"image\/jpeg"}],"twitter_card":"summary_large_image","schema":{"@context":"https:\/\/schema.org","@graph":[{"@type":"WebPage","@id":"https:\/\/www.lausinyvicente.com\/en\/athletics-equipment\/sprints-hurdles\/aluminium-race-hurdles-competition","url":"https:\/\/www.lausinyvicente.com\/en\/athletics-equipment\/sprints-hurdles\/aluminium-race-hurdles-competition","name":"Aluminium race hurdles. Competition - Laus\u00edn y Vicente","isPartOf":{"@id":"https:\/\/www.lausinyvicente.com\/#website"},"primaryImageOfPage":{"@id":"https:\/\/www.lausinyvicente.com\/en\/athletics-equipment\/sprints-hurdles\/aluminium-race-hurdles-competition#primaryimage"},"image":{"@id":"https:\/\/www.lausinyvicente.com\/en\/athletics-equipment\/sprints-hurdles\/aluminium-race-hurdles-competition#primaryimage"},"thumbnailUrl":"https:\/\/www.lausinyvicente.com\/wp-content\/uploads\/2022\/11\/A.09.04-valla-carrera-alumino-competicon.jpg","datePublished":"2022-11-28T16:03:05+00:00","breadcrumb":{"@id":"https:\/\/www.lausinyvicente.com\/en\/athletics-equipment\/sprints-hurdles\/aluminium-race-hurdles-competition#breadcrumb"},"inLanguage":"en-US","potentialAction":[{"@type":"ReadAction","target":["https:\/\/www.lausinyvicente.com\/en\/athletics-equipment\/sprints-hurdles\/aluminium-race-hurdles-competition"]}]},{"@type":"ImageObject","inLanguage":"en-US","@id":"https:\/\/www.lausinyvicente.com\/en\/athletics-equipment\/sprints-hurdles\/aluminium-race-hurdles-competition#primaryimage","url":"https:\/\/www.lausinyvicente.com\/wp-content\/uploads\/2022\/11\/A.09.04-valla-carrera-alumino-competicon.jpg","contentUrl":"https:\/\/www.lausinyvicente.com\/wp-content\/uploads\/2022\/11\/A.09.04-valla-carrera-alumino-competicon.jpg","width":720,"height":490},{"@type":"BreadcrumbList","@id":"https:\/\/www.lausinyvicente.com\/en\/athletics-equipment\/sprints-hurdles\/aluminium-race-hurdles-competition#breadcrumb","itemListElement":[{"@type":"ListItem","position":1,"name":"Portada","item":"https:\/\/www.lausinyvicente.com\/"},{"@type":"ListItem","position":2,"name":"Shop","item":"https:\/\/www.lausinyvicente.com\/en\/shop"},{"@type":"ListItem","position":3,"name":"Aluminium race hurdles. Competition"}]},{"@type":"WebSite","@id":"https:\/\/www.lausinyvicente.com\/#website","url":"https:\/\/www.lausinyvicente.com\/","name":"Laus\u00edn y Vicente","description":"Fabricaci\u00f3n y distribuci\u00f3n de material deportivo","potentialAction":[{"@type":"SearchAction","target":{"@type":"EntryPoint","urlTemplate":"https:\/\/www.lausinyvicente.com\/?s={search_term_string}"},"query-input":{"@type":"PropertyValueSpecification","valueRequired":true,"valueName":"search_term_string"}}],"inLanguage":"en-US"}]}},"_links":{"self":[{"href":"https:\/\/www.lausinyvicente.com\/en\/wp-json\/wp\/v2\/product\/4977","targetHints":{"allow":["GET"]}}],"collection":[{"href":"https:\/\/www.lausinyvicente.com\/en\/wp-json\/wp\/v2\/product"}],"about":[{"href":"https:\/\/www.lausinyvicente.com\/en\/wp-json\/wp\/v2\/types\/product"}],"wp:featuredmedia":[{"embeddable":true,"href":"https:\/\/www.lausinyvicente.com\/en\/wp-json\/wp\/v2\/media\/2405"}],"wp:attachment":[{"href":"https:\/\/www.lausinyvicente.com\/en\/wp-json\/wp\/v2\/media?parent=4977"}],"wp:term":[{"taxonomy":"product_cat","embeddable":true,"href":"https:\/\/www.lausinyvicente.com\/en\/wp-json\/wp\/v2\/product_cat?post=4977"},{"taxonomy":"product_tag","embeddable":true,"href":"https:\/\/www.lausinyvicente.com\/en\/wp-json\/wp\/v2\/product_tag?post=4977"}],"curies":[{"name":"wp","href":"https:\/\/api.w.org\/{rel}","templated":true}]}}