{"id":5019,"date":"2022-11-28T15:38:15","date_gmt":"2022-11-28T15:38:15","guid":{"rendered":"https:\/\/www.lausinyvicente.com\/uncategorized\/competition-metal-hurdle\/"},"modified":"2022-11-28T15:38:15","modified_gmt":"2022-11-28T15:38:15","slug":"competition-metal-hurdle","status":"publish","type":"product","link":"https:\/\/www.lausinyvicente.com\/en\/athletics-equipment\/sprints-hurdles\/competition-metal-hurdle","title":{"rendered":"Competition metal hurdle"},"content":{"rendered":"","protected":false},"excerpt":{"rendered":"<p>Designed and manufactured according to the standards of the International Athletics Federation. Base manufactured with cold profiles and galvanized cold 30x30x2 mm square section. They are equipped with counterweights inside, with a 5-position locking system corresponding to the five different standard heights (1.067 m, 1.000 m, 0.914 m, 0.840 m, 0.762 m). 25 mm diameter circular section cold profile tubes. 30 mm round section extensions with hurdle locking system at the five standard heights. White PVC hurdle highly resistant to potential impacts during jump. The structure finish is applied by means of a cold galvanizing process.      <\/p>\n","protected":false},"featured_media":2381,"template":"","meta":[],"product_cat":[168,86],"product_tag":[],"class_list":{"0":"post-5019","1":"product","2":"type-product","3":"status-publish","4":"has-post-thumbnail","6":"product_cat-sprints-hurdles","7":"product_cat-athletics-equipment","9":"first","10":"instock","11":"shipping-taxable","12":"purchasable","13":"product-type-variable"},"yoast_head":"<!-- This site is optimized with the Yoast SEO plugin v27.0 - https:\/\/yoast.com\/product\/yoast-seo-wordpress\/ -->\n<title>Competition metal hurdle - Laus\u00edn y Vicente<\/title>\n<meta name=\"robots\" content=\"index, follow, max-snippet:-1, max-image-preview:large, max-video-preview:-1\" \/>\n<link rel=\"canonical\" href=\"https:\/\/www.lausinyvicente.com\/en\/athletics-equipment\/sprints-hurdles\/competition-metal-hurdle\" \/>\n<meta property=\"og:locale\" content=\"en_US\" \/>\n<meta property=\"og:type\" content=\"article\" \/>\n<meta property=\"og:title\" content=\"Competition metal hurdle - Laus\u00edn y Vicente\" \/>\n<meta property=\"og:description\" content=\"Designed and manufactured according to the standards of the International Athletics Federation. Base manufactured with cold profiles and galvanized cold 30x30x2 mm square section. They are equipped with counterweights inside, with a 5-position locking system corresponding to the five different standard heights (1.067 m, 1.000 m, 0.914 m, 0.840 m, 0.762 m). 25 mm diameter circular section cold profile tubes. 30 mm round section extensions with hurdle locking system at the five standard heights. White PVC hurdle highly resistant to potential impacts during jump. The structure finish is applied by means of a cold galvanizing process.\" \/>\n<meta property=\"og:url\" content=\"https:\/\/www.lausinyvicente.com\/en\/athletics-equipment\/sprints-hurdles\/competition-metal-hurdle\" \/>\n<meta property=\"og:site_name\" content=\"Laus\u00edn y Vicente\" \/>\n<meta property=\"og:image\" content=\"https:\/\/www.lausinyvicente.com\/wp-content\/uploads\/2022\/11\/A.09.03-valla-carreras-metal-competicion.jpg\" \/>\n\t<meta property=\"og:image:width\" content=\"720\" \/>\n\t<meta property=\"og:image:height\" content=\"490\" \/>\n\t<meta property=\"og:image:type\" content=\"image\/jpeg\" \/>\n<meta name=\"twitter:card\" content=\"summary_large_image\" \/>\n<script type=\"application\/ld+json\" class=\"yoast-schema-graph\">{\"@context\":\"https:\/\/schema.org\",\"@graph\":[{\"@type\":\"WebPage\",\"@id\":\"https:\/\/www.lausinyvicente.com\/en\/athletics-equipment\/sprints-hurdles\/competition-metal-hurdle\",\"url\":\"https:\/\/www.lausinyvicente.com\/en\/athletics-equipment\/sprints-hurdles\/competition-metal-hurdle\",\"name\":\"Competition metal hurdle - Laus\u00edn y Vicente\",\"isPartOf\":{\"@id\":\"https:\/\/www.lausinyvicente.com\/#website\"},\"primaryImageOfPage\":{\"@id\":\"https:\/\/www.lausinyvicente.com\/en\/athletics-equipment\/sprints-hurdles\/competition-metal-hurdle#primaryimage\"},\"image\":{\"@id\":\"https:\/\/www.lausinyvicente.com\/en\/athletics-equipment\/sprints-hurdles\/competition-metal-hurdle#primaryimage\"},\"thumbnailUrl\":\"https:\/\/www.lausinyvicente.com\/wp-content\/uploads\/2022\/11\/A.09.03-valla-carreras-metal-competicion.jpg\",\"datePublished\":\"2022-11-28T15:38:15+00:00\",\"breadcrumb\":{\"@id\":\"https:\/\/www.lausinyvicente.com\/en\/athletics-equipment\/sprints-hurdles\/competition-metal-hurdle#breadcrumb\"},\"inLanguage\":\"en-US\",\"potentialAction\":[{\"@type\":\"ReadAction\",\"target\":[\"https:\/\/www.lausinyvicente.com\/en\/athletics-equipment\/sprints-hurdles\/competition-metal-hurdle\"]}]},{\"@type\":\"ImageObject\",\"inLanguage\":\"en-US\",\"@id\":\"https:\/\/www.lausinyvicente.com\/en\/athletics-equipment\/sprints-hurdles\/competition-metal-hurdle#primaryimage\",\"url\":\"https:\/\/www.lausinyvicente.com\/wp-content\/uploads\/2022\/11\/A.09.03-valla-carreras-metal-competicion.jpg\",\"contentUrl\":\"https:\/\/www.lausinyvicente.com\/wp-content\/uploads\/2022\/11\/A.09.03-valla-carreras-metal-competicion.jpg\",\"width\":720,\"height\":490},{\"@type\":\"BreadcrumbList\",\"@id\":\"https:\/\/www.lausinyvicente.com\/en\/athletics-equipment\/sprints-hurdles\/competition-metal-hurdle#breadcrumb\",\"itemListElement\":[{\"@type\":\"ListItem\",\"position\":1,\"name\":\"Portada\",\"item\":\"https:\/\/www.lausinyvicente.com\/\"},{\"@type\":\"ListItem\",\"position\":2,\"name\":\"Shop\",\"item\":\"https:\/\/www.lausinyvicente.com\/en\/shop\"},{\"@type\":\"ListItem\",\"position\":3,\"name\":\"Competition metal hurdle\"}]},{\"@type\":\"WebSite\",\"@id\":\"https:\/\/www.lausinyvicente.com\/#website\",\"url\":\"https:\/\/www.lausinyvicente.com\/\",\"name\":\"Laus\u00edn y Vicente\",\"description\":\"Fabricaci\u00f3n y distribuci\u00f3n de material deportivo\",\"potentialAction\":[{\"@type\":\"SearchAction\",\"target\":{\"@type\":\"EntryPoint\",\"urlTemplate\":\"https:\/\/www.lausinyvicente.com\/?s={search_term_string}\"},\"query-input\":{\"@type\":\"PropertyValueSpecification\",\"valueRequired\":true,\"valueName\":\"search_term_string\"}}],\"inLanguage\":\"en-US\"}]}<\/script>\n<!-- \/ Yoast SEO plugin. -->","yoast_head_json":{"title":"Competition metal hurdle - Laus\u00edn y Vicente","robots":{"index":"index","follow":"follow","max-snippet":"max-snippet:-1","max-image-preview":"max-image-preview:large","max-video-preview":"max-video-preview:-1"},"canonical":"https:\/\/www.lausinyvicente.com\/en\/athletics-equipment\/sprints-hurdles\/competition-metal-hurdle","og_locale":"en_US","og_type":"article","og_title":"Competition metal hurdle - Laus\u00edn y Vicente","og_description":"Designed and manufactured according to the standards of the International Athletics Federation. Base manufactured with cold profiles and galvanized cold 30x30x2 mm square section. They are equipped with counterweights inside, with a 5-position locking system corresponding to the five different standard heights (1.067 m, 1.000 m, 0.914 m, 0.840 m, 0.762 m). 25 mm diameter circular section cold profile tubes. 30 mm round section extensions with hurdle locking system at the five standard heights. White PVC hurdle highly resistant to potential impacts during jump. The structure finish is applied by means of a cold galvanizing process.","og_url":"https:\/\/www.lausinyvicente.com\/en\/athletics-equipment\/sprints-hurdles\/competition-metal-hurdle","og_site_name":"Laus\u00edn y Vicente","og_image":[{"width":720,"height":490,"url":"https:\/\/www.lausinyvicente.com\/wp-content\/uploads\/2022\/11\/A.09.03-valla-carreras-metal-competicion.jpg","type":"image\/jpeg"}],"twitter_card":"summary_large_image","schema":{"@context":"https:\/\/schema.org","@graph":[{"@type":"WebPage","@id":"https:\/\/www.lausinyvicente.com\/en\/athletics-equipment\/sprints-hurdles\/competition-metal-hurdle","url":"https:\/\/www.lausinyvicente.com\/en\/athletics-equipment\/sprints-hurdles\/competition-metal-hurdle","name":"Competition metal hurdle - Laus\u00edn y Vicente","isPartOf":{"@id":"https:\/\/www.lausinyvicente.com\/#website"},"primaryImageOfPage":{"@id":"https:\/\/www.lausinyvicente.com\/en\/athletics-equipment\/sprints-hurdles\/competition-metal-hurdle#primaryimage"},"image":{"@id":"https:\/\/www.lausinyvicente.com\/en\/athletics-equipment\/sprints-hurdles\/competition-metal-hurdle#primaryimage"},"thumbnailUrl":"https:\/\/www.lausinyvicente.com\/wp-content\/uploads\/2022\/11\/A.09.03-valla-carreras-metal-competicion.jpg","datePublished":"2022-11-28T15:38:15+00:00","breadcrumb":{"@id":"https:\/\/www.lausinyvicente.com\/en\/athletics-equipment\/sprints-hurdles\/competition-metal-hurdle#breadcrumb"},"inLanguage":"en-US","potentialAction":[{"@type":"ReadAction","target":["https:\/\/www.lausinyvicente.com\/en\/athletics-equipment\/sprints-hurdles\/competition-metal-hurdle"]}]},{"@type":"ImageObject","inLanguage":"en-US","@id":"https:\/\/www.lausinyvicente.com\/en\/athletics-equipment\/sprints-hurdles\/competition-metal-hurdle#primaryimage","url":"https:\/\/www.lausinyvicente.com\/wp-content\/uploads\/2022\/11\/A.09.03-valla-carreras-metal-competicion.jpg","contentUrl":"https:\/\/www.lausinyvicente.com\/wp-content\/uploads\/2022\/11\/A.09.03-valla-carreras-metal-competicion.jpg","width":720,"height":490},{"@type":"BreadcrumbList","@id":"https:\/\/www.lausinyvicente.com\/en\/athletics-equipment\/sprints-hurdles\/competition-metal-hurdle#breadcrumb","itemListElement":[{"@type":"ListItem","position":1,"name":"Portada","item":"https:\/\/www.lausinyvicente.com\/"},{"@type":"ListItem","position":2,"name":"Shop","item":"https:\/\/www.lausinyvicente.com\/en\/shop"},{"@type":"ListItem","position":3,"name":"Competition metal hurdle"}]},{"@type":"WebSite","@id":"https:\/\/www.lausinyvicente.com\/#website","url":"https:\/\/www.lausinyvicente.com\/","name":"Laus\u00edn y Vicente","description":"Fabricaci\u00f3n y distribuci\u00f3n de material deportivo","potentialAction":[{"@type":"SearchAction","target":{"@type":"EntryPoint","urlTemplate":"https:\/\/www.lausinyvicente.com\/?s={search_term_string}"},"query-input":{"@type":"PropertyValueSpecification","valueRequired":true,"valueName":"search_term_string"}}],"inLanguage":"en-US"}]}},"_links":{"self":[{"href":"https:\/\/www.lausinyvicente.com\/en\/wp-json\/wp\/v2\/product\/5019","targetHints":{"allow":["GET"]}}],"collection":[{"href":"https:\/\/www.lausinyvicente.com\/en\/wp-json\/wp\/v2\/product"}],"about":[{"href":"https:\/\/www.lausinyvicente.com\/en\/wp-json\/wp\/v2\/types\/product"}],"wp:featuredmedia":[{"embeddable":true,"href":"https:\/\/www.lausinyvicente.com\/en\/wp-json\/wp\/v2\/media\/2381"}],"wp:attachment":[{"href":"https:\/\/www.lausinyvicente.com\/en\/wp-json\/wp\/v2\/media?parent=5019"}],"wp:term":[{"taxonomy":"product_cat","embeddable":true,"href":"https:\/\/www.lausinyvicente.com\/en\/wp-json\/wp\/v2\/product_cat?post=5019"},{"taxonomy":"product_tag","embeddable":true,"href":"https:\/\/www.lausinyvicente.com\/en\/wp-json\/wp\/v2\/product_tag?post=5019"}],"curies":[{"name":"wp","href":"https:\/\/api.w.org\/{rel}","templated":true}]}}