{"id":5049,"date":"2022-11-26T14:26:36","date_gmt":"2022-11-26T14:26:36","guid":{"rendered":"https:\/\/www.lausinyvicente.com\/uncategorized\/hammer-discus-cage\/"},"modified":"2023-01-08T10:04:49","modified_gmt":"2023-01-08T10:04:49","slug":"hammer-discus-cage","status":"publish","type":"product","link":"https:\/\/www.lausinyvicente.com\/en\/athletics-equipment\/discus\/hammer-discus-cage","title":{"rendered":"Hammer\/discus cage"},"content":{"rendered":"<p><strong>IAFF Certificate No. E-12-0687<\/strong><\/p>\n<p>The cage comprises six tubes of 7.20 m, four starting posts of 10.20 m and two mobile doors of 10.20 m with two crossbars of the same material, of galvanised steel tubing, each section 90x90x3 mm. Each tube has a winch to raise the net. All posts are joined by a telescopic tube with a 38 mm diameter round section. The cage is fixed to the ground by 100x100x3 mm and 80 cm depth anchors, six of which are single for 7.20 m posts and four are double for 10.20 m posts. 5 mm knotless polypropylene yarn net (at customer\u2019s request) with green or black 45&#215;45 mm mesh. The assembly can withstand a wind resistance of 66-138 km\/h with the mounted net. In stronger wind, the structure may be deformed and even bent, so the net should be completely removed.      <\/p>\n","protected":false},"excerpt":{"rendered":"<p><strong>IAFF Certificate No. E-12-0687<\/strong><\/p>\n<p>The cage comprises six tubes of 7.20 m, four starting posts of 10.20 m and two mobile doors of 10.20 m with two crossbars of the same material, of galvanised steel tubing, each section 90x90x3 mm. Each tube has a winch to raise the net. All posts are joined by a telescopic tube with a 38 mm diameter round section. The cage is fixed to the ground by 100x100x3 mm and 80 cm depth anchors, six of which are single for 7.20 m posts and four are double for 10.20 m posts. 5 mm knotless polypropylene yarn net (at customer\u2019s request) with green or black 45&#215;45 mm mesh. The assembly can withstand a wind resistance of 66-138 km\/h with the mounted net. In stronger wind, the structure may be deformed and even bent, so the net should be completely removed.      <\/p>\n","protected":false},"featured_media":2249,"template":"","meta":[],"product_cat":[174,172,170,86],"product_tag":[],"class_list":{"0":"post-5049","1":"product","2":"type-product","3":"status-publish","4":"has-post-thumbnail","6":"product_cat-discus","7":"product_cat-hammers","8":"product_cat-throws","9":"product_cat-athletics-equipment","11":"first","12":"instock","13":"shipping-taxable","14":"purchasable","15":"product-type-simple"},"yoast_head":"<!-- This site is optimized with the Yoast SEO plugin v27.0 - https:\/\/yoast.com\/product\/yoast-seo-wordpress\/ -->\n<title>Hammer\/discus cage - Laus\u00edn y Vicente<\/title>\n<meta name=\"robots\" content=\"index, follow, max-snippet:-1, max-image-preview:large, max-video-preview:-1\" \/>\n<link rel=\"canonical\" href=\"https:\/\/www.lausinyvicente.com\/en\/athletics-equipment\/discus\/hammer-discus-cage\" \/>\n<meta property=\"og:locale\" content=\"en_US\" \/>\n<meta property=\"og:type\" content=\"article\" \/>\n<meta property=\"og:title\" content=\"Hammer\/discus cage - Laus\u00edn y Vicente\" \/>\n<meta property=\"og:description\" content=\"IAFF Certificate No. E-12-0687 The cage comprises six tubes of 7.20 m, four starting posts of 10.20 m and two mobile doors of 10.20 m with two crossbars of the same material, of galvanised steel tubing, each section 90x90x3 mm. Each tube has a winch to raise the net. All posts are joined by a telescopic tube with a 38 mm diameter round section. The cage is fixed to the ground by 100x100x3 mm and 80 cm depth anchors, six of which are single for 7.20 m posts and four are double for 10.20 m posts. 5 mm knotless polypropylene yarn net (at customer\u2019s request) with green or black 45x45 mm mesh. The assembly can withstand a wind resistance of 66-138 km\/h with the mounted net. In stronger wind, the structure may be deformed and even bent, so the net should be completely removed.\" \/>\n<meta property=\"og:url\" content=\"https:\/\/www.lausinyvicente.com\/en\/athletics-equipment\/discus\/hammer-discus-cage\" \/>\n<meta property=\"og:site_name\" content=\"Laus\u00edn y Vicente\" \/>\n<meta property=\"article:modified_time\" content=\"2023-01-08T10:04:49+00:00\" \/>\n<meta property=\"og:image\" content=\"https:\/\/www.lausinyvicente.com\/wp-content\/uploads\/2022\/11\/A.99.94-jaula-lanzamiento-martillo-disco.jpg\" \/>\n\t<meta property=\"og:image:width\" content=\"720\" \/>\n\t<meta property=\"og:image:height\" content=\"490\" \/>\n\t<meta property=\"og:image:type\" content=\"image\/jpeg\" \/>\n<meta name=\"twitter:card\" content=\"summary_large_image\" \/>\n<meta name=\"twitter:label1\" content=\"Est. reading time\" \/>\n\t<meta name=\"twitter:data1\" content=\"1 minute\" \/>\n<script type=\"application\/ld+json\" class=\"yoast-schema-graph\">{\"@context\":\"https:\/\/schema.org\",\"@graph\":[{\"@type\":\"WebPage\",\"@id\":\"https:\/\/www.lausinyvicente.com\/en\/athletics-equipment\/discus\/hammer-discus-cage\",\"url\":\"https:\/\/www.lausinyvicente.com\/en\/athletics-equipment\/discus\/hammer-discus-cage\",\"name\":\"Hammer\/discus cage - Laus\u00edn y Vicente\",\"isPartOf\":{\"@id\":\"https:\/\/www.lausinyvicente.com\/#website\"},\"primaryImageOfPage\":{\"@id\":\"https:\/\/www.lausinyvicente.com\/en\/athletics-equipment\/discus\/hammer-discus-cage#primaryimage\"},\"image\":{\"@id\":\"https:\/\/www.lausinyvicente.com\/en\/athletics-equipment\/discus\/hammer-discus-cage#primaryimage\"},\"thumbnailUrl\":\"https:\/\/www.lausinyvicente.com\/wp-content\/uploads\/2022\/11\/A.99.94-jaula-lanzamiento-martillo-disco.jpg\",\"datePublished\":\"2022-11-26T14:26:36+00:00\",\"dateModified\":\"2023-01-08T10:04:49+00:00\",\"breadcrumb\":{\"@id\":\"https:\/\/www.lausinyvicente.com\/en\/athletics-equipment\/discus\/hammer-discus-cage#breadcrumb\"},\"inLanguage\":\"en-US\",\"potentialAction\":[{\"@type\":\"ReadAction\",\"target\":[\"https:\/\/www.lausinyvicente.com\/en\/athletics-equipment\/discus\/hammer-discus-cage\"]}]},{\"@type\":\"ImageObject\",\"inLanguage\":\"en-US\",\"@id\":\"https:\/\/www.lausinyvicente.com\/en\/athletics-equipment\/discus\/hammer-discus-cage#primaryimage\",\"url\":\"https:\/\/www.lausinyvicente.com\/wp-content\/uploads\/2022\/11\/A.99.94-jaula-lanzamiento-martillo-disco.jpg\",\"contentUrl\":\"https:\/\/www.lausinyvicente.com\/wp-content\/uploads\/2022\/11\/A.99.94-jaula-lanzamiento-martillo-disco.jpg\",\"width\":720,\"height\":490},{\"@type\":\"BreadcrumbList\",\"@id\":\"https:\/\/www.lausinyvicente.com\/en\/athletics-equipment\/discus\/hammer-discus-cage#breadcrumb\",\"itemListElement\":[{\"@type\":\"ListItem\",\"position\":1,\"name\":\"Portada\",\"item\":\"https:\/\/www.lausinyvicente.com\/\"},{\"@type\":\"ListItem\",\"position\":2,\"name\":\"Shop\",\"item\":\"https:\/\/www.lausinyvicente.com\/en\/shop\"},{\"@type\":\"ListItem\",\"position\":3,\"name\":\"Hammer\/discus cage\"}]},{\"@type\":\"WebSite\",\"@id\":\"https:\/\/www.lausinyvicente.com\/#website\",\"url\":\"https:\/\/www.lausinyvicente.com\/\",\"name\":\"Laus\u00edn y Vicente\",\"description\":\"Fabricaci\u00f3n y distribuci\u00f3n de material deportivo\",\"potentialAction\":[{\"@type\":\"SearchAction\",\"target\":{\"@type\":\"EntryPoint\",\"urlTemplate\":\"https:\/\/www.lausinyvicente.com\/?s={search_term_string}\"},\"query-input\":{\"@type\":\"PropertyValueSpecification\",\"valueRequired\":true,\"valueName\":\"search_term_string\"}}],\"inLanguage\":\"en-US\"}]}<\/script>\n<!-- \/ Yoast SEO plugin. -->","yoast_head_json":{"title":"Hammer\/discus cage - Laus\u00edn y Vicente","robots":{"index":"index","follow":"follow","max-snippet":"max-snippet:-1","max-image-preview":"max-image-preview:large","max-video-preview":"max-video-preview:-1"},"canonical":"https:\/\/www.lausinyvicente.com\/en\/athletics-equipment\/discus\/hammer-discus-cage","og_locale":"en_US","og_type":"article","og_title":"Hammer\/discus cage - Laus\u00edn y Vicente","og_description":"IAFF Certificate No. E-12-0687 The cage comprises six tubes of 7.20 m, four starting posts of 10.20 m and two mobile doors of 10.20 m with two crossbars of the same material, of galvanised steel tubing, each section 90x90x3 mm. Each tube has a winch to raise the net. All posts are joined by a telescopic tube with a 38 mm diameter round section. The cage is fixed to the ground by 100x100x3 mm and 80 cm depth anchors, six of which are single for 7.20 m posts and four are double for 10.20 m posts. 5 mm knotless polypropylene yarn net (at customer\u2019s request) with green or black 45x45 mm mesh. The assembly can withstand a wind resistance of 66-138 km\/h with the mounted net. In stronger wind, the structure may be deformed and even bent, so the net should be completely removed.","og_url":"https:\/\/www.lausinyvicente.com\/en\/athletics-equipment\/discus\/hammer-discus-cage","og_site_name":"Laus\u00edn y Vicente","article_modified_time":"2023-01-08T10:04:49+00:00","og_image":[{"width":720,"height":490,"url":"https:\/\/www.lausinyvicente.com\/wp-content\/uploads\/2022\/11\/A.99.94-jaula-lanzamiento-martillo-disco.jpg","type":"image\/jpeg"}],"twitter_card":"summary_large_image","twitter_misc":{"Est. reading time":"1 minute"},"schema":{"@context":"https:\/\/schema.org","@graph":[{"@type":"WebPage","@id":"https:\/\/www.lausinyvicente.com\/en\/athletics-equipment\/discus\/hammer-discus-cage","url":"https:\/\/www.lausinyvicente.com\/en\/athletics-equipment\/discus\/hammer-discus-cage","name":"Hammer\/discus cage - Laus\u00edn y Vicente","isPartOf":{"@id":"https:\/\/www.lausinyvicente.com\/#website"},"primaryImageOfPage":{"@id":"https:\/\/www.lausinyvicente.com\/en\/athletics-equipment\/discus\/hammer-discus-cage#primaryimage"},"image":{"@id":"https:\/\/www.lausinyvicente.com\/en\/athletics-equipment\/discus\/hammer-discus-cage#primaryimage"},"thumbnailUrl":"https:\/\/www.lausinyvicente.com\/wp-content\/uploads\/2022\/11\/A.99.94-jaula-lanzamiento-martillo-disco.jpg","datePublished":"2022-11-26T14:26:36+00:00","dateModified":"2023-01-08T10:04:49+00:00","breadcrumb":{"@id":"https:\/\/www.lausinyvicente.com\/en\/athletics-equipment\/discus\/hammer-discus-cage#breadcrumb"},"inLanguage":"en-US","potentialAction":[{"@type":"ReadAction","target":["https:\/\/www.lausinyvicente.com\/en\/athletics-equipment\/discus\/hammer-discus-cage"]}]},{"@type":"ImageObject","inLanguage":"en-US","@id":"https:\/\/www.lausinyvicente.com\/en\/athletics-equipment\/discus\/hammer-discus-cage#primaryimage","url":"https:\/\/www.lausinyvicente.com\/wp-content\/uploads\/2022\/11\/A.99.94-jaula-lanzamiento-martillo-disco.jpg","contentUrl":"https:\/\/www.lausinyvicente.com\/wp-content\/uploads\/2022\/11\/A.99.94-jaula-lanzamiento-martillo-disco.jpg","width":720,"height":490},{"@type":"BreadcrumbList","@id":"https:\/\/www.lausinyvicente.com\/en\/athletics-equipment\/discus\/hammer-discus-cage#breadcrumb","itemListElement":[{"@type":"ListItem","position":1,"name":"Portada","item":"https:\/\/www.lausinyvicente.com\/"},{"@type":"ListItem","position":2,"name":"Shop","item":"https:\/\/www.lausinyvicente.com\/en\/shop"},{"@type":"ListItem","position":3,"name":"Hammer\/discus cage"}]},{"@type":"WebSite","@id":"https:\/\/www.lausinyvicente.com\/#website","url":"https:\/\/www.lausinyvicente.com\/","name":"Laus\u00edn y Vicente","description":"Fabricaci\u00f3n y distribuci\u00f3n de material deportivo","potentialAction":[{"@type":"SearchAction","target":{"@type":"EntryPoint","urlTemplate":"https:\/\/www.lausinyvicente.com\/?s={search_term_string}"},"query-input":{"@type":"PropertyValueSpecification","valueRequired":true,"valueName":"search_term_string"}}],"inLanguage":"en-US"}]}},"_links":{"self":[{"href":"https:\/\/www.lausinyvicente.com\/en\/wp-json\/wp\/v2\/product\/5049","targetHints":{"allow":["GET"]}}],"collection":[{"href":"https:\/\/www.lausinyvicente.com\/en\/wp-json\/wp\/v2\/product"}],"about":[{"href":"https:\/\/www.lausinyvicente.com\/en\/wp-json\/wp\/v2\/types\/product"}],"wp:featuredmedia":[{"embeddable":true,"href":"https:\/\/www.lausinyvicente.com\/en\/wp-json\/wp\/v2\/media\/2249"}],"wp:attachment":[{"href":"https:\/\/www.lausinyvicente.com\/en\/wp-json\/wp\/v2\/media?parent=5049"}],"wp:term":[{"taxonomy":"product_cat","embeddable":true,"href":"https:\/\/www.lausinyvicente.com\/en\/wp-json\/wp\/v2\/product_cat?post=5049"},{"taxonomy":"product_tag","embeddable":true,"href":"https:\/\/www.lausinyvicente.com\/en\/wp-json\/wp\/v2\/product_tag?post=5049"}],"curies":[{"name":"wp","href":"https:\/\/api.w.org\/{rel}","templated":true}]}}