{"id":5067,"date":"2022-11-28T14:47:44","date_gmt":"2022-11-28T14:47:44","guid":{"rendered":"https:\/\/www.lausinyvicente.com\/uncategorized\/high-jump-stands-competition\/"},"modified":"2022-11-28T14:47:44","modified_gmt":"2022-11-28T14:47:44","slug":"high-jump-stands-competition","status":"publish","type":"product","link":"https:\/\/www.lausinyvicente.com\/en\/athletics-equipment\/high-jump\/high-jump-stands-competition","title":{"rendered":"High jump stands. Competition"},"content":{"rendered":"","protected":false},"excerpt":{"rendered":"<p>WA Certificate No. E-19-0995 Competition high jump stands, designed and manufactured in compliance with WA international athletics regulations. Tubes are manufactured with a 90 mm round section extruded aluminium profile and are lacquered in white. The metal support bar assembly runs through the inner rail of the aluminium profile. Two pressing knobs fix it to the desired position. The aluminium profile has an adhesive metric tape in each tube, to fix the support bar at the different heights required. The tube assembly is fixed to the base by a metal bit inside the aluminium profile. This is screwed both to the aluminium profile rail and to the base plate. The base assembly comprises a height adjustment system for levelling with ground if necessary. The base has four non-slip rubber supports at the edges. The base assembly has a wheel system at one end for easy transportation. <\/p>\n","protected":false},"featured_media":2359,"template":"","meta":[],"product_cat":[176,86],"product_tag":[],"class_list":{"0":"post-5067","1":"product","2":"type-product","3":"status-publish","4":"has-post-thumbnail","6":"product_cat-high-jump","7":"product_cat-athletics-equipment","9":"first","10":"instock","11":"shipping-taxable","12":"purchasable","13":"product-type-simple"},"yoast_head":"<!-- This site is optimized with the Yoast SEO plugin v27.0 - https:\/\/yoast.com\/product\/yoast-seo-wordpress\/ -->\n<title>High jump stands. Competition - Laus\u00edn y Vicente<\/title>\n<meta name=\"robots\" content=\"index, follow, max-snippet:-1, max-image-preview:large, max-video-preview:-1\" \/>\n<link rel=\"canonical\" href=\"https:\/\/www.lausinyvicente.com\/en\/athletics-equipment\/high-jump\/high-jump-stands-competition\" \/>\n<meta property=\"og:locale\" content=\"en_US\" \/>\n<meta property=\"og:type\" content=\"article\" \/>\n<meta property=\"og:title\" content=\"High jump stands. Competition - Laus\u00edn y Vicente\" \/>\n<meta property=\"og:description\" content=\"WA Certificate No. E-19-0995 Competition high jump stands, designed and manufactured in compliance with WA international athletics regulations. Tubes are manufactured with a 90 mm round section extruded aluminium profile and are lacquered in white. The metal support bar assembly runs through the inner rail of the aluminium profile. Two pressing knobs fix it to the desired position. The aluminium profile has an adhesive metric tape in each tube, to fix the support bar at the different heights required. The tube assembly is fixed to the base by a metal bit inside the aluminium profile. This is screwed both to the aluminium profile rail and to the base plate. The base assembly comprises a height adjustment system for levelling with ground if necessary. The base has four non-slip rubber supports at the edges. The base assembly has a wheel system at one end for easy transportation.\" \/>\n<meta property=\"og:url\" content=\"https:\/\/www.lausinyvicente.com\/en\/athletics-equipment\/high-jump\/high-jump-stands-competition\" \/>\n<meta property=\"og:site_name\" content=\"Laus\u00edn y Vicente\" \/>\n<meta property=\"og:image\" content=\"https:\/\/www.lausinyvicente.com\/wp-content\/uploads\/2022\/11\/A.07.20-saltometro-altura-aluminio-competicion.jpg\" \/>\n\t<meta property=\"og:image:width\" content=\"720\" \/>\n\t<meta property=\"og:image:height\" content=\"490\" \/>\n\t<meta property=\"og:image:type\" content=\"image\/jpeg\" \/>\n<meta name=\"twitter:card\" content=\"summary_large_image\" \/>\n<script type=\"application\/ld+json\" class=\"yoast-schema-graph\">{\"@context\":\"https:\/\/schema.org\",\"@graph\":[{\"@type\":\"WebPage\",\"@id\":\"https:\/\/www.lausinyvicente.com\/en\/athletics-equipment\/high-jump\/high-jump-stands-competition\",\"url\":\"https:\/\/www.lausinyvicente.com\/en\/athletics-equipment\/high-jump\/high-jump-stands-competition\",\"name\":\"High jump stands. Competition - Laus\u00edn y Vicente\",\"isPartOf\":{\"@id\":\"https:\/\/www.lausinyvicente.com\/#website\"},\"primaryImageOfPage\":{\"@id\":\"https:\/\/www.lausinyvicente.com\/en\/athletics-equipment\/high-jump\/high-jump-stands-competition#primaryimage\"},\"image\":{\"@id\":\"https:\/\/www.lausinyvicente.com\/en\/athletics-equipment\/high-jump\/high-jump-stands-competition#primaryimage\"},\"thumbnailUrl\":\"https:\/\/www.lausinyvicente.com\/wp-content\/uploads\/2022\/11\/A.07.20-saltometro-altura-aluminio-competicion.jpg\",\"datePublished\":\"2022-11-28T14:47:44+00:00\",\"breadcrumb\":{\"@id\":\"https:\/\/www.lausinyvicente.com\/en\/athletics-equipment\/high-jump\/high-jump-stands-competition#breadcrumb\"},\"inLanguage\":\"en-US\",\"potentialAction\":[{\"@type\":\"ReadAction\",\"target\":[\"https:\/\/www.lausinyvicente.com\/en\/athletics-equipment\/high-jump\/high-jump-stands-competition\"]}]},{\"@type\":\"ImageObject\",\"inLanguage\":\"en-US\",\"@id\":\"https:\/\/www.lausinyvicente.com\/en\/athletics-equipment\/high-jump\/high-jump-stands-competition#primaryimage\",\"url\":\"https:\/\/www.lausinyvicente.com\/wp-content\/uploads\/2022\/11\/A.07.20-saltometro-altura-aluminio-competicion.jpg\",\"contentUrl\":\"https:\/\/www.lausinyvicente.com\/wp-content\/uploads\/2022\/11\/A.07.20-saltometro-altura-aluminio-competicion.jpg\",\"width\":720,\"height\":490},{\"@type\":\"BreadcrumbList\",\"@id\":\"https:\/\/www.lausinyvicente.com\/en\/athletics-equipment\/high-jump\/high-jump-stands-competition#breadcrumb\",\"itemListElement\":[{\"@type\":\"ListItem\",\"position\":1,\"name\":\"Portada\",\"item\":\"https:\/\/www.lausinyvicente.com\/\"},{\"@type\":\"ListItem\",\"position\":2,\"name\":\"Shop\",\"item\":\"https:\/\/www.lausinyvicente.com\/en\/shop\"},{\"@type\":\"ListItem\",\"position\":3,\"name\":\"High jump stands. Competition\"}]},{\"@type\":\"WebSite\",\"@id\":\"https:\/\/www.lausinyvicente.com\/#website\",\"url\":\"https:\/\/www.lausinyvicente.com\/\",\"name\":\"Laus\u00edn y Vicente\",\"description\":\"Fabricaci\u00f3n y distribuci\u00f3n de material deportivo\",\"potentialAction\":[{\"@type\":\"SearchAction\",\"target\":{\"@type\":\"EntryPoint\",\"urlTemplate\":\"https:\/\/www.lausinyvicente.com\/?s={search_term_string}\"},\"query-input\":{\"@type\":\"PropertyValueSpecification\",\"valueRequired\":true,\"valueName\":\"search_term_string\"}}],\"inLanguage\":\"en-US\"}]}<\/script>\n<!-- \/ Yoast SEO plugin. -->","yoast_head_json":{"title":"High jump stands. Competition - Laus\u00edn y Vicente","robots":{"index":"index","follow":"follow","max-snippet":"max-snippet:-1","max-image-preview":"max-image-preview:large","max-video-preview":"max-video-preview:-1"},"canonical":"https:\/\/www.lausinyvicente.com\/en\/athletics-equipment\/high-jump\/high-jump-stands-competition","og_locale":"en_US","og_type":"article","og_title":"High jump stands. Competition - Laus\u00edn y Vicente","og_description":"WA Certificate No. E-19-0995 Competition high jump stands, designed and manufactured in compliance with WA international athletics regulations. Tubes are manufactured with a 90 mm round section extruded aluminium profile and are lacquered in white. The metal support bar assembly runs through the inner rail of the aluminium profile. Two pressing knobs fix it to the desired position. The aluminium profile has an adhesive metric tape in each tube, to fix the support bar at the different heights required. The tube assembly is fixed to the base by a metal bit inside the aluminium profile. This is screwed both to the aluminium profile rail and to the base plate. The base assembly comprises a height adjustment system for levelling with ground if necessary. The base has four non-slip rubber supports at the edges. The base assembly has a wheel system at one end for easy transportation.","og_url":"https:\/\/www.lausinyvicente.com\/en\/athletics-equipment\/high-jump\/high-jump-stands-competition","og_site_name":"Laus\u00edn y Vicente","og_image":[{"width":720,"height":490,"url":"https:\/\/www.lausinyvicente.com\/wp-content\/uploads\/2022\/11\/A.07.20-saltometro-altura-aluminio-competicion.jpg","type":"image\/jpeg"}],"twitter_card":"summary_large_image","schema":{"@context":"https:\/\/schema.org","@graph":[{"@type":"WebPage","@id":"https:\/\/www.lausinyvicente.com\/en\/athletics-equipment\/high-jump\/high-jump-stands-competition","url":"https:\/\/www.lausinyvicente.com\/en\/athletics-equipment\/high-jump\/high-jump-stands-competition","name":"High jump stands. Competition - Laus\u00edn y Vicente","isPartOf":{"@id":"https:\/\/www.lausinyvicente.com\/#website"},"primaryImageOfPage":{"@id":"https:\/\/www.lausinyvicente.com\/en\/athletics-equipment\/high-jump\/high-jump-stands-competition#primaryimage"},"image":{"@id":"https:\/\/www.lausinyvicente.com\/en\/athletics-equipment\/high-jump\/high-jump-stands-competition#primaryimage"},"thumbnailUrl":"https:\/\/www.lausinyvicente.com\/wp-content\/uploads\/2022\/11\/A.07.20-saltometro-altura-aluminio-competicion.jpg","datePublished":"2022-11-28T14:47:44+00:00","breadcrumb":{"@id":"https:\/\/www.lausinyvicente.com\/en\/athletics-equipment\/high-jump\/high-jump-stands-competition#breadcrumb"},"inLanguage":"en-US","potentialAction":[{"@type":"ReadAction","target":["https:\/\/www.lausinyvicente.com\/en\/athletics-equipment\/high-jump\/high-jump-stands-competition"]}]},{"@type":"ImageObject","inLanguage":"en-US","@id":"https:\/\/www.lausinyvicente.com\/en\/athletics-equipment\/high-jump\/high-jump-stands-competition#primaryimage","url":"https:\/\/www.lausinyvicente.com\/wp-content\/uploads\/2022\/11\/A.07.20-saltometro-altura-aluminio-competicion.jpg","contentUrl":"https:\/\/www.lausinyvicente.com\/wp-content\/uploads\/2022\/11\/A.07.20-saltometro-altura-aluminio-competicion.jpg","width":720,"height":490},{"@type":"BreadcrumbList","@id":"https:\/\/www.lausinyvicente.com\/en\/athletics-equipment\/high-jump\/high-jump-stands-competition#breadcrumb","itemListElement":[{"@type":"ListItem","position":1,"name":"Portada","item":"https:\/\/www.lausinyvicente.com\/"},{"@type":"ListItem","position":2,"name":"Shop","item":"https:\/\/www.lausinyvicente.com\/en\/shop"},{"@type":"ListItem","position":3,"name":"High jump stands. Competition"}]},{"@type":"WebSite","@id":"https:\/\/www.lausinyvicente.com\/#website","url":"https:\/\/www.lausinyvicente.com\/","name":"Laus\u00edn y Vicente","description":"Fabricaci\u00f3n y distribuci\u00f3n de material deportivo","potentialAction":[{"@type":"SearchAction","target":{"@type":"EntryPoint","urlTemplate":"https:\/\/www.lausinyvicente.com\/?s={search_term_string}"},"query-input":{"@type":"PropertyValueSpecification","valueRequired":true,"valueName":"search_term_string"}}],"inLanguage":"en-US"}]}},"_links":{"self":[{"href":"https:\/\/www.lausinyvicente.com\/en\/wp-json\/wp\/v2\/product\/5067","targetHints":{"allow":["GET"]}}],"collection":[{"href":"https:\/\/www.lausinyvicente.com\/en\/wp-json\/wp\/v2\/product"}],"about":[{"href":"https:\/\/www.lausinyvicente.com\/en\/wp-json\/wp\/v2\/types\/product"}],"wp:featuredmedia":[{"embeddable":true,"href":"https:\/\/www.lausinyvicente.com\/en\/wp-json\/wp\/v2\/media\/2359"}],"wp:attachment":[{"href":"https:\/\/www.lausinyvicente.com\/en\/wp-json\/wp\/v2\/media?parent=5067"}],"wp:term":[{"taxonomy":"product_cat","embeddable":true,"href":"https:\/\/www.lausinyvicente.com\/en\/wp-json\/wp\/v2\/product_cat?post=5067"},{"taxonomy":"product_tag","embeddable":true,"href":"https:\/\/www.lausinyvicente.com\/en\/wp-json\/wp\/v2\/product_tag?post=5067"}],"curies":[{"name":"wp","href":"https:\/\/api.w.org\/{rel}","templated":true}]}}