{"id":5109,"date":"2022-11-27T08:00:24","date_gmt":"2022-11-27T08:00:24","guid":{"rendered":"https:\/\/www.lausinyvicente.com\/uncategorized\/discus-hammer-conversion-circle\/"},"modified":"2022-11-27T08:00:24","modified_gmt":"2022-11-27T08:00:24","slug":"discus-hammer-conversion-circle","status":"publish","type":"product","link":"https:\/\/www.lausinyvicente.com\/en\/athletics-equipment\/discus\/discus-hammer-conversion-circle","title":{"rendered":"Discus\/hammer conversion circle"},"content":{"rendered":"","protected":false},"excerpt":{"rendered":"<p><strong>IAFF Certificate No. E-17-0904 <\/strong><\/p>\n<p>Hammer conversion circle, designed and manufactured in compliance with WA international athletics regulations. It consists of two full circles, a metal one manufactured with a 3 mm metal plate made of four segments cut with laser and another one made of birch plywood. They are connected to each other with the purpose of reducing the inner diameter of the throwing ring from 2.5 m to 2.135 m of diameter. The assembly is finished in white, the metal part with a polyester powder coating and the plywood board is lacquered.   <\/p>\n","protected":false},"featured_media":2283,"template":"","meta":[],"product_cat":[174,172,170,86],"product_tag":[],"class_list":{"0":"post-5109","1":"product","2":"type-product","3":"status-publish","4":"has-post-thumbnail","6":"product_cat-discus","7":"product_cat-hammers","8":"product_cat-throws","9":"product_cat-athletics-equipment","11":"first","12":"instock","13":"shipping-taxable","14":"purchasable","15":"product-type-simple"},"yoast_head":"<!-- This site is optimized with the Yoast SEO plugin v27.0 - https:\/\/yoast.com\/product\/yoast-seo-wordpress\/ -->\n<title>Discus\/hammer conversion circle - Laus\u00edn y Vicente<\/title>\n<meta name=\"robots\" content=\"index, follow, max-snippet:-1, max-image-preview:large, max-video-preview:-1\" \/>\n<link rel=\"canonical\" href=\"https:\/\/www.lausinyvicente.com\/en\/athletics-equipment\/discus\/discus-hammer-conversion-circle\" \/>\n<meta property=\"og:locale\" content=\"en_US\" \/>\n<meta property=\"og:type\" content=\"article\" \/>\n<meta property=\"og:title\" content=\"Discus\/hammer conversion circle - Laus\u00edn y Vicente\" \/>\n<meta property=\"og:description\" content=\"IAFF Certificate No. E-17-0904  Hammer conversion circle, designed and manufactured in compliance with WA international athletics regulations. It consists of two full circles, a metal one manufactured with a 3 mm metal plate made of four segments cut with laser and another one made of birch plywood. They are connected to each other with the purpose of reducing the inner diameter of the throwing ring from 2.5 m to 2.135 m of diameter. The assembly is finished in white, the metal part with a polyester powder coating and the plywood board is lacquered.\" \/>\n<meta property=\"og:url\" content=\"https:\/\/www.lausinyvicente.com\/en\/athletics-equipment\/discus\/discus-hammer-conversion-circle\" \/>\n<meta property=\"og:site_name\" content=\"Laus\u00edn y Vicente\" \/>\n<meta property=\"og:image\" content=\"https:\/\/www.lausinyvicente.com\/wp-content\/uploads\/2022\/11\/A.99.840-circulo-reductor-disco-martillo.jpg\" \/>\n\t<meta property=\"og:image:width\" content=\"720\" \/>\n\t<meta property=\"og:image:height\" content=\"490\" \/>\n\t<meta property=\"og:image:type\" content=\"image\/jpeg\" \/>\n<meta name=\"twitter:card\" content=\"summary_large_image\" \/>\n<script type=\"application\/ld+json\" class=\"yoast-schema-graph\">{\"@context\":\"https:\/\/schema.org\",\"@graph\":[{\"@type\":\"WebPage\",\"@id\":\"https:\/\/www.lausinyvicente.com\/en\/athletics-equipment\/discus\/discus-hammer-conversion-circle\",\"url\":\"https:\/\/www.lausinyvicente.com\/en\/athletics-equipment\/discus\/discus-hammer-conversion-circle\",\"name\":\"Discus\/hammer conversion circle - Laus\u00edn y Vicente\",\"isPartOf\":{\"@id\":\"https:\/\/www.lausinyvicente.com\/#website\"},\"primaryImageOfPage\":{\"@id\":\"https:\/\/www.lausinyvicente.com\/en\/athletics-equipment\/discus\/discus-hammer-conversion-circle#primaryimage\"},\"image\":{\"@id\":\"https:\/\/www.lausinyvicente.com\/en\/athletics-equipment\/discus\/discus-hammer-conversion-circle#primaryimage\"},\"thumbnailUrl\":\"https:\/\/www.lausinyvicente.com\/wp-content\/uploads\/2022\/11\/A.99.840-circulo-reductor-disco-martillo.jpg\",\"datePublished\":\"2022-11-27T08:00:24+00:00\",\"breadcrumb\":{\"@id\":\"https:\/\/www.lausinyvicente.com\/en\/athletics-equipment\/discus\/discus-hammer-conversion-circle#breadcrumb\"},\"inLanguage\":\"en-US\",\"potentialAction\":[{\"@type\":\"ReadAction\",\"target\":[\"https:\/\/www.lausinyvicente.com\/en\/athletics-equipment\/discus\/discus-hammer-conversion-circle\"]}]},{\"@type\":\"ImageObject\",\"inLanguage\":\"en-US\",\"@id\":\"https:\/\/www.lausinyvicente.com\/en\/athletics-equipment\/discus\/discus-hammer-conversion-circle#primaryimage\",\"url\":\"https:\/\/www.lausinyvicente.com\/wp-content\/uploads\/2022\/11\/A.99.840-circulo-reductor-disco-martillo.jpg\",\"contentUrl\":\"https:\/\/www.lausinyvicente.com\/wp-content\/uploads\/2022\/11\/A.99.840-circulo-reductor-disco-martillo.jpg\",\"width\":720,\"height\":490},{\"@type\":\"BreadcrumbList\",\"@id\":\"https:\/\/www.lausinyvicente.com\/en\/athletics-equipment\/discus\/discus-hammer-conversion-circle#breadcrumb\",\"itemListElement\":[{\"@type\":\"ListItem\",\"position\":1,\"name\":\"Portada\",\"item\":\"https:\/\/www.lausinyvicente.com\/\"},{\"@type\":\"ListItem\",\"position\":2,\"name\":\"Shop\",\"item\":\"https:\/\/www.lausinyvicente.com\/en\/shop\"},{\"@type\":\"ListItem\",\"position\":3,\"name\":\"Discus\/hammer conversion circle\"}]},{\"@type\":\"WebSite\",\"@id\":\"https:\/\/www.lausinyvicente.com\/#website\",\"url\":\"https:\/\/www.lausinyvicente.com\/\",\"name\":\"Laus\u00edn y Vicente\",\"description\":\"Fabricaci\u00f3n y distribuci\u00f3n de material deportivo\",\"potentialAction\":[{\"@type\":\"SearchAction\",\"target\":{\"@type\":\"EntryPoint\",\"urlTemplate\":\"https:\/\/www.lausinyvicente.com\/?s={search_term_string}\"},\"query-input\":{\"@type\":\"PropertyValueSpecification\",\"valueRequired\":true,\"valueName\":\"search_term_string\"}}],\"inLanguage\":\"en-US\"}]}<\/script>\n<!-- \/ Yoast SEO plugin. -->","yoast_head_json":{"title":"Discus\/hammer conversion circle - Laus\u00edn y Vicente","robots":{"index":"index","follow":"follow","max-snippet":"max-snippet:-1","max-image-preview":"max-image-preview:large","max-video-preview":"max-video-preview:-1"},"canonical":"https:\/\/www.lausinyvicente.com\/en\/athletics-equipment\/discus\/discus-hammer-conversion-circle","og_locale":"en_US","og_type":"article","og_title":"Discus\/hammer conversion circle - Laus\u00edn y Vicente","og_description":"IAFF Certificate No. E-17-0904  Hammer conversion circle, designed and manufactured in compliance with WA international athletics regulations. It consists of two full circles, a metal one manufactured with a 3 mm metal plate made of four segments cut with laser and another one made of birch plywood. They are connected to each other with the purpose of reducing the inner diameter of the throwing ring from 2.5 m to 2.135 m of diameter. The assembly is finished in white, the metal part with a polyester powder coating and the plywood board is lacquered.","og_url":"https:\/\/www.lausinyvicente.com\/en\/athletics-equipment\/discus\/discus-hammer-conversion-circle","og_site_name":"Laus\u00edn y Vicente","og_image":[{"width":720,"height":490,"url":"https:\/\/www.lausinyvicente.com\/wp-content\/uploads\/2022\/11\/A.99.840-circulo-reductor-disco-martillo.jpg","type":"image\/jpeg"}],"twitter_card":"summary_large_image","schema":{"@context":"https:\/\/schema.org","@graph":[{"@type":"WebPage","@id":"https:\/\/www.lausinyvicente.com\/en\/athletics-equipment\/discus\/discus-hammer-conversion-circle","url":"https:\/\/www.lausinyvicente.com\/en\/athletics-equipment\/discus\/discus-hammer-conversion-circle","name":"Discus\/hammer conversion circle - Laus\u00edn y Vicente","isPartOf":{"@id":"https:\/\/www.lausinyvicente.com\/#website"},"primaryImageOfPage":{"@id":"https:\/\/www.lausinyvicente.com\/en\/athletics-equipment\/discus\/discus-hammer-conversion-circle#primaryimage"},"image":{"@id":"https:\/\/www.lausinyvicente.com\/en\/athletics-equipment\/discus\/discus-hammer-conversion-circle#primaryimage"},"thumbnailUrl":"https:\/\/www.lausinyvicente.com\/wp-content\/uploads\/2022\/11\/A.99.840-circulo-reductor-disco-martillo.jpg","datePublished":"2022-11-27T08:00:24+00:00","breadcrumb":{"@id":"https:\/\/www.lausinyvicente.com\/en\/athletics-equipment\/discus\/discus-hammer-conversion-circle#breadcrumb"},"inLanguage":"en-US","potentialAction":[{"@type":"ReadAction","target":["https:\/\/www.lausinyvicente.com\/en\/athletics-equipment\/discus\/discus-hammer-conversion-circle"]}]},{"@type":"ImageObject","inLanguage":"en-US","@id":"https:\/\/www.lausinyvicente.com\/en\/athletics-equipment\/discus\/discus-hammer-conversion-circle#primaryimage","url":"https:\/\/www.lausinyvicente.com\/wp-content\/uploads\/2022\/11\/A.99.840-circulo-reductor-disco-martillo.jpg","contentUrl":"https:\/\/www.lausinyvicente.com\/wp-content\/uploads\/2022\/11\/A.99.840-circulo-reductor-disco-martillo.jpg","width":720,"height":490},{"@type":"BreadcrumbList","@id":"https:\/\/www.lausinyvicente.com\/en\/athletics-equipment\/discus\/discus-hammer-conversion-circle#breadcrumb","itemListElement":[{"@type":"ListItem","position":1,"name":"Portada","item":"https:\/\/www.lausinyvicente.com\/"},{"@type":"ListItem","position":2,"name":"Shop","item":"https:\/\/www.lausinyvicente.com\/en\/shop"},{"@type":"ListItem","position":3,"name":"Discus\/hammer conversion circle"}]},{"@type":"WebSite","@id":"https:\/\/www.lausinyvicente.com\/#website","url":"https:\/\/www.lausinyvicente.com\/","name":"Laus\u00edn y Vicente","description":"Fabricaci\u00f3n y distribuci\u00f3n de material deportivo","potentialAction":[{"@type":"SearchAction","target":{"@type":"EntryPoint","urlTemplate":"https:\/\/www.lausinyvicente.com\/?s={search_term_string}"},"query-input":{"@type":"PropertyValueSpecification","valueRequired":true,"valueName":"search_term_string"}}],"inLanguage":"en-US"}]}},"_links":{"self":[{"href":"https:\/\/www.lausinyvicente.com\/en\/wp-json\/wp\/v2\/product\/5109","targetHints":{"allow":["GET"]}}],"collection":[{"href":"https:\/\/www.lausinyvicente.com\/en\/wp-json\/wp\/v2\/product"}],"about":[{"href":"https:\/\/www.lausinyvicente.com\/en\/wp-json\/wp\/v2\/types\/product"}],"wp:featuredmedia":[{"embeddable":true,"href":"https:\/\/www.lausinyvicente.com\/en\/wp-json\/wp\/v2\/media\/2283"}],"wp:attachment":[{"href":"https:\/\/www.lausinyvicente.com\/en\/wp-json\/wp\/v2\/media?parent=5109"}],"wp:term":[{"taxonomy":"product_cat","embeddable":true,"href":"https:\/\/www.lausinyvicente.com\/en\/wp-json\/wp\/v2\/product_cat?post=5109"},{"taxonomy":"product_tag","embeddable":true,"href":"https:\/\/www.lausinyvicente.com\/en\/wp-json\/wp\/v2\/product_tag?post=5109"}],"curies":[{"name":"wp","href":"https:\/\/api.w.org\/{rel}","templated":true}]}}