{"id":5151,"date":"2022-11-27T08:15:33","date_gmt":"2022-11-27T08:15:33","guid":{"rendered":"https:\/\/www.lausinyvicente.com\/uncategorized\/adjustable-galvanised-stainless-steel-take-off-board\/"},"modified":"2022-11-27T08:15:33","modified_gmt":"2022-11-27T08:15:33","slug":"adjustable-steel-take-off-board","status":"publish","type":"product","link":"https:\/\/www.lausinyvicente.com\/en\/athletics-equipment\/long-jump\/adjustable-steel-take-off-board","title":{"rendered":"Adjustable galvanised\/stainless steel take-off board"},"content":{"rendered":"","protected":false},"excerpt":{"rendered":"<p><strong>IAFF Certificate No. E-12-0653. <\/strong><\/p>\n<p>Full take-off board, designed and manufactured in compliance with WA international athletics regulations. Dimensions: 1220 x 300 x 100 mm. <\/p>\n<p><strong>Metal support<\/strong><\/p>\n<p>Designed for housing the take-off board or its corresponding lid, in compliance with WA regulations. It is made of 2.5 mm galvanised or stainless steel <\/p>\n<p><strong>Take-off board<\/strong><\/p>\n<p>Comprises a metal structure, which supports both the blue-lacquered plasticine insert and the take-off board manufactured in white lacquered wood. The latter is firmly bolted to the folded metal structure of 2.5 mm steel galvanised or stainless steel. This structure, with standard measurements, fits its support perfectly and is fitted with metal bolts to level the take-off board.  <\/p>\n<p><strong>Lid for take-off board<\/strong><\/p>\n<p>The lid for the take-off board is composed of a metal structure prepared for the placement of synthetic pavement on top. The metal structure is manufactured in 2.5 mm galvanised steel or stainless steel. This structure, with standard measurements, fits perfectly in the support and is fitted with bolts for levelling the board.  <\/p>\n","protected":false},"featured_media":2291,"template":"","meta":[],"product_cat":[182,86],"product_tag":[],"class_list":{"0":"post-5151","1":"product","2":"type-product","3":"status-publish","4":"has-post-thumbnail","6":"product_cat-long-jump","7":"product_cat-athletics-equipment","9":"first","10":"instock","11":"shipping-taxable","12":"purchasable","13":"product-type-variable"},"yoast_head":"<!-- This site is optimized with the Yoast SEO plugin v27.0 - https:\/\/yoast.com\/product\/yoast-seo-wordpress\/ -->\n<title>Adjustable galvanised\/stainless steel take-off board - Laus\u00edn y Vicente<\/title>\n<meta name=\"robots\" content=\"index, follow, max-snippet:-1, max-image-preview:large, max-video-preview:-1\" \/>\n<link rel=\"canonical\" href=\"https:\/\/www.lausinyvicente.com\/en\/athletics-equipment\/long-jump\/adjustable-steel-take-off-board\" \/>\n<meta property=\"og:locale\" content=\"en_US\" \/>\n<meta property=\"og:type\" content=\"article\" \/>\n<meta property=\"og:title\" content=\"Adjustable galvanised\/stainless steel take-off board - Laus\u00edn y Vicente\" \/>\n<meta property=\"og:description\" content=\"IAFF Certificate No. E-12-0653.  Full take-off board, designed and manufactured in compliance with WA international athletics regulations. Dimensions: 1220 x 300 x 100 mm.  Metal support Designed for housing the take-off board or its corresponding lid, in compliance with WA regulations. It is made of 2.5 mm galvanised or stainless steel  Take-off board Comprises a metal structure, which supports both the blue-lacquered plasticine insert and the take-off board manufactured in white lacquered wood. The latter is firmly bolted to the folded metal structure of 2.5 mm steel galvanised or stainless steel. This structure, with standard measurements, fits its support perfectly and is fitted with metal bolts to level the take-off board.  Lid for take-off board The lid for the take-off board is composed of a metal structure prepared for the placement of synthetic pavement on top. The metal structure is manufactured in 2.5 mm galvanised steel or stainless steel. This structure, with standard measurements, fits perfectly in the support and is fitted with bolts for levelling the board.\" \/>\n<meta property=\"og:url\" content=\"https:\/\/www.lausinyvicente.com\/en\/athletics-equipment\/long-jump\/adjustable-steel-take-off-board\" \/>\n<meta property=\"og:site_name\" content=\"Laus\u00edn y Vicente\" \/>\n<meta property=\"og:image\" content=\"https:\/\/www.lausinyvicente.com\/wp-content\/uploads\/2022\/11\/A.11.07-tabla-batida-metalica-graduable-galvanizada.jpg\" \/>\n\t<meta property=\"og:image:width\" content=\"720\" \/>\n\t<meta property=\"og:image:height\" content=\"490\" \/>\n\t<meta property=\"og:image:type\" content=\"image\/jpeg\" \/>\n<meta name=\"twitter:card\" content=\"summary_large_image\" \/>\n<script type=\"application\/ld+json\" class=\"yoast-schema-graph\">{\"@context\":\"https:\/\/schema.org\",\"@graph\":[{\"@type\":\"WebPage\",\"@id\":\"https:\/\/www.lausinyvicente.com\/en\/athletics-equipment\/long-jump\/adjustable-steel-take-off-board\",\"url\":\"https:\/\/www.lausinyvicente.com\/en\/athletics-equipment\/long-jump\/adjustable-steel-take-off-board\",\"name\":\"Adjustable galvanised\/stainless steel take-off board - Laus\u00edn y Vicente\",\"isPartOf\":{\"@id\":\"https:\/\/www.lausinyvicente.com\/#website\"},\"primaryImageOfPage\":{\"@id\":\"https:\/\/www.lausinyvicente.com\/en\/athletics-equipment\/long-jump\/adjustable-steel-take-off-board#primaryimage\"},\"image\":{\"@id\":\"https:\/\/www.lausinyvicente.com\/en\/athletics-equipment\/long-jump\/adjustable-steel-take-off-board#primaryimage\"},\"thumbnailUrl\":\"https:\/\/www.lausinyvicente.com\/wp-content\/uploads\/2022\/11\/A.11.07-tabla-batida-metalica-graduable-galvanizada.jpg\",\"datePublished\":\"2022-11-27T08:15:33+00:00\",\"breadcrumb\":{\"@id\":\"https:\/\/www.lausinyvicente.com\/en\/athletics-equipment\/long-jump\/adjustable-steel-take-off-board#breadcrumb\"},\"inLanguage\":\"en-US\",\"potentialAction\":[{\"@type\":\"ReadAction\",\"target\":[\"https:\/\/www.lausinyvicente.com\/en\/athletics-equipment\/long-jump\/adjustable-steel-take-off-board\"]}]},{\"@type\":\"ImageObject\",\"inLanguage\":\"en-US\",\"@id\":\"https:\/\/www.lausinyvicente.com\/en\/athletics-equipment\/long-jump\/adjustable-steel-take-off-board#primaryimage\",\"url\":\"https:\/\/www.lausinyvicente.com\/wp-content\/uploads\/2022\/11\/A.11.07-tabla-batida-metalica-graduable-galvanizada.jpg\",\"contentUrl\":\"https:\/\/www.lausinyvicente.com\/wp-content\/uploads\/2022\/11\/A.11.07-tabla-batida-metalica-graduable-galvanizada.jpg\",\"width\":720,\"height\":490},{\"@type\":\"BreadcrumbList\",\"@id\":\"https:\/\/www.lausinyvicente.com\/en\/athletics-equipment\/long-jump\/adjustable-steel-take-off-board#breadcrumb\",\"itemListElement\":[{\"@type\":\"ListItem\",\"position\":1,\"name\":\"Portada\",\"item\":\"https:\/\/www.lausinyvicente.com\/\"},{\"@type\":\"ListItem\",\"position\":2,\"name\":\"Shop\",\"item\":\"https:\/\/www.lausinyvicente.com\/en\/shop\"},{\"@type\":\"ListItem\",\"position\":3,\"name\":\"Adjustable galvanised\/stainless steel take-off board\"}]},{\"@type\":\"WebSite\",\"@id\":\"https:\/\/www.lausinyvicente.com\/#website\",\"url\":\"https:\/\/www.lausinyvicente.com\/\",\"name\":\"Laus\u00edn y Vicente\",\"description\":\"Fabricaci\u00f3n y distribuci\u00f3n de material deportivo\",\"potentialAction\":[{\"@type\":\"SearchAction\",\"target\":{\"@type\":\"EntryPoint\",\"urlTemplate\":\"https:\/\/www.lausinyvicente.com\/?s={search_term_string}\"},\"query-input\":{\"@type\":\"PropertyValueSpecification\",\"valueRequired\":true,\"valueName\":\"search_term_string\"}}],\"inLanguage\":\"en-US\"}]}<\/script>\n<!-- \/ Yoast SEO plugin. -->","yoast_head_json":{"title":"Adjustable galvanised\/stainless steel take-off board - Laus\u00edn y Vicente","robots":{"index":"index","follow":"follow","max-snippet":"max-snippet:-1","max-image-preview":"max-image-preview:large","max-video-preview":"max-video-preview:-1"},"canonical":"https:\/\/www.lausinyvicente.com\/en\/athletics-equipment\/long-jump\/adjustable-steel-take-off-board","og_locale":"en_US","og_type":"article","og_title":"Adjustable galvanised\/stainless steel take-off board - Laus\u00edn y Vicente","og_description":"IAFF Certificate No. E-12-0653.  Full take-off board, designed and manufactured in compliance with WA international athletics regulations. Dimensions: 1220 x 300 x 100 mm.  Metal support Designed for housing the take-off board or its corresponding lid, in compliance with WA regulations. It is made of 2.5 mm galvanised or stainless steel  Take-off board Comprises a metal structure, which supports both the blue-lacquered plasticine insert and the take-off board manufactured in white lacquered wood. The latter is firmly bolted to the folded metal structure of 2.5 mm steel galvanised or stainless steel. This structure, with standard measurements, fits its support perfectly and is fitted with metal bolts to level the take-off board.  Lid for take-off board The lid for the take-off board is composed of a metal structure prepared for the placement of synthetic pavement on top. The metal structure is manufactured in 2.5 mm galvanised steel or stainless steel. This structure, with standard measurements, fits perfectly in the support and is fitted with bolts for levelling the board.","og_url":"https:\/\/www.lausinyvicente.com\/en\/athletics-equipment\/long-jump\/adjustable-steel-take-off-board","og_site_name":"Laus\u00edn y Vicente","og_image":[{"width":720,"height":490,"url":"https:\/\/www.lausinyvicente.com\/wp-content\/uploads\/2022\/11\/A.11.07-tabla-batida-metalica-graduable-galvanizada.jpg","type":"image\/jpeg"}],"twitter_card":"summary_large_image","schema":{"@context":"https:\/\/schema.org","@graph":[{"@type":"WebPage","@id":"https:\/\/www.lausinyvicente.com\/en\/athletics-equipment\/long-jump\/adjustable-steel-take-off-board","url":"https:\/\/www.lausinyvicente.com\/en\/athletics-equipment\/long-jump\/adjustable-steel-take-off-board","name":"Adjustable galvanised\/stainless steel take-off board - Laus\u00edn y Vicente","isPartOf":{"@id":"https:\/\/www.lausinyvicente.com\/#website"},"primaryImageOfPage":{"@id":"https:\/\/www.lausinyvicente.com\/en\/athletics-equipment\/long-jump\/adjustable-steel-take-off-board#primaryimage"},"image":{"@id":"https:\/\/www.lausinyvicente.com\/en\/athletics-equipment\/long-jump\/adjustable-steel-take-off-board#primaryimage"},"thumbnailUrl":"https:\/\/www.lausinyvicente.com\/wp-content\/uploads\/2022\/11\/A.11.07-tabla-batida-metalica-graduable-galvanizada.jpg","datePublished":"2022-11-27T08:15:33+00:00","breadcrumb":{"@id":"https:\/\/www.lausinyvicente.com\/en\/athletics-equipment\/long-jump\/adjustable-steel-take-off-board#breadcrumb"},"inLanguage":"en-US","potentialAction":[{"@type":"ReadAction","target":["https:\/\/www.lausinyvicente.com\/en\/athletics-equipment\/long-jump\/adjustable-steel-take-off-board"]}]},{"@type":"ImageObject","inLanguage":"en-US","@id":"https:\/\/www.lausinyvicente.com\/en\/athletics-equipment\/long-jump\/adjustable-steel-take-off-board#primaryimage","url":"https:\/\/www.lausinyvicente.com\/wp-content\/uploads\/2022\/11\/A.11.07-tabla-batida-metalica-graduable-galvanizada.jpg","contentUrl":"https:\/\/www.lausinyvicente.com\/wp-content\/uploads\/2022\/11\/A.11.07-tabla-batida-metalica-graduable-galvanizada.jpg","width":720,"height":490},{"@type":"BreadcrumbList","@id":"https:\/\/www.lausinyvicente.com\/en\/athletics-equipment\/long-jump\/adjustable-steel-take-off-board#breadcrumb","itemListElement":[{"@type":"ListItem","position":1,"name":"Portada","item":"https:\/\/www.lausinyvicente.com\/"},{"@type":"ListItem","position":2,"name":"Shop","item":"https:\/\/www.lausinyvicente.com\/en\/shop"},{"@type":"ListItem","position":3,"name":"Adjustable galvanised\/stainless steel take-off board"}]},{"@type":"WebSite","@id":"https:\/\/www.lausinyvicente.com\/#website","url":"https:\/\/www.lausinyvicente.com\/","name":"Laus\u00edn y Vicente","description":"Fabricaci\u00f3n y distribuci\u00f3n de material deportivo","potentialAction":[{"@type":"SearchAction","target":{"@type":"EntryPoint","urlTemplate":"https:\/\/www.lausinyvicente.com\/?s={search_term_string}"},"query-input":{"@type":"PropertyValueSpecification","valueRequired":true,"valueName":"search_term_string"}}],"inLanguage":"en-US"}]}},"_links":{"self":[{"href":"https:\/\/www.lausinyvicente.com\/en\/wp-json\/wp\/v2\/product\/5151","targetHints":{"allow":["GET"]}}],"collection":[{"href":"https:\/\/www.lausinyvicente.com\/en\/wp-json\/wp\/v2\/product"}],"about":[{"href":"https:\/\/www.lausinyvicente.com\/en\/wp-json\/wp\/v2\/types\/product"}],"wp:featuredmedia":[{"embeddable":true,"href":"https:\/\/www.lausinyvicente.com\/en\/wp-json\/wp\/v2\/media\/2291"}],"wp:attachment":[{"href":"https:\/\/www.lausinyvicente.com\/en\/wp-json\/wp\/v2\/media?parent=5151"}],"wp:term":[{"taxonomy":"product_cat","embeddable":true,"href":"https:\/\/www.lausinyvicente.com\/en\/wp-json\/wp\/v2\/product_cat?post=5151"},{"taxonomy":"product_tag","embeddable":true,"href":"https:\/\/www.lausinyvicente.com\/en\/wp-json\/wp\/v2\/product_tag?post=5151"}],"curies":[{"name":"wp","href":"https:\/\/api.w.org\/{rel}","templated":true}]}}