{"id":5177,"date":"2022-11-28T09:07:17","date_gmt":"2022-11-28T09:07:17","guid":{"rendered":"https:\/\/www.lausinyvicente.com\/uncategorized\/judges-stand\/"},"modified":"2022-11-28T09:07:17","modified_gmt":"2022-11-28T09:07:17","slug":"judges-stand","status":"publish","type":"product","link":"https:\/\/www.lausinyvicente.com\/en\/athletics-equipment\/various\/judges-stand","title":{"rendered":"Judges stand"},"content":{"rendered":"","protected":false},"excerpt":{"rendered":"<p><strong>Seats<\/strong><\/p>\n<p>Monoblock structure moulded by injection of high quality stabilised plastic (polypropylene copolymer). Gloss surface, closed support perimeter for easy cleaning. 35 mm square moulded front surrounding the grandstand front. Anchoring at just one central point with steel sheeting. Central drainage. Certification of light resistance, anti-UV additive, according to standard 13200\/4, certificate of resistance to severe public use (vandalism) by Aidima, compliance with UNE EN 12727:01 standard and fire-resistance certified, minimum, according to Standard M4, optional Standard M2.     <\/p>\n<p><strong>Structure<\/strong><\/p>\n<p>Metal structure comprising 60 x 40 x 2 mm cold profile and 30 x 30 x 3 mm angle. 32 x 2 mm cold profile handrails. The entire assembly is epoxy painted in white colour and dried in the oven. The structure is equipped with two 200 mm diameter fixed wheels for easy transportation. Easy to assemble and take down. Steps are manufactured with an angle of 30 x 30 x 3 mm in birch plywood board with one non-slip side.    <\/p>\n","protected":false},"featured_media":2343,"template":"","meta":[],"product_cat":[180,86],"product_tag":[],"class_list":{"0":"post-5177","1":"product","2":"type-product","3":"status-publish","4":"has-post-thumbnail","6":"product_cat-various","7":"product_cat-athletics-equipment","9":"first","10":"instock","11":"shipping-taxable","12":"purchasable","13":"product-type-variable"},"yoast_head":"<!-- This site is optimized with the Yoast SEO plugin v27.0 - https:\/\/yoast.com\/product\/yoast-seo-wordpress\/ -->\n<title>Judges stand - Laus\u00edn y Vicente<\/title>\n<meta name=\"robots\" content=\"index, follow, max-snippet:-1, max-image-preview:large, max-video-preview:-1\" \/>\n<link rel=\"canonical\" href=\"https:\/\/www.lausinyvicente.com\/en\/athletics-equipment\/various\/judges-stand\" \/>\n<meta property=\"og:locale\" content=\"en_US\" \/>\n<meta property=\"og:type\" content=\"article\" \/>\n<meta property=\"og:title\" content=\"Judges stand - Laus\u00edn y Vicente\" \/>\n<meta property=\"og:description\" content=\"Seats Monoblock structure moulded by injection of high quality stabilised plastic (polypropylene copolymer). Gloss surface, closed support perimeter for easy cleaning. 35 mm square moulded front surrounding the grandstand front. Anchoring at just one central point with steel sheeting. Central drainage. Certification of light resistance, anti-UV additive, according to standard 13200\/4, certificate of resistance to severe public use (vandalism) by Aidima, compliance with UNE EN 12727:01 standard and fire-resistance certified, minimum, according to Standard M4, optional Standard M2.    Structure Metal structure comprising 60 x 40 x 2 mm cold profile and 30 x 30 x 3 mm angle. 32 x 2 mm cold profile handrails. The entire assembly is epoxy painted in white colour and dried in the oven. The structure is equipped with two 200 mm diameter fixed wheels for easy transportation. Easy to assemble and take down. Steps are manufactured with an angle of 30 x 30 x 3 mm in birch plywood board with one non-slip side.\" \/>\n<meta property=\"og:url\" content=\"https:\/\/www.lausinyvicente.com\/en\/athletics-equipment\/various\/judges-stand\" \/>\n<meta property=\"og:site_name\" content=\"Laus\u00edn y Vicente\" \/>\n<meta property=\"og:image\" content=\"https:\/\/www.lausinyvicente.com\/wp-content\/uploads\/2022\/11\/A.99.70_Escalera-jueces.jpg\" \/>\n\t<meta property=\"og:image:width\" content=\"720\" \/>\n\t<meta property=\"og:image:height\" content=\"490\" \/>\n\t<meta property=\"og:image:type\" content=\"image\/jpeg\" \/>\n<meta name=\"twitter:card\" content=\"summary_large_image\" \/>\n<script type=\"application\/ld+json\" class=\"yoast-schema-graph\">{\"@context\":\"https:\/\/schema.org\",\"@graph\":[{\"@type\":\"WebPage\",\"@id\":\"https:\/\/www.lausinyvicente.com\/en\/athletics-equipment\/various\/judges-stand\",\"url\":\"https:\/\/www.lausinyvicente.com\/en\/athletics-equipment\/various\/judges-stand\",\"name\":\"Judges stand - Laus\u00edn y Vicente\",\"isPartOf\":{\"@id\":\"https:\/\/www.lausinyvicente.com\/#website\"},\"primaryImageOfPage\":{\"@id\":\"https:\/\/www.lausinyvicente.com\/en\/athletics-equipment\/various\/judges-stand#primaryimage\"},\"image\":{\"@id\":\"https:\/\/www.lausinyvicente.com\/en\/athletics-equipment\/various\/judges-stand#primaryimage\"},\"thumbnailUrl\":\"https:\/\/www.lausinyvicente.com\/wp-content\/uploads\/2022\/11\/A.99.70_Escalera-jueces.jpg\",\"datePublished\":\"2022-11-28T09:07:17+00:00\",\"breadcrumb\":{\"@id\":\"https:\/\/www.lausinyvicente.com\/en\/athletics-equipment\/various\/judges-stand#breadcrumb\"},\"inLanguage\":\"en-US\",\"potentialAction\":[{\"@type\":\"ReadAction\",\"target\":[\"https:\/\/www.lausinyvicente.com\/en\/athletics-equipment\/various\/judges-stand\"]}]},{\"@type\":\"ImageObject\",\"inLanguage\":\"en-US\",\"@id\":\"https:\/\/www.lausinyvicente.com\/en\/athletics-equipment\/various\/judges-stand#primaryimage\",\"url\":\"https:\/\/www.lausinyvicente.com\/wp-content\/uploads\/2022\/11\/A.99.70_Escalera-jueces.jpg\",\"contentUrl\":\"https:\/\/www.lausinyvicente.com\/wp-content\/uploads\/2022\/11\/A.99.70_Escalera-jueces.jpg\",\"width\":720,\"height\":490},{\"@type\":\"BreadcrumbList\",\"@id\":\"https:\/\/www.lausinyvicente.com\/en\/athletics-equipment\/various\/judges-stand#breadcrumb\",\"itemListElement\":[{\"@type\":\"ListItem\",\"position\":1,\"name\":\"Portada\",\"item\":\"https:\/\/www.lausinyvicente.com\/\"},{\"@type\":\"ListItem\",\"position\":2,\"name\":\"Shop\",\"item\":\"https:\/\/www.lausinyvicente.com\/en\/shop\"},{\"@type\":\"ListItem\",\"position\":3,\"name\":\"Judges stand\"}]},{\"@type\":\"WebSite\",\"@id\":\"https:\/\/www.lausinyvicente.com\/#website\",\"url\":\"https:\/\/www.lausinyvicente.com\/\",\"name\":\"Laus\u00edn y Vicente\",\"description\":\"Fabricaci\u00f3n y distribuci\u00f3n de material deportivo\",\"potentialAction\":[{\"@type\":\"SearchAction\",\"target\":{\"@type\":\"EntryPoint\",\"urlTemplate\":\"https:\/\/www.lausinyvicente.com\/?s={search_term_string}\"},\"query-input\":{\"@type\":\"PropertyValueSpecification\",\"valueRequired\":true,\"valueName\":\"search_term_string\"}}],\"inLanguage\":\"en-US\"}]}<\/script>\n<!-- \/ Yoast SEO plugin. -->","yoast_head_json":{"title":"Judges stand - Laus\u00edn y Vicente","robots":{"index":"index","follow":"follow","max-snippet":"max-snippet:-1","max-image-preview":"max-image-preview:large","max-video-preview":"max-video-preview:-1"},"canonical":"https:\/\/www.lausinyvicente.com\/en\/athletics-equipment\/various\/judges-stand","og_locale":"en_US","og_type":"article","og_title":"Judges stand - Laus\u00edn y Vicente","og_description":"Seats Monoblock structure moulded by injection of high quality stabilised plastic (polypropylene copolymer). Gloss surface, closed support perimeter for easy cleaning. 35 mm square moulded front surrounding the grandstand front. Anchoring at just one central point with steel sheeting. Central drainage. Certification of light resistance, anti-UV additive, according to standard 13200\/4, certificate of resistance to severe public use (vandalism) by Aidima, compliance with UNE EN 12727:01 standard and fire-resistance certified, minimum, according to Standard M4, optional Standard M2.    Structure Metal structure comprising 60 x 40 x 2 mm cold profile and 30 x 30 x 3 mm angle. 32 x 2 mm cold profile handrails. The entire assembly is epoxy painted in white colour and dried in the oven. The structure is equipped with two 200 mm diameter fixed wheels for easy transportation. Easy to assemble and take down. Steps are manufactured with an angle of 30 x 30 x 3 mm in birch plywood board with one non-slip side.","og_url":"https:\/\/www.lausinyvicente.com\/en\/athletics-equipment\/various\/judges-stand","og_site_name":"Laus\u00edn y Vicente","og_image":[{"width":720,"height":490,"url":"https:\/\/www.lausinyvicente.com\/wp-content\/uploads\/2022\/11\/A.99.70_Escalera-jueces.jpg","type":"image\/jpeg"}],"twitter_card":"summary_large_image","schema":{"@context":"https:\/\/schema.org","@graph":[{"@type":"WebPage","@id":"https:\/\/www.lausinyvicente.com\/en\/athletics-equipment\/various\/judges-stand","url":"https:\/\/www.lausinyvicente.com\/en\/athletics-equipment\/various\/judges-stand","name":"Judges stand - Laus\u00edn y Vicente","isPartOf":{"@id":"https:\/\/www.lausinyvicente.com\/#website"},"primaryImageOfPage":{"@id":"https:\/\/www.lausinyvicente.com\/en\/athletics-equipment\/various\/judges-stand#primaryimage"},"image":{"@id":"https:\/\/www.lausinyvicente.com\/en\/athletics-equipment\/various\/judges-stand#primaryimage"},"thumbnailUrl":"https:\/\/www.lausinyvicente.com\/wp-content\/uploads\/2022\/11\/A.99.70_Escalera-jueces.jpg","datePublished":"2022-11-28T09:07:17+00:00","breadcrumb":{"@id":"https:\/\/www.lausinyvicente.com\/en\/athletics-equipment\/various\/judges-stand#breadcrumb"},"inLanguage":"en-US","potentialAction":[{"@type":"ReadAction","target":["https:\/\/www.lausinyvicente.com\/en\/athletics-equipment\/various\/judges-stand"]}]},{"@type":"ImageObject","inLanguage":"en-US","@id":"https:\/\/www.lausinyvicente.com\/en\/athletics-equipment\/various\/judges-stand#primaryimage","url":"https:\/\/www.lausinyvicente.com\/wp-content\/uploads\/2022\/11\/A.99.70_Escalera-jueces.jpg","contentUrl":"https:\/\/www.lausinyvicente.com\/wp-content\/uploads\/2022\/11\/A.99.70_Escalera-jueces.jpg","width":720,"height":490},{"@type":"BreadcrumbList","@id":"https:\/\/www.lausinyvicente.com\/en\/athletics-equipment\/various\/judges-stand#breadcrumb","itemListElement":[{"@type":"ListItem","position":1,"name":"Portada","item":"https:\/\/www.lausinyvicente.com\/"},{"@type":"ListItem","position":2,"name":"Shop","item":"https:\/\/www.lausinyvicente.com\/en\/shop"},{"@type":"ListItem","position":3,"name":"Judges stand"}]},{"@type":"WebSite","@id":"https:\/\/www.lausinyvicente.com\/#website","url":"https:\/\/www.lausinyvicente.com\/","name":"Laus\u00edn y Vicente","description":"Fabricaci\u00f3n y distribuci\u00f3n de material deportivo","potentialAction":[{"@type":"SearchAction","target":{"@type":"EntryPoint","urlTemplate":"https:\/\/www.lausinyvicente.com\/?s={search_term_string}"},"query-input":{"@type":"PropertyValueSpecification","valueRequired":true,"valueName":"search_term_string"}}],"inLanguage":"en-US"}]}},"_links":{"self":[{"href":"https:\/\/www.lausinyvicente.com\/en\/wp-json\/wp\/v2\/product\/5177","targetHints":{"allow":["GET"]}}],"collection":[{"href":"https:\/\/www.lausinyvicente.com\/en\/wp-json\/wp\/v2\/product"}],"about":[{"href":"https:\/\/www.lausinyvicente.com\/en\/wp-json\/wp\/v2\/types\/product"}],"wp:featuredmedia":[{"embeddable":true,"href":"https:\/\/www.lausinyvicente.com\/en\/wp-json\/wp\/v2\/media\/2343"}],"wp:attachment":[{"href":"https:\/\/www.lausinyvicente.com\/en\/wp-json\/wp\/v2\/media?parent=5177"}],"wp:term":[{"taxonomy":"product_cat","embeddable":true,"href":"https:\/\/www.lausinyvicente.com\/en\/wp-json\/wp\/v2\/product_cat?post=5177"},{"taxonomy":"product_tag","embeddable":true,"href":"https:\/\/www.lausinyvicente.com\/en\/wp-json\/wp\/v2\/product_tag?post=5177"}],"curies":[{"name":"wp","href":"https:\/\/api.w.org\/{rel}","templated":true}]}}