{"id":5189,"date":"2022-11-27T08:32:26","date_gmt":"2022-11-27T08:32:26","guid":{"rendered":"https:\/\/www.lausinyvicente.com\/uncategorized\/corner-piece-of-the-pit-canvas-sandpit-cover-and-sandpit-rakes\/"},"modified":"2022-11-27T08:32:26","modified_gmt":"2022-11-27T08:32:26","slug":"corner-piece-canvas-cover-rakes-sandpit-long-jump","status":"publish","type":"product","link":"https:\/\/www.lausinyvicente.com\/en\/athletics-equipment\/long-jump\/corner-piece-canvas-cover-rakes-sandpit-long-jump","title":{"rendered":"Corner piece of the pit, canvas sandpit cover and sandpit rakes"},"content":{"rendered":"","protected":false},"excerpt":{"rendered":"<p><strong>Corner piece of the pit<\/strong><\/p>\n<p>Made of solid pinewood and lacquered in white. 63&#215;63 mm cross section with a rounded edge. 2.7 m long. To be placed at one end of the long and triple jump sandpit.   <\/p>\n<p><strong>Canvas sandpit cover<\/strong><\/p>\n<p>Pit cover made of laminated canvas covered with PVC. Metal eyelets around the entire perimeter to pass an elastic band throughto fix the fabric to the sandpit perimeter. Price per m2. <\/p>\n<p><strong>Sandpit rake and levelling device<\/strong><\/p>\n<p>Manufactured in sheet metal, cut with laser with metal handle. One side is toothed for raking and the other is prepared for smoothing. <\/p>\n","protected":false},"featured_media":2303,"template":"","meta":[],"product_cat":[182,86],"product_tag":[],"class_list":{"0":"post-5189","1":"product","2":"type-product","3":"status-publish","4":"has-post-thumbnail","6":"product_cat-long-jump","7":"product_cat-athletics-equipment","9":"first","10":"instock","11":"shipping-taxable","12":"purchasable","13":"product-type-variable"},"yoast_head":"<!-- This site is optimized with the Yoast SEO plugin v27.0 - https:\/\/yoast.com\/product\/yoast-seo-wordpress\/ -->\n<title>Corner piece of the pit, canvas sandpit cover and sandpit rakes - Laus\u00edn y Vicente<\/title>\n<meta name=\"robots\" content=\"index, follow, max-snippet:-1, max-image-preview:large, max-video-preview:-1\" \/>\n<link rel=\"canonical\" href=\"https:\/\/www.lausinyvicente.com\/en\/athletics-equipment\/long-jump\/corner-piece-canvas-cover-rakes-sandpit-long-jump\" \/>\n<meta property=\"og:locale\" content=\"en_US\" \/>\n<meta property=\"og:type\" content=\"article\" \/>\n<meta property=\"og:title\" content=\"Corner piece of the pit, canvas sandpit cover and sandpit rakes - Laus\u00edn y Vicente\" \/>\n<meta property=\"og:description\" content=\"Corner piece of the pit Made of solid pinewood and lacquered in white. 63x63 mm cross section with a rounded edge. 2.7 m long. To be placed at one end of the long and triple jump sandpit.   Canvas sandpit cover Pit cover made of laminated canvas covered with PVC. Metal eyelets around the entire perimeter to pass an elastic band throughto fix the fabric to the sandpit perimeter. Price per m2.  Sandpit rake and levelling device Manufactured in sheet metal, cut with laser with metal handle. One side is toothed for raking and the other is prepared for smoothing.\" \/>\n<meta property=\"og:url\" content=\"https:\/\/www.lausinyvicente.com\/en\/athletics-equipment\/long-jump\/corner-piece-canvas-cover-rakes-sandpit-long-jump\" \/>\n<meta property=\"og:site_name\" content=\"Laus\u00edn y Vicente\" \/>\n<meta property=\"og:image\" content=\"https:\/\/www.lausinyvicente.com\/wp-content\/uploads\/2022\/11\/A.11.02-cantonera-foso.jpg\" \/>\n\t<meta property=\"og:image:width\" content=\"720\" \/>\n\t<meta property=\"og:image:height\" content=\"490\" \/>\n\t<meta property=\"og:image:type\" content=\"image\/jpeg\" \/>\n<meta name=\"twitter:card\" content=\"summary_large_image\" \/>\n<script type=\"application\/ld+json\" class=\"yoast-schema-graph\">{\"@context\":\"https:\/\/schema.org\",\"@graph\":[{\"@type\":\"WebPage\",\"@id\":\"https:\/\/www.lausinyvicente.com\/en\/athletics-equipment\/long-jump\/corner-piece-canvas-cover-rakes-sandpit-long-jump\",\"url\":\"https:\/\/www.lausinyvicente.com\/en\/athletics-equipment\/long-jump\/corner-piece-canvas-cover-rakes-sandpit-long-jump\",\"name\":\"Corner piece of the pit, canvas sandpit cover and sandpit rakes - Laus\u00edn y Vicente\",\"isPartOf\":{\"@id\":\"https:\/\/www.lausinyvicente.com\/#website\"},\"primaryImageOfPage\":{\"@id\":\"https:\/\/www.lausinyvicente.com\/en\/athletics-equipment\/long-jump\/corner-piece-canvas-cover-rakes-sandpit-long-jump#primaryimage\"},\"image\":{\"@id\":\"https:\/\/www.lausinyvicente.com\/en\/athletics-equipment\/long-jump\/corner-piece-canvas-cover-rakes-sandpit-long-jump#primaryimage\"},\"thumbnailUrl\":\"https:\/\/www.lausinyvicente.com\/wp-content\/uploads\/2022\/11\/A.11.02-cantonera-foso.jpg\",\"datePublished\":\"2022-11-27T08:32:26+00:00\",\"breadcrumb\":{\"@id\":\"https:\/\/www.lausinyvicente.com\/en\/athletics-equipment\/long-jump\/corner-piece-canvas-cover-rakes-sandpit-long-jump#breadcrumb\"},\"inLanguage\":\"en-US\",\"potentialAction\":[{\"@type\":\"ReadAction\",\"target\":[\"https:\/\/www.lausinyvicente.com\/en\/athletics-equipment\/long-jump\/corner-piece-canvas-cover-rakes-sandpit-long-jump\"]}]},{\"@type\":\"ImageObject\",\"inLanguage\":\"en-US\",\"@id\":\"https:\/\/www.lausinyvicente.com\/en\/athletics-equipment\/long-jump\/corner-piece-canvas-cover-rakes-sandpit-long-jump#primaryimage\",\"url\":\"https:\/\/www.lausinyvicente.com\/wp-content\/uploads\/2022\/11\/A.11.02-cantonera-foso.jpg\",\"contentUrl\":\"https:\/\/www.lausinyvicente.com\/wp-content\/uploads\/2022\/11\/A.11.02-cantonera-foso.jpg\",\"width\":720,\"height\":490},{\"@type\":\"BreadcrumbList\",\"@id\":\"https:\/\/www.lausinyvicente.com\/en\/athletics-equipment\/long-jump\/corner-piece-canvas-cover-rakes-sandpit-long-jump#breadcrumb\",\"itemListElement\":[{\"@type\":\"ListItem\",\"position\":1,\"name\":\"Portada\",\"item\":\"https:\/\/www.lausinyvicente.com\/\"},{\"@type\":\"ListItem\",\"position\":2,\"name\":\"Shop\",\"item\":\"https:\/\/www.lausinyvicente.com\/en\/shop\"},{\"@type\":\"ListItem\",\"position\":3,\"name\":\"Corner piece of the pit, canvas sandpit cover and sandpit rakes\"}]},{\"@type\":\"WebSite\",\"@id\":\"https:\/\/www.lausinyvicente.com\/#website\",\"url\":\"https:\/\/www.lausinyvicente.com\/\",\"name\":\"Laus\u00edn y Vicente\",\"description\":\"Fabricaci\u00f3n y distribuci\u00f3n de material deportivo\",\"potentialAction\":[{\"@type\":\"SearchAction\",\"target\":{\"@type\":\"EntryPoint\",\"urlTemplate\":\"https:\/\/www.lausinyvicente.com\/?s={search_term_string}\"},\"query-input\":{\"@type\":\"PropertyValueSpecification\",\"valueRequired\":true,\"valueName\":\"search_term_string\"}}],\"inLanguage\":\"en-US\"}]}<\/script>\n<!-- \/ Yoast SEO plugin. -->","yoast_head_json":{"title":"Corner piece of the pit, canvas sandpit cover and sandpit rakes - Laus\u00edn y Vicente","robots":{"index":"index","follow":"follow","max-snippet":"max-snippet:-1","max-image-preview":"max-image-preview:large","max-video-preview":"max-video-preview:-1"},"canonical":"https:\/\/www.lausinyvicente.com\/en\/athletics-equipment\/long-jump\/corner-piece-canvas-cover-rakes-sandpit-long-jump","og_locale":"en_US","og_type":"article","og_title":"Corner piece of the pit, canvas sandpit cover and sandpit rakes - Laus\u00edn y Vicente","og_description":"Corner piece of the pit Made of solid pinewood and lacquered in white. 63x63 mm cross section with a rounded edge. 2.7 m long. To be placed at one end of the long and triple jump sandpit.   Canvas sandpit cover Pit cover made of laminated canvas covered with PVC. Metal eyelets around the entire perimeter to pass an elastic band throughto fix the fabric to the sandpit perimeter. Price per m2.  Sandpit rake and levelling device Manufactured in sheet metal, cut with laser with metal handle. One side is toothed for raking and the other is prepared for smoothing.","og_url":"https:\/\/www.lausinyvicente.com\/en\/athletics-equipment\/long-jump\/corner-piece-canvas-cover-rakes-sandpit-long-jump","og_site_name":"Laus\u00edn y Vicente","og_image":[{"width":720,"height":490,"url":"https:\/\/www.lausinyvicente.com\/wp-content\/uploads\/2022\/11\/A.11.02-cantonera-foso.jpg","type":"image\/jpeg"}],"twitter_card":"summary_large_image","schema":{"@context":"https:\/\/schema.org","@graph":[{"@type":"WebPage","@id":"https:\/\/www.lausinyvicente.com\/en\/athletics-equipment\/long-jump\/corner-piece-canvas-cover-rakes-sandpit-long-jump","url":"https:\/\/www.lausinyvicente.com\/en\/athletics-equipment\/long-jump\/corner-piece-canvas-cover-rakes-sandpit-long-jump","name":"Corner piece of the pit, canvas sandpit cover and sandpit rakes - Laus\u00edn y Vicente","isPartOf":{"@id":"https:\/\/www.lausinyvicente.com\/#website"},"primaryImageOfPage":{"@id":"https:\/\/www.lausinyvicente.com\/en\/athletics-equipment\/long-jump\/corner-piece-canvas-cover-rakes-sandpit-long-jump#primaryimage"},"image":{"@id":"https:\/\/www.lausinyvicente.com\/en\/athletics-equipment\/long-jump\/corner-piece-canvas-cover-rakes-sandpit-long-jump#primaryimage"},"thumbnailUrl":"https:\/\/www.lausinyvicente.com\/wp-content\/uploads\/2022\/11\/A.11.02-cantonera-foso.jpg","datePublished":"2022-11-27T08:32:26+00:00","breadcrumb":{"@id":"https:\/\/www.lausinyvicente.com\/en\/athletics-equipment\/long-jump\/corner-piece-canvas-cover-rakes-sandpit-long-jump#breadcrumb"},"inLanguage":"en-US","potentialAction":[{"@type":"ReadAction","target":["https:\/\/www.lausinyvicente.com\/en\/athletics-equipment\/long-jump\/corner-piece-canvas-cover-rakes-sandpit-long-jump"]}]},{"@type":"ImageObject","inLanguage":"en-US","@id":"https:\/\/www.lausinyvicente.com\/en\/athletics-equipment\/long-jump\/corner-piece-canvas-cover-rakes-sandpit-long-jump#primaryimage","url":"https:\/\/www.lausinyvicente.com\/wp-content\/uploads\/2022\/11\/A.11.02-cantonera-foso.jpg","contentUrl":"https:\/\/www.lausinyvicente.com\/wp-content\/uploads\/2022\/11\/A.11.02-cantonera-foso.jpg","width":720,"height":490},{"@type":"BreadcrumbList","@id":"https:\/\/www.lausinyvicente.com\/en\/athletics-equipment\/long-jump\/corner-piece-canvas-cover-rakes-sandpit-long-jump#breadcrumb","itemListElement":[{"@type":"ListItem","position":1,"name":"Portada","item":"https:\/\/www.lausinyvicente.com\/"},{"@type":"ListItem","position":2,"name":"Shop","item":"https:\/\/www.lausinyvicente.com\/en\/shop"},{"@type":"ListItem","position":3,"name":"Corner piece of the pit, canvas sandpit cover and sandpit rakes"}]},{"@type":"WebSite","@id":"https:\/\/www.lausinyvicente.com\/#website","url":"https:\/\/www.lausinyvicente.com\/","name":"Laus\u00edn y Vicente","description":"Fabricaci\u00f3n y distribuci\u00f3n de material deportivo","potentialAction":[{"@type":"SearchAction","target":{"@type":"EntryPoint","urlTemplate":"https:\/\/www.lausinyvicente.com\/?s={search_term_string}"},"query-input":{"@type":"PropertyValueSpecification","valueRequired":true,"valueName":"search_term_string"}}],"inLanguage":"en-US"}]}},"_links":{"self":[{"href":"https:\/\/www.lausinyvicente.com\/en\/wp-json\/wp\/v2\/product\/5189","targetHints":{"allow":["GET"]}}],"collection":[{"href":"https:\/\/www.lausinyvicente.com\/en\/wp-json\/wp\/v2\/product"}],"about":[{"href":"https:\/\/www.lausinyvicente.com\/en\/wp-json\/wp\/v2\/types\/product"}],"wp:featuredmedia":[{"embeddable":true,"href":"https:\/\/www.lausinyvicente.com\/en\/wp-json\/wp\/v2\/media\/2303"}],"wp:attachment":[{"href":"https:\/\/www.lausinyvicente.com\/en\/wp-json\/wp\/v2\/media?parent=5189"}],"wp:term":[{"taxonomy":"product_cat","embeddable":true,"href":"https:\/\/www.lausinyvicente.com\/en\/wp-json\/wp\/v2\/product_cat?post=5189"},{"taxonomy":"product_tag","embeddable":true,"href":"https:\/\/www.lausinyvicente.com\/en\/wp-json\/wp\/v2\/product_tag?post=5189"}],"curies":[{"name":"wp","href":"https:\/\/api.w.org\/{rel}","templated":true}]}}