{"id":5207,"date":"2022-11-27T09:46:22","date_gmt":"2022-11-27T09:46:22","guid":{"rendered":"https:\/\/www.lausinyvicente.com\/uncategorized\/aluminium-track-curbing-for-running-track\/"},"modified":"2024-03-13T15:00:52","modified_gmt":"2024-03-13T15:00:52","slug":"aluminium-track-curbing-running-track","status":"publish","type":"product","link":"https:\/\/www.lausinyvicente.com\/en\/athletics-equipment\/sprints-hurdles\/aluminium-track-curbing-running-track","title":{"rendered":"Aluminium track curbing for running track"},"content":{"rendered":"","protected":false},"excerpt":{"rendered":"<p><b>WA Certificate No.E-12-0651 \/<\/b> Permanent<b><br \/>\nWA Certificate No.E-20-1093 \/<\/b> Removable<\/p>\n<p>Aluminium track curbing, designed and manufactured in compliance with WA international athletics regulations. Both the curbing profile and the ground support profile (called pegs) are manufactured from extruded aluminium profile. May be supplied in two finishes: lacquered in white (subject to degreasing to guarantee the priming of the colour on the aluminium profile) or anodized silver. The curbing may be fixed to the running trackin two possible ways: permanent or removable. Price per linear metre.<\/p>\n","protected":false},"featured_media":2333,"template":"","meta":[],"product_cat":[168,86],"product_tag":[],"class_list":{"0":"post-5207","1":"product","2":"type-product","3":"status-publish","4":"has-post-thumbnail","6":"product_cat-sprints-hurdles","7":"product_cat-athletics-equipment","9":"first","10":"instock","11":"shipping-taxable","12":"purchasable","13":"product-type-variable"},"yoast_head":"<!-- This site is optimized with the Yoast SEO plugin v27.0 - https:\/\/yoast.com\/product\/yoast-seo-wordpress\/ -->\n<title>Aluminium track curbing for running track - Laus\u00edn y Vicente<\/title>\n<meta name=\"robots\" content=\"index, follow, max-snippet:-1, max-image-preview:large, max-video-preview:-1\" \/>\n<link rel=\"canonical\" href=\"https:\/\/www.lausinyvicente.com\/en\/athletics-equipment\/sprints-hurdles\/aluminium-track-curbing-running-track\" \/>\n<meta property=\"og:locale\" content=\"en_US\" \/>\n<meta property=\"og:type\" content=\"article\" \/>\n<meta property=\"og:title\" content=\"Aluminium track curbing for running track - Laus\u00edn y Vicente\" \/>\n<meta property=\"og:description\" content=\"WA Certificate No.E-12-0651 \/ Permanent WA Certificate No.E-20-1093 \/ Removable  Aluminium track curbing, designed and manufactured in compliance with WA international athletics regulations. Both the curbing profile and the ground support profile (called pegs) are manufactured from extruded aluminium profile. May be supplied in two finishes: lacquered in white (subject to degreasing to guarantee the priming of the colour on the aluminium profile) or anodized silver. The curbing may be fixed to the running trackin two possible ways: permanent or removable. Price per linear metre.\" \/>\n<meta property=\"og:url\" content=\"https:\/\/www.lausinyvicente.com\/en\/athletics-equipment\/sprints-hurdles\/aluminium-track-curbing-running-track\" \/>\n<meta property=\"og:site_name\" content=\"Laus\u00edn y Vicente\" \/>\n<meta property=\"article:modified_time\" content=\"2024-03-13T15:00:52+00:00\" \/>\n<meta property=\"og:image\" content=\"https:\/\/www.lausinyvicente.com\/wp-content\/uploads\/2022\/11\/A.98.00-bordillo-atletismo-aluminio.jpg\" \/>\n\t<meta property=\"og:image:width\" content=\"720\" \/>\n\t<meta property=\"og:image:height\" content=\"490\" \/>\n\t<meta property=\"og:image:type\" content=\"image\/jpeg\" \/>\n<meta name=\"twitter:card\" content=\"summary_large_image\" \/>\n<meta name=\"twitter:label1\" content=\"Est. reading time\" \/>\n\t<meta name=\"twitter:data1\" content=\"1 minute\" \/>\n<script type=\"application\/ld+json\" class=\"yoast-schema-graph\">{\"@context\":\"https:\/\/schema.org\",\"@graph\":[{\"@type\":\"WebPage\",\"@id\":\"https:\/\/www.lausinyvicente.com\/en\/athletics-equipment\/sprints-hurdles\/aluminium-track-curbing-running-track\",\"url\":\"https:\/\/www.lausinyvicente.com\/en\/athletics-equipment\/sprints-hurdles\/aluminium-track-curbing-running-track\",\"name\":\"Aluminium track curbing for running track - Laus\u00edn y Vicente\",\"isPartOf\":{\"@id\":\"https:\/\/www.lausinyvicente.com\/#website\"},\"primaryImageOfPage\":{\"@id\":\"https:\/\/www.lausinyvicente.com\/en\/athletics-equipment\/sprints-hurdles\/aluminium-track-curbing-running-track#primaryimage\"},\"image\":{\"@id\":\"https:\/\/www.lausinyvicente.com\/en\/athletics-equipment\/sprints-hurdles\/aluminium-track-curbing-running-track#primaryimage\"},\"thumbnailUrl\":\"https:\/\/www.lausinyvicente.com\/wp-content\/uploads\/2022\/11\/A.98.00-bordillo-atletismo-aluminio.jpg\",\"datePublished\":\"2022-11-27T09:46:22+00:00\",\"dateModified\":\"2024-03-13T15:00:52+00:00\",\"breadcrumb\":{\"@id\":\"https:\/\/www.lausinyvicente.com\/en\/athletics-equipment\/sprints-hurdles\/aluminium-track-curbing-running-track#breadcrumb\"},\"inLanguage\":\"en-US\",\"potentialAction\":[{\"@type\":\"ReadAction\",\"target\":[\"https:\/\/www.lausinyvicente.com\/en\/athletics-equipment\/sprints-hurdles\/aluminium-track-curbing-running-track\"]}]},{\"@type\":\"ImageObject\",\"inLanguage\":\"en-US\",\"@id\":\"https:\/\/www.lausinyvicente.com\/en\/athletics-equipment\/sprints-hurdles\/aluminium-track-curbing-running-track#primaryimage\",\"url\":\"https:\/\/www.lausinyvicente.com\/wp-content\/uploads\/2022\/11\/A.98.00-bordillo-atletismo-aluminio.jpg\",\"contentUrl\":\"https:\/\/www.lausinyvicente.com\/wp-content\/uploads\/2022\/11\/A.98.00-bordillo-atletismo-aluminio.jpg\",\"width\":720,\"height\":490},{\"@type\":\"BreadcrumbList\",\"@id\":\"https:\/\/www.lausinyvicente.com\/en\/athletics-equipment\/sprints-hurdles\/aluminium-track-curbing-running-track#breadcrumb\",\"itemListElement\":[{\"@type\":\"ListItem\",\"position\":1,\"name\":\"Portada\",\"item\":\"https:\/\/www.lausinyvicente.com\/\"},{\"@type\":\"ListItem\",\"position\":2,\"name\":\"Shop\",\"item\":\"https:\/\/www.lausinyvicente.com\/en\/shop\"},{\"@type\":\"ListItem\",\"position\":3,\"name\":\"Aluminium track curbing for running track\"}]},{\"@type\":\"WebSite\",\"@id\":\"https:\/\/www.lausinyvicente.com\/#website\",\"url\":\"https:\/\/www.lausinyvicente.com\/\",\"name\":\"Laus\u00edn y Vicente\",\"description\":\"Fabricaci\u00f3n y distribuci\u00f3n de material deportivo\",\"potentialAction\":[{\"@type\":\"SearchAction\",\"target\":{\"@type\":\"EntryPoint\",\"urlTemplate\":\"https:\/\/www.lausinyvicente.com\/?s={search_term_string}\"},\"query-input\":{\"@type\":\"PropertyValueSpecification\",\"valueRequired\":true,\"valueName\":\"search_term_string\"}}],\"inLanguage\":\"en-US\"}]}<\/script>\n<!-- \/ Yoast SEO plugin. -->","yoast_head_json":{"title":"Aluminium track curbing for running track - Laus\u00edn y Vicente","robots":{"index":"index","follow":"follow","max-snippet":"max-snippet:-1","max-image-preview":"max-image-preview:large","max-video-preview":"max-video-preview:-1"},"canonical":"https:\/\/www.lausinyvicente.com\/en\/athletics-equipment\/sprints-hurdles\/aluminium-track-curbing-running-track","og_locale":"en_US","og_type":"article","og_title":"Aluminium track curbing for running track - Laus\u00edn y Vicente","og_description":"WA Certificate No.E-12-0651 \/ Permanent WA Certificate No.E-20-1093 \/ Removable  Aluminium track curbing, designed and manufactured in compliance with WA international athletics regulations. Both the curbing profile and the ground support profile (called pegs) are manufactured from extruded aluminium profile. May be supplied in two finishes: lacquered in white (subject to degreasing to guarantee the priming of the colour on the aluminium profile) or anodized silver. The curbing may be fixed to the running trackin two possible ways: permanent or removable. Price per linear metre.","og_url":"https:\/\/www.lausinyvicente.com\/en\/athletics-equipment\/sprints-hurdles\/aluminium-track-curbing-running-track","og_site_name":"Laus\u00edn y Vicente","article_modified_time":"2024-03-13T15:00:52+00:00","og_image":[{"width":720,"height":490,"url":"https:\/\/www.lausinyvicente.com\/wp-content\/uploads\/2022\/11\/A.98.00-bordillo-atletismo-aluminio.jpg","type":"image\/jpeg"}],"twitter_card":"summary_large_image","twitter_misc":{"Est. reading time":"1 minute"},"schema":{"@context":"https:\/\/schema.org","@graph":[{"@type":"WebPage","@id":"https:\/\/www.lausinyvicente.com\/en\/athletics-equipment\/sprints-hurdles\/aluminium-track-curbing-running-track","url":"https:\/\/www.lausinyvicente.com\/en\/athletics-equipment\/sprints-hurdles\/aluminium-track-curbing-running-track","name":"Aluminium track curbing for running track - Laus\u00edn y Vicente","isPartOf":{"@id":"https:\/\/www.lausinyvicente.com\/#website"},"primaryImageOfPage":{"@id":"https:\/\/www.lausinyvicente.com\/en\/athletics-equipment\/sprints-hurdles\/aluminium-track-curbing-running-track#primaryimage"},"image":{"@id":"https:\/\/www.lausinyvicente.com\/en\/athletics-equipment\/sprints-hurdles\/aluminium-track-curbing-running-track#primaryimage"},"thumbnailUrl":"https:\/\/www.lausinyvicente.com\/wp-content\/uploads\/2022\/11\/A.98.00-bordillo-atletismo-aluminio.jpg","datePublished":"2022-11-27T09:46:22+00:00","dateModified":"2024-03-13T15:00:52+00:00","breadcrumb":{"@id":"https:\/\/www.lausinyvicente.com\/en\/athletics-equipment\/sprints-hurdles\/aluminium-track-curbing-running-track#breadcrumb"},"inLanguage":"en-US","potentialAction":[{"@type":"ReadAction","target":["https:\/\/www.lausinyvicente.com\/en\/athletics-equipment\/sprints-hurdles\/aluminium-track-curbing-running-track"]}]},{"@type":"ImageObject","inLanguage":"en-US","@id":"https:\/\/www.lausinyvicente.com\/en\/athletics-equipment\/sprints-hurdles\/aluminium-track-curbing-running-track#primaryimage","url":"https:\/\/www.lausinyvicente.com\/wp-content\/uploads\/2022\/11\/A.98.00-bordillo-atletismo-aluminio.jpg","contentUrl":"https:\/\/www.lausinyvicente.com\/wp-content\/uploads\/2022\/11\/A.98.00-bordillo-atletismo-aluminio.jpg","width":720,"height":490},{"@type":"BreadcrumbList","@id":"https:\/\/www.lausinyvicente.com\/en\/athletics-equipment\/sprints-hurdles\/aluminium-track-curbing-running-track#breadcrumb","itemListElement":[{"@type":"ListItem","position":1,"name":"Portada","item":"https:\/\/www.lausinyvicente.com\/"},{"@type":"ListItem","position":2,"name":"Shop","item":"https:\/\/www.lausinyvicente.com\/en\/shop"},{"@type":"ListItem","position":3,"name":"Aluminium track curbing for running track"}]},{"@type":"WebSite","@id":"https:\/\/www.lausinyvicente.com\/#website","url":"https:\/\/www.lausinyvicente.com\/","name":"Laus\u00edn y Vicente","description":"Fabricaci\u00f3n y distribuci\u00f3n de material deportivo","potentialAction":[{"@type":"SearchAction","target":{"@type":"EntryPoint","urlTemplate":"https:\/\/www.lausinyvicente.com\/?s={search_term_string}"},"query-input":{"@type":"PropertyValueSpecification","valueRequired":true,"valueName":"search_term_string"}}],"inLanguage":"en-US"}]}},"_links":{"self":[{"href":"https:\/\/www.lausinyvicente.com\/en\/wp-json\/wp\/v2\/product\/5207","targetHints":{"allow":["GET"]}}],"collection":[{"href":"https:\/\/www.lausinyvicente.com\/en\/wp-json\/wp\/v2\/product"}],"about":[{"href":"https:\/\/www.lausinyvicente.com\/en\/wp-json\/wp\/v2\/types\/product"}],"wp:featuredmedia":[{"embeddable":true,"href":"https:\/\/www.lausinyvicente.com\/en\/wp-json\/wp\/v2\/media\/2333"}],"wp:attachment":[{"href":"https:\/\/www.lausinyvicente.com\/en\/wp-json\/wp\/v2\/media?parent=5207"}],"wp:term":[{"taxonomy":"product_cat","embeddable":true,"href":"https:\/\/www.lausinyvicente.com\/en\/wp-json\/wp\/v2\/product_cat?post=5207"},{"taxonomy":"product_tag","embeddable":true,"href":"https:\/\/www.lausinyvicente.com\/en\/wp-json\/wp\/v2\/product_tag?post=5207"}],"curies":[{"name":"wp","href":"https:\/\/api.w.org\/{rel}","templated":true}]}}