{"id":5214,"date":"2022-11-27T08:40:26","date_gmt":"2022-11-27T08:40:26","guid":{"rendered":"https:\/\/www.lausinyvicente.com\/uncategorized\/metric-scale-for-long-and-triple-jump\/"},"modified":"2022-11-27T08:40:26","modified_gmt":"2022-11-27T08:40:26","slug":"metric-scale-long-triple-jump","status":"publish","type":"product","link":"https:\/\/www.lausinyvicente.com\/en\/athletics-equipment\/long-jump\/metric-scale-long-triple-jump","title":{"rendered":"Metric scale for long and triple jump"},"content":{"rendered":"","protected":false},"excerpt":{"rendered":"<p>Manufactured in two pieces of 20 mm melamine board and reinforced on the entire perimeter with a frame of 25x25x2 mm iron profile and bases of 40x40x2 mm profile. Frame and ground supports painted with white epoxy paint and subsequently oven-dried. Marks and numbering in 10 and 5 cm black vinyl. The scale is composed of 2 parts measuring 2,40 x 0,35 x 0,35 mm to place next to the sandpit with scale of 4 to 8 on one side for long jump and 11 to 15 for triple jump. Both sides of the mixed scale model are marked. Each side includes the numbering of both disciplines.     <\/p>\n","protected":false},"featured_media":2309,"template":"","meta":[],"product_cat":[182,86],"product_tag":[],"class_list":{"0":"post-5214","1":"product","2":"type-product","3":"status-publish","4":"has-post-thumbnail","6":"product_cat-long-jump","7":"product_cat-athletics-equipment","9":"first","10":"instock","11":"shipping-taxable","12":"purchasable","13":"product-type-variable"},"yoast_head":"<!-- This site is optimized with the Yoast SEO plugin v27.0 - https:\/\/yoast.com\/product\/yoast-seo-wordpress\/ -->\n<title>Metric scale for long and triple jump - Laus\u00edn y Vicente<\/title>\n<meta name=\"robots\" content=\"index, follow, max-snippet:-1, max-image-preview:large, max-video-preview:-1\" \/>\n<link rel=\"canonical\" href=\"https:\/\/www.lausinyvicente.com\/en\/athletics-equipment\/long-jump\/metric-scale-long-triple-jump\" \/>\n<meta property=\"og:locale\" content=\"en_US\" \/>\n<meta property=\"og:type\" content=\"article\" \/>\n<meta property=\"og:title\" content=\"Metric scale for long and triple jump - Laus\u00edn y Vicente\" \/>\n<meta property=\"og:description\" content=\"Manufactured in two pieces of 20 mm melamine board and reinforced on the entire perimeter with a frame of 25x25x2 mm iron profile and bases of 40x40x2 mm profile. Frame and ground supports painted with white epoxy paint and subsequently oven-dried. Marks and numbering in 10 and 5 cm black vinyl. The scale is composed of 2 parts measuring 2,40 x 0,35 x 0,35 mm to place next to the sandpit with scale of 4 to 8 on one side for long jump and 11 to 15 for triple jump. Both sides of the mixed scale model are marked. Each side includes the numbering of both disciplines.\" \/>\n<meta property=\"og:url\" content=\"https:\/\/www.lausinyvicente.com\/en\/athletics-equipment\/long-jump\/metric-scale-long-triple-jump\" \/>\n<meta property=\"og:site_name\" content=\"Laus\u00edn y Vicente\" \/>\n<meta property=\"og:image\" content=\"https:\/\/www.lausinyvicente.com\/wp-content\/uploads\/2022\/11\/A.11.09-escala-metrica-salto-longitud-tripe-salto.jpg\" \/>\n\t<meta property=\"og:image:width\" content=\"720\" \/>\n\t<meta property=\"og:image:height\" content=\"490\" \/>\n\t<meta property=\"og:image:type\" content=\"image\/jpeg\" \/>\n<meta name=\"twitter:card\" content=\"summary_large_image\" \/>\n<script type=\"application\/ld+json\" class=\"yoast-schema-graph\">{\"@context\":\"https:\/\/schema.org\",\"@graph\":[{\"@type\":\"WebPage\",\"@id\":\"https:\/\/www.lausinyvicente.com\/en\/athletics-equipment\/long-jump\/metric-scale-long-triple-jump\",\"url\":\"https:\/\/www.lausinyvicente.com\/en\/athletics-equipment\/long-jump\/metric-scale-long-triple-jump\",\"name\":\"Metric scale for long and triple jump - Laus\u00edn y Vicente\",\"isPartOf\":{\"@id\":\"https:\/\/www.lausinyvicente.com\/#website\"},\"primaryImageOfPage\":{\"@id\":\"https:\/\/www.lausinyvicente.com\/en\/athletics-equipment\/long-jump\/metric-scale-long-triple-jump#primaryimage\"},\"image\":{\"@id\":\"https:\/\/www.lausinyvicente.com\/en\/athletics-equipment\/long-jump\/metric-scale-long-triple-jump#primaryimage\"},\"thumbnailUrl\":\"https:\/\/www.lausinyvicente.com\/wp-content\/uploads\/2022\/11\/A.11.09-escala-metrica-salto-longitud-tripe-salto.jpg\",\"datePublished\":\"2022-11-27T08:40:26+00:00\",\"breadcrumb\":{\"@id\":\"https:\/\/www.lausinyvicente.com\/en\/athletics-equipment\/long-jump\/metric-scale-long-triple-jump#breadcrumb\"},\"inLanguage\":\"en-US\",\"potentialAction\":[{\"@type\":\"ReadAction\",\"target\":[\"https:\/\/www.lausinyvicente.com\/en\/athletics-equipment\/long-jump\/metric-scale-long-triple-jump\"]}]},{\"@type\":\"ImageObject\",\"inLanguage\":\"en-US\",\"@id\":\"https:\/\/www.lausinyvicente.com\/en\/athletics-equipment\/long-jump\/metric-scale-long-triple-jump#primaryimage\",\"url\":\"https:\/\/www.lausinyvicente.com\/wp-content\/uploads\/2022\/11\/A.11.09-escala-metrica-salto-longitud-tripe-salto.jpg\",\"contentUrl\":\"https:\/\/www.lausinyvicente.com\/wp-content\/uploads\/2022\/11\/A.11.09-escala-metrica-salto-longitud-tripe-salto.jpg\",\"width\":720,\"height\":490},{\"@type\":\"BreadcrumbList\",\"@id\":\"https:\/\/www.lausinyvicente.com\/en\/athletics-equipment\/long-jump\/metric-scale-long-triple-jump#breadcrumb\",\"itemListElement\":[{\"@type\":\"ListItem\",\"position\":1,\"name\":\"Portada\",\"item\":\"https:\/\/www.lausinyvicente.com\/\"},{\"@type\":\"ListItem\",\"position\":2,\"name\":\"Shop\",\"item\":\"https:\/\/www.lausinyvicente.com\/en\/shop\"},{\"@type\":\"ListItem\",\"position\":3,\"name\":\"Metric scale for long and triple jump\"}]},{\"@type\":\"WebSite\",\"@id\":\"https:\/\/www.lausinyvicente.com\/#website\",\"url\":\"https:\/\/www.lausinyvicente.com\/\",\"name\":\"Laus\u00edn y Vicente\",\"description\":\"Fabricaci\u00f3n y distribuci\u00f3n de material deportivo\",\"potentialAction\":[{\"@type\":\"SearchAction\",\"target\":{\"@type\":\"EntryPoint\",\"urlTemplate\":\"https:\/\/www.lausinyvicente.com\/?s={search_term_string}\"},\"query-input\":{\"@type\":\"PropertyValueSpecification\",\"valueRequired\":true,\"valueName\":\"search_term_string\"}}],\"inLanguage\":\"en-US\"}]}<\/script>\n<!-- \/ Yoast SEO plugin. -->","yoast_head_json":{"title":"Metric scale for long and triple jump - Laus\u00edn y Vicente","robots":{"index":"index","follow":"follow","max-snippet":"max-snippet:-1","max-image-preview":"max-image-preview:large","max-video-preview":"max-video-preview:-1"},"canonical":"https:\/\/www.lausinyvicente.com\/en\/athletics-equipment\/long-jump\/metric-scale-long-triple-jump","og_locale":"en_US","og_type":"article","og_title":"Metric scale for long and triple jump - Laus\u00edn y Vicente","og_description":"Manufactured in two pieces of 20 mm melamine board and reinforced on the entire perimeter with a frame of 25x25x2 mm iron profile and bases of 40x40x2 mm profile. Frame and ground supports painted with white epoxy paint and subsequently oven-dried. Marks and numbering in 10 and 5 cm black vinyl. The scale is composed of 2 parts measuring 2,40 x 0,35 x 0,35 mm to place next to the sandpit with scale of 4 to 8 on one side for long jump and 11 to 15 for triple jump. Both sides of the mixed scale model are marked. Each side includes the numbering of both disciplines.","og_url":"https:\/\/www.lausinyvicente.com\/en\/athletics-equipment\/long-jump\/metric-scale-long-triple-jump","og_site_name":"Laus\u00edn y Vicente","og_image":[{"width":720,"height":490,"url":"https:\/\/www.lausinyvicente.com\/wp-content\/uploads\/2022\/11\/A.11.09-escala-metrica-salto-longitud-tripe-salto.jpg","type":"image\/jpeg"}],"twitter_card":"summary_large_image","schema":{"@context":"https:\/\/schema.org","@graph":[{"@type":"WebPage","@id":"https:\/\/www.lausinyvicente.com\/en\/athletics-equipment\/long-jump\/metric-scale-long-triple-jump","url":"https:\/\/www.lausinyvicente.com\/en\/athletics-equipment\/long-jump\/metric-scale-long-triple-jump","name":"Metric scale for long and triple jump - Laus\u00edn y Vicente","isPartOf":{"@id":"https:\/\/www.lausinyvicente.com\/#website"},"primaryImageOfPage":{"@id":"https:\/\/www.lausinyvicente.com\/en\/athletics-equipment\/long-jump\/metric-scale-long-triple-jump#primaryimage"},"image":{"@id":"https:\/\/www.lausinyvicente.com\/en\/athletics-equipment\/long-jump\/metric-scale-long-triple-jump#primaryimage"},"thumbnailUrl":"https:\/\/www.lausinyvicente.com\/wp-content\/uploads\/2022\/11\/A.11.09-escala-metrica-salto-longitud-tripe-salto.jpg","datePublished":"2022-11-27T08:40:26+00:00","breadcrumb":{"@id":"https:\/\/www.lausinyvicente.com\/en\/athletics-equipment\/long-jump\/metric-scale-long-triple-jump#breadcrumb"},"inLanguage":"en-US","potentialAction":[{"@type":"ReadAction","target":["https:\/\/www.lausinyvicente.com\/en\/athletics-equipment\/long-jump\/metric-scale-long-triple-jump"]}]},{"@type":"ImageObject","inLanguage":"en-US","@id":"https:\/\/www.lausinyvicente.com\/en\/athletics-equipment\/long-jump\/metric-scale-long-triple-jump#primaryimage","url":"https:\/\/www.lausinyvicente.com\/wp-content\/uploads\/2022\/11\/A.11.09-escala-metrica-salto-longitud-tripe-salto.jpg","contentUrl":"https:\/\/www.lausinyvicente.com\/wp-content\/uploads\/2022\/11\/A.11.09-escala-metrica-salto-longitud-tripe-salto.jpg","width":720,"height":490},{"@type":"BreadcrumbList","@id":"https:\/\/www.lausinyvicente.com\/en\/athletics-equipment\/long-jump\/metric-scale-long-triple-jump#breadcrumb","itemListElement":[{"@type":"ListItem","position":1,"name":"Portada","item":"https:\/\/www.lausinyvicente.com\/"},{"@type":"ListItem","position":2,"name":"Shop","item":"https:\/\/www.lausinyvicente.com\/en\/shop"},{"@type":"ListItem","position":3,"name":"Metric scale for long and triple jump"}]},{"@type":"WebSite","@id":"https:\/\/www.lausinyvicente.com\/#website","url":"https:\/\/www.lausinyvicente.com\/","name":"Laus\u00edn y Vicente","description":"Fabricaci\u00f3n y distribuci\u00f3n de material deportivo","potentialAction":[{"@type":"SearchAction","target":{"@type":"EntryPoint","urlTemplate":"https:\/\/www.lausinyvicente.com\/?s={search_term_string}"},"query-input":{"@type":"PropertyValueSpecification","valueRequired":true,"valueName":"search_term_string"}}],"inLanguage":"en-US"}]}},"_links":{"self":[{"href":"https:\/\/www.lausinyvicente.com\/en\/wp-json\/wp\/v2\/product\/5214","targetHints":{"allow":["GET"]}}],"collection":[{"href":"https:\/\/www.lausinyvicente.com\/en\/wp-json\/wp\/v2\/product"}],"about":[{"href":"https:\/\/www.lausinyvicente.com\/en\/wp-json\/wp\/v2\/types\/product"}],"wp:featuredmedia":[{"embeddable":true,"href":"https:\/\/www.lausinyvicente.com\/en\/wp-json\/wp\/v2\/media\/2309"}],"wp:attachment":[{"href":"https:\/\/www.lausinyvicente.com\/en\/wp-json\/wp\/v2\/media?parent=5214"}],"wp:term":[{"taxonomy":"product_cat","embeddable":true,"href":"https:\/\/www.lausinyvicente.com\/en\/wp-json\/wp\/v2\/product_cat?post=5214"},{"taxonomy":"product_tag","embeddable":true,"href":"https:\/\/www.lausinyvicente.com\/en\/wp-json\/wp\/v2\/product_tag?post=5214"}],"curies":[{"name":"wp","href":"https:\/\/api.w.org\/{rel}","templated":true}]}}