{"id":5239,"date":"2022-11-27T09:34:35","date_gmt":"2022-11-27T09:34:35","guid":{"rendered":"https:\/\/www.lausinyvicente.com\/uncategorized\/indoor-shot-put-platform\/"},"modified":"2022-11-27T09:34:35","modified_gmt":"2022-11-27T09:34:35","slug":"indoor-shot-put-platform","status":"publish","type":"product","link":"https:\/\/www.lausinyvicente.com\/en\/athletics-equipment\/shots\/indoor-shot-put-platform","title":{"rendered":"Indoor shot put platform"},"content":{"rendered":"","protected":false},"excerpt":{"rendered":"<p>Highly resistant, non-slip birch plywood platform. Made of several machined parts for a subsequent fastening and an easy transport. The board has a weight throwing ring, designed and manufactured in compliance with WA international athletics regulations. It is made of steel plate rectangular section of 20&#215;15 mm forming an inner diameter of 2.135 mm, WA certificate No. E-12-0669. It includes a shot put container side mounted, made of fibreglass WA Certificate E-12-0668. Dimensions: 3.10&#215;3.10 m and thickness of 50 mm. The outer part of the board is lacquered in red, the profile forming the circle in white and the inner wooden circle in brown.       <\/p>\n","protected":false},"featured_media":2329,"template":"","meta":[],"product_cat":[178,86],"product_tag":[],"class_list":{"0":"post-5239","1":"product","2":"type-product","3":"status-publish","4":"has-post-thumbnail","6":"product_cat-shots","7":"product_cat-athletics-equipment","9":"first","10":"instock","11":"shipping-taxable","12":"purchasable","13":"product-type-simple"},"yoast_head":"<!-- This site is optimized with the Yoast SEO plugin v27.0 - https:\/\/yoast.com\/product\/yoast-seo-wordpress\/ -->\n<title>Indoor shot put platform - Laus\u00edn y Vicente<\/title>\n<meta name=\"robots\" content=\"index, follow, max-snippet:-1, max-image-preview:large, max-video-preview:-1\" \/>\n<link rel=\"canonical\" href=\"https:\/\/www.lausinyvicente.com\/en\/athletics-equipment\/shots\/indoor-shot-put-platform\" \/>\n<meta property=\"og:locale\" content=\"en_US\" \/>\n<meta property=\"og:type\" content=\"article\" \/>\n<meta property=\"og:title\" content=\"Indoor shot put platform - Laus\u00edn y Vicente\" \/>\n<meta property=\"og:description\" content=\"Highly resistant, non-slip birch plywood platform. Made of several machined parts for a subsequent fastening and an easy transport. The board has a weight throwing ring, designed and manufactured in compliance with WA international athletics regulations. It is made of steel plate rectangular section of 20x15 mm forming an inner diameter of 2.135 mm, WA certificate No. E-12-0669. It includes a shot put container side mounted, made of fibreglass WA Certificate E-12-0668. Dimensions: 3.10x3.10 m and thickness of 50 mm. The outer part of the board is lacquered in red, the profile forming the circle in white and the inner wooden circle in brown.\" \/>\n<meta property=\"og:url\" content=\"https:\/\/www.lausinyvicente.com\/en\/athletics-equipment\/shots\/indoor-shot-put-platform\" \/>\n<meta property=\"og:site_name\" content=\"Laus\u00edn y Vicente\" \/>\n<meta property=\"og:image\" content=\"https:\/\/www.lausinyvicente.com\/wp-content\/uploads\/2022\/11\/A.06.67_Plataforma-indoor-lanzamiento-peso.jpg\" \/>\n\t<meta property=\"og:image:width\" content=\"720\" \/>\n\t<meta property=\"og:image:height\" content=\"490\" \/>\n\t<meta property=\"og:image:type\" content=\"image\/jpeg\" \/>\n<meta name=\"twitter:card\" content=\"summary_large_image\" \/>\n<script type=\"application\/ld+json\" class=\"yoast-schema-graph\">{\"@context\":\"https:\/\/schema.org\",\"@graph\":[{\"@type\":\"WebPage\",\"@id\":\"https:\/\/www.lausinyvicente.com\/en\/athletics-equipment\/shots\/indoor-shot-put-platform\",\"url\":\"https:\/\/www.lausinyvicente.com\/en\/athletics-equipment\/shots\/indoor-shot-put-platform\",\"name\":\"Indoor shot put platform - Laus\u00edn y Vicente\",\"isPartOf\":{\"@id\":\"https:\/\/www.lausinyvicente.com\/#website\"},\"primaryImageOfPage\":{\"@id\":\"https:\/\/www.lausinyvicente.com\/en\/athletics-equipment\/shots\/indoor-shot-put-platform#primaryimage\"},\"image\":{\"@id\":\"https:\/\/www.lausinyvicente.com\/en\/athletics-equipment\/shots\/indoor-shot-put-platform#primaryimage\"},\"thumbnailUrl\":\"https:\/\/www.lausinyvicente.com\/wp-content\/uploads\/2022\/11\/A.06.67_Plataforma-indoor-lanzamiento-peso.jpg\",\"datePublished\":\"2022-11-27T09:34:35+00:00\",\"breadcrumb\":{\"@id\":\"https:\/\/www.lausinyvicente.com\/en\/athletics-equipment\/shots\/indoor-shot-put-platform#breadcrumb\"},\"inLanguage\":\"en-US\",\"potentialAction\":[{\"@type\":\"ReadAction\",\"target\":[\"https:\/\/www.lausinyvicente.com\/en\/athletics-equipment\/shots\/indoor-shot-put-platform\"]}]},{\"@type\":\"ImageObject\",\"inLanguage\":\"en-US\",\"@id\":\"https:\/\/www.lausinyvicente.com\/en\/athletics-equipment\/shots\/indoor-shot-put-platform#primaryimage\",\"url\":\"https:\/\/www.lausinyvicente.com\/wp-content\/uploads\/2022\/11\/A.06.67_Plataforma-indoor-lanzamiento-peso.jpg\",\"contentUrl\":\"https:\/\/www.lausinyvicente.com\/wp-content\/uploads\/2022\/11\/A.06.67_Plataforma-indoor-lanzamiento-peso.jpg\",\"width\":720,\"height\":490},{\"@type\":\"BreadcrumbList\",\"@id\":\"https:\/\/www.lausinyvicente.com\/en\/athletics-equipment\/shots\/indoor-shot-put-platform#breadcrumb\",\"itemListElement\":[{\"@type\":\"ListItem\",\"position\":1,\"name\":\"Portada\",\"item\":\"https:\/\/www.lausinyvicente.com\/\"},{\"@type\":\"ListItem\",\"position\":2,\"name\":\"Shop\",\"item\":\"https:\/\/www.lausinyvicente.com\/en\/shop\"},{\"@type\":\"ListItem\",\"position\":3,\"name\":\"Indoor shot put platform\"}]},{\"@type\":\"WebSite\",\"@id\":\"https:\/\/www.lausinyvicente.com\/#website\",\"url\":\"https:\/\/www.lausinyvicente.com\/\",\"name\":\"Laus\u00edn y Vicente\",\"description\":\"Fabricaci\u00f3n y distribuci\u00f3n de material deportivo\",\"potentialAction\":[{\"@type\":\"SearchAction\",\"target\":{\"@type\":\"EntryPoint\",\"urlTemplate\":\"https:\/\/www.lausinyvicente.com\/?s={search_term_string}\"},\"query-input\":{\"@type\":\"PropertyValueSpecification\",\"valueRequired\":true,\"valueName\":\"search_term_string\"}}],\"inLanguage\":\"en-US\"}]}<\/script>\n<!-- \/ Yoast SEO plugin. -->","yoast_head_json":{"title":"Indoor shot put platform - Laus\u00edn y Vicente","robots":{"index":"index","follow":"follow","max-snippet":"max-snippet:-1","max-image-preview":"max-image-preview:large","max-video-preview":"max-video-preview:-1"},"canonical":"https:\/\/www.lausinyvicente.com\/en\/athletics-equipment\/shots\/indoor-shot-put-platform","og_locale":"en_US","og_type":"article","og_title":"Indoor shot put platform - Laus\u00edn y Vicente","og_description":"Highly resistant, non-slip birch plywood platform. Made of several machined parts for a subsequent fastening and an easy transport. The board has a weight throwing ring, designed and manufactured in compliance with WA international athletics regulations. It is made of steel plate rectangular section of 20x15 mm forming an inner diameter of 2.135 mm, WA certificate No. E-12-0669. It includes a shot put container side mounted, made of fibreglass WA Certificate E-12-0668. Dimensions: 3.10x3.10 m and thickness of 50 mm. The outer part of the board is lacquered in red, the profile forming the circle in white and the inner wooden circle in brown.","og_url":"https:\/\/www.lausinyvicente.com\/en\/athletics-equipment\/shots\/indoor-shot-put-platform","og_site_name":"Laus\u00edn y Vicente","og_image":[{"width":720,"height":490,"url":"https:\/\/www.lausinyvicente.com\/wp-content\/uploads\/2022\/11\/A.06.67_Plataforma-indoor-lanzamiento-peso.jpg","type":"image\/jpeg"}],"twitter_card":"summary_large_image","schema":{"@context":"https:\/\/schema.org","@graph":[{"@type":"WebPage","@id":"https:\/\/www.lausinyvicente.com\/en\/athletics-equipment\/shots\/indoor-shot-put-platform","url":"https:\/\/www.lausinyvicente.com\/en\/athletics-equipment\/shots\/indoor-shot-put-platform","name":"Indoor shot put platform - Laus\u00edn y Vicente","isPartOf":{"@id":"https:\/\/www.lausinyvicente.com\/#website"},"primaryImageOfPage":{"@id":"https:\/\/www.lausinyvicente.com\/en\/athletics-equipment\/shots\/indoor-shot-put-platform#primaryimage"},"image":{"@id":"https:\/\/www.lausinyvicente.com\/en\/athletics-equipment\/shots\/indoor-shot-put-platform#primaryimage"},"thumbnailUrl":"https:\/\/www.lausinyvicente.com\/wp-content\/uploads\/2022\/11\/A.06.67_Plataforma-indoor-lanzamiento-peso.jpg","datePublished":"2022-11-27T09:34:35+00:00","breadcrumb":{"@id":"https:\/\/www.lausinyvicente.com\/en\/athletics-equipment\/shots\/indoor-shot-put-platform#breadcrumb"},"inLanguage":"en-US","potentialAction":[{"@type":"ReadAction","target":["https:\/\/www.lausinyvicente.com\/en\/athletics-equipment\/shots\/indoor-shot-put-platform"]}]},{"@type":"ImageObject","inLanguage":"en-US","@id":"https:\/\/www.lausinyvicente.com\/en\/athletics-equipment\/shots\/indoor-shot-put-platform#primaryimage","url":"https:\/\/www.lausinyvicente.com\/wp-content\/uploads\/2022\/11\/A.06.67_Plataforma-indoor-lanzamiento-peso.jpg","contentUrl":"https:\/\/www.lausinyvicente.com\/wp-content\/uploads\/2022\/11\/A.06.67_Plataforma-indoor-lanzamiento-peso.jpg","width":720,"height":490},{"@type":"BreadcrumbList","@id":"https:\/\/www.lausinyvicente.com\/en\/athletics-equipment\/shots\/indoor-shot-put-platform#breadcrumb","itemListElement":[{"@type":"ListItem","position":1,"name":"Portada","item":"https:\/\/www.lausinyvicente.com\/"},{"@type":"ListItem","position":2,"name":"Shop","item":"https:\/\/www.lausinyvicente.com\/en\/shop"},{"@type":"ListItem","position":3,"name":"Indoor shot put platform"}]},{"@type":"WebSite","@id":"https:\/\/www.lausinyvicente.com\/#website","url":"https:\/\/www.lausinyvicente.com\/","name":"Laus\u00edn y Vicente","description":"Fabricaci\u00f3n y distribuci\u00f3n de material deportivo","potentialAction":[{"@type":"SearchAction","target":{"@type":"EntryPoint","urlTemplate":"https:\/\/www.lausinyvicente.com\/?s={search_term_string}"},"query-input":{"@type":"PropertyValueSpecification","valueRequired":true,"valueName":"search_term_string"}}],"inLanguage":"en-US"}]}},"_links":{"self":[{"href":"https:\/\/www.lausinyvicente.com\/en\/wp-json\/wp\/v2\/product\/5239","targetHints":{"allow":["GET"]}}],"collection":[{"href":"https:\/\/www.lausinyvicente.com\/en\/wp-json\/wp\/v2\/product"}],"about":[{"href":"https:\/\/www.lausinyvicente.com\/en\/wp-json\/wp\/v2\/types\/product"}],"wp:featuredmedia":[{"embeddable":true,"href":"https:\/\/www.lausinyvicente.com\/en\/wp-json\/wp\/v2\/media\/2329"}],"wp:attachment":[{"href":"https:\/\/www.lausinyvicente.com\/en\/wp-json\/wp\/v2\/media?parent=5239"}],"wp:term":[{"taxonomy":"product_cat","embeddable":true,"href":"https:\/\/www.lausinyvicente.com\/en\/wp-json\/wp\/v2\/product_cat?post=5239"},{"taxonomy":"product_tag","embeddable":true,"href":"https:\/\/www.lausinyvicente.com\/en\/wp-json\/wp\/v2\/product_tag?post=5239"}],"curies":[{"name":"wp","href":"https:\/\/api.w.org\/{rel}","templated":true}]}}