{"id":5247,"date":"2022-11-27T09:26:23","date_gmt":"2022-11-27T09:26:23","guid":{"rendered":"https:\/\/www.lausinyvicente.com\/uncategorized\/metal-pole-vault-stands\/"},"modified":"2022-11-27T09:26:23","modified_gmt":"2022-11-27T09:26:23","slug":"metal-pole-vault-stands","status":"publish","type":"product","link":"https:\/\/www.lausinyvicente.com\/en\/athletics-equipment\/pole-vault\/metal-pole-vault-stands","title":{"rendered":"Metal pole vault stands"},"content":{"rendered":"","protected":false},"excerpt":{"rendered":"<p>Designed and manufactured in compliance with current regulations. Metal structure painted with epoxy paint. Manual bar adjustment. The lower part of the measuring device, which is attached to the ground is composed of 2 steel U-shaped side rails which the post base moves along. It has a locking system to enable the measuring device to be set at the desired height. Height from 2.80 m to 5.50 m. Posts can be folded away.      <\/p>\n","protected":false},"featured_media":2323,"template":"","meta":[],"product_cat":[184,86],"product_tag":[],"class_list":{"0":"post-5247","1":"product","2":"type-product","3":"status-publish","4":"has-post-thumbnail","6":"product_cat-pole-vault","7":"product_cat-athletics-equipment","9":"first","10":"instock","11":"shipping-taxable","12":"purchasable","13":"product-type-simple"},"yoast_head":"<!-- This site is optimized with the Yoast SEO plugin v27.0 - https:\/\/yoast.com\/product\/yoast-seo-wordpress\/ -->\n<title>Metal pole vault stands - Laus\u00edn y Vicente<\/title>\n<meta name=\"robots\" content=\"index, follow, max-snippet:-1, max-image-preview:large, max-video-preview:-1\" \/>\n<link rel=\"canonical\" href=\"https:\/\/www.lausinyvicente.com\/en\/athletics-equipment\/pole-vault\/metal-pole-vault-stands\" \/>\n<meta property=\"og:locale\" content=\"en_US\" \/>\n<meta property=\"og:type\" content=\"article\" \/>\n<meta property=\"og:title\" content=\"Metal pole vault stands - Laus\u00edn y Vicente\" \/>\n<meta property=\"og:description\" content=\"Designed and manufactured in compliance with current regulations. Metal structure painted with epoxy paint. Manual bar adjustment. The lower part of the measuring device, which is attached to the ground is composed of 2 steel U-shaped side rails which the post base moves along. It has a locking system to enable the measuring device to be set at the desired height. Height from 2.80 m to 5.50 m. Posts can be folded away.\" \/>\n<meta property=\"og:url\" content=\"https:\/\/www.lausinyvicente.com\/en\/athletics-equipment\/pole-vault\/metal-pole-vault-stands\" \/>\n<meta property=\"og:site_name\" content=\"Laus\u00edn y Vicente\" \/>\n<meta property=\"og:image\" content=\"https:\/\/www.lausinyvicente.com\/wp-content\/uploads\/2022\/11\/A.07.06-saltometro-pertiga-metalico.jpg\" \/>\n\t<meta property=\"og:image:width\" content=\"720\" \/>\n\t<meta property=\"og:image:height\" content=\"490\" \/>\n\t<meta property=\"og:image:type\" content=\"image\/jpeg\" \/>\n<meta name=\"twitter:card\" content=\"summary_large_image\" \/>\n<script type=\"application\/ld+json\" class=\"yoast-schema-graph\">{\"@context\":\"https:\/\/schema.org\",\"@graph\":[{\"@type\":\"WebPage\",\"@id\":\"https:\/\/www.lausinyvicente.com\/en\/athletics-equipment\/pole-vault\/metal-pole-vault-stands\",\"url\":\"https:\/\/www.lausinyvicente.com\/en\/athletics-equipment\/pole-vault\/metal-pole-vault-stands\",\"name\":\"Metal pole vault stands - Laus\u00edn y Vicente\",\"isPartOf\":{\"@id\":\"https:\/\/www.lausinyvicente.com\/#website\"},\"primaryImageOfPage\":{\"@id\":\"https:\/\/www.lausinyvicente.com\/en\/athletics-equipment\/pole-vault\/metal-pole-vault-stands#primaryimage\"},\"image\":{\"@id\":\"https:\/\/www.lausinyvicente.com\/en\/athletics-equipment\/pole-vault\/metal-pole-vault-stands#primaryimage\"},\"thumbnailUrl\":\"https:\/\/www.lausinyvicente.com\/wp-content\/uploads\/2022\/11\/A.07.06-saltometro-pertiga-metalico.jpg\",\"datePublished\":\"2022-11-27T09:26:23+00:00\",\"breadcrumb\":{\"@id\":\"https:\/\/www.lausinyvicente.com\/en\/athletics-equipment\/pole-vault\/metal-pole-vault-stands#breadcrumb\"},\"inLanguage\":\"en-US\",\"potentialAction\":[{\"@type\":\"ReadAction\",\"target\":[\"https:\/\/www.lausinyvicente.com\/en\/athletics-equipment\/pole-vault\/metal-pole-vault-stands\"]}]},{\"@type\":\"ImageObject\",\"inLanguage\":\"en-US\",\"@id\":\"https:\/\/www.lausinyvicente.com\/en\/athletics-equipment\/pole-vault\/metal-pole-vault-stands#primaryimage\",\"url\":\"https:\/\/www.lausinyvicente.com\/wp-content\/uploads\/2022\/11\/A.07.06-saltometro-pertiga-metalico.jpg\",\"contentUrl\":\"https:\/\/www.lausinyvicente.com\/wp-content\/uploads\/2022\/11\/A.07.06-saltometro-pertiga-metalico.jpg\",\"width\":720,\"height\":490},{\"@type\":\"BreadcrumbList\",\"@id\":\"https:\/\/www.lausinyvicente.com\/en\/athletics-equipment\/pole-vault\/metal-pole-vault-stands#breadcrumb\",\"itemListElement\":[{\"@type\":\"ListItem\",\"position\":1,\"name\":\"Portada\",\"item\":\"https:\/\/www.lausinyvicente.com\/\"},{\"@type\":\"ListItem\",\"position\":2,\"name\":\"Shop\",\"item\":\"https:\/\/www.lausinyvicente.com\/en\/shop\"},{\"@type\":\"ListItem\",\"position\":3,\"name\":\"Metal pole vault stands\"}]},{\"@type\":\"WebSite\",\"@id\":\"https:\/\/www.lausinyvicente.com\/#website\",\"url\":\"https:\/\/www.lausinyvicente.com\/\",\"name\":\"Laus\u00edn y Vicente\",\"description\":\"Fabricaci\u00f3n y distribuci\u00f3n de material deportivo\",\"potentialAction\":[{\"@type\":\"SearchAction\",\"target\":{\"@type\":\"EntryPoint\",\"urlTemplate\":\"https:\/\/www.lausinyvicente.com\/?s={search_term_string}\"},\"query-input\":{\"@type\":\"PropertyValueSpecification\",\"valueRequired\":true,\"valueName\":\"search_term_string\"}}],\"inLanguage\":\"en-US\"}]}<\/script>\n<!-- \/ Yoast SEO plugin. -->","yoast_head_json":{"title":"Metal pole vault stands - Laus\u00edn y Vicente","robots":{"index":"index","follow":"follow","max-snippet":"max-snippet:-1","max-image-preview":"max-image-preview:large","max-video-preview":"max-video-preview:-1"},"canonical":"https:\/\/www.lausinyvicente.com\/en\/athletics-equipment\/pole-vault\/metal-pole-vault-stands","og_locale":"en_US","og_type":"article","og_title":"Metal pole vault stands - Laus\u00edn y Vicente","og_description":"Designed and manufactured in compliance with current regulations. Metal structure painted with epoxy paint. Manual bar adjustment. The lower part of the measuring device, which is attached to the ground is composed of 2 steel U-shaped side rails which the post base moves along. It has a locking system to enable the measuring device to be set at the desired height. Height from 2.80 m to 5.50 m. Posts can be folded away.","og_url":"https:\/\/www.lausinyvicente.com\/en\/athletics-equipment\/pole-vault\/metal-pole-vault-stands","og_site_name":"Laus\u00edn y Vicente","og_image":[{"width":720,"height":490,"url":"https:\/\/www.lausinyvicente.com\/wp-content\/uploads\/2022\/11\/A.07.06-saltometro-pertiga-metalico.jpg","type":"image\/jpeg"}],"twitter_card":"summary_large_image","schema":{"@context":"https:\/\/schema.org","@graph":[{"@type":"WebPage","@id":"https:\/\/www.lausinyvicente.com\/en\/athletics-equipment\/pole-vault\/metal-pole-vault-stands","url":"https:\/\/www.lausinyvicente.com\/en\/athletics-equipment\/pole-vault\/metal-pole-vault-stands","name":"Metal pole vault stands - Laus\u00edn y Vicente","isPartOf":{"@id":"https:\/\/www.lausinyvicente.com\/#website"},"primaryImageOfPage":{"@id":"https:\/\/www.lausinyvicente.com\/en\/athletics-equipment\/pole-vault\/metal-pole-vault-stands#primaryimage"},"image":{"@id":"https:\/\/www.lausinyvicente.com\/en\/athletics-equipment\/pole-vault\/metal-pole-vault-stands#primaryimage"},"thumbnailUrl":"https:\/\/www.lausinyvicente.com\/wp-content\/uploads\/2022\/11\/A.07.06-saltometro-pertiga-metalico.jpg","datePublished":"2022-11-27T09:26:23+00:00","breadcrumb":{"@id":"https:\/\/www.lausinyvicente.com\/en\/athletics-equipment\/pole-vault\/metal-pole-vault-stands#breadcrumb"},"inLanguage":"en-US","potentialAction":[{"@type":"ReadAction","target":["https:\/\/www.lausinyvicente.com\/en\/athletics-equipment\/pole-vault\/metal-pole-vault-stands"]}]},{"@type":"ImageObject","inLanguage":"en-US","@id":"https:\/\/www.lausinyvicente.com\/en\/athletics-equipment\/pole-vault\/metal-pole-vault-stands#primaryimage","url":"https:\/\/www.lausinyvicente.com\/wp-content\/uploads\/2022\/11\/A.07.06-saltometro-pertiga-metalico.jpg","contentUrl":"https:\/\/www.lausinyvicente.com\/wp-content\/uploads\/2022\/11\/A.07.06-saltometro-pertiga-metalico.jpg","width":720,"height":490},{"@type":"BreadcrumbList","@id":"https:\/\/www.lausinyvicente.com\/en\/athletics-equipment\/pole-vault\/metal-pole-vault-stands#breadcrumb","itemListElement":[{"@type":"ListItem","position":1,"name":"Portada","item":"https:\/\/www.lausinyvicente.com\/"},{"@type":"ListItem","position":2,"name":"Shop","item":"https:\/\/www.lausinyvicente.com\/en\/shop"},{"@type":"ListItem","position":3,"name":"Metal pole vault stands"}]},{"@type":"WebSite","@id":"https:\/\/www.lausinyvicente.com\/#website","url":"https:\/\/www.lausinyvicente.com\/","name":"Laus\u00edn y Vicente","description":"Fabricaci\u00f3n y distribuci\u00f3n de material deportivo","potentialAction":[{"@type":"SearchAction","target":{"@type":"EntryPoint","urlTemplate":"https:\/\/www.lausinyvicente.com\/?s={search_term_string}"},"query-input":{"@type":"PropertyValueSpecification","valueRequired":true,"valueName":"search_term_string"}}],"inLanguage":"en-US"}]}},"_links":{"self":[{"href":"https:\/\/www.lausinyvicente.com\/en\/wp-json\/wp\/v2\/product\/5247","targetHints":{"allow":["GET"]}}],"collection":[{"href":"https:\/\/www.lausinyvicente.com\/en\/wp-json\/wp\/v2\/product"}],"about":[{"href":"https:\/\/www.lausinyvicente.com\/en\/wp-json\/wp\/v2\/types\/product"}],"wp:featuredmedia":[{"embeddable":true,"href":"https:\/\/www.lausinyvicente.com\/en\/wp-json\/wp\/v2\/media\/2323"}],"wp:attachment":[{"href":"https:\/\/www.lausinyvicente.com\/en\/wp-json\/wp\/v2\/media?parent=5247"}],"wp:term":[{"taxonomy":"product_cat","embeddable":true,"href":"https:\/\/www.lausinyvicente.com\/en\/wp-json\/wp\/v2\/product_cat?post=5247"},{"taxonomy":"product_tag","embeddable":true,"href":"https:\/\/www.lausinyvicente.com\/en\/wp-json\/wp\/v2\/product_tag?post=5247"}],"curies":[{"name":"wp","href":"https:\/\/api.w.org\/{rel}","templated":true}]}}