{"id":5261,"date":"2022-11-27T09:24:49","date_gmt":"2022-11-27T09:24:49","guid":{"rendered":"https:\/\/www.lausinyvicente.com\/uncategorized\/pole-vault-box\/"},"modified":"2022-11-27T09:24:49","modified_gmt":"2022-11-27T09:24:49","slug":"pole-vault-box","status":"publish","type":"product","link":"https:\/\/www.lausinyvicente.com\/en\/athletics-equipment\/pole-vault\/pole-vault-box","title":{"rendered":"Pole vault box"},"content":{"rendered":"","protected":false},"excerpt":{"rendered":"<p><strong>WA Certificate No. E-12-0652 <\/strong><\/p>\n<p>Set of pole vault box with lid, designed and manufactured in compliance with WA international athletics regulations. Metal box made of folded and welded 2.5 mm galvanised steel. Equipped with angles to allow easy fixing. Metal lid made of 2.5 mm galvanised steel. Folded and welded to fit the box perfectly. The lid is prepared for synthetic pavement to be placed on top.  <\/p>\n","protected":false},"featured_media":2321,"template":"","meta":[],"product_cat":[184,86],"product_tag":[],"class_list":{"0":"post-5261","1":"product","2":"type-product","3":"status-publish","4":"has-post-thumbnail","6":"product_cat-pole-vault","7":"product_cat-athletics-equipment","9":"first","10":"instock","11":"shipping-taxable","12":"purchasable","13":"product-type-variable"},"yoast_head":"<!-- This site is optimized with the Yoast SEO plugin v27.0 - https:\/\/yoast.com\/product\/yoast-seo-wordpress\/ -->\n<title>Pole vault box - Laus\u00edn y Vicente<\/title>\n<meta name=\"robots\" content=\"index, follow, max-snippet:-1, max-image-preview:large, max-video-preview:-1\" \/>\n<link rel=\"canonical\" href=\"https:\/\/www.lausinyvicente.com\/en\/athletics-equipment\/pole-vault\/pole-vault-box\" \/>\n<meta property=\"og:locale\" content=\"en_US\" \/>\n<meta property=\"og:type\" content=\"article\" \/>\n<meta property=\"og:title\" content=\"Pole vault box - Laus\u00edn y Vicente\" \/>\n<meta property=\"og:description\" content=\"WA Certificate No. E-12-0652  Set of pole vault box with lid, designed and manufactured in compliance with WA international athletics regulations. Metal box made of folded and welded 2.5 mm galvanised steel. Equipped with angles to allow easy fixing. Metal lid made of 2.5 mm galvanised steel. Folded and welded to fit the box perfectly. The lid is prepared for synthetic pavement to be placed on top.\" \/>\n<meta property=\"og:url\" content=\"https:\/\/www.lausinyvicente.com\/en\/athletics-equipment\/pole-vault\/pole-vault-box\" \/>\n<meta property=\"og:site_name\" content=\"Laus\u00edn y Vicente\" \/>\n<meta property=\"og:image\" content=\"https:\/\/www.lausinyvicente.com\/wp-content\/uploads\/2022\/11\/A.02.02-cajetin-pertiga.jpg\" \/>\n\t<meta property=\"og:image:width\" content=\"720\" \/>\n\t<meta property=\"og:image:height\" content=\"490\" \/>\n\t<meta property=\"og:image:type\" content=\"image\/jpeg\" \/>\n<meta name=\"twitter:card\" content=\"summary_large_image\" \/>\n<script type=\"application\/ld+json\" class=\"yoast-schema-graph\">{\"@context\":\"https:\/\/schema.org\",\"@graph\":[{\"@type\":\"WebPage\",\"@id\":\"https:\/\/www.lausinyvicente.com\/en\/athletics-equipment\/pole-vault\/pole-vault-box\",\"url\":\"https:\/\/www.lausinyvicente.com\/en\/athletics-equipment\/pole-vault\/pole-vault-box\",\"name\":\"Pole vault box - Laus\u00edn y Vicente\",\"isPartOf\":{\"@id\":\"https:\/\/www.lausinyvicente.com\/#website\"},\"primaryImageOfPage\":{\"@id\":\"https:\/\/www.lausinyvicente.com\/en\/athletics-equipment\/pole-vault\/pole-vault-box#primaryimage\"},\"image\":{\"@id\":\"https:\/\/www.lausinyvicente.com\/en\/athletics-equipment\/pole-vault\/pole-vault-box#primaryimage\"},\"thumbnailUrl\":\"https:\/\/www.lausinyvicente.com\/wp-content\/uploads\/2022\/11\/A.02.02-cajetin-pertiga.jpg\",\"datePublished\":\"2022-11-27T09:24:49+00:00\",\"breadcrumb\":{\"@id\":\"https:\/\/www.lausinyvicente.com\/en\/athletics-equipment\/pole-vault\/pole-vault-box#breadcrumb\"},\"inLanguage\":\"en-US\",\"potentialAction\":[{\"@type\":\"ReadAction\",\"target\":[\"https:\/\/www.lausinyvicente.com\/en\/athletics-equipment\/pole-vault\/pole-vault-box\"]}]},{\"@type\":\"ImageObject\",\"inLanguage\":\"en-US\",\"@id\":\"https:\/\/www.lausinyvicente.com\/en\/athletics-equipment\/pole-vault\/pole-vault-box#primaryimage\",\"url\":\"https:\/\/www.lausinyvicente.com\/wp-content\/uploads\/2022\/11\/A.02.02-cajetin-pertiga.jpg\",\"contentUrl\":\"https:\/\/www.lausinyvicente.com\/wp-content\/uploads\/2022\/11\/A.02.02-cajetin-pertiga.jpg\",\"width\":720,\"height\":490},{\"@type\":\"BreadcrumbList\",\"@id\":\"https:\/\/www.lausinyvicente.com\/en\/athletics-equipment\/pole-vault\/pole-vault-box#breadcrumb\",\"itemListElement\":[{\"@type\":\"ListItem\",\"position\":1,\"name\":\"Portada\",\"item\":\"https:\/\/www.lausinyvicente.com\/\"},{\"@type\":\"ListItem\",\"position\":2,\"name\":\"Shop\",\"item\":\"https:\/\/www.lausinyvicente.com\/en\/shop\"},{\"@type\":\"ListItem\",\"position\":3,\"name\":\"Pole vault box\"}]},{\"@type\":\"WebSite\",\"@id\":\"https:\/\/www.lausinyvicente.com\/#website\",\"url\":\"https:\/\/www.lausinyvicente.com\/\",\"name\":\"Laus\u00edn y Vicente\",\"description\":\"Fabricaci\u00f3n y distribuci\u00f3n de material deportivo\",\"potentialAction\":[{\"@type\":\"SearchAction\",\"target\":{\"@type\":\"EntryPoint\",\"urlTemplate\":\"https:\/\/www.lausinyvicente.com\/?s={search_term_string}\"},\"query-input\":{\"@type\":\"PropertyValueSpecification\",\"valueRequired\":true,\"valueName\":\"search_term_string\"}}],\"inLanguage\":\"en-US\"}]}<\/script>\n<!-- \/ Yoast SEO plugin. -->","yoast_head_json":{"title":"Pole vault box - Laus\u00edn y Vicente","robots":{"index":"index","follow":"follow","max-snippet":"max-snippet:-1","max-image-preview":"max-image-preview:large","max-video-preview":"max-video-preview:-1"},"canonical":"https:\/\/www.lausinyvicente.com\/en\/athletics-equipment\/pole-vault\/pole-vault-box","og_locale":"en_US","og_type":"article","og_title":"Pole vault box - Laus\u00edn y Vicente","og_description":"WA Certificate No. E-12-0652  Set of pole vault box with lid, designed and manufactured in compliance with WA international athletics regulations. Metal box made of folded and welded 2.5 mm galvanised steel. Equipped with angles to allow easy fixing. Metal lid made of 2.5 mm galvanised steel. Folded and welded to fit the box perfectly. The lid is prepared for synthetic pavement to be placed on top.","og_url":"https:\/\/www.lausinyvicente.com\/en\/athletics-equipment\/pole-vault\/pole-vault-box","og_site_name":"Laus\u00edn y Vicente","og_image":[{"width":720,"height":490,"url":"https:\/\/www.lausinyvicente.com\/wp-content\/uploads\/2022\/11\/A.02.02-cajetin-pertiga.jpg","type":"image\/jpeg"}],"twitter_card":"summary_large_image","schema":{"@context":"https:\/\/schema.org","@graph":[{"@type":"WebPage","@id":"https:\/\/www.lausinyvicente.com\/en\/athletics-equipment\/pole-vault\/pole-vault-box","url":"https:\/\/www.lausinyvicente.com\/en\/athletics-equipment\/pole-vault\/pole-vault-box","name":"Pole vault box - Laus\u00edn y Vicente","isPartOf":{"@id":"https:\/\/www.lausinyvicente.com\/#website"},"primaryImageOfPage":{"@id":"https:\/\/www.lausinyvicente.com\/en\/athletics-equipment\/pole-vault\/pole-vault-box#primaryimage"},"image":{"@id":"https:\/\/www.lausinyvicente.com\/en\/athletics-equipment\/pole-vault\/pole-vault-box#primaryimage"},"thumbnailUrl":"https:\/\/www.lausinyvicente.com\/wp-content\/uploads\/2022\/11\/A.02.02-cajetin-pertiga.jpg","datePublished":"2022-11-27T09:24:49+00:00","breadcrumb":{"@id":"https:\/\/www.lausinyvicente.com\/en\/athletics-equipment\/pole-vault\/pole-vault-box#breadcrumb"},"inLanguage":"en-US","potentialAction":[{"@type":"ReadAction","target":["https:\/\/www.lausinyvicente.com\/en\/athletics-equipment\/pole-vault\/pole-vault-box"]}]},{"@type":"ImageObject","inLanguage":"en-US","@id":"https:\/\/www.lausinyvicente.com\/en\/athletics-equipment\/pole-vault\/pole-vault-box#primaryimage","url":"https:\/\/www.lausinyvicente.com\/wp-content\/uploads\/2022\/11\/A.02.02-cajetin-pertiga.jpg","contentUrl":"https:\/\/www.lausinyvicente.com\/wp-content\/uploads\/2022\/11\/A.02.02-cajetin-pertiga.jpg","width":720,"height":490},{"@type":"BreadcrumbList","@id":"https:\/\/www.lausinyvicente.com\/en\/athletics-equipment\/pole-vault\/pole-vault-box#breadcrumb","itemListElement":[{"@type":"ListItem","position":1,"name":"Portada","item":"https:\/\/www.lausinyvicente.com\/"},{"@type":"ListItem","position":2,"name":"Shop","item":"https:\/\/www.lausinyvicente.com\/en\/shop"},{"@type":"ListItem","position":3,"name":"Pole vault box"}]},{"@type":"WebSite","@id":"https:\/\/www.lausinyvicente.com\/#website","url":"https:\/\/www.lausinyvicente.com\/","name":"Laus\u00edn y Vicente","description":"Fabricaci\u00f3n y distribuci\u00f3n de material deportivo","potentialAction":[{"@type":"SearchAction","target":{"@type":"EntryPoint","urlTemplate":"https:\/\/www.lausinyvicente.com\/?s={search_term_string}"},"query-input":{"@type":"PropertyValueSpecification","valueRequired":true,"valueName":"search_term_string"}}],"inLanguage":"en-US"}]}},"_links":{"self":[{"href":"https:\/\/www.lausinyvicente.com\/en\/wp-json\/wp\/v2\/product\/5261","targetHints":{"allow":["GET"]}}],"collection":[{"href":"https:\/\/www.lausinyvicente.com\/en\/wp-json\/wp\/v2\/product"}],"about":[{"href":"https:\/\/www.lausinyvicente.com\/en\/wp-json\/wp\/v2\/types\/product"}],"wp:featuredmedia":[{"embeddable":true,"href":"https:\/\/www.lausinyvicente.com\/en\/wp-json\/wp\/v2\/media\/2321"}],"wp:attachment":[{"href":"https:\/\/www.lausinyvicente.com\/en\/wp-json\/wp\/v2\/media?parent=5261"}],"wp:term":[{"taxonomy":"product_cat","embeddable":true,"href":"https:\/\/www.lausinyvicente.com\/en\/wp-json\/wp\/v2\/product_cat?post=5261"},{"taxonomy":"product_tag","embeddable":true,"href":"https:\/\/www.lausinyvicente.com\/en\/wp-json\/wp\/v2\/product_tag?post=5261"}],"curies":[{"name":"wp","href":"https:\/\/api.w.org\/{rel}","templated":true}]}}