{"id":5280,"date":"2022-11-27T09:20:36","date_gmt":"2022-11-27T09:20:36","guid":{"rendered":"https:\/\/www.lausinyvicente.com\/uncategorized\/aluminium-pole-vault-stands-competition\/"},"modified":"2022-11-27T09:20:36","modified_gmt":"2022-11-27T09:20:36","slug":"aluminium-pole-vault-stands-competition","status":"publish","type":"product","link":"https:\/\/www.lausinyvicente.com\/en\/athletics-equipment\/pole-vault\/aluminium-pole-vault-stands-competition","title":{"rendered":"Aluminium pole vault stands. Competition"},"content":{"rendered":"","protected":false},"excerpt":{"rendered":"<p>Competition pole vault stands, designed and manufactured in compliance with WA international athletics regulations. Tubes are manufactured with a 125 mm round section extruded aluminium profile, and are fixed to a mobile metal base with a wheel system. The crossbar supports are telescopic and adjustable in height. Allows measuring from a minimum length of 550 mm to a maximum length of 925 mm. Regulation in height between 2.4 m (minimum height) and 6.4 m (maximum height). The crossbar is placed at the desired height by means of a winch system and incudes a metal tape measure to indicate the height of the crossbar at all times. The crossbar may be moved in the direction of the landing area from the zero line to a maximum of 80 cm, by moving the posts through the 1400 mm length rails fixed to the ground.      <\/p>\n","protected":false},"featured_media":2319,"template":"","meta":[],"product_cat":[184,86],"product_tag":[],"class_list":{"0":"post-5280","1":"product","2":"type-product","3":"status-publish","4":"has-post-thumbnail","6":"product_cat-pole-vault","7":"product_cat-athletics-equipment","9":"first","10":"instock","11":"shipping-taxable","12":"purchasable","13":"product-type-simple"},"yoast_head":"<!-- This site is optimized with the Yoast SEO plugin v27.0 - https:\/\/yoast.com\/product\/yoast-seo-wordpress\/ -->\n<title>Aluminium pole vault stands. Competition - Laus\u00edn y Vicente<\/title>\n<meta name=\"robots\" content=\"index, follow, max-snippet:-1, max-image-preview:large, max-video-preview:-1\" \/>\n<link rel=\"canonical\" href=\"https:\/\/www.lausinyvicente.com\/en\/athletics-equipment\/pole-vault\/aluminium-pole-vault-stands-competition\" \/>\n<meta property=\"og:locale\" content=\"en_US\" \/>\n<meta property=\"og:type\" content=\"article\" \/>\n<meta property=\"og:title\" content=\"Aluminium pole vault stands. Competition - Laus\u00edn y Vicente\" \/>\n<meta property=\"og:description\" content=\"Competition pole vault stands, designed and manufactured in compliance with WA international athletics regulations. Tubes are manufactured with a 125 mm round section extruded aluminium profile, and are fixed to a mobile metal base with a wheel system. The crossbar supports are telescopic and adjustable in height. Allows measuring from a minimum length of 550 mm to a maximum length of 925 mm. Regulation in height between 2.4 m (minimum height) and 6.4 m (maximum height). The crossbar is placed at the desired height by means of a winch system and incudes a metal tape measure to indicate the height of the crossbar at all times. The crossbar may be moved in the direction of the landing area from the zero line to a maximum of 80 cm, by moving the posts through the 1400 mm length rails fixed to the ground.\" \/>\n<meta property=\"og:url\" content=\"https:\/\/www.lausinyvicente.com\/en\/athletics-equipment\/pole-vault\/aluminium-pole-vault-stands-competition\" \/>\n<meta property=\"og:site_name\" content=\"Laus\u00edn y Vicente\" \/>\n<meta property=\"og:image\" content=\"https:\/\/www.lausinyvicente.com\/wp-content\/uploads\/2022\/11\/A.07.05-saltometro-pertiga-aluminio-competicion.jpg\" \/>\n\t<meta property=\"og:image:width\" content=\"720\" \/>\n\t<meta property=\"og:image:height\" content=\"490\" \/>\n\t<meta property=\"og:image:type\" content=\"image\/jpeg\" \/>\n<meta name=\"twitter:card\" content=\"summary_large_image\" \/>\n<script type=\"application\/ld+json\" class=\"yoast-schema-graph\">{\"@context\":\"https:\/\/schema.org\",\"@graph\":[{\"@type\":\"WebPage\",\"@id\":\"https:\/\/www.lausinyvicente.com\/en\/athletics-equipment\/pole-vault\/aluminium-pole-vault-stands-competition\",\"url\":\"https:\/\/www.lausinyvicente.com\/en\/athletics-equipment\/pole-vault\/aluminium-pole-vault-stands-competition\",\"name\":\"Aluminium pole vault stands. Competition - Laus\u00edn y Vicente\",\"isPartOf\":{\"@id\":\"https:\/\/www.lausinyvicente.com\/#website\"},\"primaryImageOfPage\":{\"@id\":\"https:\/\/www.lausinyvicente.com\/en\/athletics-equipment\/pole-vault\/aluminium-pole-vault-stands-competition#primaryimage\"},\"image\":{\"@id\":\"https:\/\/www.lausinyvicente.com\/en\/athletics-equipment\/pole-vault\/aluminium-pole-vault-stands-competition#primaryimage\"},\"thumbnailUrl\":\"https:\/\/www.lausinyvicente.com\/wp-content\/uploads\/2022\/11\/A.07.05-saltometro-pertiga-aluminio-competicion.jpg\",\"datePublished\":\"2022-11-27T09:20:36+00:00\",\"breadcrumb\":{\"@id\":\"https:\/\/www.lausinyvicente.com\/en\/athletics-equipment\/pole-vault\/aluminium-pole-vault-stands-competition#breadcrumb\"},\"inLanguage\":\"en-US\",\"potentialAction\":[{\"@type\":\"ReadAction\",\"target\":[\"https:\/\/www.lausinyvicente.com\/en\/athletics-equipment\/pole-vault\/aluminium-pole-vault-stands-competition\"]}]},{\"@type\":\"ImageObject\",\"inLanguage\":\"en-US\",\"@id\":\"https:\/\/www.lausinyvicente.com\/en\/athletics-equipment\/pole-vault\/aluminium-pole-vault-stands-competition#primaryimage\",\"url\":\"https:\/\/www.lausinyvicente.com\/wp-content\/uploads\/2022\/11\/A.07.05-saltometro-pertiga-aluminio-competicion.jpg\",\"contentUrl\":\"https:\/\/www.lausinyvicente.com\/wp-content\/uploads\/2022\/11\/A.07.05-saltometro-pertiga-aluminio-competicion.jpg\",\"width\":720,\"height\":490},{\"@type\":\"BreadcrumbList\",\"@id\":\"https:\/\/www.lausinyvicente.com\/en\/athletics-equipment\/pole-vault\/aluminium-pole-vault-stands-competition#breadcrumb\",\"itemListElement\":[{\"@type\":\"ListItem\",\"position\":1,\"name\":\"Portada\",\"item\":\"https:\/\/www.lausinyvicente.com\/\"},{\"@type\":\"ListItem\",\"position\":2,\"name\":\"Shop\",\"item\":\"https:\/\/www.lausinyvicente.com\/en\/shop\"},{\"@type\":\"ListItem\",\"position\":3,\"name\":\"Aluminium pole vault stands. Competition\"}]},{\"@type\":\"WebSite\",\"@id\":\"https:\/\/www.lausinyvicente.com\/#website\",\"url\":\"https:\/\/www.lausinyvicente.com\/\",\"name\":\"Laus\u00edn y Vicente\",\"description\":\"Fabricaci\u00f3n y distribuci\u00f3n de material deportivo\",\"potentialAction\":[{\"@type\":\"SearchAction\",\"target\":{\"@type\":\"EntryPoint\",\"urlTemplate\":\"https:\/\/www.lausinyvicente.com\/?s={search_term_string}\"},\"query-input\":{\"@type\":\"PropertyValueSpecification\",\"valueRequired\":true,\"valueName\":\"search_term_string\"}}],\"inLanguage\":\"en-US\"}]}<\/script>\n<!-- \/ Yoast SEO plugin. -->","yoast_head_json":{"title":"Aluminium pole vault stands. Competition - Laus\u00edn y Vicente","robots":{"index":"index","follow":"follow","max-snippet":"max-snippet:-1","max-image-preview":"max-image-preview:large","max-video-preview":"max-video-preview:-1"},"canonical":"https:\/\/www.lausinyvicente.com\/en\/athletics-equipment\/pole-vault\/aluminium-pole-vault-stands-competition","og_locale":"en_US","og_type":"article","og_title":"Aluminium pole vault stands. Competition - Laus\u00edn y Vicente","og_description":"Competition pole vault stands, designed and manufactured in compliance with WA international athletics regulations. Tubes are manufactured with a 125 mm round section extruded aluminium profile, and are fixed to a mobile metal base with a wheel system. The crossbar supports are telescopic and adjustable in height. Allows measuring from a minimum length of 550 mm to a maximum length of 925 mm. Regulation in height between 2.4 m (minimum height) and 6.4 m (maximum height). The crossbar is placed at the desired height by means of a winch system and incudes a metal tape measure to indicate the height of the crossbar at all times. The crossbar may be moved in the direction of the landing area from the zero line to a maximum of 80 cm, by moving the posts through the 1400 mm length rails fixed to the ground.","og_url":"https:\/\/www.lausinyvicente.com\/en\/athletics-equipment\/pole-vault\/aluminium-pole-vault-stands-competition","og_site_name":"Laus\u00edn y Vicente","og_image":[{"width":720,"height":490,"url":"https:\/\/www.lausinyvicente.com\/wp-content\/uploads\/2022\/11\/A.07.05-saltometro-pertiga-aluminio-competicion.jpg","type":"image\/jpeg"}],"twitter_card":"summary_large_image","schema":{"@context":"https:\/\/schema.org","@graph":[{"@type":"WebPage","@id":"https:\/\/www.lausinyvicente.com\/en\/athletics-equipment\/pole-vault\/aluminium-pole-vault-stands-competition","url":"https:\/\/www.lausinyvicente.com\/en\/athletics-equipment\/pole-vault\/aluminium-pole-vault-stands-competition","name":"Aluminium pole vault stands. Competition - Laus\u00edn y Vicente","isPartOf":{"@id":"https:\/\/www.lausinyvicente.com\/#website"},"primaryImageOfPage":{"@id":"https:\/\/www.lausinyvicente.com\/en\/athletics-equipment\/pole-vault\/aluminium-pole-vault-stands-competition#primaryimage"},"image":{"@id":"https:\/\/www.lausinyvicente.com\/en\/athletics-equipment\/pole-vault\/aluminium-pole-vault-stands-competition#primaryimage"},"thumbnailUrl":"https:\/\/www.lausinyvicente.com\/wp-content\/uploads\/2022\/11\/A.07.05-saltometro-pertiga-aluminio-competicion.jpg","datePublished":"2022-11-27T09:20:36+00:00","breadcrumb":{"@id":"https:\/\/www.lausinyvicente.com\/en\/athletics-equipment\/pole-vault\/aluminium-pole-vault-stands-competition#breadcrumb"},"inLanguage":"en-US","potentialAction":[{"@type":"ReadAction","target":["https:\/\/www.lausinyvicente.com\/en\/athletics-equipment\/pole-vault\/aluminium-pole-vault-stands-competition"]}]},{"@type":"ImageObject","inLanguage":"en-US","@id":"https:\/\/www.lausinyvicente.com\/en\/athletics-equipment\/pole-vault\/aluminium-pole-vault-stands-competition#primaryimage","url":"https:\/\/www.lausinyvicente.com\/wp-content\/uploads\/2022\/11\/A.07.05-saltometro-pertiga-aluminio-competicion.jpg","contentUrl":"https:\/\/www.lausinyvicente.com\/wp-content\/uploads\/2022\/11\/A.07.05-saltometro-pertiga-aluminio-competicion.jpg","width":720,"height":490},{"@type":"BreadcrumbList","@id":"https:\/\/www.lausinyvicente.com\/en\/athletics-equipment\/pole-vault\/aluminium-pole-vault-stands-competition#breadcrumb","itemListElement":[{"@type":"ListItem","position":1,"name":"Portada","item":"https:\/\/www.lausinyvicente.com\/"},{"@type":"ListItem","position":2,"name":"Shop","item":"https:\/\/www.lausinyvicente.com\/en\/shop"},{"@type":"ListItem","position":3,"name":"Aluminium pole vault stands. Competition"}]},{"@type":"WebSite","@id":"https:\/\/www.lausinyvicente.com\/#website","url":"https:\/\/www.lausinyvicente.com\/","name":"Laus\u00edn y Vicente","description":"Fabricaci\u00f3n y distribuci\u00f3n de material deportivo","potentialAction":[{"@type":"SearchAction","target":{"@type":"EntryPoint","urlTemplate":"https:\/\/www.lausinyvicente.com\/?s={search_term_string}"},"query-input":{"@type":"PropertyValueSpecification","valueRequired":true,"valueName":"search_term_string"}}],"inLanguage":"en-US"}]}},"_links":{"self":[{"href":"https:\/\/www.lausinyvicente.com\/en\/wp-json\/wp\/v2\/product\/5280","targetHints":{"allow":["GET"]}}],"collection":[{"href":"https:\/\/www.lausinyvicente.com\/en\/wp-json\/wp\/v2\/product"}],"about":[{"href":"https:\/\/www.lausinyvicente.com\/en\/wp-json\/wp\/v2\/types\/product"}],"wp:featuredmedia":[{"embeddable":true,"href":"https:\/\/www.lausinyvicente.com\/en\/wp-json\/wp\/v2\/media\/2319"}],"wp:attachment":[{"href":"https:\/\/www.lausinyvicente.com\/en\/wp-json\/wp\/v2\/media?parent=5280"}],"wp:term":[{"taxonomy":"product_cat","embeddable":true,"href":"https:\/\/www.lausinyvicente.com\/en\/wp-json\/wp\/v2\/product_cat?post=5280"},{"taxonomy":"product_tag","embeddable":true,"href":"https:\/\/www.lausinyvicente.com\/en\/wp-json\/wp\/v2\/product_tag?post=5280"}],"curies":[{"name":"wp","href":"https:\/\/api.w.org\/{rel}","templated":true}]}}