{"id":5282,"date":"2022-11-27T09:01:07","date_gmt":"2022-11-27T09:01:07","guid":{"rendered":"https:\/\/www.lausinyvicente.com\/uncategorized\/crossbar-and-accessories-for-pole-vault\/"},"modified":"2022-11-27T09:01:07","modified_gmt":"2022-11-27T09:01:07","slug":"crossbar-accessories-pole-vault","status":"publish","type":"product","link":"https:\/\/www.lausinyvicente.com\/en\/athletics-equipment\/pole-vault\/crossbar-accessories-pole-vault","title":{"rendered":"Crossbar and accessories for pole vault"},"content":{"rendered":"","protected":false},"excerpt":{"rendered":"<p><strong>4.50 m fibre crossbar<\/strong><\/p>\n<p>Manufactured with the most advanced fibreglass moulding techniques. 30 mm circular cross section, 4.50 m long. Weight: 1 kg. The crossbar and the support points at both ends comply with current regulations. Model certified under WA standards.    <\/p>\n<p><strong>Pole vault measuring device<\/strong><\/p>\n<p>Manufactured with square aluminium profiles allowing the telescopic extension of the measuring device and the upper metal support up to 6 m height. Position fixing set by M6 handle. Equipped with a metric tape on the inner profile to indicate the measurement.  <\/p>\n<p><strong>Fork for crossbar placement<\/strong><\/p>\n<p>Circular section. Extruded anodized aluminium. The upper end has a U-shaped steel fork.  <\/p>\n","protected":false},"featured_media":2315,"template":"","meta":[],"product_cat":[184,86],"product_tag":[],"class_list":{"0":"post-5282","1":"product","2":"type-product","3":"status-publish","4":"has-post-thumbnail","6":"product_cat-pole-vault","7":"product_cat-athletics-equipment","9":"first","10":"instock","11":"shipping-taxable","12":"purchasable","13":"product-type-variable"},"yoast_head":"<!-- This site is optimized with the Yoast SEO plugin v27.0 - https:\/\/yoast.com\/product\/yoast-seo-wordpress\/ -->\n<title>Crossbar and accessories for pole vault - Laus\u00edn y Vicente<\/title>\n<meta name=\"robots\" content=\"index, follow, max-snippet:-1, max-image-preview:large, max-video-preview:-1\" \/>\n<link rel=\"canonical\" href=\"https:\/\/www.lausinyvicente.com\/en\/athletics-equipment\/pole-vault\/crossbar-accessories-pole-vault\" \/>\n<meta property=\"og:locale\" content=\"en_US\" \/>\n<meta property=\"og:type\" content=\"article\" \/>\n<meta property=\"og:title\" content=\"Crossbar and accessories for pole vault - Laus\u00edn y Vicente\" \/>\n<meta property=\"og:description\" content=\"4.50 m fibre crossbar Manufactured with the most advanced fibreglass moulding techniques. 30 mm circular cross section, 4.50 m long. Weight: 1 kg. The crossbar and the support points at both ends comply with current regulations. Model certified under WA standards.   Pole vault measuring device Manufactured with square aluminium profiles allowing the telescopic extension of the measuring device and the upper metal support up to 6 m height. Position fixing set by M6 handle. Equipped with a metric tape on the inner profile to indicate the measurement.  Fork for crossbar placement Circular section. Extruded anodized aluminium. The upper end has a U-shaped steel fork.\" \/>\n<meta property=\"og:url\" content=\"https:\/\/www.lausinyvicente.com\/en\/athletics-equipment\/pole-vault\/crossbar-accessories-pole-vault\" \/>\n<meta property=\"og:site_name\" content=\"Laus\u00edn y Vicente\" \/>\n<meta property=\"og:image\" content=\"https:\/\/www.lausinyvicente.com\/wp-content\/uploads\/2022\/11\/A.07.12-liston-salto-pertiga.jpg\" \/>\n\t<meta property=\"og:image:width\" content=\"720\" \/>\n\t<meta property=\"og:image:height\" content=\"490\" \/>\n\t<meta property=\"og:image:type\" content=\"image\/jpeg\" \/>\n<meta name=\"twitter:card\" content=\"summary_large_image\" \/>\n<script type=\"application\/ld+json\" class=\"yoast-schema-graph\">{\"@context\":\"https:\/\/schema.org\",\"@graph\":[{\"@type\":\"WebPage\",\"@id\":\"https:\/\/www.lausinyvicente.com\/en\/athletics-equipment\/pole-vault\/crossbar-accessories-pole-vault\",\"url\":\"https:\/\/www.lausinyvicente.com\/en\/athletics-equipment\/pole-vault\/crossbar-accessories-pole-vault\",\"name\":\"Crossbar and accessories for pole vault - Laus\u00edn y Vicente\",\"isPartOf\":{\"@id\":\"https:\/\/www.lausinyvicente.com\/#website\"},\"primaryImageOfPage\":{\"@id\":\"https:\/\/www.lausinyvicente.com\/en\/athletics-equipment\/pole-vault\/crossbar-accessories-pole-vault#primaryimage\"},\"image\":{\"@id\":\"https:\/\/www.lausinyvicente.com\/en\/athletics-equipment\/pole-vault\/crossbar-accessories-pole-vault#primaryimage\"},\"thumbnailUrl\":\"https:\/\/www.lausinyvicente.com\/wp-content\/uploads\/2022\/11\/A.07.12-liston-salto-pertiga.jpg\",\"datePublished\":\"2022-11-27T09:01:07+00:00\",\"breadcrumb\":{\"@id\":\"https:\/\/www.lausinyvicente.com\/en\/athletics-equipment\/pole-vault\/crossbar-accessories-pole-vault#breadcrumb\"},\"inLanguage\":\"en-US\",\"potentialAction\":[{\"@type\":\"ReadAction\",\"target\":[\"https:\/\/www.lausinyvicente.com\/en\/athletics-equipment\/pole-vault\/crossbar-accessories-pole-vault\"]}]},{\"@type\":\"ImageObject\",\"inLanguage\":\"en-US\",\"@id\":\"https:\/\/www.lausinyvicente.com\/en\/athletics-equipment\/pole-vault\/crossbar-accessories-pole-vault#primaryimage\",\"url\":\"https:\/\/www.lausinyvicente.com\/wp-content\/uploads\/2022\/11\/A.07.12-liston-salto-pertiga.jpg\",\"contentUrl\":\"https:\/\/www.lausinyvicente.com\/wp-content\/uploads\/2022\/11\/A.07.12-liston-salto-pertiga.jpg\",\"width\":720,\"height\":490},{\"@type\":\"BreadcrumbList\",\"@id\":\"https:\/\/www.lausinyvicente.com\/en\/athletics-equipment\/pole-vault\/crossbar-accessories-pole-vault#breadcrumb\",\"itemListElement\":[{\"@type\":\"ListItem\",\"position\":1,\"name\":\"Portada\",\"item\":\"https:\/\/www.lausinyvicente.com\/\"},{\"@type\":\"ListItem\",\"position\":2,\"name\":\"Shop\",\"item\":\"https:\/\/www.lausinyvicente.com\/en\/shop\"},{\"@type\":\"ListItem\",\"position\":3,\"name\":\"Crossbar and accessories for pole vault\"}]},{\"@type\":\"WebSite\",\"@id\":\"https:\/\/www.lausinyvicente.com\/#website\",\"url\":\"https:\/\/www.lausinyvicente.com\/\",\"name\":\"Laus\u00edn y Vicente\",\"description\":\"Fabricaci\u00f3n y distribuci\u00f3n de material deportivo\",\"potentialAction\":[{\"@type\":\"SearchAction\",\"target\":{\"@type\":\"EntryPoint\",\"urlTemplate\":\"https:\/\/www.lausinyvicente.com\/?s={search_term_string}\"},\"query-input\":{\"@type\":\"PropertyValueSpecification\",\"valueRequired\":true,\"valueName\":\"search_term_string\"}}],\"inLanguage\":\"en-US\"}]}<\/script>\n<!-- \/ Yoast SEO plugin. -->","yoast_head_json":{"title":"Crossbar and accessories for pole vault - Laus\u00edn y Vicente","robots":{"index":"index","follow":"follow","max-snippet":"max-snippet:-1","max-image-preview":"max-image-preview:large","max-video-preview":"max-video-preview:-1"},"canonical":"https:\/\/www.lausinyvicente.com\/en\/athletics-equipment\/pole-vault\/crossbar-accessories-pole-vault","og_locale":"en_US","og_type":"article","og_title":"Crossbar and accessories for pole vault - Laus\u00edn y Vicente","og_description":"4.50 m fibre crossbar Manufactured with the most advanced fibreglass moulding techniques. 30 mm circular cross section, 4.50 m long. Weight: 1 kg. The crossbar and the support points at both ends comply with current regulations. Model certified under WA standards.   Pole vault measuring device Manufactured with square aluminium profiles allowing the telescopic extension of the measuring device and the upper metal support up to 6 m height. Position fixing set by M6 handle. Equipped with a metric tape on the inner profile to indicate the measurement.  Fork for crossbar placement Circular section. Extruded anodized aluminium. The upper end has a U-shaped steel fork.","og_url":"https:\/\/www.lausinyvicente.com\/en\/athletics-equipment\/pole-vault\/crossbar-accessories-pole-vault","og_site_name":"Laus\u00edn y Vicente","og_image":[{"width":720,"height":490,"url":"https:\/\/www.lausinyvicente.com\/wp-content\/uploads\/2022\/11\/A.07.12-liston-salto-pertiga.jpg","type":"image\/jpeg"}],"twitter_card":"summary_large_image","schema":{"@context":"https:\/\/schema.org","@graph":[{"@type":"WebPage","@id":"https:\/\/www.lausinyvicente.com\/en\/athletics-equipment\/pole-vault\/crossbar-accessories-pole-vault","url":"https:\/\/www.lausinyvicente.com\/en\/athletics-equipment\/pole-vault\/crossbar-accessories-pole-vault","name":"Crossbar and accessories for pole vault - Laus\u00edn y Vicente","isPartOf":{"@id":"https:\/\/www.lausinyvicente.com\/#website"},"primaryImageOfPage":{"@id":"https:\/\/www.lausinyvicente.com\/en\/athletics-equipment\/pole-vault\/crossbar-accessories-pole-vault#primaryimage"},"image":{"@id":"https:\/\/www.lausinyvicente.com\/en\/athletics-equipment\/pole-vault\/crossbar-accessories-pole-vault#primaryimage"},"thumbnailUrl":"https:\/\/www.lausinyvicente.com\/wp-content\/uploads\/2022\/11\/A.07.12-liston-salto-pertiga.jpg","datePublished":"2022-11-27T09:01:07+00:00","breadcrumb":{"@id":"https:\/\/www.lausinyvicente.com\/en\/athletics-equipment\/pole-vault\/crossbar-accessories-pole-vault#breadcrumb"},"inLanguage":"en-US","potentialAction":[{"@type":"ReadAction","target":["https:\/\/www.lausinyvicente.com\/en\/athletics-equipment\/pole-vault\/crossbar-accessories-pole-vault"]}]},{"@type":"ImageObject","inLanguage":"en-US","@id":"https:\/\/www.lausinyvicente.com\/en\/athletics-equipment\/pole-vault\/crossbar-accessories-pole-vault#primaryimage","url":"https:\/\/www.lausinyvicente.com\/wp-content\/uploads\/2022\/11\/A.07.12-liston-salto-pertiga.jpg","contentUrl":"https:\/\/www.lausinyvicente.com\/wp-content\/uploads\/2022\/11\/A.07.12-liston-salto-pertiga.jpg","width":720,"height":490},{"@type":"BreadcrumbList","@id":"https:\/\/www.lausinyvicente.com\/en\/athletics-equipment\/pole-vault\/crossbar-accessories-pole-vault#breadcrumb","itemListElement":[{"@type":"ListItem","position":1,"name":"Portada","item":"https:\/\/www.lausinyvicente.com\/"},{"@type":"ListItem","position":2,"name":"Shop","item":"https:\/\/www.lausinyvicente.com\/en\/shop"},{"@type":"ListItem","position":3,"name":"Crossbar and accessories for pole vault"}]},{"@type":"WebSite","@id":"https:\/\/www.lausinyvicente.com\/#website","url":"https:\/\/www.lausinyvicente.com\/","name":"Laus\u00edn y Vicente","description":"Fabricaci\u00f3n y distribuci\u00f3n de material deportivo","potentialAction":[{"@type":"SearchAction","target":{"@type":"EntryPoint","urlTemplate":"https:\/\/www.lausinyvicente.com\/?s={search_term_string}"},"query-input":{"@type":"PropertyValueSpecification","valueRequired":true,"valueName":"search_term_string"}}],"inLanguage":"en-US"}]}},"_links":{"self":[{"href":"https:\/\/www.lausinyvicente.com\/en\/wp-json\/wp\/v2\/product\/5282","targetHints":{"allow":["GET"]}}],"collection":[{"href":"https:\/\/www.lausinyvicente.com\/en\/wp-json\/wp\/v2\/product"}],"about":[{"href":"https:\/\/www.lausinyvicente.com\/en\/wp-json\/wp\/v2\/types\/product"}],"wp:featuredmedia":[{"embeddable":true,"href":"https:\/\/www.lausinyvicente.com\/en\/wp-json\/wp\/v2\/media\/2315"}],"wp:attachment":[{"href":"https:\/\/www.lausinyvicente.com\/en\/wp-json\/wp\/v2\/media?parent=5282"}],"wp:term":[{"taxonomy":"product_cat","embeddable":true,"href":"https:\/\/www.lausinyvicente.com\/en\/wp-json\/wp\/v2\/product_cat?post=5282"},{"taxonomy":"product_tag","embeddable":true,"href":"https:\/\/www.lausinyvicente.com\/en\/wp-json\/wp\/v2\/product_tag?post=5282"}],"curies":[{"name":"wp","href":"https:\/\/api.w.org\/{rel}","templated":true}]}}