{"id":7776,"date":"2024-01-30T20:23:55","date_gmt":"2024-01-30T20:23:55","guid":{"rendered":"https:\/\/www.lausinyvicente.com\/uncategorized\/11-a-side-football-goals-fifa"},"modified":"2024-01-30T20:34:13","modified_gmt":"2024-01-30T20:34:13","slug":"11-a-side-football-goals-fifa","status":"publish","type":"product","link":"https:\/\/www.lausinyvicente.com\/en\/sports-equipment\/football\/football-goals\/11-a-side-football-goals-fifa","title":{"rendered":"11-a-side football goals FIFA"},"content":{"rendered":"","protected":false},"excerpt":{"rendered":"<p><strong>FIFA Quality Certification N\u00ba1017522 <\/strong><\/p>\n<p><span style=\"font-weight: 400;\">Designed and manufactured according to European standard UNE-EN 748. Regulatory measurements: 7,32 x 2,44m. <\/span><\/p>\n<p><span style=\"font-weight: 400;\">Uprights and crossbars in extruded aluminium pipe with an oval cross-section measuring 120x100mm lacquered in RAL 9010 white. Corners joints to join post and crossbar together in 60x60x2mm square zinced steel pipe to make the goal highly robust and durable. Aluminium sockets (50cm) and polyamide net hooks are included.    <\/span><\/p>\n<p><span style=\"font-weight: 400;\">Rear folding bases in round galvanized steel pipe. It is used to attach the netting to the pitch without the need for nailing it to the ground; useful for grass pitches as it can be folded so the grass can be cut in the goal area.   <\/span><\/p>\n<p><span style=\"font-weight: 400;\">Rear posts in round galvanized steel pipe. Used to tighten the upper section of the netting by means of ties; creates a \u201cbox\u201d effect. It includes safety protectors made of PVC canvas and foam rubber fillings with a fixing system.   <\/span><\/p>\n<p><span style=\"font-weight: 400;\">4mm polypropylene nets with 120mm square mesh. Size: 7,5&#215;2,5\/2x2m. White colour.<\/span><\/p>\n","protected":false},"featured_media":7768,"template":"","meta":[],"product_cat":[216],"product_tag":[],"class_list":{"0":"post-7776","1":"product","2":"type-product","3":"status-publish","4":"has-post-thumbnail","6":"product_cat-football-goals","8":"first","9":"instock","10":"shipping-taxable","11":"purchasable","12":"product-type-simple"},"yoast_head":"<!-- This site is optimized with the Yoast SEO plugin v27.0 - https:\/\/yoast.com\/product\/yoast-seo-wordpress\/ -->\n<title>11-a-side football goals FIFA - Laus\u00edn y Vicente<\/title>\n<meta name=\"robots\" content=\"index, follow, max-snippet:-1, max-image-preview:large, max-video-preview:-1\" \/>\n<link rel=\"canonical\" href=\"https:\/\/www.lausinyvicente.com\/en\/sports-equipment\/football\/football-goals\/11-a-side-football-goals-fifa\" \/>\n<meta property=\"og:locale\" content=\"en_US\" \/>\n<meta property=\"og:type\" content=\"article\" \/>\n<meta property=\"og:title\" content=\"11-a-side football goals FIFA - Laus\u00edn y Vicente\" \/>\n<meta property=\"og:description\" content=\"FIFA Quality Certification N\u00ba1017522  Designed and manufactured according to European standard UNE-EN 748. Regulatory measurements: 7,32 x 2,44m.  Uprights and crossbars in extruded aluminium pipe with an oval cross-section measuring 120x100mm lacquered in RAL 9010 white. Corners joints to join post and crossbar together in 60x60x2mm square zinced steel pipe to make the goal highly robust and durable. Aluminium sockets (50cm) and polyamide net hooks are included.   Rear folding bases in round galvanized steel pipe. It is used to attach the netting to the pitch without the need for nailing it to the ground; useful for grass pitches as it can be folded so the grass can be cut in the goal area.   Rear posts in round galvanized steel pipe. Used to tighten the upper section of the netting by means of ties; creates a \u201cbox\u201d effect. It includes safety protectors made of PVC canvas and foam rubber fillings with a fixing system.   4mm polypropylene nets with 120mm square mesh. Size: 7,5x2,5\/2x2m. White colour.\" \/>\n<meta property=\"og:url\" content=\"https:\/\/www.lausinyvicente.com\/en\/sports-equipment\/football\/football-goals\/11-a-side-football-goals-fifa\" \/>\n<meta property=\"og:site_name\" content=\"Laus\u00edn y Vicente\" \/>\n<meta property=\"article:modified_time\" content=\"2024-01-30T20:34:13+00:00\" \/>\n<meta property=\"og:image\" content=\"https:\/\/www.lausinyvicente.com\/wp-content\/uploads\/2024\/01\/D.06.070FIFA_Pack-FIFA-porteria-red-postes.jpg\" \/>\n\t<meta property=\"og:image:width\" content=\"720\" \/>\n\t<meta property=\"og:image:height\" content=\"490\" \/>\n\t<meta property=\"og:image:type\" content=\"image\/jpeg\" \/>\n<meta name=\"twitter:card\" content=\"summary_large_image\" \/>\n<script type=\"application\/ld+json\" class=\"yoast-schema-graph\">{\"@context\":\"https:\/\/schema.org\",\"@graph\":[{\"@type\":\"WebPage\",\"@id\":\"https:\/\/www.lausinyvicente.com\/en\/sports-equipment\/football\/football-goals\/11-a-side-football-goals-fifa\",\"url\":\"https:\/\/www.lausinyvicente.com\/en\/sports-equipment\/football\/football-goals\/11-a-side-football-goals-fifa\",\"name\":\"11-a-side football goals FIFA - Laus\u00edn y Vicente\",\"isPartOf\":{\"@id\":\"https:\/\/www.lausinyvicente.com\/#website\"},\"primaryImageOfPage\":{\"@id\":\"https:\/\/www.lausinyvicente.com\/en\/sports-equipment\/football\/football-goals\/11-a-side-football-goals-fifa#primaryimage\"},\"image\":{\"@id\":\"https:\/\/www.lausinyvicente.com\/en\/sports-equipment\/football\/football-goals\/11-a-side-football-goals-fifa#primaryimage\"},\"thumbnailUrl\":\"https:\/\/www.lausinyvicente.com\/wp-content\/uploads\/2024\/01\/D.06.070FIFA_Pack-FIFA-porteria-red-postes.jpg\",\"datePublished\":\"2024-01-30T20:23:55+00:00\",\"dateModified\":\"2024-01-30T20:34:13+00:00\",\"breadcrumb\":{\"@id\":\"https:\/\/www.lausinyvicente.com\/en\/sports-equipment\/football\/football-goals\/11-a-side-football-goals-fifa#breadcrumb\"},\"inLanguage\":\"en-US\",\"potentialAction\":[{\"@type\":\"ReadAction\",\"target\":[\"https:\/\/www.lausinyvicente.com\/en\/sports-equipment\/football\/football-goals\/11-a-side-football-goals-fifa\"]}]},{\"@type\":\"ImageObject\",\"inLanguage\":\"en-US\",\"@id\":\"https:\/\/www.lausinyvicente.com\/en\/sports-equipment\/football\/football-goals\/11-a-side-football-goals-fifa#primaryimage\",\"url\":\"https:\/\/www.lausinyvicente.com\/wp-content\/uploads\/2024\/01\/D.06.070FIFA_Pack-FIFA-porteria-red-postes.jpg\",\"contentUrl\":\"https:\/\/www.lausinyvicente.com\/wp-content\/uploads\/2024\/01\/D.06.070FIFA_Pack-FIFA-porteria-red-postes.jpg\",\"width\":720,\"height\":490},{\"@type\":\"BreadcrumbList\",\"@id\":\"https:\/\/www.lausinyvicente.com\/en\/sports-equipment\/football\/football-goals\/11-a-side-football-goals-fifa#breadcrumb\",\"itemListElement\":[{\"@type\":\"ListItem\",\"position\":1,\"name\":\"Portada\",\"item\":\"https:\/\/www.lausinyvicente.com\/\"},{\"@type\":\"ListItem\",\"position\":2,\"name\":\"Shop\",\"item\":\"https:\/\/www.lausinyvicente.com\/en\/shop\"},{\"@type\":\"ListItem\",\"position\":3,\"name\":\"11-a-side football goals FIFA\"}]},{\"@type\":\"WebSite\",\"@id\":\"https:\/\/www.lausinyvicente.com\/#website\",\"url\":\"https:\/\/www.lausinyvicente.com\/\",\"name\":\"Laus\u00edn y Vicente\",\"description\":\"Fabricaci\u00f3n y distribuci\u00f3n de material deportivo\",\"potentialAction\":[{\"@type\":\"SearchAction\",\"target\":{\"@type\":\"EntryPoint\",\"urlTemplate\":\"https:\/\/www.lausinyvicente.com\/?s={search_term_string}\"},\"query-input\":{\"@type\":\"PropertyValueSpecification\",\"valueRequired\":true,\"valueName\":\"search_term_string\"}}],\"inLanguage\":\"en-US\"}]}<\/script>\n<!-- \/ Yoast SEO plugin. -->","yoast_head_json":{"title":"11-a-side football goals FIFA - Laus\u00edn y Vicente","robots":{"index":"index","follow":"follow","max-snippet":"max-snippet:-1","max-image-preview":"max-image-preview:large","max-video-preview":"max-video-preview:-1"},"canonical":"https:\/\/www.lausinyvicente.com\/en\/sports-equipment\/football\/football-goals\/11-a-side-football-goals-fifa","og_locale":"en_US","og_type":"article","og_title":"11-a-side football goals FIFA - Laus\u00edn y Vicente","og_description":"FIFA Quality Certification N\u00ba1017522  Designed and manufactured according to European standard UNE-EN 748. Regulatory measurements: 7,32 x 2,44m.  Uprights and crossbars in extruded aluminium pipe with an oval cross-section measuring 120x100mm lacquered in RAL 9010 white. Corners joints to join post and crossbar together in 60x60x2mm square zinced steel pipe to make the goal highly robust and durable. Aluminium sockets (50cm) and polyamide net hooks are included.   Rear folding bases in round galvanized steel pipe. It is used to attach the netting to the pitch without the need for nailing it to the ground; useful for grass pitches as it can be folded so the grass can be cut in the goal area.   Rear posts in round galvanized steel pipe. Used to tighten the upper section of the netting by means of ties; creates a \u201cbox\u201d effect. It includes safety protectors made of PVC canvas and foam rubber fillings with a fixing system.   4mm polypropylene nets with 120mm square mesh. Size: 7,5x2,5\/2x2m. White colour.","og_url":"https:\/\/www.lausinyvicente.com\/en\/sports-equipment\/football\/football-goals\/11-a-side-football-goals-fifa","og_site_name":"Laus\u00edn y Vicente","article_modified_time":"2024-01-30T20:34:13+00:00","og_image":[{"width":720,"height":490,"url":"https:\/\/www.lausinyvicente.com\/wp-content\/uploads\/2024\/01\/D.06.070FIFA_Pack-FIFA-porteria-red-postes.jpg","type":"image\/jpeg"}],"twitter_card":"summary_large_image","schema":{"@context":"https:\/\/schema.org","@graph":[{"@type":"WebPage","@id":"https:\/\/www.lausinyvicente.com\/en\/sports-equipment\/football\/football-goals\/11-a-side-football-goals-fifa","url":"https:\/\/www.lausinyvicente.com\/en\/sports-equipment\/football\/football-goals\/11-a-side-football-goals-fifa","name":"11-a-side football goals FIFA - Laus\u00edn y Vicente","isPartOf":{"@id":"https:\/\/www.lausinyvicente.com\/#website"},"primaryImageOfPage":{"@id":"https:\/\/www.lausinyvicente.com\/en\/sports-equipment\/football\/football-goals\/11-a-side-football-goals-fifa#primaryimage"},"image":{"@id":"https:\/\/www.lausinyvicente.com\/en\/sports-equipment\/football\/football-goals\/11-a-side-football-goals-fifa#primaryimage"},"thumbnailUrl":"https:\/\/www.lausinyvicente.com\/wp-content\/uploads\/2024\/01\/D.06.070FIFA_Pack-FIFA-porteria-red-postes.jpg","datePublished":"2024-01-30T20:23:55+00:00","dateModified":"2024-01-30T20:34:13+00:00","breadcrumb":{"@id":"https:\/\/www.lausinyvicente.com\/en\/sports-equipment\/football\/football-goals\/11-a-side-football-goals-fifa#breadcrumb"},"inLanguage":"en-US","potentialAction":[{"@type":"ReadAction","target":["https:\/\/www.lausinyvicente.com\/en\/sports-equipment\/football\/football-goals\/11-a-side-football-goals-fifa"]}]},{"@type":"ImageObject","inLanguage":"en-US","@id":"https:\/\/www.lausinyvicente.com\/en\/sports-equipment\/football\/football-goals\/11-a-side-football-goals-fifa#primaryimage","url":"https:\/\/www.lausinyvicente.com\/wp-content\/uploads\/2024\/01\/D.06.070FIFA_Pack-FIFA-porteria-red-postes.jpg","contentUrl":"https:\/\/www.lausinyvicente.com\/wp-content\/uploads\/2024\/01\/D.06.070FIFA_Pack-FIFA-porteria-red-postes.jpg","width":720,"height":490},{"@type":"BreadcrumbList","@id":"https:\/\/www.lausinyvicente.com\/en\/sports-equipment\/football\/football-goals\/11-a-side-football-goals-fifa#breadcrumb","itemListElement":[{"@type":"ListItem","position":1,"name":"Portada","item":"https:\/\/www.lausinyvicente.com\/"},{"@type":"ListItem","position":2,"name":"Shop","item":"https:\/\/www.lausinyvicente.com\/en\/shop"},{"@type":"ListItem","position":3,"name":"11-a-side football goals FIFA"}]},{"@type":"WebSite","@id":"https:\/\/www.lausinyvicente.com\/#website","url":"https:\/\/www.lausinyvicente.com\/","name":"Laus\u00edn y Vicente","description":"Fabricaci\u00f3n y distribuci\u00f3n de material deportivo","potentialAction":[{"@type":"SearchAction","target":{"@type":"EntryPoint","urlTemplate":"https:\/\/www.lausinyvicente.com\/?s={search_term_string}"},"query-input":{"@type":"PropertyValueSpecification","valueRequired":true,"valueName":"search_term_string"}}],"inLanguage":"en-US"}]}},"_links":{"self":[{"href":"https:\/\/www.lausinyvicente.com\/en\/wp-json\/wp\/v2\/product\/7776","targetHints":{"allow":["GET"]}}],"collection":[{"href":"https:\/\/www.lausinyvicente.com\/en\/wp-json\/wp\/v2\/product"}],"about":[{"href":"https:\/\/www.lausinyvicente.com\/en\/wp-json\/wp\/v2\/types\/product"}],"wp:featuredmedia":[{"embeddable":true,"href":"https:\/\/www.lausinyvicente.com\/en\/wp-json\/wp\/v2\/media\/7768"}],"wp:attachment":[{"href":"https:\/\/www.lausinyvicente.com\/en\/wp-json\/wp\/v2\/media?parent=7776"}],"wp:term":[{"taxonomy":"product_cat","embeddable":true,"href":"https:\/\/www.lausinyvicente.com\/en\/wp-json\/wp\/v2\/product_cat?post=7776"},{"taxonomy":"product_tag","embeddable":true,"href":"https:\/\/www.lausinyvicente.com\/en\/wp-json\/wp\/v2\/product_tag?post=7776"}],"curies":[{"name":"wp","href":"https:\/\/api.w.org\/{rel}","templated":true}]}}