{"id":3177,"date":"2022-12-10T17:14:27","date_gmt":"2022-12-10T17:14:27","guid":{"rendered":"https:\/\/www.lausinyvicente.com\/non class\u00e9\/pont-carre\/"},"modified":"2022-12-10T17:14:27","modified_gmt":"2022-12-10T17:14:27","slug":"pont-carre","status":"publish","type":"product","link":"https:\/\/www.lausinyvicente.com\/fr\/psychomotricite\/pont-carre","title":{"rendered":"Pont carr\u00e9"},"content":{"rendered":"","protected":false},"excerpt":{"rendered":"<p>Figure fabriqu\u00e9e en bloc de mousse recouverte d\u2019une housse polyester enduit de PVC. Avec fermeture \u00e9clair. Prix unitaire. Plusieurs couleurs.<\/p>\n<p>Dimensions: 60 x 30 x 60 cm<\/p>\n","protected":false},"featured_media":3024,"template":"","meta":[],"product_cat":[90],"product_tag":[],"class_list":{"0":"post-3177","1":"product","2":"type-product","3":"status-publish","4":"has-post-thumbnail","6":"product_cat-psychomotricite","8":"first","9":"instock","10":"shipping-taxable","11":"purchasable","12":"product-type-simple"},"yoast_head":"<!-- This site is optimized with the Yoast SEO plugin v27.0 - https:\/\/yoast.com\/product\/yoast-seo-wordpress\/ -->\n<title>Pont carr\u00e9 - Laus\u00edn y Vicente<\/title>\n<meta name=\"robots\" content=\"index, follow, max-snippet:-1, max-image-preview:large, max-video-preview:-1\" \/>\n<link rel=\"canonical\" href=\"https:\/\/www.lausinyvicente.com\/fr\/psychomotricite\/figures\/pont-carre\" \/>\n<meta property=\"og:locale\" content=\"fr_FR\" \/>\n<meta property=\"og:type\" content=\"article\" \/>\n<meta property=\"og:title\" content=\"Pont carr\u00e9 - Laus\u00edn y Vicente\" \/>\n<meta property=\"og:description\" content=\"Figure fabriqu\u00e9e en bloc de mousse recouverte d\u2019une housse polyester enduit de PVC. Avec fermeture \u00e9clair. Prix unitaire. Plusieurs couleurs. Dimensions: 60 x 30 x 60 cm\" \/>\n<meta property=\"og:url\" content=\"https:\/\/www.lausinyvicente.com\/fr\/psychomotricite\/figures\/pont-carre\" \/>\n<meta property=\"og:site_name\" content=\"Laus\u00edn y Vicente\" \/>\n<meta property=\"og:image\" content=\"https:\/\/www.lausinyvicente.com\/wp-content\/uploads\/2022\/12\/P.00.60_Puente-cuadrado-gomaespuma-psicomotricidad.jpg\" \/>\n\t<meta property=\"og:image:width\" content=\"720\" \/>\n\t<meta property=\"og:image:height\" content=\"490\" \/>\n\t<meta property=\"og:image:type\" content=\"image\/jpeg\" \/>\n<meta name=\"twitter:card\" content=\"summary_large_image\" \/>\n<script type=\"application\/ld+json\" class=\"yoast-schema-graph\">{\"@context\":\"https:\/\/schema.org\",\"@graph\":[{\"@type\":\"WebPage\",\"@id\":\"https:\/\/www.lausinyvicente.com\/fr\/psychomotricite\/figures\/pont-carre\",\"url\":\"https:\/\/www.lausinyvicente.com\/fr\/psychomotricite\/figures\/pont-carre\",\"name\":\"Pont carr\u00e9 - Laus\u00edn y Vicente\",\"isPartOf\":{\"@id\":\"https:\/\/www.lausinyvicente.com\/#website\"},\"primaryImageOfPage\":{\"@id\":\"https:\/\/www.lausinyvicente.com\/fr\/psychomotricite\/figures\/pont-carre#primaryimage\"},\"image\":{\"@id\":\"https:\/\/www.lausinyvicente.com\/fr\/psychomotricite\/figures\/pont-carre#primaryimage\"},\"thumbnailUrl\":\"https:\/\/www.lausinyvicente.com\/wp-content\/uploads\/2022\/12\/P.00.60_Puente-cuadrado-gomaespuma-psicomotricidad.jpg\",\"datePublished\":\"2022-12-10T17:14:27+00:00\",\"breadcrumb\":{\"@id\":\"https:\/\/www.lausinyvicente.com\/fr\/psychomotricite\/figures\/pont-carre#breadcrumb\"},\"inLanguage\":\"fr-FR\",\"potentialAction\":[{\"@type\":\"ReadAction\",\"target\":[\"https:\/\/www.lausinyvicente.com\/fr\/psychomotricite\/figures\/pont-carre\"]}]},{\"@type\":\"ImageObject\",\"inLanguage\":\"fr-FR\",\"@id\":\"https:\/\/www.lausinyvicente.com\/fr\/psychomotricite\/figures\/pont-carre#primaryimage\",\"url\":\"https:\/\/www.lausinyvicente.com\/wp-content\/uploads\/2022\/12\/P.00.60_Puente-cuadrado-gomaespuma-psicomotricidad.jpg\",\"contentUrl\":\"https:\/\/www.lausinyvicente.com\/wp-content\/uploads\/2022\/12\/P.00.60_Puente-cuadrado-gomaespuma-psicomotricidad.jpg\",\"width\":720,\"height\":490},{\"@type\":\"BreadcrumbList\",\"@id\":\"https:\/\/www.lausinyvicente.com\/fr\/psychomotricite\/figures\/pont-carre#breadcrumb\",\"itemListElement\":[{\"@type\":\"ListItem\",\"position\":1,\"name\":\"Portada\",\"item\":\"https:\/\/www.lausinyvicente.com\/\"},{\"@type\":\"ListItem\",\"position\":2,\"name\":\"Boutique\",\"item\":\"https:\/\/www.lausinyvicente.com\/fr\/boutique\"},{\"@type\":\"ListItem\",\"position\":3,\"name\":\"Pont carr\u00e9\"}]},{\"@type\":\"WebSite\",\"@id\":\"https:\/\/www.lausinyvicente.com\/#website\",\"url\":\"https:\/\/www.lausinyvicente.com\/\",\"name\":\"Laus\u00edn y Vicente\",\"description\":\"Fabricaci\u00f3n y distribuci\u00f3n de material deportivo\",\"potentialAction\":[{\"@type\":\"SearchAction\",\"target\":{\"@type\":\"EntryPoint\",\"urlTemplate\":\"https:\/\/www.lausinyvicente.com\/?s={search_term_string}\"},\"query-input\":{\"@type\":\"PropertyValueSpecification\",\"valueRequired\":true,\"valueName\":\"search_term_string\"}}],\"inLanguage\":\"fr-FR\"}]}<\/script>\n<!-- \/ Yoast SEO plugin. -->","yoast_head_json":{"title":"Pont carr\u00e9 - Laus\u00edn y Vicente","robots":{"index":"index","follow":"follow","max-snippet":"max-snippet:-1","max-image-preview":"max-image-preview:large","max-video-preview":"max-video-preview:-1"},"canonical":"https:\/\/www.lausinyvicente.com\/fr\/psychomotricite\/figures\/pont-carre","og_locale":"fr_FR","og_type":"article","og_title":"Pont carr\u00e9 - Laus\u00edn y Vicente","og_description":"Figure fabriqu\u00e9e en bloc de mousse recouverte d\u2019une housse polyester enduit de PVC. Avec fermeture \u00e9clair. Prix unitaire. Plusieurs couleurs. Dimensions: 60 x 30 x 60 cm","og_url":"https:\/\/www.lausinyvicente.com\/fr\/psychomotricite\/figures\/pont-carre","og_site_name":"Laus\u00edn y Vicente","og_image":[{"width":720,"height":490,"url":"https:\/\/www.lausinyvicente.com\/wp-content\/uploads\/2022\/12\/P.00.60_Puente-cuadrado-gomaespuma-psicomotricidad.jpg","type":"image\/jpeg"}],"twitter_card":"summary_large_image","schema":{"@context":"https:\/\/schema.org","@graph":[{"@type":"WebPage","@id":"https:\/\/www.lausinyvicente.com\/fr\/psychomotricite\/figures\/pont-carre","url":"https:\/\/www.lausinyvicente.com\/fr\/psychomotricite\/figures\/pont-carre","name":"Pont carr\u00e9 - Laus\u00edn y Vicente","isPartOf":{"@id":"https:\/\/www.lausinyvicente.com\/#website"},"primaryImageOfPage":{"@id":"https:\/\/www.lausinyvicente.com\/fr\/psychomotricite\/figures\/pont-carre#primaryimage"},"image":{"@id":"https:\/\/www.lausinyvicente.com\/fr\/psychomotricite\/figures\/pont-carre#primaryimage"},"thumbnailUrl":"https:\/\/www.lausinyvicente.com\/wp-content\/uploads\/2022\/12\/P.00.60_Puente-cuadrado-gomaespuma-psicomotricidad.jpg","datePublished":"2022-12-10T17:14:27+00:00","breadcrumb":{"@id":"https:\/\/www.lausinyvicente.com\/fr\/psychomotricite\/figures\/pont-carre#breadcrumb"},"inLanguage":"fr-FR","potentialAction":[{"@type":"ReadAction","target":["https:\/\/www.lausinyvicente.com\/fr\/psychomotricite\/figures\/pont-carre"]}]},{"@type":"ImageObject","inLanguage":"fr-FR","@id":"https:\/\/www.lausinyvicente.com\/fr\/psychomotricite\/figures\/pont-carre#primaryimage","url":"https:\/\/www.lausinyvicente.com\/wp-content\/uploads\/2022\/12\/P.00.60_Puente-cuadrado-gomaespuma-psicomotricidad.jpg","contentUrl":"https:\/\/www.lausinyvicente.com\/wp-content\/uploads\/2022\/12\/P.00.60_Puente-cuadrado-gomaespuma-psicomotricidad.jpg","width":720,"height":490},{"@type":"BreadcrumbList","@id":"https:\/\/www.lausinyvicente.com\/fr\/psychomotricite\/figures\/pont-carre#breadcrumb","itemListElement":[{"@type":"ListItem","position":1,"name":"Portada","item":"https:\/\/www.lausinyvicente.com\/"},{"@type":"ListItem","position":2,"name":"Boutique","item":"https:\/\/www.lausinyvicente.com\/fr\/boutique"},{"@type":"ListItem","position":3,"name":"Pont carr\u00e9"}]},{"@type":"WebSite","@id":"https:\/\/www.lausinyvicente.com\/#website","url":"https:\/\/www.lausinyvicente.com\/","name":"Laus\u00edn y Vicente","description":"Fabricaci\u00f3n y distribuci\u00f3n de material deportivo","potentialAction":[{"@type":"SearchAction","target":{"@type":"EntryPoint","urlTemplate":"https:\/\/www.lausinyvicente.com\/?s={search_term_string}"},"query-input":{"@type":"PropertyValueSpecification","valueRequired":true,"valueName":"search_term_string"}}],"inLanguage":"fr-FR"}]}},"_links":{"self":[{"href":"https:\/\/www.lausinyvicente.com\/fr\/wp-json\/wp\/v2\/product\/3177","targetHints":{"allow":["GET"]}}],"collection":[{"href":"https:\/\/www.lausinyvicente.com\/fr\/wp-json\/wp\/v2\/product"}],"about":[{"href":"https:\/\/www.lausinyvicente.com\/fr\/wp-json\/wp\/v2\/types\/product"}],"wp:featuredmedia":[{"embeddable":true,"href":"https:\/\/www.lausinyvicente.com\/fr\/wp-json\/wp\/v2\/media\/3024"}],"wp:attachment":[{"href":"https:\/\/www.lausinyvicente.com\/fr\/wp-json\/wp\/v2\/media?parent=3177"}],"wp:term":[{"taxonomy":"product_cat","embeddable":true,"href":"https:\/\/www.lausinyvicente.com\/fr\/wp-json\/wp\/v2\/product_cat?post=3177"},{"taxonomy":"product_tag","embeddable":true,"href":"https:\/\/www.lausinyvicente.com\/fr\/wp-json\/wp\/v2\/product_tag?post=3177"}],"curies":[{"name":"wp","href":"https:\/\/api.w.org\/{rel}","templated":true}]}}