{"id":3211,"date":"2022-12-10T16:54:40","date_gmt":"2022-12-10T16:54:40","guid":{"rendered":"https:\/\/www.lausinyvicente.com\/non class\u00e9\/armoires-pour-vestiaire-phenolique\/"},"modified":"2022-12-10T16:54:40","modified_gmt":"2022-12-10T16:54:40","slug":"armoires-vestiaire-phenolique","status":"publish","type":"product","link":"https:\/\/www.lausinyvicente.com\/fr\/mobilier-de-sport\/armoires\/armoires-vestiaire-phenolique","title":{"rendered":"Armoires pour vestiaire ph\u00e9nolique"},"content":{"rendered":"","protected":false},"excerpt":{"rendered":"<p>Armoire fabriqu\u00e9e en panneau ph\u00e9nolique compact \u00e0 base de r\u00e9sines thermodurcissables, renforc\u00e9es de mani\u00e8re homog\u00e8ne par des fibres de cellulose fabriqu\u00e9e \u00e0 haute temp\u00e9rature et pression au moyen de techniques sp\u00e9ciales pour obtenir une surface de panneaux teint\u00e9e dans la masse. Le mat\u00e9riau est hydrofuge, antibact\u00e9rien et retardateur de flamme. Corps de l\u2019armoire: base, dessus, portes et rayonnages de 10 mm d\u2019\u00e9paisseur, c\u00f4t\u00e9s de 4 mm avec chants frais\u00e9s et arrondis. Fond de 3 mm, perfor\u00e9 embouti dans le fraisage des c\u00f4t\u00e9s. Pieds r\u00e9glables en PVC haute densit\u00e9. Barre de penderie. Serrure \u00e0 p\u00eane, cylindre amovible et clef passe-partout. Mod\u00e8le \u00e0 1 ou 2 portes par bloc individuel de 1800 x 300 x 500 m. Veuillez consulter les autres mod\u00e8les avec diff\u00e9rentes compositions, dimensions, nombre de portes, etc.        <\/p>\n","protected":false},"featured_media":3006,"template":"","meta":[],"product_cat":[95,94],"product_tag":[],"class_list":{"0":"post-3211","1":"product","2":"type-product","3":"status-publish","4":"has-post-thumbnail","6":"product_cat-armoires","7":"product_cat-mobilier-de-sport","9":"first","10":"instock","11":"shipping-taxable","12":"purchasable","13":"product-type-variable"},"yoast_head":"<!-- This site is optimized with the Yoast SEO plugin v27.0 - https:\/\/yoast.com\/product\/yoast-seo-wordpress\/ -->\n<title>Armoires pour vestiaire ph\u00e9nolique - Laus\u00edn y Vicente<\/title>\n<meta name=\"robots\" content=\"index, follow, max-snippet:-1, max-image-preview:large, max-video-preview:-1\" \/>\n<link rel=\"canonical\" href=\"https:\/\/www.lausinyvicente.com\/fr\/mobilier-de-sport\/armoires\/armoires-vestiaire-phenolique\" \/>\n<meta property=\"og:locale\" content=\"fr_FR\" \/>\n<meta property=\"og:type\" content=\"article\" \/>\n<meta property=\"og:title\" content=\"Armoires pour vestiaire ph\u00e9nolique - Laus\u00edn y Vicente\" \/>\n<meta property=\"og:description\" content=\"Armoire fabriqu\u00e9e en panneau ph\u00e9nolique compact \u00e0 base de r\u00e9sines thermodurcissables, renforc\u00e9es de mani\u00e8re homog\u00e8ne par des fibres de cellulose fabriqu\u00e9e \u00e0 haute temp\u00e9rature et pression au moyen de techniques sp\u00e9ciales pour obtenir une surface de panneaux teint\u00e9e dans la masse. Le mat\u00e9riau est hydrofuge, antibact\u00e9rien et retardateur de flamme. Corps de l\u2019armoire: base, dessus, portes et rayonnages de 10 mm d\u2019\u00e9paisseur, c\u00f4t\u00e9s de 4 mm avec chants frais\u00e9s et arrondis. Fond de 3 mm, perfor\u00e9 embouti dans le fraisage des c\u00f4t\u00e9s. Pieds r\u00e9glables en PVC haute densit\u00e9. Barre de penderie. Serrure \u00e0 p\u00eane, cylindre amovible et clef passe-partout. Mod\u00e8le \u00e0 1 ou 2 portes par bloc individuel de 1800 x 300 x 500 m. Veuillez consulter les autres mod\u00e8les avec diff\u00e9rentes compositions, dimensions, nombre de portes, etc.\" \/>\n<meta property=\"og:url\" content=\"https:\/\/www.lausinyvicente.com\/fr\/mobilier-de-sport\/armoires\/armoires-vestiaire-phenolique\" \/>\n<meta property=\"og:site_name\" content=\"Laus\u00edn y Vicente\" \/>\n<meta property=\"og:image\" content=\"https:\/\/www.lausinyvicente.com\/wp-content\/uploads\/2022\/12\/M.04.70-taquilla-vestuario-fenolica.jpg\" \/>\n\t<meta property=\"og:image:width\" content=\"720\" \/>\n\t<meta property=\"og:image:height\" content=\"490\" \/>\n\t<meta property=\"og:image:type\" content=\"image\/jpeg\" \/>\n<meta name=\"twitter:card\" content=\"summary_large_image\" \/>\n<script type=\"application\/ld+json\" class=\"yoast-schema-graph\">{\"@context\":\"https:\/\/schema.org\",\"@graph\":[{\"@type\":\"WebPage\",\"@id\":\"https:\/\/www.lausinyvicente.com\/fr\/mobilier-de-sport\/armoires\/armoires-vestiaire-phenolique\",\"url\":\"https:\/\/www.lausinyvicente.com\/fr\/mobilier-de-sport\/armoires\/armoires-vestiaire-phenolique\",\"name\":\"Armoires pour vestiaire ph\u00e9nolique - Laus\u00edn y Vicente\",\"isPartOf\":{\"@id\":\"https:\/\/www.lausinyvicente.com\/#website\"},\"primaryImageOfPage\":{\"@id\":\"https:\/\/www.lausinyvicente.com\/fr\/mobilier-de-sport\/armoires\/armoires-vestiaire-phenolique#primaryimage\"},\"image\":{\"@id\":\"https:\/\/www.lausinyvicente.com\/fr\/mobilier-de-sport\/armoires\/armoires-vestiaire-phenolique#primaryimage\"},\"thumbnailUrl\":\"https:\/\/www.lausinyvicente.com\/wp-content\/uploads\/2022\/12\/M.04.70-taquilla-vestuario-fenolica.jpg\",\"datePublished\":\"2022-12-10T16:54:40+00:00\",\"breadcrumb\":{\"@id\":\"https:\/\/www.lausinyvicente.com\/fr\/mobilier-de-sport\/armoires\/armoires-vestiaire-phenolique#breadcrumb\"},\"inLanguage\":\"fr-FR\",\"potentialAction\":[{\"@type\":\"ReadAction\",\"target\":[\"https:\/\/www.lausinyvicente.com\/fr\/mobilier-de-sport\/armoires\/armoires-vestiaire-phenolique\"]}]},{\"@type\":\"ImageObject\",\"inLanguage\":\"fr-FR\",\"@id\":\"https:\/\/www.lausinyvicente.com\/fr\/mobilier-de-sport\/armoires\/armoires-vestiaire-phenolique#primaryimage\",\"url\":\"https:\/\/www.lausinyvicente.com\/wp-content\/uploads\/2022\/12\/M.04.70-taquilla-vestuario-fenolica.jpg\",\"contentUrl\":\"https:\/\/www.lausinyvicente.com\/wp-content\/uploads\/2022\/12\/M.04.70-taquilla-vestuario-fenolica.jpg\",\"width\":720,\"height\":490},{\"@type\":\"BreadcrumbList\",\"@id\":\"https:\/\/www.lausinyvicente.com\/fr\/mobilier-de-sport\/armoires\/armoires-vestiaire-phenolique#breadcrumb\",\"itemListElement\":[{\"@type\":\"ListItem\",\"position\":1,\"name\":\"Portada\",\"item\":\"https:\/\/www.lausinyvicente.com\/\"},{\"@type\":\"ListItem\",\"position\":2,\"name\":\"Boutique\",\"item\":\"https:\/\/www.lausinyvicente.com\/fr\/boutique\"},{\"@type\":\"ListItem\",\"position\":3,\"name\":\"Armoires pour vestiaire ph\u00e9nolique\"}]},{\"@type\":\"WebSite\",\"@id\":\"https:\/\/www.lausinyvicente.com\/#website\",\"url\":\"https:\/\/www.lausinyvicente.com\/\",\"name\":\"Laus\u00edn y Vicente\",\"description\":\"Fabricaci\u00f3n y distribuci\u00f3n de material deportivo\",\"potentialAction\":[{\"@type\":\"SearchAction\",\"target\":{\"@type\":\"EntryPoint\",\"urlTemplate\":\"https:\/\/www.lausinyvicente.com\/?s={search_term_string}\"},\"query-input\":{\"@type\":\"PropertyValueSpecification\",\"valueRequired\":true,\"valueName\":\"search_term_string\"}}],\"inLanguage\":\"fr-FR\"}]}<\/script>\n<!-- \/ Yoast SEO plugin. -->","yoast_head_json":{"title":"Armoires pour vestiaire ph\u00e9nolique - Laus\u00edn y Vicente","robots":{"index":"index","follow":"follow","max-snippet":"max-snippet:-1","max-image-preview":"max-image-preview:large","max-video-preview":"max-video-preview:-1"},"canonical":"https:\/\/www.lausinyvicente.com\/fr\/mobilier-de-sport\/armoires\/armoires-vestiaire-phenolique","og_locale":"fr_FR","og_type":"article","og_title":"Armoires pour vestiaire ph\u00e9nolique - Laus\u00edn y Vicente","og_description":"Armoire fabriqu\u00e9e en panneau ph\u00e9nolique compact \u00e0 base de r\u00e9sines thermodurcissables, renforc\u00e9es de mani\u00e8re homog\u00e8ne par des fibres de cellulose fabriqu\u00e9e \u00e0 haute temp\u00e9rature et pression au moyen de techniques sp\u00e9ciales pour obtenir une surface de panneaux teint\u00e9e dans la masse. Le mat\u00e9riau est hydrofuge, antibact\u00e9rien et retardateur de flamme. Corps de l\u2019armoire: base, dessus, portes et rayonnages de 10 mm d\u2019\u00e9paisseur, c\u00f4t\u00e9s de 4 mm avec chants frais\u00e9s et arrondis. Fond de 3 mm, perfor\u00e9 embouti dans le fraisage des c\u00f4t\u00e9s. Pieds r\u00e9glables en PVC haute densit\u00e9. Barre de penderie. Serrure \u00e0 p\u00eane, cylindre amovible et clef passe-partout. Mod\u00e8le \u00e0 1 ou 2 portes par bloc individuel de 1800 x 300 x 500 m. Veuillez consulter les autres mod\u00e8les avec diff\u00e9rentes compositions, dimensions, nombre de portes, etc.","og_url":"https:\/\/www.lausinyvicente.com\/fr\/mobilier-de-sport\/armoires\/armoires-vestiaire-phenolique","og_site_name":"Laus\u00edn y Vicente","og_image":[{"width":720,"height":490,"url":"https:\/\/www.lausinyvicente.com\/wp-content\/uploads\/2022\/12\/M.04.70-taquilla-vestuario-fenolica.jpg","type":"image\/jpeg"}],"twitter_card":"summary_large_image","schema":{"@context":"https:\/\/schema.org","@graph":[{"@type":"WebPage","@id":"https:\/\/www.lausinyvicente.com\/fr\/mobilier-de-sport\/armoires\/armoires-vestiaire-phenolique","url":"https:\/\/www.lausinyvicente.com\/fr\/mobilier-de-sport\/armoires\/armoires-vestiaire-phenolique","name":"Armoires pour vestiaire ph\u00e9nolique - Laus\u00edn y Vicente","isPartOf":{"@id":"https:\/\/www.lausinyvicente.com\/#website"},"primaryImageOfPage":{"@id":"https:\/\/www.lausinyvicente.com\/fr\/mobilier-de-sport\/armoires\/armoires-vestiaire-phenolique#primaryimage"},"image":{"@id":"https:\/\/www.lausinyvicente.com\/fr\/mobilier-de-sport\/armoires\/armoires-vestiaire-phenolique#primaryimage"},"thumbnailUrl":"https:\/\/www.lausinyvicente.com\/wp-content\/uploads\/2022\/12\/M.04.70-taquilla-vestuario-fenolica.jpg","datePublished":"2022-12-10T16:54:40+00:00","breadcrumb":{"@id":"https:\/\/www.lausinyvicente.com\/fr\/mobilier-de-sport\/armoires\/armoires-vestiaire-phenolique#breadcrumb"},"inLanguage":"fr-FR","potentialAction":[{"@type":"ReadAction","target":["https:\/\/www.lausinyvicente.com\/fr\/mobilier-de-sport\/armoires\/armoires-vestiaire-phenolique"]}]},{"@type":"ImageObject","inLanguage":"fr-FR","@id":"https:\/\/www.lausinyvicente.com\/fr\/mobilier-de-sport\/armoires\/armoires-vestiaire-phenolique#primaryimage","url":"https:\/\/www.lausinyvicente.com\/wp-content\/uploads\/2022\/12\/M.04.70-taquilla-vestuario-fenolica.jpg","contentUrl":"https:\/\/www.lausinyvicente.com\/wp-content\/uploads\/2022\/12\/M.04.70-taquilla-vestuario-fenolica.jpg","width":720,"height":490},{"@type":"BreadcrumbList","@id":"https:\/\/www.lausinyvicente.com\/fr\/mobilier-de-sport\/armoires\/armoires-vestiaire-phenolique#breadcrumb","itemListElement":[{"@type":"ListItem","position":1,"name":"Portada","item":"https:\/\/www.lausinyvicente.com\/"},{"@type":"ListItem","position":2,"name":"Boutique","item":"https:\/\/www.lausinyvicente.com\/fr\/boutique"},{"@type":"ListItem","position":3,"name":"Armoires pour vestiaire ph\u00e9nolique"}]},{"@type":"WebSite","@id":"https:\/\/www.lausinyvicente.com\/#website","url":"https:\/\/www.lausinyvicente.com\/","name":"Laus\u00edn y Vicente","description":"Fabricaci\u00f3n y distribuci\u00f3n de material deportivo","potentialAction":[{"@type":"SearchAction","target":{"@type":"EntryPoint","urlTemplate":"https:\/\/www.lausinyvicente.com\/?s={search_term_string}"},"query-input":{"@type":"PropertyValueSpecification","valueRequired":true,"valueName":"search_term_string"}}],"inLanguage":"fr-FR"}]}},"_links":{"self":[{"href":"https:\/\/www.lausinyvicente.com\/fr\/wp-json\/wp\/v2\/product\/3211","targetHints":{"allow":["GET"]}}],"collection":[{"href":"https:\/\/www.lausinyvicente.com\/fr\/wp-json\/wp\/v2\/product"}],"about":[{"href":"https:\/\/www.lausinyvicente.com\/fr\/wp-json\/wp\/v2\/types\/product"}],"wp:featuredmedia":[{"embeddable":true,"href":"https:\/\/www.lausinyvicente.com\/fr\/wp-json\/wp\/v2\/media\/3006"}],"wp:attachment":[{"href":"https:\/\/www.lausinyvicente.com\/fr\/wp-json\/wp\/v2\/media?parent=3211"}],"wp:term":[{"taxonomy":"product_cat","embeddable":true,"href":"https:\/\/www.lausinyvicente.com\/fr\/wp-json\/wp\/v2\/product_cat?post=3211"},{"taxonomy":"product_tag","embeddable":true,"href":"https:\/\/www.lausinyvicente.com\/fr\/wp-json\/wp\/v2\/product_tag?post=3211"}],"curies":[{"name":"wp","href":"https:\/\/api.w.org\/{rel}","templated":true}]}}