{"id":3221,"date":"2022-12-10T16:47:27","date_gmt":"2022-12-10T16:47:27","guid":{"rendered":"https:\/\/www.lausinyvicente.com\/non class\u00e9\/filets-de-protection-pour-plafond-et-eclairage-complexe-sportif\/"},"modified":"2022-12-10T16:47:27","modified_gmt":"2022-12-10T16:47:27","slug":"filets-protection-plafond-eclairage-complexe-sportif","status":"publish","type":"product","link":"https:\/\/www.lausinyvicente.com\/fr\/mobilier-de-sport\/protection\/filets-protection-plafond-eclairage-complexe-sportif","title":{"rendered":"Filets de protection pour plafond et \u00e9clairage complexe sportif"},"content":{"rendered":"","protected":false},"excerpt":{"rendered":"<p>Filet en nylon de 3 mm, maille 100 x 100 mm. Veuillez consulter pour d\u2019autres mailles et diam\u00e8tres. Forte r\u00e9sistance. Filet, c\u00e2ble en acier galvanis\u00e9 et plastifi\u00e9 de 6 mm inclus. Tendeur filetage m\u00e9trique 10, serre-c\u00e2bles 6, fil pour coudre les filets. Plateforme d\u2019\u00e9l\u00e9vation et installation non incluses (montage et installation sur devis). Prix au m\u00e8tre carr\u00e9.      <\/p>\n","protected":false},"featured_media":3000,"template":"","meta":[],"product_cat":[94,97],"product_tag":[],"class_list":{"0":"post-3221","1":"product","2":"type-product","3":"status-publish","4":"has-post-thumbnail","6":"product_cat-mobilier-de-sport","7":"product_cat-protection","9":"first","10":"instock","11":"shipping-taxable","12":"purchasable","13":"product-type-simple"},"yoast_head":"<!-- This site is optimized with the Yoast SEO plugin v27.0 - https:\/\/yoast.com\/product\/yoast-seo-wordpress\/ -->\n<title>Filets de protection pour plafond et \u00e9clairage complexe sportif - Laus\u00edn y Vicente<\/title>\n<meta name=\"robots\" content=\"index, follow, max-snippet:-1, max-image-preview:large, max-video-preview:-1\" \/>\n<link rel=\"canonical\" href=\"https:\/\/www.lausinyvicente.com\/fr\/mobilier-de-sport\/protection\/filets-protection-plafond-eclairage-complexe-sportif\" \/>\n<meta property=\"og:locale\" content=\"fr_FR\" \/>\n<meta property=\"og:type\" content=\"article\" \/>\n<meta property=\"og:title\" content=\"Filets de protection pour plafond et \u00e9clairage complexe sportif - Laus\u00edn y Vicente\" \/>\n<meta property=\"og:description\" content=\"Filet en nylon de 3 mm, maille 100 x 100 mm. Veuillez consulter pour d\u2019autres mailles et diam\u00e8tres. Forte r\u00e9sistance. Filet, c\u00e2ble en acier galvanis\u00e9 et plastifi\u00e9 de 6 mm inclus. Tendeur filetage m\u00e9trique 10, serre-c\u00e2bles 6, fil pour coudre les filets. Plateforme d\u2019\u00e9l\u00e9vation et installation non incluses (montage et installation sur devis). Prix au m\u00e8tre carr\u00e9.\" \/>\n<meta property=\"og:url\" content=\"https:\/\/www.lausinyvicente.com\/fr\/mobilier-de-sport\/protection\/filets-protection-plafond-eclairage-complexe-sportif\" \/>\n<meta property=\"og:site_name\" content=\"Laus\u00edn y Vicente\" \/>\n<meta property=\"og:image\" content=\"https:\/\/www.lausinyvicente.com\/wp-content\/uploads\/2022\/12\/M.03.20-redes-proteccion-techo-luminarias-pabellon-polideportivo.jpg\" \/>\n\t<meta property=\"og:image:width\" content=\"720\" \/>\n\t<meta property=\"og:image:height\" content=\"490\" \/>\n\t<meta property=\"og:image:type\" content=\"image\/jpeg\" \/>\n<meta name=\"twitter:card\" content=\"summary_large_image\" \/>\n<script type=\"application\/ld+json\" class=\"yoast-schema-graph\">{\"@context\":\"https:\/\/schema.org\",\"@graph\":[{\"@type\":\"WebPage\",\"@id\":\"https:\/\/www.lausinyvicente.com\/fr\/mobilier-de-sport\/protection\/filets-protection-plafond-eclairage-complexe-sportif\",\"url\":\"https:\/\/www.lausinyvicente.com\/fr\/mobilier-de-sport\/protection\/filets-protection-plafond-eclairage-complexe-sportif\",\"name\":\"Filets de protection pour plafond et \u00e9clairage complexe sportif - Laus\u00edn y Vicente\",\"isPartOf\":{\"@id\":\"https:\/\/www.lausinyvicente.com\/#website\"},\"primaryImageOfPage\":{\"@id\":\"https:\/\/www.lausinyvicente.com\/fr\/mobilier-de-sport\/protection\/filets-protection-plafond-eclairage-complexe-sportif#primaryimage\"},\"image\":{\"@id\":\"https:\/\/www.lausinyvicente.com\/fr\/mobilier-de-sport\/protection\/filets-protection-plafond-eclairage-complexe-sportif#primaryimage\"},\"thumbnailUrl\":\"https:\/\/www.lausinyvicente.com\/wp-content\/uploads\/2022\/12\/M.03.20-redes-proteccion-techo-luminarias-pabellon-polideportivo.jpg\",\"datePublished\":\"2022-12-10T16:47:27+00:00\",\"breadcrumb\":{\"@id\":\"https:\/\/www.lausinyvicente.com\/fr\/mobilier-de-sport\/protection\/filets-protection-plafond-eclairage-complexe-sportif#breadcrumb\"},\"inLanguage\":\"fr-FR\",\"potentialAction\":[{\"@type\":\"ReadAction\",\"target\":[\"https:\/\/www.lausinyvicente.com\/fr\/mobilier-de-sport\/protection\/filets-protection-plafond-eclairage-complexe-sportif\"]}]},{\"@type\":\"ImageObject\",\"inLanguage\":\"fr-FR\",\"@id\":\"https:\/\/www.lausinyvicente.com\/fr\/mobilier-de-sport\/protection\/filets-protection-plafond-eclairage-complexe-sportif#primaryimage\",\"url\":\"https:\/\/www.lausinyvicente.com\/wp-content\/uploads\/2022\/12\/M.03.20-redes-proteccion-techo-luminarias-pabellon-polideportivo.jpg\",\"contentUrl\":\"https:\/\/www.lausinyvicente.com\/wp-content\/uploads\/2022\/12\/M.03.20-redes-proteccion-techo-luminarias-pabellon-polideportivo.jpg\",\"width\":720,\"height\":490},{\"@type\":\"BreadcrumbList\",\"@id\":\"https:\/\/www.lausinyvicente.com\/fr\/mobilier-de-sport\/protection\/filets-protection-plafond-eclairage-complexe-sportif#breadcrumb\",\"itemListElement\":[{\"@type\":\"ListItem\",\"position\":1,\"name\":\"Portada\",\"item\":\"https:\/\/www.lausinyvicente.com\/\"},{\"@type\":\"ListItem\",\"position\":2,\"name\":\"Boutique\",\"item\":\"https:\/\/www.lausinyvicente.com\/fr\/boutique\"},{\"@type\":\"ListItem\",\"position\":3,\"name\":\"Filets de protection pour plafond et \u00e9clairage complexe sportif\"}]},{\"@type\":\"WebSite\",\"@id\":\"https:\/\/www.lausinyvicente.com\/#website\",\"url\":\"https:\/\/www.lausinyvicente.com\/\",\"name\":\"Laus\u00edn y Vicente\",\"description\":\"Fabricaci\u00f3n y distribuci\u00f3n de material deportivo\",\"potentialAction\":[{\"@type\":\"SearchAction\",\"target\":{\"@type\":\"EntryPoint\",\"urlTemplate\":\"https:\/\/www.lausinyvicente.com\/?s={search_term_string}\"},\"query-input\":{\"@type\":\"PropertyValueSpecification\",\"valueRequired\":true,\"valueName\":\"search_term_string\"}}],\"inLanguage\":\"fr-FR\"}]}<\/script>\n<!-- \/ Yoast SEO plugin. -->","yoast_head_json":{"title":"Filets de protection pour plafond et \u00e9clairage complexe sportif - Laus\u00edn y Vicente","robots":{"index":"index","follow":"follow","max-snippet":"max-snippet:-1","max-image-preview":"max-image-preview:large","max-video-preview":"max-video-preview:-1"},"canonical":"https:\/\/www.lausinyvicente.com\/fr\/mobilier-de-sport\/protection\/filets-protection-plafond-eclairage-complexe-sportif","og_locale":"fr_FR","og_type":"article","og_title":"Filets de protection pour plafond et \u00e9clairage complexe sportif - Laus\u00edn y Vicente","og_description":"Filet en nylon de 3 mm, maille 100 x 100 mm. Veuillez consulter pour d\u2019autres mailles et diam\u00e8tres. Forte r\u00e9sistance. Filet, c\u00e2ble en acier galvanis\u00e9 et plastifi\u00e9 de 6 mm inclus. Tendeur filetage m\u00e9trique 10, serre-c\u00e2bles 6, fil pour coudre les filets. Plateforme d\u2019\u00e9l\u00e9vation et installation non incluses (montage et installation sur devis). Prix au m\u00e8tre carr\u00e9.","og_url":"https:\/\/www.lausinyvicente.com\/fr\/mobilier-de-sport\/protection\/filets-protection-plafond-eclairage-complexe-sportif","og_site_name":"Laus\u00edn y Vicente","og_image":[{"width":720,"height":490,"url":"https:\/\/www.lausinyvicente.com\/wp-content\/uploads\/2022\/12\/M.03.20-redes-proteccion-techo-luminarias-pabellon-polideportivo.jpg","type":"image\/jpeg"}],"twitter_card":"summary_large_image","schema":{"@context":"https:\/\/schema.org","@graph":[{"@type":"WebPage","@id":"https:\/\/www.lausinyvicente.com\/fr\/mobilier-de-sport\/protection\/filets-protection-plafond-eclairage-complexe-sportif","url":"https:\/\/www.lausinyvicente.com\/fr\/mobilier-de-sport\/protection\/filets-protection-plafond-eclairage-complexe-sportif","name":"Filets de protection pour plafond et \u00e9clairage complexe sportif - Laus\u00edn y Vicente","isPartOf":{"@id":"https:\/\/www.lausinyvicente.com\/#website"},"primaryImageOfPage":{"@id":"https:\/\/www.lausinyvicente.com\/fr\/mobilier-de-sport\/protection\/filets-protection-plafond-eclairage-complexe-sportif#primaryimage"},"image":{"@id":"https:\/\/www.lausinyvicente.com\/fr\/mobilier-de-sport\/protection\/filets-protection-plafond-eclairage-complexe-sportif#primaryimage"},"thumbnailUrl":"https:\/\/www.lausinyvicente.com\/wp-content\/uploads\/2022\/12\/M.03.20-redes-proteccion-techo-luminarias-pabellon-polideportivo.jpg","datePublished":"2022-12-10T16:47:27+00:00","breadcrumb":{"@id":"https:\/\/www.lausinyvicente.com\/fr\/mobilier-de-sport\/protection\/filets-protection-plafond-eclairage-complexe-sportif#breadcrumb"},"inLanguage":"fr-FR","potentialAction":[{"@type":"ReadAction","target":["https:\/\/www.lausinyvicente.com\/fr\/mobilier-de-sport\/protection\/filets-protection-plafond-eclairage-complexe-sportif"]}]},{"@type":"ImageObject","inLanguage":"fr-FR","@id":"https:\/\/www.lausinyvicente.com\/fr\/mobilier-de-sport\/protection\/filets-protection-plafond-eclairage-complexe-sportif#primaryimage","url":"https:\/\/www.lausinyvicente.com\/wp-content\/uploads\/2022\/12\/M.03.20-redes-proteccion-techo-luminarias-pabellon-polideportivo.jpg","contentUrl":"https:\/\/www.lausinyvicente.com\/wp-content\/uploads\/2022\/12\/M.03.20-redes-proteccion-techo-luminarias-pabellon-polideportivo.jpg","width":720,"height":490},{"@type":"BreadcrumbList","@id":"https:\/\/www.lausinyvicente.com\/fr\/mobilier-de-sport\/protection\/filets-protection-plafond-eclairage-complexe-sportif#breadcrumb","itemListElement":[{"@type":"ListItem","position":1,"name":"Portada","item":"https:\/\/www.lausinyvicente.com\/"},{"@type":"ListItem","position":2,"name":"Boutique","item":"https:\/\/www.lausinyvicente.com\/fr\/boutique"},{"@type":"ListItem","position":3,"name":"Filets de protection pour plafond et \u00e9clairage complexe sportif"}]},{"@type":"WebSite","@id":"https:\/\/www.lausinyvicente.com\/#website","url":"https:\/\/www.lausinyvicente.com\/","name":"Laus\u00edn y Vicente","description":"Fabricaci\u00f3n y distribuci\u00f3n de material deportivo","potentialAction":[{"@type":"SearchAction","target":{"@type":"EntryPoint","urlTemplate":"https:\/\/www.lausinyvicente.com\/?s={search_term_string}"},"query-input":{"@type":"PropertyValueSpecification","valueRequired":true,"valueName":"search_term_string"}}],"inLanguage":"fr-FR"}]}},"_links":{"self":[{"href":"https:\/\/www.lausinyvicente.com\/fr\/wp-json\/wp\/v2\/product\/3221","targetHints":{"allow":["GET"]}}],"collection":[{"href":"https:\/\/www.lausinyvicente.com\/fr\/wp-json\/wp\/v2\/product"}],"about":[{"href":"https:\/\/www.lausinyvicente.com\/fr\/wp-json\/wp\/v2\/types\/product"}],"wp:featuredmedia":[{"embeddable":true,"href":"https:\/\/www.lausinyvicente.com\/fr\/wp-json\/wp\/v2\/media\/3000"}],"wp:attachment":[{"href":"https:\/\/www.lausinyvicente.com\/fr\/wp-json\/wp\/v2\/media?parent=3221"}],"wp:term":[{"taxonomy":"product_cat","embeddable":true,"href":"https:\/\/www.lausinyvicente.com\/fr\/wp-json\/wp\/v2\/product_cat?post=3221"},{"taxonomy":"product_tag","embeddable":true,"href":"https:\/\/www.lausinyvicente.com\/fr\/wp-json\/wp\/v2\/product_tag?post=3221"}],"curies":[{"name":"wp","href":"https:\/\/api.w.org\/{rel}","templated":true}]}}